{"id":44560,"date":"2022-04-14T17:28:49","date_gmt":"2022-04-14T17:28:49","guid":{"rendered":"https:\/\/www.uopeople.edu\/sitemap\/"},"modified":"2025-10-16T05:58:28","modified_gmt":"2025-10-16T05:58:28","slug":"sitemap","status":"publish","type":"page","link":"https:\/\/www.uopeople.edu\/fr\/sitemap\/","title":{"rendered":"Plan du site"},"content":{"rendered":"\n<h1>\n\t\t\tPlan du site\t<\/h1>\n<h4>\n\t\t<a href=\"https:\/\/www.uopeople.edu\/fr\/programs\/\" title=\"Programmes acad\u00e9miques\"  target=\"_self\">\n\t\t\tProgrammes acad\u00e9miques\t\t<\/a>\n\t<\/h4>\n\t<p><a href=\"https:\/\/www.uopeople.edu\/fr\/programs\/online-masters\/\"><strong>Master<\/strong><\/a><\/p>\n<ul>\n<li><a href=\"https:\/\/www.uopeople.edu\/fr\/programs\/online-masters\/business-administration\/\">Administration des affaires (MBA)<\/a><\/li>\n<li><a href=\"https:\/\/www.uopeople.edu\/fr\/programs\/online-masters\/education\/\">\u00c9ducation (M.Ed.)<\/a><\/li>\n<li><a href=\"https:\/\/www.uopeople.edu\/fr\/programs\/online-masters\/information-technology\/\">Master en technologie de l&rsquo;information (MSIT)<\/a><\/li>\n<\/ul>\n\t<p><a href=\"https:\/\/www.uopeople.edu\/fr\/programs\/online-bachelors\/\"><strong>Licence<\/strong><\/a><\/p>\n<ul>\n<li><a href=\"https:\/\/www.uopeople.edu\/fr\/programs\/online-bachelors\/business-administration\/\">Administration des affaires<\/a><\/li>\n<li><a href=\"https:\/\/www.uopeople.edu\/fr\/programs\/online-bachelors\/computer-science\/\">Informatique<\/a><\/li>\n<li><a href=\"https:\/\/www.uopeople.edu\/fr\/programs\/online-bachelors\/health-science\/\">Sciences de la sant\u00e9<\/a><\/li>\n<\/ul>\n\t<p><a href=\"https:\/\/www.uopeople.edu\/fr\/programs\/online-associates\/\"><strong>Dipl\u00f4me d&rsquo;aptitude<\/strong><\/a><\/p>\n<ul>\n<li><a href=\"https:\/\/www.uopeople.edu\/fr\/programs\/online-associates\/business-administration\/\">Administration des affaires<\/a><\/li>\n<li><a href=\"https:\/\/www.uopeople.edu\/fr\/programs\/online-associates\/computer-science\/\">Informatique<\/a><\/li>\n<li><a href=\"https:\/\/www.uopeople.edu\/fr\/programs\/online-associates\/health-science\/\">Sciences de la sant\u00e9<\/a><\/li>\n<\/ul>\n<h4>\n\t\t<a href=\"https:\/\/apply.uopeople.edu\/\" title=\"Postuler maintenant\" target=\"_blank\" rel=\"noopener\">\n\t\t\tPostuler maintenant\t\t<\/a>\n\t<\/h4>\n<h4>\n\t\t<a href=\"https:\/\/go.uopeople.edu\/request_info.html\" title=\"Demander des informations\" target=\"_blank\" rel=\"noopener\">\n\t\t\tDemander des informations\t\t<\/a>\n\t<\/h4>\n<h4>\n\t\t\tSe connecter\t<\/h4>\n\t<a href=\"https:\/\/portal.uopeople.edu\/login\" target=\"_blank\" rel=\"noopener\"><br \/>\n<strong>Portail UoPeople<\/strong><br \/>\n<\/a><br \/>\n<a href=\"https:\/\/my.uopeople.edu\/login\/index.php\/\" target=\"_blank\" rel=\"noopener\"><br \/>\n<strong>campus en ligne<\/strong><br \/>\n<\/a>\n<h4>\n\t\t\tSuppl\u00e9mentaire\t<\/h4>\n\t<p><strong>Pied de page<\/strong><\/p>\n<ul>\n<li><a href=\"https:\/\/catalog.uopeople.edu\/\" target=\"_blank\" rel=\"noopener\">Catalogue<\/a><\/li>\n<li><a href=\"https:\/\/www.uopeople.edu\/fr\/contact-us\/\">Nous contacter<\/a><\/li>\n<li><a href=\"https:\/\/www.uopeople.edu\/fr\/blog\/\">Blog<\/a><\/li>\n<\/ul>\n\n","protected":false},"excerpt":{"rendered":"<p>Plan du site Programmes acad\u00e9miques Master Administration des affaires (MBA) \u00c9ducation (M.Ed.) Master en technologie de l&rsquo;information (MSIT) Licence Administration des affaires Informatique Sciences de la sant\u00e9 Dipl\u00f4me d&rsquo;aptitude Administration des affaires Informatique Sciences de la sant\u00e9 Postuler maintenant Demander des informations Se connecter Portail UoPeople campus en ligne Suppl\u00e9mentaire Pied de page Catalogue Nous&hellip;<\/p>\n","protected":false},"author":15,"featured_media":0,"parent":0,"menu_order":0,"comment_status":"closed","ping_status":"closed","template":"","meta":{"_acf_changed":false,"inline_featured_image":false,"footnotes":""},"class_list":["post-44560","page","type-page","status-publish","hentry"],"acf":[],"_links":{"self":[{"href":"https:\/\/www.uopeople.edu\/fr\/wp-json\/wp\/v2\/pages\/44560","targetHints":{"allow":["GET"]}}],"collection":[{"href":"https:\/\/www.uopeople.edu\/fr\/wp-json\/wp\/v2\/pages"}],"about":[{"href":"https:\/\/www.uopeople.edu\/fr\/wp-json\/wp\/v2\/types\/page"}],"author":[{"embeddable":true,"href":"https:\/\/www.uopeople.edu\/fr\/wp-json\/wp\/v2\/users\/15"}],"replies":[{"embeddable":true,"href":"https:\/\/www.uopeople.edu\/fr\/wp-json\/wp\/v2\/comments?post=44560"}],"version-history":[{"count":0,"href":"https:\/\/www.uopeople.edu\/fr\/wp-json\/wp\/v2\/pages\/44560\/revisions"}],"wp:attachment":[{"href":"https:\/\/www.uopeople.edu\/fr\/wp-json\/wp\/v2\/media?parent=44560"}],"curies":[{"name":"wp","href":"https:\/\/api.w.org\/{rel}","templated":true}]}}