{"id":39197,"date":"2022-04-28T16:37:43","date_gmt":"2022-04-28T16:37:43","guid":{"rendered":"https:\/\/universitopstg.wpengine.com\/programs\/online-associates\/business-administration\/"},"modified":"2026-04-06T07:12:11","modified_gmt":"2026-04-06T07:12:11","slug":"business-administration","status":"publish","type":"page","link":"https:\/\/www.uopeople.edu\/fr\/programs\/online-associates\/business-administration\/","title":{"rendered":"Administration des affaires (Associate&rsquo;s)"},"content":{"rendered":"\n<h1><span class=\"ez-toc-section\" id=\"Diplome_Associate_of_Science_en_administration_des_affaires_ASBA_en_ligne\"><\/span>\n\t\t\tDipl\u00f4me Associate of Science en administration des affaires (ASBA) en ligne\t<span class=\"ez-toc-section-end\"><\/span><\/h1>\n\t<p>\u00c9tablissez une base solide dans votre formation en gestion avec une exposition \u00e0 des sujets tels que les statistiques, la gestion et la comptabilit\u00e9. C&rsquo;est une introduction parfaite au monde comp\u00e9titif des affaires et fournit les bases pour un futur dipl\u00f4me de baccalaur\u00e9at.  <\/p>\n\t\t\t<a href=\"https:\/\/apply.uopeople.edu\/\" target=\"_blank\" rel=\"noopener\">\n\t\t\t\t\t\t\tPostulez maintenant\n\t\t\t\t\t<\/a>\n\t\t\t Pas de cours en direct \t\t\n\t\t\t 20 cours \t\t\n\t\t\t Moins d&rsquo;un an et demi\t\t\n\t\t\t Payez au fur et \u00e0 mesure (160 $ par \u00e9valuation de cours) \t\t\n\t<h2><span class=\"ez-toc-section\" id=\"Apercu\"><\/span>\n\t\t\tAper\u00e7u\t<span class=\"ez-toc-section-end\"><\/span><\/h2>\n\t<p>D\u00e9veloppez rapidement des comp\u00e9tences commerciales recherch\u00e9es avec l&rsquo;Associate of Science en Administration des Affaires. Vous acquerrez la confiance n\u00e9cessaire pour aborder les probl\u00e8mes commerciaux r\u00e9els en d\u00e9veloppant des connaissances sp\u00e9cialis\u00e9es dans les fondamentaux des affaires : comptabilit\u00e9, macro\u00e9conomie, communication et gestion. Ce dipl\u00f4me est parfait pour les professionnels en activit\u00e9 qui souhaitent acqu\u00e9rir une solide base en affaires ou envisagent de poursuivre des \u00e9tudes sup\u00e9rieures \u00e0 l&rsquo;avenir.   <\/p>\n<h2><span class=\"ez-toc-section\" id=\"Ce_que_vous_apprendrez_dans_le_programme_ASBA_en_ligne\"><\/span>\n\t\t\tCe que vous apprendrez dans le programme ASBA en ligne\t<span class=\"ez-toc-section-end\"><\/span><\/h2>\n\t<p>Lancez votre carri\u00e8re dans les affaires avec ces comp\u00e9tences pr\u00e9cieuses : <\/p>\n\t\t\t Capacit\u00e9 \u00e0 utiliser les donn\u00e9es pour r\u00e9soudre des probl\u00e8mes et comprendre les r\u00e9sultats \t\t\n\t\t\t Acqu\u00e9rir une large compr\u00e9hension des divers domaines des affaires \t\t\n\t\t\t Comprendre les principes fondamentaux de l&rsquo;\u00e9conomie et leur application aux d\u00e9cisions commerciales \t\t\n\t\t\t Diriger et\/ou co-diriger des projets collaboratifs en utilisant des comp\u00e9tences de consolidation d&rsquo;\u00e9quipe \t\t\n\t<h2><span class=\"ez-toc-section\" id=\"Conditions_dadmission\"><\/span>\n\t\t\tConditions d&rsquo;admission\t<span class=\"ez-toc-section-end\"><\/span><\/h2>\n\t<p>Toute personne ayant une \u00e9ducation secondaire et \u00e2g\u00e9e de 16 ans ou plus peut \u00e9tudier en ligne \u00e0 UoPeople. <\/p>\n        <form data-css-form=\"filter\" data-js-form=\"filter1\">\n                <input type=\"hidden\" name=\"perpage\" id=\"perpage\" value=\"6\"\/>\n                <input type=\"hidden\" name=\"no_results_text\" id=\"no_results_text\" value=\"Sorry, no posts match the search criteria.\"\/>\n                <input type=\"hidden\" name=\"post_type_input\" id=\"post_type_input\" value=\"course\"\/>\n                <input type=\"hidden\" name=\"taxonomy\" id=\"taxonomy\" value=\"course_type\"\/>\n                <input type=\"hidden\" name=\"orderby\" id=\"orderby\" value=\"post__in\"\/>\n                <input type=\"hidden\" name=\"order\" id=\"order\" value=\"ASC\"\/>\n                <input type=\"hidden\" name=\"postin\" id=\"postin\" value=\"12607,10182,10190,10183,12554,12555,12557,12559,12560,12561,12567,12592,12593,12595,12597,12600,12603,12979,25874\"\/>\n                    <select id=\"ResourcesGridFeed-menu\" name=\"id\" aria-labelledby=\"drop4\"> \n                                                    <option name_to_show=\"Cours majeurs requis\" id=\"cours-majeurs-requis\"  value=\"556\">Cours majeurs requis<\/option>\n                                                    <option name_to_show=\"Exigences en mati\u00e8re d'\u00e9ducation g\u00e9n\u00e9rale\" id=\"exigences-en-matiere-deducation-generale\"  value=\"574\">Exigences en mati\u00e8re d&rsquo;\u00e9ducation g\u00e9n\u00e9rale<\/option>\n                                            <\/select>\n                <fieldset data-css-form=\"group right\">\n                        <button data-css-button=\"button red\">Filter<\/button>\n                        <input type=\"hidden\" name=\"action\" value=\"filter_courses_feed\"\/>\n                <\/fieldset>\n        <\/form>  \n                <h4> Programme \/ Cours<\/h4>\n                        <p>Le programme de l&rsquo;Associate en administration des affaires a \u00e9t\u00e9 sp\u00e9cialement con\u00e7u pour initier les \u00e9tudiants au domaine de la gestion et leur offrir une base id\u00e9ale pour poursuivre vers un Bachelor. Les \u00e9tudiants apprendront \u00e0 \u00e9laborer un mod\u00e8le commercial performant, \u00e0 travailler en \u00e9quipe et \u00e0 explorer les principes \u00e9thiques qui guident diverses situations en entreprise.<\/p><ul><li>42 cr\u00e9dits de cours principaux<\/li><li>18 cr\u00e9dits de formation g\u00e9n\u00e9rale<\/li><\/ul>\n            <a href=\"https:\/\/catalog.uopeople.edu\/ug_term1_item\/business-administration\/associate-of-science-in-business-administration-as-ba%20\" target=\"_blank\" rel=\"noopener\"> Voir tous les cours<\/a>\n            <a href=\"https:\/\/apply.uopeople.edu\/\" target=\"_blank\" rel=\"noopener\">Postuler<\/a>\n                Remarque : En ce qui concerne les exigences en formation g\u00e9n\u00e9rale, chaque section peut \u00eatre remplie par tout cours \u00e9troitement li\u00e9 \u00e0 la discipline. Les 3 cr\u00e9dits requis pour la section des cours optionnels peuvent \u00eatre obtenus en cumulant des cours issus de n&rsquo;importe quelle discipline.\n<h2><span class=\"ez-toc-section\" id=\"Carrieres_avec_un_diplome_Associate_of_Science_en_administration_des_affaires\"><\/span>\n\t\t\tCarri\u00e8res avec un dipl\u00f4me Associate of Science en administration des affaires\t<span class=\"ez-toc-section-end\"><\/span><\/h2>\n\t<p>O\u00f9 vous m\u00e8nera un Associate of Science en Administration des Affaires ? Votre dipl\u00f4me vous pr\u00e9parera \u00e0 un emploi en tant que :  <\/p>\n\t\t\t Administrateur d&rsquo;entreprise \t\t\n\t\t\t Analyste des op\u00e9rations \t\t\n\t\t\t Sp\u00e9cialiste de la paie \t\t\n\t\t\t Superviseur des ventes\t\t\n\t<p>En tant qu&rsquo;\u00e9tudiant \u00e0 UoPeople, vous n&rsquo;\u00eates jamais seul &#8211; notre Centre de services de carri\u00e8re fournit des retours sur les CV, des conseils de r\u00e9seautage, des techniques d&rsquo;entretien et plus encore.<\/p>\n<h2><span class=\"ez-toc-section\" id=\"Couts_du_diplome_Associate_en_administration_des_affaires\"><\/span>\n\t\t\tCo\u00fbts du dipl\u00f4me Associate en administration des affaires\t<span class=\"ez-toc-section-end\"><\/span><\/h2>\n\tUoPeople ne facture ni frais de scolarit\u00e9, ni frais de livres, ni frais li\u00e9s au campus. Nous facturons uniquement des frais d&rsquo;inscription de 60 $ et des frais d&rsquo;\u00e9valuation de 160 $ par cours. Cela repr\u00e9sente une \u00e9conomie consid\u00e9rable par rapport aux universit\u00e9s publiques am\u00e9ricaines, qui facturent en moyenne 22 389 $ pour une licence. Le co\u00fbt total de vos \u00e9tudes \u00e0 UoPeople s&rsquo;\u00e9l\u00e8vera \u00e0 6 460 $, voire moins si vous disposez de cr\u00e9dits \u00e0 transf\u00e9rer ! Notre mission est de permettre \u00e0 chacun d&rsquo;acc\u00e9der \u00e0 un dipl\u00f4me. Si vos moyens ne vous permettent pas de payer ces frais, des bourses et des subventions peuvent \u00eatre accord\u00e9es.<br \/>\n\n    <h2><span class=\"ez-toc-section\" id=\"Flexibilite\"><\/span>Flexibilit\u00e9<span class=\"ez-toc-section-end\"><\/span><\/h2>\n     Plus de la moiti\u00e9 de nos \u00e9tudiants poursuivent leurs \u00e9tudes avec succ\u00e8s tout en travaillant, en \u00e9levant une famille, ou les deux. UoPeople est fi\u00e8re d&rsquo;\u00eatre l&rsquo;option la plus flexible au monde pour obtenir un dipl\u00f4me de qualit\u00e9, accr\u00e9dit\u00e9, et 100 % en ligne. D\u00e9couvrez comment nos programmes sont sp\u00e9cialement con\u00e7us pour s&rsquo;adapter \u00e0 votre mode de vie :\n                                                                          <img decoding=\"async\" width=\"80\" height=\"60\" src=\"https:\/\/www.uopeople.edu\/wp-content\/uploads\/2022\/06\/noun-schedule-1464727.svg\"\/>\n                                            Apprentissage asynchrone\n                       \u00c0 UoPeople, il n&rsquo;y a pas de cours en direct ni d&rsquo;horaires fixes. \u00c0 la place, vous profitez de la flexibilit\u00e9 de l&rsquo;apprentissage en ligne et \u00e9tudiez selon votre propre emploi du temps. Terminez vos devoirs pendant vos trajets, votre pause d\u00e9jeuner ou apr\u00e8s avoir couch\u00e9 les enfants. Tant que votre travail est termin\u00e9 \u00e0 la fin de chaque semaine, vous restez sur la bonne voie pour obtenir votre dipl\u00f4me.\n                                                                          <img decoding=\"async\" width=\"80\" height=\"60\" src=\"https:\/\/www.uopeople.edu\/wp-content\/uploads\/2022\/06\/noun-wifi-1510573.svg\"\/>\n                                             Technologie accessible\n                       Tout ce dont vous avez besoin pour \u00e9tudier \u00e0 UoPeople, c&rsquo;est d&rsquo;une connexion Internet stable &#8211; que ce soit sur un ordinateur de bureau, un ordinateur portable ou m\u00eame votre t\u00e9l\u00e9phone portable. Les cours ne n\u00e9cessitent jamais de fichiers vid\u00e9o volumineux, et le campus en ligne de UoPeople est compatible avec la plupart des navigateurs. Les \u00e9tudiants re\u00e7oivent m\u00eame un abonnement \u00e0 Office 365, incluant Microsoft Office, sans frais suppl\u00e9mentaires.\n                                                                          <img decoding=\"async\" width=\"80\" height=\"60\" src=\"https:\/\/www.uopeople.edu\/wp-content\/uploads\/2022\/06\/noun-transfer-4652684.svg\"\/>\n                                             Transfert de cr\u00e9dits\n                      Vous avez des cr\u00e9dits provenant d&#039;une autre universit\u00e9 accr\u00e9dit\u00e9e ? Super ! Les \u00e9tudiants en master peuvent transf\u00e9rer jusqu&rsquo;\u00e0 50 % du total de leurs cr\u00e9dits \u00e0 UoPeople. L&rsquo;\u00e9valuation des cr\u00e9dits \u00e0 transf\u00e9rer est gratuite, et en cas d&rsquo;acceptation, seuls 17 $ sont factur\u00e9s par cours transf\u00e9r\u00e9.\n            <!-- row -->\n    <!-- CardsModule-rowParentOverflow -->\n                    <h3>Questions fr\u00e9quentes que les \u00e9tudiants nous posent<\/h3>\n                    Questions concernant nos programmes acad\u00e9miques propos\u00e9s par UoPeople\n                    <a href=\"https:\/\/www.uopeople.edu\/faq\/\" target=\"_self\">Voir toutes les FAQ<\/a>\n                <!--accordion start -->\n                            <a data-toggle=\"collapse\" data-parent=\"#FaqsWithoutFilters-accordionID\" href=\"#xcollapse0\" aria-expanded=\"false\" aria-controls=\"xcollapse0\">\n                                            <h4>Qu&#039;est-ce qu&#039;un programme d&#039;Associate of Science en administration des affaires ?<\/h4>\n                            <\/a>\n                                \n<p>L&rsquo;Associate of Science en administration des affaires \u00e0 UoPeople est un programme fondamental qui vous initie aux disciplines cl\u00e9s du monde des affaires telles que les statistiques, la gestion et la comptabilit\u00e9. Il est con\u00e7u pour ceux qui entrent dans le monde comp\u00e9titif des affaires ou qui envisagent de poursuivre ult\u00e9rieurement un baccalaur\u00e9at.  <\/p>\n\n                            <a data-toggle=\"collapse\" data-parent=\"#FaqsWithoutFilters-accordionID\" href=\"#xcollapse1\" aria-expanded=\"false\" aria-controls=\"xcollapse1\">\n                                            <h4>Quelle est la dur\u00e9e d&#039;un programme d&#039;Associate of Science en administration des affaires ?<\/h4>\n                            <\/a>\n                                \n<p>Le programme se compose de 20 cours et peut \u00eatre achev\u00e9 en moins d&rsquo;un an et demi, soit environ 18 mois. <\/p>\n\n                            <a data-toggle=\"collapse\" data-parent=\"#FaqsWithoutFilters-accordionID\" href=\"#xcollapse2\" aria-expanded=\"false\" aria-controls=\"xcollapse2\">\n                                            <h4>Quelles sont les conditions d&#039;admission pour le programme Associate of science in business administration ?<\/h4>\n                            <\/a>\n                                \n<p>Il est imp\u00e9ratif que vous ayez au moins 16 ans, que vous ma\u00eetrisiez la langue anglaise, que vous soyez titulaire d&rsquo;un dipl\u00f4me d&rsquo;\u00e9tudes secondaires ou \u00e9quivalent, et que vous ayez achev\u00e9 les <a href=\"https:\/\/www.uopeople.edu\/become-student\/prepare-for-uopeople\/foundation-courses\/\" target=\"_blank\" rel=\"noreferrer noopener\">cours de fondation<\/a> de UoPeople. <\/p>\n\n                            <a data-toggle=\"collapse\" data-parent=\"#FaqsWithoutFilters-accordionID\" href=\"#xcollapse3\" aria-expanded=\"false\" aria-controls=\"xcollapse3\">\n                                            <h4>Quels emplois peut-on obtenir avec un dipl\u00f4me d&#039;Associate of Science en administration des affaires ?<\/h4>\n                            <\/a>\n                                \n<p>Les dipl\u00f4m\u00e9s de l&rsquo;Associate of Science en administration des affaires peuvent pr\u00e9tendre \u00e0 des <a href=\"https:\/\/www.uopeople.edu\/blog\/what-can-you-do-with-an-associates-degree-in-business-administration\/\" target=\"_blank\" rel=\"noreferrer noopener\">postes<\/a> tels que administrateur commercial, <a href=\"https:\/\/www.uopeople.edu\/blog\/what-does-a-business-analyst-do\/\" target=\"_blank\" rel=\"noreferrer noopener\">analyste commercial<\/a>, analyste des op\u00e9rations, sp\u00e9cialiste de la paie et superviseur des ventes, entre autres. Certains anciens \u00e9l\u00e8ves de UoPeople ont r\u00e9ussi \u00e0 obtenir des postes au sein d&rsquo;organisations mondiales de premier plan telles qu&rsquo;Amazon, IBM, Microsoft, Deloitte, AT&amp;T, Dell, etc. <\/p>\n\n                            <a data-toggle=\"collapse\" data-parent=\"#FaqsWithoutFilters-accordionID\" href=\"#xcollapse4\" aria-expanded=\"false\" aria-controls=\"xcollapse4\">\n                                            <h4>Quelle est la diff\u00e9rence entre un dipl\u00f4me d&#039;associ\u00e9 en sciences et un baccalaur\u00e9at en sciences ?<\/h4>\n                            <\/a>\n                                \n<p>Dans le syst\u00e8me d&rsquo;enseignement sup\u00e9rieur am\u00e9ricain, un dipl\u00f4me d&rsquo;Associate constitue g\u00e9n\u00e9ralement l&rsquo;\u00e9tape interm\u00e9diaire vers l&rsquo;obtention d&rsquo;un baccalaur\u00e9at. Un Associate of Science (AS) fournit des connaissances et des comp\u00e9tences fondamentales dans un domaine sp\u00e9cifique et n\u00e9cessite typiquement deux ans d&rsquo;\u00e9tudes, tandis qu&rsquo;un Bachelor of Science (BS) offre une \u00e9tude plus approfondie et requiert habituellement quatre ans pour son ach\u00e8vement. <\/p>\n\n                            <a data-toggle=\"collapse\" data-parent=\"#FaqsWithoutFilters-accordionID\" href=\"#xcollapse5\" aria-expanded=\"false\" aria-controls=\"xcollapse5\">\n                                            <h4>Quel est le co\u00fbt pour obtenir un dipl\u00f4me d&#039;Associate of science en administration des affaires \u00e0 UoPeople ?<\/h4>\n                            <\/a>\n                                \n<p>Le mod\u00e8le unique <a href=\"https:\/\/www.uopeople.edu\/tuition-free\/what-is-tuition-free\/#:~:text=UoPeople&#039;s%20Tuition%2DFree%20Model%20is,That&#039;s%20it.\" target=\"_blank\" rel=\"noreferrer noopener\">sans frais de scolarit\u00e9<\/a> d&rsquo;UoPeople permet de commencer \u00e0 obtenir un dipl\u00f4me am\u00e9ricain de haute qualit\u00e9 pour seulement 60 dollars, et de payer au fur et \u00e0 mesure sans engagements financiers. Le co\u00fbt total d&rsquo;un dipl\u00f4me d&rsquo;Associate est d&rsquo;environ 2 860 dollars pour le programme de 60 cr\u00e9dits, ce qui \u00e9quivaut \u00e0 environ 20 dollars par cr\u00e9dit. <\/p>\n\n                            <a data-toggle=\"collapse\" data-parent=\"#FaqsWithoutFilters-accordionID\" href=\"#xcollapse6\" aria-expanded=\"false\" aria-controls=\"xcollapse6\">\n                                            <h4>Puis-je transf\u00e9rer des cr\u00e9dits au programme d&#039;Associate of science en administration des affaires \u00e0 UoPeople ?<\/h4>\n                            <\/a>\n                                \n<p>Oui. Les \u00e9tudiants qui poursuivent un dipl\u00f4me d&rsquo;Associate peuvent <a href=\"https:\/\/www.uopeople.edu\/become-student\/admissions\/transferring-credits\/\" target=\"_blank\" rel=\"noreferrer noopener\">transf\u00e9rer<\/a> jusqu&rsquo;\u00e0 45 cr\u00e9dits (\u00e9quivalent \u00e0 75 % des exigences du programme) d&rsquo;une autre institution accr\u00e9dit\u00e9e vers leur dipl\u00f4me UoPeople. <\/p>\n\n                <!--accordion end -->\n<h2><span class=\"ez-toc-section\" id=\"Construisez_un_avenir_meilleur_pour_vous_et_votre_famille\"><\/span>\n\t\t\tConstruisez un avenir meilleur pour vous et votre famille.\t<span class=\"ez-toc-section-end\"><\/span><\/h2>\n\t\t\t<a href=\"https:\/\/apply.uopeople.edu\/\" target=\"_blank\" rel=\"noopener\">\n\t\t\t\t\t\t\tPostulez maintenant\n\t\t\t\t\t<\/a>\n\n","protected":false},"excerpt":{"rendered":"<p>Dipl\u00f4me Associate of Science en administration des affaires (ASBA) en ligne \u00c9tablissez une base solide dans votre formation en gestion avec une exposition \u00e0 des sujets tels que les statistiques, la gestion et la comptabilit\u00e9. C&rsquo;est une introduction parfaite au monde comp\u00e9titif des affaires et fournit les bases pour un futur dipl\u00f4me de baccalaur\u00e9at. Postulez&hellip;<\/p>\n","protected":false},"author":15,"featured_media":0,"parent":38081,"menu_order":0,"comment_status":"closed","ping_status":"closed","template":"","meta":{"_acf_changed":true,"inline_featured_image":false,"footnotes":""},"class_list":["post-39197","page","type-page","status-publish","hentry"],"acf":[],"_links":{"self":[{"href":"https:\/\/www.uopeople.edu\/fr\/wp-json\/wp\/v2\/pages\/39197","targetHints":{"allow":["GET"]}}],"collection":[{"href":"https:\/\/www.uopeople.edu\/fr\/wp-json\/wp\/v2\/pages"}],"about":[{"href":"https:\/\/www.uopeople.edu\/fr\/wp-json\/wp\/v2\/types\/page"}],"author":[{"embeddable":true,"href":"https:\/\/www.uopeople.edu\/fr\/wp-json\/wp\/v2\/users\/15"}],"replies":[{"embeddable":true,"href":"https:\/\/www.uopeople.edu\/fr\/wp-json\/wp\/v2\/comments?post=39197"}],"version-history":[{"count":0,"href":"https:\/\/www.uopeople.edu\/fr\/wp-json\/wp\/v2\/pages\/39197\/revisions"}],"up":[{"embeddable":true,"href":"https:\/\/www.uopeople.edu\/fr\/wp-json\/wp\/v2\/pages\/38081"}],"wp:attachment":[{"href":"https:\/\/www.uopeople.edu\/fr\/wp-json\/wp\/v2\/media?parent=39197"}],"curies":[{"name":"wp","href":"https:\/\/api.w.org\/{rel}","templated":true}]}}