{"id":38470,"date":"2022-04-14T15:29:45","date_gmt":"2022-04-14T15:29:45","guid":{"rendered":"https:\/\/universitopstg.wpengine.com\/accueil\/"},"modified":"2026-01-15T11:00:31","modified_gmt":"2026-01-15T11:00:31","slug":"accueil","status":"publish","type":"page","link":"https:\/\/www.uopeople.edu\/fr\/","title":{"rendered":"Accueil"},"content":{"rendered":"\n\n<h3>\nL&rsquo;UNIVERSIT\u00c9\n<br \/>DU PEUPLE\n<br \/>EST ACCR\u00c9DIT\u00c9E PAR\n<\/h3>\n<img decoding=\"async\" src=\"https:\/\/www.uopeople.edu\/wp-content\/uploads\/2025\/02\/wasc-logo-banner.webp\" width=\"300\" height=\"65\"\/>\n<h1><span class=\"ez-toc-section\" id=\"Obtenez_un_diplome_de_haute_qualite_sans_frais_de_scolarite_100_en_ligne\"><\/span>Obtenez un dipl\u00f4me de haute qualit\u00e9, sans frais de scolarit\u00e9, 100 % en ligne.<span class=\"ez-toc-section-end\"><\/span><\/h1>\n<a href=\"https:\/\/apply.uopeople.edu\/\" target=\"_blank\" rel=\"noopener\">Postuler maintenant<\/a>\n<h4>\n\t\t\tApprouv\u00e9 et reconnu par\t<\/h4>\n\t<p><a href=\"https:\/\/www.uopeople.edu\/student-experience\/quality\/accreditation\/\"><img decoding=\"async\" src=\"https:\/\/www.uopeople.edu\/wp-content\/uploads\/2025\/02\/wasc-logos-1.webp\" alt=\"Logo WASC\" width=\"250\" height=\"54\"\/><\/a> <a href=\"https:\/\/www.uopeople.edu\/student-experience\/quality\/accreditation\/\"><img decoding=\"async\" src=\"https:\/\/www.uopeople.edu\/wp-content\/uploads\/2024\/05\/DEAC-Logo-1.webp\" alt=\"Logo DEAC\" width=\"180\" height=\"61\"\/><\/a><a href=\"https:\/\/www.uopeople.edu\/student-experience\/quality\/accreditation\/\"><img decoding=\"async\" src=\"https:\/\/www.uopeople.edu\/wp-content\/uploads\/2024\/05\/bppe-1.webp\" alt=\"Logo BPPE\" width=\"55\" height=\"59\"\/><\/a><\/p>\n<h4>\n\t\t\tEn collaboration avec\t<\/h4>\n\t<p><a href=\"https:\/\/www.uopeople.edu\/about\/partners\/academic-partnerships\/new-york-university\/\"><img decoding=\"async\" src=\"https:\/\/www.uopeople.edu\/wp-content\/uploads\/2025\/02\/nyu.webp\" alt=\"Logo NYU\" width=\"60\" height=\"59\"\/><\/a><a href=\"https:\/\/www.uopeople.edu\/about\/partners\/academic-partnerships\/edinburgh-university\/\"><img decoding=\"async\" src=\"https:\/\/www.uopeople.edu\/wp-content\/uploads\/2024\/05\/University-of-Edinburgh-2.webp\" alt=\"Logo de l'Universit\u00e9 d'\u00c9dimbourg\" width=\"60\" height=\"61\"\/><\/a><a href=\"https:\/\/www.uopeople.edu\/about\/partners\/academic-partnerships\/international-baccalaureate\/\"><img decoding=\"async\" src=\"https:\/\/www.uopeople.edu\/wp-content\/uploads\/2024\/07\/ib-logo.webp\" alt=\"Logo IB\" width=\"75\" height=\"60\"\/><\/a><a href=\"https:\/\/www.uopeople.edu\/about\/partners\/global-collaborations\/federal-academic-alliance\/\"><img decoding=\"async\" src=\"https:\/\/www.uopeople.edu\/wp-content\/uploads\/2024\/07\/faa.webp\" alt=\"Logo de l'Alliance acad\u00e9mique f\u00e9d\u00e9rale\" width=\"60\" height=\"60\"\/><\/a><a href=\"https:\/\/www.uopeople.edu\/about\/partners\/academic-partnerships\/mcgill-university\/\"><img decoding=\"async\" src=\"https:\/\/www.uopeople.edu\/wp-content\/uploads\/2024\/05\/McGill_University-Logo-1.webp\" alt=\"Logo McGill\" width=\"187\" height=\"45\"\/><\/a><a href=\"https:\/\/www.uopeople.edu\/about\/partners\/corporate-partnerships\/ibm-skillsbuild\/\"><img decoding=\"async\" src=\"https:\/\/www.uopeople.edu\/wp-content\/uploads\/2025\/04\/ibm.webp\" alt=\"Logo IBM Skillbuild\" width=\"200\" height=\"\"\/><\/a><\/p>\n<section  id=\"Photo-\">\n    <img decoding=\"async\" src=\"https:\/\/www.uopeople.edu\/wp-content\/uploads\/2022\/06\/shape-1-1.svg\" width=\"290\" height=\"533\" alt=\"Graphic Shape\"\/>\n<\/section>\n        <h2><span class=\"ez-toc-section\" id=\"Pourquoi_nos_etudiants_nous_adorent\"><\/span>Pourquoi nos \u00e9tudiants nous adorent<span class=\"ez-toc-section-end\"><\/span><\/h2>\n                        Poursuivre mes \u00e9tudes \u00e0 UoPeople me permet d&rsquo;obtenir mon MBA tout en conciliant un emploi du temps professionnel charg\u00e9.\n                        Sean h., MBA, \u00c9tats-Unis\n              <!-- row -->\n                        UoPeople a supprim\u00e9 les obstacles financiers et m&rsquo;a responsabilis\u00e9 en tant qu&rsquo;apprenant.\n                        Rosemond A., administration des affaires, Ghana\n              <!-- row -->\n                        J&rsquo;appr\u00e9cie grandement la diversit\u00e9 \u00e0 UoPeople &#8211; J&rsquo;ai acquis une perspective mondiale plus \u00e9tendue\n                        Joshua C., M.Ed., \u00c9tats-Unis\n              <!-- row -->\n                        Les enseignants de UoPeople font preuve d&rsquo;une aide remarquable et sont enti\u00e8rement d\u00e9vou\u00e9s \u00e0 l&rsquo;\u00e9panouissement des \u00e9tudiants.\n                        Saltanat a., sciences de la sant\u00e9, Afghanistan\n              <!-- row -->\n                                                                <img decoding=\"async\" src=\"https:\/\/www.uopeople.edu\/wp-content\/uploads\/2022\/07\/sean-scaled-1-150x150.jpg\"\/>\n                                                                <img decoding=\"async\" src=\"https:\/\/www.uopeople.edu\/wp-content\/uploads\/2022\/07\/rose-scaled-1-150x150.jpg\"\/>\n                                                                <img decoding=\"async\" src=\"https:\/\/www.uopeople.edu\/wp-content\/uploads\/2022\/07\/josh-scaled-1-150x150.jpg\"\/>\n                                                                <img decoding=\"async\" src=\"https:\/\/www.uopeople.edu\/wp-content\/uploads\/2022\/07\/salt-scaled-1-150x150.jpg\"\/>\n        <!-- row -->\n<h3>\n\t\t\tArticles \u00e0 la une\t<\/h3>\n\t\t\t\t<a href=\"https:\/\/www.uopeople.edu\/about\/worldwide-recognition\/media\/how-can-this-university-charge-nothing-for-tuition\/\" target=\"_blank\" rel=\"noopener\" itemprop=\"url\">\n\t\t\t\t<img decoding=\"async\" src=\"https:\/\/www.uopeople.edu\/wp-content\/uploads\/2022\/02\/nyt.webp\" alt=\"nyt\" itemprop=\"image\" height=\"218\" width=\"298\" title=\"nyt\" onerror=\"this.style.display='none'\" loading=\"lazy\" \/>\n\t\t\t\t<\/a>\n\t<h5><a href=\"https:\/\/www.uopeople.edu\/about\/worldwide-recognition\/media\/how-can-this-university-charge-nothing-for-tuition\/\" target=\"_blank\" rel=\"noopener\">Comment cette universit\u00e9 peut-elle ne rien facturer pour les frais de scolarit\u00e9 ?<\/a><\/h5>\n\t<a href=\"https:\/\/www.uopeople.edu\/about\/worldwide-recognition\/media\/how-can-this-university-charge-nothing-for-tuition\/\" target=\"_blank\">\nEn savoir plus\n<\/a>\n\t\t\t\t<a href=\"https:\/\/www.insidehighered.com\/news\/2022\/03\/22\/online-learning-scholarships-1000-ukrainian-refugees\" target=\"_blank\" rel=\"noopener\" itemprop=\"url\">\n\t\t\t\t<img decoding=\"async\" src=\"https:\/\/www.uopeople.edu\/wp-content\/uploads\/2022\/07\/Inside-higher.jpg\" alt=\"Inside-higher\" itemprop=\"image\" height=\"218\" width=\"298\" title=\"Inside-higher\" onerror=\"this.style.display='none'\" loading=\"lazy\" \/>\n\t\t\t\t<\/a>\n\t<h5><a href=\"https:\/\/www.insidehighered.com\/news\/2022\/03\/22\/online-learning-scholarships-1000-ukrainian-refugees\" target=\"_blank\" rel=\"noopener\">Alors que les Ukrainiens fuient, cette \u00ab universit\u00e9 se d\u00e9place avec eux<\/a><\/h5>\n\t<a href=\"https:\/\/www.insidehighered.com\/news\/2022\/03\/22\/online-learning-scholarships-1000-ukrainian-refugees\" target=\"_blank\" rel=\"noopener\">\nEn savoir plus\n<\/a>\n\t\t\t\t<a href=\"https:\/\/www.pbs.org\/newshour\/show\/university-of-the-people-offers-students-a-new-and-affordable-college-experience\" target=\"_blank\" rel=\"noopener\" itemprop=\"url\">\n\t\t\t\t<img decoding=\"async\" src=\"https:\/\/www.uopeople.edu\/wp-content\/uploads\/2025\/05\/PBS.webp\" alt=\"PBS Newshour\" itemprop=\"image\" height=\"218\" width=\"298\" title=\"PBS\" onerror=\"this.style.display='none'\" loading=\"lazy\" \/>\n\t\t\t\t<\/a>\n\t<h5><a href=\"https:\/\/www.pbs.org\/newshour\/show\/university-of-the-people-offers-students-a-new-and-affordable-college-experience\" target=\"_blank\" rel=\"noopener\">L&rsquo;Universit\u00e9 du peuple offre aux \u00e9tudiants une exp\u00e9rience universitaire nouvelle et abordable<\/a><\/h5>\n\t<a href=\"https:\/\/www.pbs.org\/newshour\/show\/university-of-the-people-offers-students-a-new-and-affordable-college-experience\" target=\"_blank\" rel=\"noopener\">\nEn savoir plus\n<\/a>\n\t\t\t\t<a href=\"https:\/\/www.today.com\/video\/the-university-of-the-people-offers-higher-education-without-the-debt-133843525834\" target=\"_blank\" rel=\"noopener\" itemprop=\"url\">\n\t\t\t\t<img decoding=\"async\" src=\"https:\/\/www.uopeople.edu\/wp-content\/uploads\/2022\/07\/today.jpg\" alt=\"today\" itemprop=\"image\" height=\"218\" width=\"298\" title=\"today\" onerror=\"this.style.display='none'\" loading=\"lazy\" \/>\n\t\t\t\t<\/a>\n\t<h5><a href=\"https:\/\/www.today.com\/video\/the-university-of-the-people-offers-higher-education-without-the-debt-133843525834\" target=\"_blank\" rel=\"noopener\">Cette universit\u00e9 \u00e0 but non lucratif vise \u00e0 rendre l&rsquo;enseignement sup\u00e9rieur accessible<\/a><\/h5>\n\t<a href=\"https:\/\/www.today.com\/video\/the-university-of-the-people-offers-higher-education-without-the-debt-133843525834\" target=\"_blank\" rel=\"noopener\">\nEn savoir plus\n<\/a>\n<h2><span class=\"ez-toc-section\" id=\"Pourquoi_choisir_lUniversite_du_Peuple\"><\/span>\n\t\t\tPourquoi choisir l&rsquo;Universit\u00e9 du Peuple\t<span class=\"ez-toc-section-end\"><\/span><\/h2>\n<section  id=\"Photo-\">\n    <img decoding=\"async\" src=\"https:\/\/www.uopeople.edu\/wp-content\/uploads\/2022\/04\/icons-tuition.svg\" width=\"56\" height=\"56\" alt=\"tuition icon\"\/>\n<\/section><h4>\n\t\t\tAucun frais de scolarit\u00e9\t<\/h4>\n\t<p>L&rsquo;Universit\u00e9 du Peuple ne facture pas les cours universitaires en ligne, les supports de cours ou l&rsquo;inscription annuelle. Vous payez nos frais minimes au fur et \u00e0 mesure, jamais \u00e0 l&rsquo;avance.<\/p>\n<section  id=\"Photo-\">\n    <img decoding=\"async\" src=\"https:\/\/www.uopeople.edu\/wp-content\/uploads\/2022\/04\/icons-flexible.svg\" width=\"56\" height=\"56\" alt=\"Flexible Icon\"\/>\n<\/section><h4>\n\t\t\tFlexibilit\u00e9\t<\/h4>\n\t<p>L&rsquo;Universit\u00e9 du Peuple est un \u00e9tablissement d&rsquo;enseignement sup\u00e9rieur 100 % en ligne. Contr\u00f4lez votre emploi du temps en \u00e9tudiant o\u00f9 vous voulez, quand vous voulez, que ce soit chez vous, au travail ou m\u00eame en d\u00e9placement.<\/p>\n<section  id=\"Photo-\">\n    <img decoding=\"async\" src=\"https:\/\/www.uopeople.edu\/wp-content\/uploads\/2022\/04\/icons-quality.svg\" width=\"56\" height=\"56\" alt=\"quality icon\"\/>\n<\/section><h4>\n\t\t\tQualit\u00e9\t<\/h4>\n\t<p>L&rsquo;Universit\u00e9 du Peuple est une universit\u00e9 am\u00e9ricaine en ligne accr\u00e9dit\u00e9e. Notre direction acad\u00e9mique est compos\u00e9e d&rsquo;universitaires issus des meilleures universit\u00e9s du monde.<\/p>\n<section  id=\"Photo-\">\n    <img decoding=\"async\" src=\"https:\/\/www.uopeople.edu\/wp-content\/uploads\/2022\/04\/icons-support.svg\" width=\"56\" height=\"56\" alt=\"support icon\"\/>\n<\/section><h4>\n\t\t\tSoutien\t<\/h4>\n\t<p>Nos cours se font en petits effectifs et chaque \u00e9tudiant a un conseiller de programme d\u00e8s son premier jour de cours et jusqu&rsquo;\u00e0 l&rsquo;obtention de son dipl\u00f4me.<\/p>\n<section  id=\"Photo-\">\n    <img decoding=\"async\" src=\"https:\/\/www.uopeople.edu\/wp-content\/uploads\/2022\/04\/icons-world.svg\" width=\"56\" height=\"56\" alt=\"world icon\"\/>\n<\/section><h4>\n\t\t\tMondial\t<\/h4>\n\t<p>Avec des \u00e9tudiants originaires de plus de 200 pays et territoires, vous acquerrez des comp\u00e9tences qui vous aideront \u00e0 prosp\u00e9rer dans le monde des affaires international.<\/p>\n<section  id=\"Photo-\">\n    <img decoding=\"async\" src=\"https:\/\/www.uopeople.edu\/wp-content\/uploads\/2022\/04\/icons-people.svg\" width=\"91\" height=\"55\" alt=\"people icon\"\/>\n<\/section><h4>\n\t\t\tExpertise\t<\/h4>\n\t<p>Nous sommes le leader de l&rsquo;enseignement 100 % en ligne, avec plus de 15 ans d&rsquo;exp\u00e9rience au service des \u00e9tudiants du monde entier.<\/p>\n                    <h3>Questions fr\u00e9quentes de nos \u00e9tudiants<\/h3>\n                    <ul>\n                        <li role=\"button\" rel=\"\"><\/li><li role=\"button\" rel=\"Informatique|Transfert de cr&eacute;dits\">Informatique|Transfert de cr\u00e9dits<\/li><li role=\"button\" rel=\"Qualit&eacute; &amp;amp; accr&eacute;ditation\">Qualit\u00e9 &amp; accr\u00e9ditation<\/li><li role=\"button\" rel=\"Transfert de cr&eacute;dits\">Transfert de cr\u00e9dits<\/li>                    <\/ul>\n                    <a href=\"https:\/\/www.uopeople.edu\/faq\/\" target=\"_self\">Voir toutes les FAQ<\/a>\n                <!--accordion start -->\n                    <!-- reading data -->\n                <!--accordion end -->\n<h2><span class=\"ez-toc-section\" id=\"Vous_revez_dun_avenir_prometteur_Tout_commence_ici\"><\/span>\n\t\t\tVous r\u00eavez d&rsquo;un avenir prometteur ? <br \/>Tout commence ici.\t<span class=\"ez-toc-section-end\"><\/span><\/h2>\n\t\t\t<a href=\"https:\/\/apply.uopeople.edu\/\" target=\"_blank\" rel=\"noopener\">\n\t\t\t\t\t\t\tPostulez maintenant\n\t\t\t\t\t<\/a>\n\n","protected":false},"excerpt":{"rendered":"<p>L&rsquo;UNIVERSIT\u00c9 DU PEUPLE EST ACCR\u00c9DIT\u00c9E PAR Obtenez un dipl\u00f4me de haute qualit\u00e9, sans frais de scolarit\u00e9, 100 % en ligne. Postuler maintenant Approuv\u00e9 et reconnu par En collaboration avec Pourquoi nos \u00e9tudiants nous adorent Poursuivre mes \u00e9tudes \u00e0 UoPeople me permet d&rsquo;obtenir mon MBA tout en conciliant un emploi du temps professionnel charg\u00e9. Sean h.,&hellip;<\/p>\n","protected":false},"author":15,"featured_media":37896,"parent":0,"menu_order":0,"comment_status":"closed","ping_status":"closed","template":"","meta":{"_acf_changed":true,"inline_featured_image":false,"footnotes":""},"class_list":["post-38470","page","type-page","status-publish","has-post-thumbnail","hentry"],"acf":[],"_links":{"self":[{"href":"https:\/\/www.uopeople.edu\/fr\/wp-json\/wp\/v2\/pages\/38470","targetHints":{"allow":["GET"]}}],"collection":[{"href":"https:\/\/www.uopeople.edu\/fr\/wp-json\/wp\/v2\/pages"}],"about":[{"href":"https:\/\/www.uopeople.edu\/fr\/wp-json\/wp\/v2\/types\/page"}],"author":[{"embeddable":true,"href":"https:\/\/www.uopeople.edu\/fr\/wp-json\/wp\/v2\/users\/15"}],"replies":[{"embeddable":true,"href":"https:\/\/www.uopeople.edu\/fr\/wp-json\/wp\/v2\/comments?post=38470"}],"version-history":[{"count":0,"href":"https:\/\/www.uopeople.edu\/fr\/wp-json\/wp\/v2\/pages\/38470\/revisions"}],"wp:featuredmedia":[{"embeddable":true,"href":"https:\/\/www.uopeople.edu\/fr\/wp-json\/wp\/v2\/media\/37896"}],"wp:attachment":[{"href":"https:\/\/www.uopeople.edu\/fr\/wp-json\/wp\/v2\/media?parent=38470"}],"curies":[{"name":"wp","href":"https:\/\/api.w.org\/{rel}","templated":true}]}}