{"id":38081,"date":"2022-04-28T14:59:20","date_gmt":"2022-04-28T14:59:20","guid":{"rendered":"https:\/\/universitopstg.wpengine.com\/online-associates\/"},"modified":"2025-08-18T11:13:13","modified_gmt":"2025-08-18T11:13:13","slug":"online-associates","status":"publish","type":"page","link":"https:\/\/www.uopeople.edu\/fr\/programs\/online-associates\/","title":{"rendered":"Dipl\u00f4me d&rsquo;aptitude professionnelle (Associate&rsquo;s Degree)"},"content":{"rendered":"\n<h1><span class=\"ez-toc-section\" id=\"Diplome_daptitude_professionnelle_Associates_Degree\"><\/span>\n\t\t\tDipl\u00f4me d&rsquo;aptitude professionnelle (Associate&rsquo;s Degree)\t<span class=\"ez-toc-section-end\"><\/span><\/h1>\n\t<p>D\u00e9velopper les comp\u00e9tences fondamentales que les employeurs recherchent pour progresser sur un march\u00e9 du travail comp\u00e9titif.<\/p>\n\t\t\t<a href=\"https:\/\/apply.uopeople.edu\/\" target=\"_blank\" rel=\"noopener\">\n\t\t\t\t\t\t\tPostuler maintenant\n\t\t\t\t\t<\/a>\n\t\t\t\t<img decoding=\"async\" src=\"https:\/\/www.uopeople.edu\/wp-content\/uploads\/2022\/07\/shemresized.jpg\" alt=\"Shem S. Business Administration Philippines\" itemprop=\"image\" height=\"1150\" width=\"1092\" title=\"shem(resized)\" onerror=\"this.style.display='none'\" loading=\"lazy\" \/>\n\t<p><strong>Shem S.<\/strong><\/p>\n<p>Administration des affaires<\/p>\n<p>Philippines<\/p>\n<h2><span class=\"ez-toc-section\" id=\"Administration_des_affaires\"><\/span>\n\t\t\tAdministration des affaires\t<span class=\"ez-toc-section-end\"><\/span><\/h2>\n\t<p>Notre dipl\u00f4me d&rsquo;aptitude professionnelle en science en ligne est un programme de 20 cours qui permet de comprendre les principes de l&rsquo;industrie et de les appliquer sur le terrain. Les \u00e9tudiants \u00e0 temps plein peuvent terminer le programme en deux ans. <\/p>\n\t\t\t Co-diriger des projets collaboratifs en utilisant des comp\u00e9tences en mati\u00e8re de constitution d&rsquo;\u00e9quipes\t\t\n\t\t\t D\u00e9velopper une large compr\u00e9hension des diff\u00e9rents domaines de l&rsquo;entreprise\t\t\n\t\t\t Utiliser des donn\u00e9es pour analyser les probl\u00e8mes de l&rsquo;entreprise et fournir des solutions\t\t\n\t\t\t<a href=\"https:\/\/www.uopeople.edu\/fr\/programs\/online-associates\/business-administration\/\" target=\"_self\">\n\t\t\t\t\t\t\tEn savoir plus\n\t\t\t\t\t<\/a>\n<h2><span class=\"ez-toc-section\" id=\"Informatique\"><\/span>\n\t\t\tInformatique\t<span class=\"ez-toc-section-end\"><\/span><\/h2>\n\t<p>Notre dipl\u00f4me d&rsquo;aptitude professionnelle en informatique en ligne est un programme de 20 cours qui permet de comprendre les principes de l&rsquo;industrie et de les appliquer sur le terrain. Les \u00e9tudiants \u00e0 temps plein peuvent terminer le programme en deux ans. <\/p>\n\t\t\t Construire des mod\u00e8les conceptuels de mat\u00e9riel informatique\t\t\n\t\t\t D\u00e9velopper des connaissances essentielles et approfondies en informatique\t\t\n\t\t\t Identifier les probl\u00e8mes complexes et y apporter des solutions innovantes\t\t\n\t\t\t<a href=\"https:\/\/www.uopeople.edu\/fr\/programs\/online-associates\/computer-science\/\" target=\"_self\">\n\t\t\t\t\t\t\tEn savoir plus\n\t\t\t\t\t<\/a>\n\t\t\t\t<img decoding=\"async\" src=\"https:\/\/www.uopeople.edu\/wp-content\/uploads\/2022\/07\/Yahaya2.jpg\" alt=\"Yahaya2\" itemprop=\"image\" height=\"1150\" width=\"1092\" title=\"Yahaya2\" onerror=\"this.style.display='none'\" loading=\"lazy\" \/>\n\t<p><strong>Yahaya K.<\/strong><\/p>\n<p>Informatique<\/p>\n<p>Nigeria<\/p>\n\t\t\t\t<img decoding=\"async\" src=\"https:\/\/www.uopeople.edu\/wp-content\/uploads\/2023\/04\/maame.webp\" alt=\"Maame S.\" itemprop=\"image\" height=\"1150\" width=\"1092\" title=\"Maame S.\" onerror=\"this.style.display='none'\" loading=\"lazy\" \/>\n\t<p><strong>Maame S.<\/strong><\/p>\n<p>Sciences de la sant\u00e9<\/p>\n<p>\u00c9tats-Unis<\/p>\n<h2><span class=\"ez-toc-section\" id=\"Sciences_de_la_sante\"><\/span>\n\t\t\tSciences de la sant\u00e9\t<span class=\"ez-toc-section-end\"><\/span><\/h2>\n\t<p>Notre dipl\u00f4me d&rsquo;aptitude professionnelle en sciences de la sant\u00e9 est un programme de 19 cours qui permet d&rsquo;acqu\u00e9rir une connaissance approfondie des principes et des normes de l&rsquo;industrie de la sant\u00e9. Les \u00e9tudiants \u00e0 temps plein peuvent terminer le programme en deux ans. <\/p>\n\t\t\t Interpr\u00e9ter les informations et les donn\u00e9es relatives \u00e0 la sant\u00e9 mondiale\t\t\n\t\t\t Acqu\u00e9rir une vision holistique de la sant\u00e9, de la sant\u00e9 mentale et de la psychologie\t\t\n\t\t\t Explorer les liens entre la soci\u00e9t\u00e9 et le bien-\u00eatre\t\t\n\t\t\t<a href=\"https:\/\/www.uopeople.edu\/fr\/programs\/online-associates\/health-science\/\" target=\"_self\">\n\t\t\t\t\t\t\tEn savoir plus\n\t\t\t\t\t<\/a>\n                    <h3>Questions fr\u00e9quentes que les \u00e9tudiants nous posent<\/h3>\n                    Questions concernant nos programmes acad\u00e9miques propos\u00e9s par UoPeople\n                    <a href=\"https:\/\/www.uopeople.edu\/faq\/\" target=\"_self\">Voir toutes les FAQ<\/a>\n                <!--accordion start -->\n                            <a data-toggle=\"collapse\" data-parent=\"#FaqsWithoutFilters-accordionID\" href=\"#xcollapse0\" aria-expanded=\"false\" aria-controls=\"xcollapse0\">\n                                            <h4>L&#039;Universit\u00e9 du Peuple accepte-t-elle des \u00e9tudiants internationaux ?<\/h4>\n                            <\/a>\n                                \n<p>Assur\u00e9ment ! L&rsquo;Universit\u00e9 du Peuple accueille des \u00e9tudiants provenant de plus de 200 pays et territoires. <\/p>\n\n                            <a data-toggle=\"collapse\" data-parent=\"#FaqsWithoutFilters-accordionID\" href=\"#xcollapse1\" aria-expanded=\"false\" aria-controls=\"xcollapse1\">\n                                            <h4>L&#039;Universit\u00e9 du Peuple est-elle accr\u00e9dit\u00e9e ?<\/h4>\n                            <\/a>\n                                \n<p>L&rsquo;Universit\u00e9 du Peuple est accr\u00e9dit\u00e9e par la WASC Senior College and University Commission (WSCUC), ainsi que par la Distance Education Accrediting Commission (DEAC). <\/p>\n\n                            <a data-toggle=\"collapse\" data-parent=\"#FaqsWithoutFilters-accordionID\" href=\"#xcollapse2\" aria-expanded=\"false\" aria-controls=\"xcollapse2\">\n                                            <h4>Vais-je obtenir le soutien acad\u00e9mique dont j&#039;ai besoin ?<\/h4>\n                            <\/a>\n                                \n<p>Assur\u00e9ment ! Les classes \u00e0 UoPeople sont de taille r\u00e9duite et des instructeurs hautement qualifi\u00e9s sont disponibles pour r\u00e9pondre aux questions des \u00e9tudiants et leur offrir un soutien. De plus, chaque \u00e9tudiant est mis en relation avec un Conseiller de Programme personnel au d\u00e9but de ses \u00e9tudes, qui l&rsquo;accompagne jusqu&rsquo;\u00e0 l&rsquo;obtention de son dipl\u00f4me. Les Conseillers de Programme agissent en tant que syst\u00e8me de soutien personnel pour les \u00e9tudiants tout au long de leur cursus. Le Conseiller de Programme r\u00e9pondra \u00e0 toutes les questions que l&rsquo;\u00e9tudiant pourrait avoir, offrira des conseils acad\u00e9miques, discutera du choix des cours et prodiguera des encouragements tout au long des \u00e9tudes de l&rsquo;\u00e9tudiant.    <\/p>\n\n                            <a data-toggle=\"collapse\" data-parent=\"#FaqsWithoutFilters-accordionID\" href=\"#xcollapse3\" aria-expanded=\"false\" aria-controls=\"xcollapse3\">\n                                            <h4>Qu&#039;est-ce que l&#039;apprentissage asynchrone ?<\/h4>\n                            <\/a>\n                                \n<p>L&rsquo;apprentissage asynchrone vous permet d&rsquo;\u00e9tudier selon votre propre emploi du temps. Vous aurez acc\u00e8s, via le Campus en ligne de UoPeople, aux devoirs, aux cours magistraux et \u00e0 d&rsquo;autres supports p\u00e9dagogiques. Il n&rsquo;y a pas de cours en direct ni d&rsquo;horaires de classe fixes \u00e0 UoPeople.   <\/p>\n\n                <!--accordion end -->\n<h2><span class=\"ez-toc-section\" id=\"Construisez_un_avenir_meilleur_pour_vous_et_votre_famille\"><\/span>\n\t\t\tConstruisez un avenir meilleur pour vous et votre famille.\t<span class=\"ez-toc-section-end\"><\/span><\/h2>\n\t\t\t<a href=\"https:\/\/apply.uopeople.edu\/\" target=\"_blank\" rel=\"noopener\">\n\t\t\t\t\t\t\tPostulez maintenant\n\t\t\t\t\t<\/a>\n\n","protected":false},"excerpt":{"rendered":"<p>Dipl\u00f4me d&rsquo;aptitude professionnelle (Associate&rsquo;s Degree) D\u00e9velopper les comp\u00e9tences fondamentales que les employeurs recherchent pour progresser sur un march\u00e9 du travail comp\u00e9titif. Postuler maintenant Shem S. Administration des affaires Philippines Administration des affaires Notre dipl\u00f4me d&rsquo;aptitude professionnelle en science en ligne est un programme de 20 cours qui permet de comprendre les principes de l&rsquo;industrie et&hellip;<\/p>\n","protected":false},"author":15,"featured_media":0,"parent":38498,"menu_order":0,"comment_status":"closed","ping_status":"closed","template":"","meta":{"_acf_changed":false,"inline_featured_image":false,"footnotes":""},"class_list":["post-38081","page","type-page","status-publish","hentry"],"acf":[],"_links":{"self":[{"href":"https:\/\/www.uopeople.edu\/fr\/wp-json\/wp\/v2\/pages\/38081","targetHints":{"allow":["GET"]}}],"collection":[{"href":"https:\/\/www.uopeople.edu\/fr\/wp-json\/wp\/v2\/pages"}],"about":[{"href":"https:\/\/www.uopeople.edu\/fr\/wp-json\/wp\/v2\/types\/page"}],"author":[{"embeddable":true,"href":"https:\/\/www.uopeople.edu\/fr\/wp-json\/wp\/v2\/users\/15"}],"replies":[{"embeddable":true,"href":"https:\/\/www.uopeople.edu\/fr\/wp-json\/wp\/v2\/comments?post=38081"}],"version-history":[{"count":0,"href":"https:\/\/www.uopeople.edu\/fr\/wp-json\/wp\/v2\/pages\/38081\/revisions"}],"up":[{"embeddable":true,"href":"https:\/\/www.uopeople.edu\/fr\/wp-json\/wp\/v2\/pages\/38498"}],"wp:attachment":[{"href":"https:\/\/www.uopeople.edu\/fr\/wp-json\/wp\/v2\/media?parent=38081"}],"curies":[{"name":"wp","href":"https:\/\/api.w.org\/{rel}","templated":true}]}}