{"id":38049,"date":"2022-04-28T16:21:47","date_gmt":"2022-04-28T16:21:47","guid":{"rendered":"https:\/\/universitopstg.wpengine.com\/online-bachelors\/health-science\/"},"modified":"2026-04-06T06:49:14","modified_gmt":"2026-04-06T06:49:14","slug":"health-science","status":"publish","type":"page","link":"https:\/\/www.uopeople.edu\/fr\/programs\/online-bachelors\/health-science\/","title":{"rendered":"Sciences de la sant\u00e9  (Bachelor)"},"content":{"rendered":"\n\n\t<nav aria-label=\"breadcrumbs\" class=\"rank-math-breadcrumb\"><p><span class=\"last\">Accueil<\/span><\/p><\/nav>\n<h1><span class=\"ez-toc-section\" id=\"Licence_en_sciences_de_la_sante_BHS_en_ligne\"><\/span>\n\t\t\tLicence en sciences de la sant\u00e9 (BHS) en ligne\t<span class=\"ez-toc-section-end\"><\/span><\/h1>\n\t<p>Pr\u00e9parez-vous \u00e0 une carri\u00e8re passionnante dans le domaine de la sant\u00e9 et acqu\u00e9rez des comp\u00e9tences innovantes pour am\u00e9liorer les soins et le bien-\u00eatre des patients. Ce dipl\u00f4me est la base id\u00e9ale pour poursuivre un master ou faire progresser votre carri\u00e8re actuelle.   <\/p>\n\t\t\t<a href=\"https:\/\/apply.uopeople.edu\/\" target=\"_blank\" rel=\"noopener\">\n\t\t\t\t\t\t\tPostulez maintenant\n\t\t\t\t\t<\/a>\n\t\t\t Pas de conf\u00e9rences en direct  \t\t\n\t\t\t 39 cours \t\t\n\t\t\t Moins de deux ans et demi\t\t\n\t\t\t Payez au fur et \u00e0 mesure (160 $ par \u00e9valuation de cours)  \t\t\n\t<h2><span class=\"ez-toc-section\" id=\"Vue_densemble\"><\/span>\n\t\t\tVue d&rsquo;ensemble\t<span class=\"ez-toc-section-end\"><\/span><\/h2>\n\t<p>Le monde a besoin de professionnels de la sant\u00e9 &#8211; r\u00e9pondez \u00e0 l&rsquo;appel avec une licence en sciences de la sant\u00e9. Acqu\u00e9rez des connaissances et des comp\u00e9tences dans les domaines de la biologie, de la psychologie, de l&rsquo;anatomie et de la physiologie pour faire la diff\u00e9rence dans le domaine des sciences de la sant\u00e9, qui conna\u00eet une croissance rapide et une \u00e9volution constante. Ce dipl\u00f4me constitue une base solide pour construire votre carri\u00e8re ou poursuivre des \u00e9tudes sup\u00e9rieures.    <\/p>\n<h2><span class=\"ez-toc-section\" id=\"Ce_que_vous_apprendrez_dans_le_programme_BHS_en_ligne\"><\/span>\n\t\t\tCe que vous apprendrez dans le programme BHS en ligne\t<span class=\"ez-toc-section-end\"><\/span><\/h2>\n\t<p>D\u00e9veloppez des comp\u00e9tences pr\u00e9cieuses pour lancer votre carri\u00e8re :  <\/p>\n\t\t\t Comprendre les causes sociales et biologiques de la maladie  \t\t\n\t\t\t Analyser les probl\u00e8mes de sant\u00e9 et proposer des solutions  \t\t\n\t\t\t Utiliser les comp\u00e9tences en mati\u00e8re de constitution d&rsquo;\u00e9quipes pour diriger des projets  \t\t\n\t\t\t Explorer l&rsquo;\u00e9thique, y compris les politiques et les lois en mati\u00e8re de soins de sant\u00e9  \t\t\n\t<h2><span class=\"ez-toc-section\" id=\"Conditions_dadmission\"><\/span>\n\t\t\tConditions d&rsquo;admission\t<span class=\"ez-toc-section-end\"><\/span><\/h2>\n\t<p>Toute personne ayant obtenu son dipl\u00f4me de fin d&rsquo;\u00e9tudes secondaires, ma\u00eetrisant l&rsquo;anglais et \u00e2g\u00e9e de 16 ans ou plus peut \u00e9tudier en ligne sur UoPeople.  <\/p>\n        <form data-css-form=\"filter\" data-js-form=\"filter1\">\n                <input type=\"hidden\" name=\"perpage\" id=\"perpage\" value=\"6\"\/>\n                <input type=\"hidden\" name=\"no_results_text\" id=\"no_results_text\" value=\"Sorry, no posts match the search criteria.\"\/>\n                <input type=\"hidden\" name=\"post_type_input\" id=\"post_type_input\" value=\"course\"\/>\n                <input type=\"hidden\" name=\"taxonomy\" id=\"taxonomy\" value=\"course_type\"\/>\n                <input type=\"hidden\" name=\"orderby\" id=\"orderby\" value=\"post__in\"\/>\n                <input type=\"hidden\" name=\"order\" id=\"order\" value=\"DESC\"\/>\n                <input type=\"hidden\" name=\"postin\" id=\"postin\" value=\"12607,10182,10190,10183,12615,12618,12616,12617,12619,12620,12621,12622,12623,12624,12625,12626,12627,12628,12629,12630,12592,12597,12600,12601,12603\"\/>\n                    <select id=\"ResourcesGridFeed-menu\" name=\"id\" aria-labelledby=\"drop4\"> \n                                                    <option name_to_show=\"Cours majeurs requis\" id=\"cours-majeurs-requis\"  value=\"556\">Cours majeurs requis<\/option>\n                                                    <option name_to_show=\"Exigences en mati\u00e8re d'\u00e9ducation g\u00e9n\u00e9rale\" id=\"exigences-en-matiere-deducation-generale\"  value=\"574\">Exigences en mati\u00e8re d&rsquo;\u00e9ducation g\u00e9n\u00e9rale<\/option>\n                                            <\/select>\n                <fieldset data-css-form=\"group right\">\n                        <button data-css-button=\"button red\">Filter<\/button>\n                        <input type=\"hidden\" name=\"action\" value=\"filter_courses_feed\"\/>\n                <\/fieldset>\n        <\/form>  \n                <h4> Programme \/ Cours<\/h4>\n                        <p>Le programme du Bachelor en sciences de la sant\u00e9 a \u00e9t\u00e9 sp\u00e9cialement con\u00e7u pour approfondir la compr\u00e9hension et les connaissances des \u00e9tudiants. Ils analyseront les causes des maladies et des pathologies \u00e0 l&rsquo;\u00e9chelle mondiale, dirigeront des projets de groupe et \u00e9tudieront les politiques de sant\u00e9.<\/p><ul><li>20 cours principaux<\/li><li>19 cours de formation g\u00e9n\u00e9rale<\/li><\/ul>\n            <a href=\"https:\/\/catalog.uopeople.edu\/ug_term1_item\/health-science\/bachelor-of-science-in-health-science-bs-hs%20\" target=\"_blank\" rel=\"noopener\"> Voir tous les cours<\/a>\n            <a href=\"https:\/\/apply.uopeople.edu\/\" target=\"_blank\" rel=\"noopener\">Postuler<\/a>\n<h2><span class=\"ez-toc-section\" id=\"Carrieres_en_sciences_de_la_sante\"><\/span>\n\t\t\tCarri\u00e8res en sciences de la sant\u00e9\t<span class=\"ez-toc-section-end\"><\/span><\/h2>\n\t<p>O\u00f9 vous m\u00e8nera la licence en sciences de la sant\u00e9 ? Votre dipl\u00f4me vous aidera \u00e0 vous pr\u00e9parer \u00e0 un emploi en tant que : <\/p>\n\t\t\t Responsable des services m\u00e9dicaux  \t\t\n\t\t\t Sp\u00e9cialiste de l&rsquo;\u00e9ducation \u00e0 la sant\u00e9  \t\t\n\t\t\t Agent de sant\u00e9 communautaire\t\t\n\t\t\t Coordinateur du bien-\u00eatre\t\t\n\t<p>En tant qu&rsquo;\u00e9tudiant de UoPeople, vous n&rsquo;\u00eates jamais seul. Career Service Center vous propose des commentaires sur votre CV, des conseils sur le r\u00e9seautage, des techniques d&rsquo;entretien et bien plus encore.<\/p>\n<h2><span class=\"ez-toc-section\" id=\"Couts_de_la_licence_en_sciences_de_la_sante\"><\/span>\n\t\t\tCo\u00fbts de la licence en sciences de la sant\u00e9\t<span class=\"ez-toc-section-end\"><\/span><\/h2>\n\tUoPeople ne facture ni frais de scolarit\u00e9, ni frais de livres, ni frais li\u00e9s au campus. Nous facturons uniquement des frais d&rsquo;inscription de 60 $ et des frais d&rsquo;\u00e9valuation de 160 $ par cours. Cela repr\u00e9sente une \u00e9conomie consid\u00e9rable par rapport aux universit\u00e9s publiques am\u00e9ricaines, qui facturent en moyenne 22 389 $ pour une licence. Le co\u00fbt total de vos \u00e9tudes \u00e0 UoPeople s&rsquo;\u00e9l\u00e8vera \u00e0 6 460 $, voire moins si vous disposez de cr\u00e9dits \u00e0 transf\u00e9rer ! Notre mission est de permettre \u00e0 chacun d&rsquo;acc\u00e9der \u00e0 un dipl\u00f4me. Si vos moyens ne vous permettent pas de payer ces frais, des bourses et des subventions peuvent \u00eatre accord\u00e9es.<br \/>\n\n    <h2><span class=\"ez-toc-section\" id=\"Flexibilite\"><\/span>Flexibilit\u00e9<span class=\"ez-toc-section-end\"><\/span><\/h2>\n     Plus de la moiti\u00e9 de nos \u00e9tudiants poursuivent leurs \u00e9tudes avec succ\u00e8s tout en travaillant, en \u00e9levant une famille, ou les deux. UoPeople est fi\u00e8re d&rsquo;\u00eatre l&rsquo;option la plus flexible au monde pour obtenir un dipl\u00f4me de qualit\u00e9, accr\u00e9dit\u00e9, et 100 % en ligne. D\u00e9couvrez comment nos programmes sont sp\u00e9cialement con\u00e7us pour s&rsquo;adapter \u00e0 votre mode de vie :\n                                                                          <img decoding=\"async\" width=\"80\" height=\"60\" src=\"https:\/\/www.uopeople.edu\/wp-content\/uploads\/2022\/06\/noun-schedule-1464727.svg\"\/>\n                                             Apprentissage asynchrone\n                       \u00c0 UoPeople, il n&rsquo;y a pas de cours en direct ni d&rsquo;horaires fixes. \u00c0 la place, vous profitez de la flexibilit\u00e9 de l&rsquo;apprentissage en ligne et \u00e9tudiez selon votre propre emploi du temps. Terminez vos devoirs pendant vos trajets, votre pause d\u00e9jeuner ou apr\u00e8s avoir couch\u00e9 les enfants. Tant que votre travail est termin\u00e9 \u00e0 la fin de chaque semaine, vous restez sur la bonne voie pour obtenir votre dipl\u00f4me.\n                                                                          <img decoding=\"async\" width=\"80\" height=\"60\" src=\"https:\/\/www.uopeople.edu\/wp-content\/uploads\/2022\/06\/noun-wifi-1510573.svg\"\/>\n                                             Technologie accessible\n                       Tout ce dont vous avez besoin pour \u00e9tudier \u00e0 UoPeople, c&rsquo;est d&rsquo;une connexion Internet stable &#8211; que ce soit sur un ordinateur de bureau, un ordinateur portable ou m\u00eame votre t\u00e9l\u00e9phone portable. Les cours ne n\u00e9cessitent jamais de fichiers vid\u00e9o volumineux, et le campus en ligne de UoPeople est compatible avec la plupart des navigateurs. Les \u00e9tudiants re\u00e7oivent m\u00eame un abonnement \u00e0 Office 365, incluant Microsoft Office, sans frais suppl\u00e9mentaires.\n                                                                          <img decoding=\"async\" width=\"80\" height=\"60\" src=\"https:\/\/www.uopeople.edu\/wp-content\/uploads\/2022\/06\/noun-transfer-4652684.svg\"\/>\n                                             Transfert de cr\u00e9dits\n                      Vous avez des cr\u00e9dits provenant d&#039;une autre universit\u00e9 accr\u00e9dit\u00e9e ? Super ! Les \u00e9tudiants en master peuvent transf\u00e9rer jusqu&rsquo;\u00e0 50 % du total de leurs cr\u00e9dits \u00e0 UoPeople. L&rsquo;\u00e9valuation des cr\u00e9dits \u00e0 transf\u00e9rer est gratuite, et en cas d&rsquo;acceptation, seuls 17 $ sont factur\u00e9s par cours transf\u00e9r\u00e9.\n            <!-- row -->\n    <!-- CardsModule-rowParentOverflow -->\n                    <h3>Questions fr\u00e9quentes que les \u00e9tudiants nous posent<\/h3>\n                    Questions concernant nos programmes acad\u00e9miques propos\u00e9s par UoPeople\n                    <a href=\"https:\/\/www.uopeople.edu\/faq\/\" target=\"_self\">Voir toutes les FAQ<\/a>\n                <!--accordion start -->\n                            <a data-toggle=\"collapse\" data-parent=\"#FaqsWithoutFilters-accordionID\" href=\"#xcollapse0\" aria-expanded=\"false\" aria-controls=\"xcollapse0\">\n                                            <h4>Qu&#039;est-ce qu&#039;un baccalaur\u00e9at \u00e8s sciences en sciences de la sant\u00e9 ?<\/h4>\n                            <\/a>\n                                \n<p>Un baccalaur\u00e9at \u00e8s sciences en sciences de la sant\u00e9 \u00e0 UoPeople est con\u00e7u pour vous pr\u00e9parer \u00e0 une carri\u00e8re gratifiante dans le domaine de la sant\u00e9. Il se concentre sur l&rsquo;acquisition de comp\u00e9tences innovantes visant \u00e0 am\u00e9liorer les soins aux patients et leur bien-\u00eatre, couvrant la biologie, la psychologie, l&rsquo;anatomie et la physiologie.  <\/p>\n\n                            <a data-toggle=\"collapse\" data-parent=\"#FaqsWithoutFilters-accordionID\" href=\"#xcollapse1\" aria-expanded=\"false\" aria-controls=\"xcollapse1\">\n                                            <h4>Quelle est la dur\u00e9e d&#039;un baccalaur\u00e9at \u00e8s sciences en sciences de la sant\u00e9 ?<\/h4>\n                            <\/a>\n                                \n<p>Le dipl\u00f4me comprend 39 cours et peut \u00eatre obtenu en moins de deux ans et demi, soit environ 30 mois. <\/p>\n\n                            <a data-toggle=\"collapse\" data-parent=\"#FaqsWithoutFilters-accordionID\" href=\"#xcollapse2\" aria-expanded=\"false\" aria-controls=\"xcollapse2\">\n                                            <h4>Quelles sont les conditions d&#039;admission pour le programme de baccalaur\u00e9at \u00e8s sciences en sciences de la sant\u00e9 ?<\/h4>\n                            <\/a>\n                                \n<p>Il est imp\u00e9ratif que vous ayez au moins 16 ans, que vous ma\u00eetrisiez la langue anglaise, que vous soyez titulaire d&rsquo;un dipl\u00f4me d&rsquo;\u00e9tudes secondaires ou \u00e9quivalent, et que vous ayez achev\u00e9 les cours <a href=\"https:\/\/www.uopeople.edu\/become-student\/prepare-for-uopeople\/foundation-courses\/\" target=\"_blank\" rel=\"noreferrer noopener\">UoPeople Foundations<\/a>. <\/p>\n\n                            <a data-toggle=\"collapse\" data-parent=\"#FaqsWithoutFilters-accordionID\" href=\"#xcollapse3\" aria-expanded=\"false\" aria-controls=\"xcollapse3\">\n                                            <h4>Quel est le co\u00fbt pour obtenir un baccalaur\u00e9at \u00e8s sciences en sciences de la sant\u00e9 \u00e0 UoPeople ?<\/h4>\n                            <\/a>\n                                \n<p>Le mod\u00e8le unique et sans frais de scolarit\u00e9 d&rsquo;UoPeople permet de commencer \u00e0 obtenir un dipl\u00f4me am\u00e9ricain de haute qualit\u00e9 pour seulement 60 dollars, et de payer au fur et \u00e0 mesure sans engagements financiers. Le co\u00fbt total d&rsquo;un baccalaur\u00e9at est d&rsquo;environ 5520 dollars pour le programme de 120 cr\u00e9dits, ce qui \u00e9quivaut \u00e0 environ 43 dollars par cr\u00e9dit.  <\/p>\n\n                            <a data-toggle=\"collapse\" data-parent=\"#FaqsWithoutFilters-accordionID\" href=\"#xcollapse4\" aria-expanded=\"false\" aria-controls=\"xcollapse4\">\n                                            <h4>Quels emplois peut-on obtenir avec un baccalaur\u00e9at \u00e8s sciences en sciences de la sant\u00e9 ?<\/h4>\n                            <\/a>\n                                \n<p>Les dipl\u00f4m\u00e9s du baccalaur\u00e9at \u00e8s sciences en sciences de la sant\u00e9 peuvent poursuivre des <a href=\"https:\/\/www.uopeople.edu\/blog\/what-can-you-do-with-a-health-science-degree\/\" target=\"_blank\" rel=\"noreferrer noopener\">fonctions<\/a> telles que gestionnaires des services m\u00e9dicaux, sp\u00e9cialistes de l&rsquo;\u00e9ducation sanitaire, agents de sant\u00e9 communautaire et coordinateurs du bien-\u00eatre, entre autres. Certains anciens \u00e9l\u00e8ves de UoPeople ont r\u00e9ussi \u00e0 obtenir des postes au sein d&rsquo;organisations mondiales de premier plan telles qu&rsquo;Amazon, IBM, Microsoft, Deloitte, AT&amp;T, Dell, etc.  <\/p>\n\n                            <a data-toggle=\"collapse\" data-parent=\"#FaqsWithoutFilters-accordionID\" href=\"#xcollapse5\" aria-expanded=\"false\" aria-controls=\"xcollapse5\">\n                                            <h4>Puis-je transf\u00e9rer des cr\u00e9dits au programme de baccalaur\u00e9at \u00e8s sciences en sciences de la sant\u00e9 \u00e0 UoPeople ?<\/h4>\n                            <\/a>\n                                \n<p>Oui. Les \u00e9tudiants poursuivant un baccalaur\u00e9at peuvent <a href=\"https:\/\/www.uopeople.edu\/become-student\/admissions\/transferring-credits\/\" target=\"_blank\" rel=\"noreferrer noopener\">transf\u00e9rer<\/a> jusqu&rsquo;\u00e0 90 cr\u00e9dits (\u00e9quivalant \u00e0 75% des exigences du programme) d&rsquo;une autre institution accr\u00e9dit\u00e9e vers leur dipl\u00f4me UoPeople.  <\/p>\n\n                <!--accordion end -->\n<h2><span class=\"ez-toc-section\" id=\"Construisez_un_avenir_meilleur_pour_vous_et_votre_famille\"><\/span>\n\t\t\tConstruisez un avenir meilleur pour vous et votre famille.\t<span class=\"ez-toc-section-end\"><\/span><\/h2>\n\t\t\t<a href=\"https:\/\/apply.uopeople.edu\/\" target=\"_blank\" rel=\"noopener\">\n\t\t\t\t\t\t\tPostulez maintenant\n\t\t\t\t\t<\/a>\n\n","protected":false},"excerpt":{"rendered":"<p>Licence en sciences de la sant\u00e9 (BHS) en ligne Pr\u00e9parez-vous \u00e0 une carri\u00e8re passionnante dans le domaine de la sant\u00e9 et acqu\u00e9rez des comp\u00e9tences innovantes pour am\u00e9liorer les soins et le bien-\u00eatre des patients. Ce dipl\u00f4me est la base id\u00e9ale pour poursuivre un master ou faire progresser votre carri\u00e8re actuelle. Postulez maintenant Pas de conf\u00e9rences&hellip;<\/p>\n","protected":false},"author":15,"featured_media":0,"parent":38014,"menu_order":0,"comment_status":"closed","ping_status":"closed","template":"","meta":{"_acf_changed":false,"inline_featured_image":false,"footnotes":""},"class_list":["post-38049","page","type-page","status-publish","hentry"],"acf":[],"_links":{"self":[{"href":"https:\/\/www.uopeople.edu\/fr\/wp-json\/wp\/v2\/pages\/38049","targetHints":{"allow":["GET"]}}],"collection":[{"href":"https:\/\/www.uopeople.edu\/fr\/wp-json\/wp\/v2\/pages"}],"about":[{"href":"https:\/\/www.uopeople.edu\/fr\/wp-json\/wp\/v2\/types\/page"}],"author":[{"embeddable":true,"href":"https:\/\/www.uopeople.edu\/fr\/wp-json\/wp\/v2\/users\/15"}],"replies":[{"embeddable":true,"href":"https:\/\/www.uopeople.edu\/fr\/wp-json\/wp\/v2\/comments?post=38049"}],"version-history":[{"count":0,"href":"https:\/\/www.uopeople.edu\/fr\/wp-json\/wp\/v2\/pages\/38049\/revisions"}],"up":[{"embeddable":true,"href":"https:\/\/www.uopeople.edu\/fr\/wp-json\/wp\/v2\/pages\/38014"}],"wp:attachment":[{"href":"https:\/\/www.uopeople.edu\/fr\/wp-json\/wp\/v2\/media?parent=38049"}],"curies":[{"name":"wp","href":"https:\/\/api.w.org\/{rel}","templated":true}]}}