{"id":38021,"date":"2022-04-28T16:22:32","date_gmt":"2022-04-28T16:22:32","guid":{"rendered":"https:\/\/universitopstg.wpengine.com\/online-bachelors\/computer-science\/"},"modified":"2026-04-06T06:46:38","modified_gmt":"2026-04-06T06:46:38","slug":"computer-science","status":"publish","type":"page","link":"https:\/\/www.uopeople.edu\/fr\/programs\/online-bachelors\/computer-science\/","title":{"rendered":"Informatique  (Bachelor)"},"content":{"rendered":"\n<h1><span class=\"ez-toc-section\" id=\"Licence_en_informatique_BCS_en_ligne\"><\/span>\n\t\t\tLicence en informatique (BCS) en ligne\t<span class=\"ez-toc-section-end\"><\/span><\/h1>\n\t<p>Acqu\u00e9rir des comp\u00e9tences tr\u00e8s demand\u00e9es pour rejoindre l&rsquo;un des domaines \u00e0 la croissance la plus rapide au monde et apprendre les derni\u00e8res technologies en mati\u00e8re de programmation, de logiciels et d&rsquo;informatique. Que votre objectif soit de vous hisser au sommet de l&rsquo;industrie technologique ou de jeter les bases d&rsquo;un dipl\u00f4me sup\u00e9rieur, vous pouvez tout faire avec un Bachelor of Science in Computer Science de UoPeople.   <\/p>\n\t\t\t<a href=\"https:\/\/apply.uopeople.edu\/\" target=\"_blank\" rel=\"noopener\">\n\t\t\t\t\t\t\tPostulez maintenant\n\t\t\t\t\t<\/a>\n\t\t\t Pas de conf\u00e9rences en direct  \t\t\n\t\t\t 40 cours\t\t\n\t\t\t Moins de deux ans et demi\t\t\n\t\t\t Payez au fur et \u00e0 mesure (160 $ par \u00e9valuation de cours)  \t\t\n\t<h2><span class=\"ez-toc-section\" id=\"Vue_densemble\"><\/span>\n\t\t\tVue d&rsquo;ensemble\t<span class=\"ez-toc-section-end\"><\/span><\/h2>\n\t<p>\u00c9largissez vos connaissances en vous familiarisant avec des logiciels, des programmes informatiques et des technologies innovants qui vous donneront un avantage d\u00e9cisif dans un secteur en vogue. Ma\u00eetrisez les langages de programmation actuels tels que Java et Python, explorez la gestion des bases de donn\u00e9es et plongez dans les derniers concepts de l&rsquo;IA et de l&rsquo;apprentissage automatique. Ce dipl\u00f4me est parfait pour les professionnels en activit\u00e9 qui veulent une base solide en informatique ou qui esp\u00e8rent obtenir un dipl\u00f4me sup\u00e9rieur \u00e0 l&rsquo;avenir.   <\/p>\n<h2><span class=\"ez-toc-section\" id=\"Ce_que_vous_apprendrez_dans_le_programme_BCS_en_ligne\"><\/span>\n\t\t\tCe que vous apprendrez dans le programme BCS en ligne\t<span class=\"ez-toc-section-end\"><\/span><\/h2>\n\t<p>Faites passer votre carri\u00e8re au niveau sup\u00e9rieur en acqu\u00e9rant des comp\u00e9tences pr\u00e9cieuses :  <\/p>\n\t\t\t Appliquer les comp\u00e9tences pour d\u00e9boguer, coder et tester de nouvelles solutions de programmation.  \t\t\n\t\t\t G\u00e9rer des projets de design de la conception \u00e0 la mise en \u0153uvre  \t\t\n\t\t\t Trouver des solutions \u00e0 des probl\u00e8mes en utilisant les math\u00e9matiques  \t\t\n\t\t\t D\u00e9velopper la pens\u00e9e critique au-del\u00e0 de la salle de classe  \t\t\n\t<h2><span class=\"ez-toc-section\" id=\"Conditions_dadmission\"><\/span>\n\t\t\tConditions d&rsquo;admission\t<span class=\"ez-toc-section-end\"><\/span><\/h2>\n\t<p>Toute personne ayant suivi un enseignement secondaire et \u00e2g\u00e9e de 16 ans ou plus peut \u00e9tudier en ligne sur UoPeople.  <\/p>\n        <form data-css-form=\"filter\" data-js-form=\"filter1\">\n                <input type=\"hidden\" name=\"perpage\" id=\"perpage\" value=\"6\"\/>\n                <input type=\"hidden\" name=\"no_results_text\" id=\"no_results_text\" value=\"Sorry, no posts match the search criteria.\"\/>\n                <input type=\"hidden\" name=\"post_type_input\" id=\"post_type_input\" value=\"course\"\/>\n                <input type=\"hidden\" name=\"taxonomy\" id=\"taxonomy\" value=\"course_type\"\/>\n                <input type=\"hidden\" name=\"orderby\" id=\"orderby\" value=\"post__in\"\/>\n                <input type=\"hidden\" name=\"order\" id=\"order\" value=\"ASC\"\/>\n                <input type=\"hidden\" name=\"postin\" id=\"postin\" value=\"12607,10182,10190,10183,25875,12637,12638,12639,36710,12641,12642,12643,12644,12645,12646,12647,12648,12649,12650,12651,12652,12653,12592,12593,12595,12597,12600,12601,12603\"\/>\n                    <select id=\"ResourcesGridFeed-menu\" name=\"id\" aria-labelledby=\"drop4\"> \n                                                    <option name_to_show=\"Cours majeurs requis\" id=\"cours-majeurs-requis\"  value=\"556\">Cours majeurs requis<\/option>\n                                                    <option name_to_show=\"Exigences en mati\u00e8re d'\u00e9ducation g\u00e9n\u00e9rale\" id=\"exigences-en-matiere-deducation-generale\"  value=\"574\">Exigences en mati\u00e8re d&rsquo;\u00e9ducation g\u00e9n\u00e9rale<\/option>\n                                            <\/select>\n                <fieldset data-css-form=\"group right\">\n                        <button data-css-button=\"button red\">Filter<\/button>\n                        <input type=\"hidden\" name=\"action\" value=\"filter_courses_feed\"\/>\n                <\/fieldset>\n        <\/form>  \n                <h4> Programme \/ Cours<\/h4>\n                        <p>Le programme du Bachelor en informatique a \u00e9t\u00e9 con\u00e7u pour fournir aux \u00e9tudiants des connaissances approfondies en informatique ainsi que des comp\u00e9tences techniques solides. Les \u00e9tudiants exploreront en profondeur la gestion de bases de donn\u00e9es, la conception informatique et les langages de programmation.<\/p><ul><li>19 cours de formation g\u00e9n\u00e9rale<\/li><li>21 cours principaux<\/li><\/ul>\n            <a href=\"https:\/\/catalog.uopeople.edu\/ug_term1_item\/computer-science\/bachelor-of-science-in-computer-science-bs-cs%20\" target=\"_blank\" rel=\"noopener\"> Voir tous les cours<\/a>\n            <a href=\"https:\/\/apply.uopeople.edu\/\" target=\"_blank\" rel=\"noopener\">Postuler<\/a>\n<h2><span class=\"ez-toc-section\" id=\"Carrieres_dans_le_domaine_de_linformatique\"><\/span>\n\t\t\tCarri\u00e8res dans le domaine de l&rsquo;informatique\t<span class=\"ez-toc-section-end\"><\/span><\/h2>\n\t<p>O\u00f9 vous m\u00e8nera la licence en informatique ? Votre dipl\u00f4me vous aidera \u00e0 vous pr\u00e9parer \u00e0 un emploi en tant que :  <\/p>\n\t\t\t Administrateur de base de donn\u00e9es  \t\t\n\t\t\t D\u00e9veloppeur de logiciels  \t\t\n\t\t\t Ing\u00e9nieur en syst\u00e8mes informatiques\t\t\n\t\t\t Concepteur de sites web\t\t\n\t<p>En tant qu&rsquo;\u00e9tudiant de UoPeople, vous n&rsquo;\u00eates jamais seul. Career Service Center vous propose des commentaires sur votre CV, des conseils sur le r\u00e9seautage, des techniques d&rsquo;entretien et bien plus encore. <\/p>\n<h2><span class=\"ez-toc-section\" id=\"Couts_de_la_licence_en_informatique\"><\/span>\n\t\t\tCo\u00fbts de la licence en informatique\t<span class=\"ez-toc-section-end\"><\/span><\/h2>\n\tUoPeople ne facture ni frais de scolarit\u00e9, ni frais de livres, ni frais li\u00e9s au campus. Nous facturons uniquement des frais d&rsquo;inscription de 60 $ et des frais d&rsquo;\u00e9valuation de 160 $ par cours. Cela repr\u00e9sente une \u00e9conomie consid\u00e9rable par rapport aux universit\u00e9s publiques am\u00e9ricaines, qui facturent en moyenne 22 389 $ pour une licence. Le co\u00fbt total de vos \u00e9tudes \u00e0 UoPeople s&rsquo;\u00e9l\u00e8vera \u00e0 6 460 $, voire moins si vous disposez de cr\u00e9dits \u00e0 transf\u00e9rer ! Notre mission est de permettre \u00e0 chacun d&rsquo;acc\u00e9der \u00e0 un dipl\u00f4me. Si vos moyens ne vous permettent pas de payer ces frais, des bourses et des subventions peuvent \u00eatre accord\u00e9es.<br \/>\n\n    <h2><span class=\"ez-toc-section\" id=\"Flexibilite\"><\/span>Flexibilit\u00e9<span class=\"ez-toc-section-end\"><\/span><\/h2>\n     Plus de la moiti\u00e9 de nos \u00e9tudiants poursuivent leurs \u00e9tudes avec succ\u00e8s tout en travaillant, en \u00e9levant une famille, ou les deux. UoPeople est fi\u00e8re d&rsquo;\u00eatre l&rsquo;option la plus flexible au monde pour obtenir un dipl\u00f4me de qualit\u00e9, accr\u00e9dit\u00e9, et 100 % en ligne. D\u00e9couvrez comment nos programmes sont sp\u00e9cialement con\u00e7us pour s&rsquo;adapter \u00e0 votre mode de vie :\n                                                                          <img decoding=\"async\" width=\"80\" height=\"60\" src=\"https:\/\/www.uopeople.edu\/wp-content\/uploads\/2022\/06\/noun-schedule-1464727.svg\"\/>\n                                             Apprentissage asynchrone\n                       \u00c0 UoPeople, il n&rsquo;y a pas de cours en direct ni d&rsquo;horaires fixes. \u00c0 la place, vous profitez de la flexibilit\u00e9 de l&rsquo;apprentissage en ligne et \u00e9tudiez selon votre propre emploi du temps. Terminez vos devoirs pendant vos trajets, votre pause d\u00e9jeuner ou apr\u00e8s avoir couch\u00e9 les enfants. Tant que votre travail est termin\u00e9 \u00e0 la fin de chaque semaine, vous restez sur la bonne voie pour obtenir votre dipl\u00f4me.\n                                                                          <img decoding=\"async\" width=\"80\" height=\"60\" src=\"https:\/\/www.uopeople.edu\/wp-content\/uploads\/2022\/06\/noun-wifi-1510573.svg\"\/>\n                                             Technologie accessible\n                       Tout ce dont vous avez besoin pour \u00e9tudier \u00e0 UoPeople, c&rsquo;est d&rsquo;une connexion Internet stable &#8211; que ce soit sur un ordinateur de bureau, un ordinateur portable ou m\u00eame votre t\u00e9l\u00e9phone portable. Les cours ne n\u00e9cessitent jamais de fichiers vid\u00e9o volumineux, et le campus en ligne de UoPeople est compatible avec la plupart des navigateurs. Les \u00e9tudiants re\u00e7oivent m\u00eame un abonnement \u00e0 Office 365, incluant Microsoft Office, sans frais suppl\u00e9mentaires.\n                                                                          <img decoding=\"async\" width=\"80\" height=\"60\" src=\"https:\/\/www.uopeople.edu\/wp-content\/uploads\/2022\/06\/noun-transfer-4652684.svg\"\/>\n                                             Transfert de cr\u00e9dits\n                      Vous avez des cr\u00e9dits provenant d&#039;une autre universit\u00e9 accr\u00e9dit\u00e9e ? Super ! Les \u00e9tudiants en master peuvent transf\u00e9rer jusqu&rsquo;\u00e0 50 % du total de leurs cr\u00e9dits \u00e0 UoPeople. L&rsquo;\u00e9valuation des cr\u00e9dits \u00e0 transf\u00e9rer est gratuite, et en cas d&rsquo;acceptation, seuls 17 $ sont factur\u00e9s par cours transf\u00e9r\u00e9.\n            <!-- row -->\n    <!-- CardsModule-rowParentOverflow -->\n                    <h3>Questions fr\u00e9quentes que les \u00e9tudiants nous posent<\/h3>\n                    Questions concernant nos programmes acad\u00e9miques propos\u00e9s par UoPeople\n                    <a href=\"https:\/\/www.uopeople.edu\/faq\/\" target=\"_self\">Voir toutes les FAQ<\/a>\n                <!--accordion start -->\n                            <a data-toggle=\"collapse\" data-parent=\"#FaqsWithoutFilters-accordionID\" href=\"#xcollapse0\" aria-expanded=\"false\" aria-controls=\"xcollapse0\">\n                                            <h4>Qu&#039;est-ce qu&#039;un dipl\u00f4me de licence en sciences informatiques ?<\/h4>\n                            <\/a>\n                                \n<p>Une licence en sciences informatiques de UoPeople vous pr\u00e9pare \u00e0 l&rsquo;industrie technologique en vous enseignant les derni\u00e8res avanc\u00e9es en programmation, logiciels et technologies informatiques. Ce programme est con\u00e7u pour fournir une base solide en sciences informatiques, ouvrant ainsi les portes aux postes les plus \u00e9lev\u00e9s dans le domaine technologique.  <\/p>\n\n                            <a data-toggle=\"collapse\" data-parent=\"#FaqsWithoutFilters-accordionID\" href=\"#xcollapse1\" aria-expanded=\"false\" aria-controls=\"xcollapse1\">\n                                            <h4>Quelle est la dur\u00e9e d&#039;un baccalaur\u00e9at \u00e8s sciences en informatique ?<\/h4>\n                            <\/a>\n                                \n<p>Le programme se compose de 40 cours et peut \u00eatre achev\u00e9 en moins de deux ans et demi, soit environ 30 mois. <\/p>\n\n                            <a data-toggle=\"collapse\" data-parent=\"#FaqsWithoutFilters-accordionID\" href=\"#xcollapse2\" aria-expanded=\"false\" aria-controls=\"xcollapse2\">\n                                            <h4>Quelles sont les conditions d&#039;admission pour le programme de baccalaur\u00e9at \u00e8s sciences en informatique ?<\/h4>\n                            <\/a>\n                                \n<p>Vous devez \u00eatre \u00e2g\u00e9 d&rsquo;au moins 16 ans, ma\u00eetriser la langue anglaise, \u00eatre titulaire d&rsquo;un dipl\u00f4me d&rsquo;\u00e9tudes secondaires ou \u00e9quivalent, et avoir achev\u00e9 les cours <a href=\"https:\/\/www.uopeople.edu\/become-student\/prepare-for-uopeople\/foundation-courses\/\" target=\"_blank\" rel=\"noreferrer noopener\">UoPeople Foundations<\/a>.<\/p>\n\n                            <a data-toggle=\"collapse\" data-parent=\"#FaqsWithoutFilters-accordionID\" href=\"#xcollapse3\" aria-expanded=\"false\" aria-controls=\"xcollapse3\">\n                                            <h4>Quels emplois peut-on obtenir avec un baccalaur\u00e9at \u00e8s sciences en informatique ?<\/h4>\n                            <\/a>\n                                \n<p>Les dipl\u00f4m\u00e9s du baccalaur\u00e9at \u00e8s sciences en informatique peuvent occuper des <a href=\"https:\/\/www.uopeople.edu\/blog\/what-are-computer-science-jobs-what-can-i-do-with-a-cs-degree\/\" target=\"_blank\" rel=\"noreferrer noopener\">postes<\/a> tels qu&rsquo;administrateurs de bases de donn\u00e9es, d\u00e9veloppeurs de logiciels, ing\u00e9nieurs en syst\u00e8mes informatiques et concepteurs web, entre autres. Certains anciens \u00e9l\u00e8ves de UoPeople ont r\u00e9ussi \u00e0 obtenir des postes au sein d&rsquo;organisations mondiales de premier plan telles qu&rsquo;Amazon, IBM, Microsoft, Deloitte, AT&amp;T, Dell, etc.  <\/p>\n\n                            <a data-toggle=\"collapse\" data-parent=\"#FaqsWithoutFilters-accordionID\" href=\"#xcollapse4\" aria-expanded=\"false\" aria-controls=\"xcollapse4\">\n                                            <h4>Que fait-on dans un programme de baccalaur\u00e9at en informatique ?<\/h4>\n                            <\/a>\n                                \n<p>Vous vous plongerez dans la gestion et la conception de bases de donn\u00e9es, ainsi que dans divers langages de programmation informatique. Vous \u00e9tudierez \u00e9galement Java, Python, l&rsquo;intelligence artificielle et l&rsquo;apprentissage automatique, vous pr\u00e9parant ainsi \u00e0 appliquer des comp\u00e9tences en codage, d\u00e9bogage et gestion de projet.  <\/p>\n\n                            <a data-toggle=\"collapse\" data-parent=\"#FaqsWithoutFilters-accordionID\" href=\"#xcollapse5\" aria-expanded=\"false\" aria-controls=\"xcollapse5\">\n                                            <h4>Quel est le co\u00fbt pour obtenir une licence \u00e8s sciences en informatique \u00e0 l&#039;UoPeople ?<\/h4>\n                            <\/a>\n                                \n<p>Le mod\u00e8le unique sans frais de scolarit\u00e9 de l&rsquo;UoPeople permet de commencer \u00e0 obtenir un dipl\u00f4me am\u00e9ricain de haute qualit\u00e9 pour seulement 60 $, en payant au fur et \u00e0 mesure sans engagements financiers. Le co\u00fbt total d&rsquo;une licence est d&rsquo;environ 5 660 $ pour le programme de 120 cr\u00e9dits, ce qui \u00e9quivaut \u00e0 environ 47 $ par cr\u00e9dit. <\/p>\n\n                            <a data-toggle=\"collapse\" data-parent=\"#FaqsWithoutFilters-accordionID\" href=\"#xcollapse6\" aria-expanded=\"false\" aria-controls=\"xcollapse6\">\n                                            <h4>Puis-je transf\u00e9rer des cr\u00e9dits vers le dipl\u00f4me de licence en sciences informatiques \u00e0 l&#039;UoPeople ?<\/h4>\n                            <\/a>\n                                \n<p>Oui. Les \u00e9tudiants poursuivant une licence peuvent <a href=\"https:\/\/www.uopeople.edu\/become-student\/admissions\/transferring-credits\/\" target=\"_blank\" rel=\"noreferrer noopener\">transf\u00e9rer<\/a> jusqu&rsquo;\u00e0 50 % des cr\u00e9dits du programme provenant d&rsquo;une autre institution accr\u00e9dit\u00e9e vers leur dipl\u00f4me de l&rsquo;UoPeople.  <\/p>\n\n                <!--accordion end -->\n<h2><span class=\"ez-toc-section\" id=\"Construisez_un_avenir_meilleur_pour_vous_et_votre_famille\"><\/span>\n\t\t\tConstruisez un avenir meilleur pour vous et votre famille.\t<span class=\"ez-toc-section-end\"><\/span><\/h2>\n\t\t\t<a href=\"https:\/\/apply.uopeople.edu\/\" target=\"_blank\" rel=\"noopener\">\n\t\t\t\t\t\t\tPostulez maintenant\n\t\t\t\t\t<\/a>\n\n","protected":false},"excerpt":{"rendered":"<p>Licence en informatique (BCS) en ligne Acqu\u00e9rir des comp\u00e9tences tr\u00e8s demand\u00e9es pour rejoindre l&rsquo;un des domaines \u00e0 la croissance la plus rapide au monde et apprendre les derni\u00e8res technologies en mati\u00e8re de programmation, de logiciels et d&rsquo;informatique. Que votre objectif soit de vous hisser au sommet de l&rsquo;industrie technologique ou de jeter les bases d&rsquo;un&hellip;<\/p>\n","protected":false},"author":15,"featured_media":0,"parent":38014,"menu_order":0,"comment_status":"closed","ping_status":"closed","template":"","meta":{"_acf_changed":false,"inline_featured_image":false,"footnotes":""},"class_list":["post-38021","page","type-page","status-publish","hentry"],"acf":[],"_links":{"self":[{"href":"https:\/\/www.uopeople.edu\/fr\/wp-json\/wp\/v2\/pages\/38021","targetHints":{"allow":["GET"]}}],"collection":[{"href":"https:\/\/www.uopeople.edu\/fr\/wp-json\/wp\/v2\/pages"}],"about":[{"href":"https:\/\/www.uopeople.edu\/fr\/wp-json\/wp\/v2\/types\/page"}],"author":[{"embeddable":true,"href":"https:\/\/www.uopeople.edu\/fr\/wp-json\/wp\/v2\/users\/15"}],"replies":[{"embeddable":true,"href":"https:\/\/www.uopeople.edu\/fr\/wp-json\/wp\/v2\/comments?post=38021"}],"version-history":[{"count":0,"href":"https:\/\/www.uopeople.edu\/fr\/wp-json\/wp\/v2\/pages\/38021\/revisions"}],"up":[{"embeddable":true,"href":"https:\/\/www.uopeople.edu\/fr\/wp-json\/wp\/v2\/pages\/38014"}],"wp:attachment":[{"href":"https:\/\/www.uopeople.edu\/fr\/wp-json\/wp\/v2\/media?parent=38021"}],"curies":[{"name":"wp","href":"https:\/\/api.w.org\/{rel}","templated":true}]}}