{"id":38014,"date":"2022-04-28T14:56:49","date_gmt":"2022-04-28T14:56:49","guid":{"rendered":"https:\/\/universitopstg.wpengine.com\/online-bachelors\/"},"modified":"2025-08-18T09:57:51","modified_gmt":"2025-08-18T09:57:51","slug":"online-bachelors","status":"publish","type":"page","link":"https:\/\/www.uopeople.edu\/fr\/programs\/online-bachelors\/","title":{"rendered":"Licence"},"content":{"rendered":"\n<h1><span class=\"ez-toc-section\" id=\"Diplome_de_licence\"><\/span>\n\t\t\tDipl\u00f4me de licence\t<span class=\"ez-toc-section-end\"><\/span><\/h1>\n\t<p>Apprenez \u00e0 partir d&rsquo;un programme d&rsquo;\u00e9tudes sp\u00e9cialement con\u00e7u par des leaders de l&rsquo;industrie de premier plan pour vous pr\u00e9parer \u00e0 la r\u00e9ussite dans le monde r\u00e9el.  <\/p>\n\t\t\t<a href=\"https:\/\/apply.uopeople.edu\/\" target=\"_blank\" rel=\"noopener\">\n\t\t\t\t\t\t\tPostuler maintenant\n\t\t\t\t\t<\/a>\n<h2><span class=\"ez-toc-section\" id=\"Administration_des_affaires\"><\/span>\n\t\t\tAdministration des affaires\t<span class=\"ez-toc-section-end\"><\/span><\/h2>\n\t<p>Notre licence en ligne permet d&rsquo;acqu\u00e9rir une connaissance approfondie des principaux outils et m\u00e9thodes de l&rsquo;industrie. Les \u00e9tudiants \u00e0 temps plein peuvent compl\u00e9ter ce dipl\u00f4me de 40 cours en quatre ans. <\/p>\n\t\t\t Comprendre les fonctions essentielles de l&rsquo;entreprise\t\t\n\t\t\t Reconna\u00eetre les principales opportunit\u00e9s commerciales et se pr\u00e9parer aux probl\u00e8mes potentiels\t\t\n\t\t\t Mettre en \u0153uvre des d\u00e9cisions commerciales et d\u00e9velopper des comp\u00e9tences en mati\u00e8re de leadership\t\t\n\t\t\t 120 Cr\u00e9dits\t\t\n\t\t\t Moins de deux ans et demi\t\t\n\t\t\t Programme de 40 cours au total\t\t\n\t\t\t<a href=\"https:\/\/www.uopeople.edu\/fr\/programs\/online-bachelors\/business-administration\/\" target=\"_self\">\n\t\t\t\t\t\t\tEn savoir plus\n\t\t\t\t\t<\/a>\n<h2><span class=\"ez-toc-section\" id=\"Informatique\"><\/span>\n\t\t\tInformatique\t<span class=\"ez-toc-section-end\"><\/span><\/h2>\n\t<p>Notre licence en informatique en ligne est un programme de 40 cours qui permet de comprendre les principes de l&rsquo;industrie et de les appliquer dans le domaine. Les \u00e9tudiants \u00e0 temps plein peuvent terminer le programme en quatre ans. <\/p>\n\t\t\t   G\u00e9rer des projets de design de la conception \u00e0 la mise en \u0153uvre\t\t\n\t\t\t Appliquer les comp\u00e9tences pour d\u00e9boguer, coder et tester de nouvelles solutions de programmation.\t\t\n\t\t\t D\u00e9veloppez votre esprit critique au-del\u00e0 de la salle de classe\t\t\n\t\t\t 120 Cr\u00e9dits\t\t\n\t\t\t Moins de deux ans et demi\t\t\n\t\t\t 40 cours au total dans ce programme\t\t\n\t\t\t<a href=\"https:\/\/www.uopeople.edu\/fr\/online-bachelors\/computer-science\/\" target=\"_self\">\n\t\t\t\t\t\t\tEn savoir plus\n\t\t\t\t\t<\/a>\n<h2><span class=\"ez-toc-section\" id=\"Sciences_de_la_sante\"><\/span>\n\t\t\tSciences de la sant\u00e9\t<span class=\"ez-toc-section-end\"><\/span><\/h2>\n\t<p>Notre licence en sciences de la sant\u00e9 est un programme en ligne de 39 cours qui permet d&rsquo;acqu\u00e9rir une connaissance approfondie des principes et des normes de l&rsquo;industrie de la sant\u00e9. Les \u00e9tudiants \u00e0 temps plein peuvent terminer le programme en quatre ans. <\/p>\n\t\t\t Comprendre les causes sociales et biologiques des maladies et des pathologies\t\t\n\t\t\t Analyser les probl\u00e8mes de sant\u00e9 mondiaux et proposer des solutions\t\t\n\t\t\t Explorer l&rsquo;\u00e9thique des lois et des politiques en mati\u00e8re de soins de sant\u00e9\t\t\n\t\t\t 122 Cr\u00e9dits\t\t\n\t\t\t Moins de deux ans et demi\t\t\n\t\t\t Programme de 39 cours au total\t\t\n\t\t\t<a href=\"https:\/\/www.uopeople.edu\/fr\/programs\/online-bachelors\/health-science\/\" target=\"_self\">\n\t\t\t\t\t\t\tEn savoir plus\n\t\t\t\t\t<\/a>\n                    <h3>Questions fr\u00e9quentes que les \u00e9tudiants nous posent<\/h3>\n                    Questions concernant nos programmes acad\u00e9miques propos\u00e9s par UoPeople\n                    <a href=\"https:\/\/www.uopeople.edu\/faq\/\" target=\"_self\">Voir toutes les FAQ<\/a>\n                <!--accordion start -->\n                            <a data-toggle=\"collapse\" data-parent=\"#FaqsWithoutFilters-accordionID\" href=\"#xcollapse0\" aria-expanded=\"false\" aria-controls=\"xcollapse0\">\n                                            <h4>L&#039;Universit\u00e9 du Peuple accepte-t-elle des \u00e9tudiants internationaux ?<\/h4>\n                            <\/a>\n                                \n<p>Assur\u00e9ment ! L&rsquo;Universit\u00e9 du Peuple accueille des \u00e9tudiants provenant de plus de 200 pays et territoires. <\/p>\n\n                            <a data-toggle=\"collapse\" data-parent=\"#FaqsWithoutFilters-accordionID\" href=\"#xcollapse1\" aria-expanded=\"false\" aria-controls=\"xcollapse1\">\n                                            <h4>L&#039;Universit\u00e9 du Peuple est-elle accr\u00e9dit\u00e9e ?<\/h4>\n                            <\/a>\n                                \n<p>L&rsquo;Universit\u00e9 du Peuple est accr\u00e9dit\u00e9e par la WASC Senior College and University Commission (WSCUC), ainsi que par la Distance Education Accrediting Commission (DEAC). <\/p>\n\n                            <a data-toggle=\"collapse\" data-parent=\"#FaqsWithoutFilters-accordionID\" href=\"#xcollapse2\" aria-expanded=\"false\" aria-controls=\"xcollapse2\">\n                                            <h4>Vais-je obtenir le soutien acad\u00e9mique dont j&#039;ai besoin ?<\/h4>\n                            <\/a>\n                                \n<p>Assur\u00e9ment ! Les classes \u00e0 UoPeople sont de taille r\u00e9duite et des instructeurs hautement qualifi\u00e9s sont disponibles pour r\u00e9pondre aux questions des \u00e9tudiants et leur offrir un soutien. De plus, chaque \u00e9tudiant est mis en relation avec un Conseiller de Programme personnel au d\u00e9but de ses \u00e9tudes, qui l&rsquo;accompagne jusqu&rsquo;\u00e0 l&rsquo;obtention de son dipl\u00f4me. Les Conseillers de Programme agissent en tant que syst\u00e8me de soutien personnel pour les \u00e9tudiants tout au long de leur cursus. Le Conseiller de Programme r\u00e9pondra \u00e0 toutes les questions que l&rsquo;\u00e9tudiant pourrait avoir, offrira des conseils acad\u00e9miques, discutera du choix des cours et prodiguera des encouragements tout au long des \u00e9tudes de l&rsquo;\u00e9tudiant.    <\/p>\n\n                            <a data-toggle=\"collapse\" data-parent=\"#FaqsWithoutFilters-accordionID\" href=\"#xcollapse3\" aria-expanded=\"false\" aria-controls=\"xcollapse3\">\n                                            <h4>Qu&#039;est-ce que l&#039;apprentissage asynchrone ?<\/h4>\n                            <\/a>\n                                \n<p>L&rsquo;apprentissage asynchrone vous permet d&rsquo;\u00e9tudier selon votre propre emploi du temps. Vous aurez acc\u00e8s, via le Campus en ligne de UoPeople, aux devoirs, aux cours magistraux et \u00e0 d&rsquo;autres supports p\u00e9dagogiques. Il n&rsquo;y a pas de cours en direct ni d&rsquo;horaires de classe fixes \u00e0 UoPeople.   <\/p>\n\n                <!--accordion end -->\n<h2><span class=\"ez-toc-section\" id=\"Vous_revez_dun_avenir_prometteur_Tout_commence_ici\"><\/span>\n\t\t\tVous r\u00eavez d&rsquo;un avenir prometteur ? <br \/>Tout commence ici.\t<span class=\"ez-toc-section-end\"><\/span><\/h2>\n\t\t\t<a href=\"https:\/\/apply.uopeople.edu\/\" target=\"_blank\" rel=\"noopener\">\n\t\t\t\t\t\t\tPostulez maintenant\n\t\t\t\t\t<\/a>\n\n","protected":false},"excerpt":{"rendered":"<p>Dipl\u00f4me de licence Apprenez \u00e0 partir d&rsquo;un programme d&rsquo;\u00e9tudes sp\u00e9cialement con\u00e7u par des leaders de l&rsquo;industrie de premier plan pour vous pr\u00e9parer \u00e0 la r\u00e9ussite dans le monde r\u00e9el. Postuler maintenant Administration des affaires Notre licence en ligne permet d&rsquo;acqu\u00e9rir une connaissance approfondie des principaux outils et m\u00e9thodes de l&rsquo;industrie. Les \u00e9tudiants \u00e0 temps plein&hellip;<\/p>\n","protected":false},"author":15,"featured_media":0,"parent":38498,"menu_order":0,"comment_status":"closed","ping_status":"closed","template":"","meta":{"_acf_changed":false,"inline_featured_image":false,"footnotes":""},"class_list":["post-38014","page","type-page","status-publish","hentry"],"acf":[],"_links":{"self":[{"href":"https:\/\/www.uopeople.edu\/fr\/wp-json\/wp\/v2\/pages\/38014","targetHints":{"allow":["GET"]}}],"collection":[{"href":"https:\/\/www.uopeople.edu\/fr\/wp-json\/wp\/v2\/pages"}],"about":[{"href":"https:\/\/www.uopeople.edu\/fr\/wp-json\/wp\/v2\/types\/page"}],"author":[{"embeddable":true,"href":"https:\/\/www.uopeople.edu\/fr\/wp-json\/wp\/v2\/users\/15"}],"replies":[{"embeddable":true,"href":"https:\/\/www.uopeople.edu\/fr\/wp-json\/wp\/v2\/comments?post=38014"}],"version-history":[{"count":0,"href":"https:\/\/www.uopeople.edu\/fr\/wp-json\/wp\/v2\/pages\/38014\/revisions"}],"up":[{"embeddable":true,"href":"https:\/\/www.uopeople.edu\/fr\/wp-json\/wp\/v2\/pages\/38498"}],"wp:attachment":[{"href":"https:\/\/www.uopeople.edu\/fr\/wp-json\/wp\/v2\/media?parent=38014"}],"curies":[{"name":"wp","href":"https:\/\/api.w.org\/{rel}","templated":true}]}}