{"id":37992,"date":"2022-04-28T15:33:30","date_gmt":"2022-04-28T15:33:30","guid":{"rendered":"https:\/\/universitopstg.wpengine.com\/online-masters\/education\/"},"modified":"2025-08-18T09:41:06","modified_gmt":"2025-08-18T09:41:06","slug":"education","status":"publish","type":"page","link":"https:\/\/www.uopeople.edu\/fr\/programs\/online-masters\/education\/","title":{"rendered":"\u00c9ducation (Master)"},"content":{"rendered":"\n<h1><span class=\"ez-toc-section\" id=\"Master_of_Education_in_Advanced_Teaching_MEd_Diplome_en_ligne\"><\/span>\n\t\t\tMaster of Education in Advanced Teaching (M.Ed.) Dipl\u00f4me en ligne\t<span class=\"ez-toc-section-end\"><\/span><\/h1>\n\t<p>Influencez la vie de la prochaine g\u00e9n\u00e9ration gr\u00e2ce \u00e0 une carri\u00e8re enrichissante dans l&rsquo;enseignement. Le Master of Education in Advanced Teaching de UoPeople offre un parcours orient\u00e9 vers l&rsquo;avenir pour   vous permettre d&rsquo;am\u00e9liorer vos comp\u00e9tences p\u00e9dagogiques et de mettre en \u0153uvre votre expertise professionnelle dans la salle de classe.<\/p>\n\t\t\t<a href=\"https:\/\/apply.uopeople.edu\/\" target=\"_blank\" rel=\"noopener\">\n\t\t\t\t\t\t\tPostulez maintenant\n\t\t\t\t\t<\/a>\n\t\t\t Pas de conf\u00e9rences en direct\t\t\n\t\t\t 13 cours\t\t\n\t\t\t Moins d&rsquo;un an\t\t\n\t\t\t Payez au fur et \u00e0 mesure (400 $ par \u00e9valuation de cours) \t\t\n\t<h2><span class=\"ez-toc-section\" id=\"Vue_densemble\"><\/span>\n\t\t\tVue d&rsquo;ensemble\t<span class=\"ez-toc-section-end\"><\/span><\/h2>\n\t<p>D\u00e9couvrez comment pr\u00e9parer la prochaine g\u00e9n\u00e9ration \u00e0 r\u00e9ussir dans le monde r\u00e9el. Acqu\u00e9rez des comp\u00e9tences tr\u00e8s demand\u00e9es pour voir vos \u00e9l\u00e8ves s&rsquo;\u00e9panouir. Ce programme est sp\u00e9cialement con\u00e7u par des \u00e9ducateurs de premier plan pour vous fournir une connaissance approfondie des programmes, de la pens\u00e9e critique, de la comp\u00e9tence culturelle et des \u00e9valuations destin\u00e9es \u00e0 soutenir les \u00e9tudiants.    <\/p>\n<h2><span class=\"ez-toc-section\" id=\"Ce_que_vous_apprendrez_dans_le_cadre_du_programme_du_master_en_education_en_ligne\"><\/span>\n\t\t\tCe que vous apprendrez dans le cadre du programme du master en \u00e9ducation en ligne \t<span class=\"ez-toc-section-end\"><\/span><\/h2>\n\t<p>Acqu\u00e9rir des comp\u00e9tences pr\u00e9cieuses pour faire \u00e9voluer votre carri\u00e8re :  <\/p>\n\t\t\t \u00c9valuer les besoins des \u00e9l\u00e8ves et planifier le soutien  \t\t\n\t\t\t Utiliser des m\u00e9thodes d&rsquo;apprentissage efficaces  \t\t\n\t\t\t Cr\u00e9er un environnement de classe accueillant et diversifi\u00e9\t\t\n\t\t\t \u00c9laborer des strat\u00e9gies pour la croissance et le d\u00e9veloppement des apprenants  \t\t\n\t<h2><span class=\"ez-toc-section\" id=\"Conditions_dadmission\"><\/span>\n\t\t\tConditions d&rsquo;admission\t<span class=\"ez-toc-section-end\"><\/span><\/h2>\n\t<p>Les candidats au programme M.Ed. doivent \u00eatre \u00e2g\u00e9s de 18 ans ou plus. En outre, les candidats doivent \u00eatre titulaires d&rsquo;une licence d\u00e9livr\u00e9e par un \u00e9tablissement accr\u00e9dit\u00e9 aux \u00c9tats-Unis ou d&rsquo;un dipl\u00f4me \u00e9quivalent d\u00e9livr\u00e9 par un \u00e9tablissement international accr\u00e9dit\u00e9, et ma\u00eetriser la langue anglaise.    <\/p>\n        <form data-css-form=\"filter\" data-js-form=\"filter1\">\n                <input type=\"hidden\" name=\"perpage\" id=\"perpage\" value=\"6\"\/>\n                <input type=\"hidden\" name=\"no_results_text\" id=\"no_results_text\" value=\"Sorry, no posts match the search criteria.\"\/>\n                <input type=\"hidden\" name=\"post_type_input\" id=\"post_type_input\" value=\"course\"\/>\n                <input type=\"hidden\" name=\"taxonomy\" id=\"taxonomy\" value=\"course_type\"\/>\n                <input type=\"hidden\" name=\"orderby\" id=\"orderby\" value=\"post__in\"\/>\n                <input type=\"hidden\" name=\"order\" id=\"order\" value=\"ASC\"\/>\n                <input type=\"hidden\" name=\"postin\" id=\"postin\" value=\"12882,12887,12892,12897,12901,12905,12910,12914,12929,12920,12926,12935,12932,12947,12944,12938,12941,12950,12953\"\/>\n                    <select id=\"ResourcesGridFeed-menu\" name=\"id\" aria-labelledby=\"drop4\"> \n                                                    <option name_to_show=\"Cours majeurs requis\" id=\"cours-majeurs-requis\"  value=\"556\">Cours majeurs requis<\/option>\n                                                    <option name_to_show=\"Cours optionnels\" id=\"cours-optionnels\"  value=\"559\">Cours optionnels<\/option>\n                                                    <option name_to_show=\"Projet de fin d'\u00e9tudes (Tous les \u00e9tudiants en M.Ed.)\" id=\"projet-de-fin-detudes-tous-les-etudiants-en-m-ed\"  value=\"569\">Projet de fin d&rsquo;\u00e9tudes (Tous les \u00e9tudiants en M.Ed.)<\/option>\n                                                    <option name_to_show=\"Cours fondamentaux de sp\u00e9cialisation\" id=\"cours-fondamentaux-de-specialisation\"  value=\"566\">Cours fondamentaux de sp\u00e9cialisation<\/option>\n                                                    <option name_to_show=\"Cours optionnels de sp\u00e9cialisation\" id=\"cours-optionnels-de-specialisation\"  value=\"565\">Cours optionnels de sp\u00e9cialisation<\/option>\n                                            <\/select>\n                <fieldset data-css-form=\"group right\">\n                        <button data-css-button=\"button red\">Filter<\/button>\n                        <input type=\"hidden\" name=\"action\" value=\"filter_courses_feed\"\/>\n                <\/fieldset>\n        <\/form>  \n                <h4> Programme \/ Cours<\/h4>\n                        <p>Le programme du Master en \u00e9ducation avec sp\u00e9cialisation en enseignement avanc\u00e9 a \u00e9t\u00e9 sp\u00e9cialement con\u00e7u pour aider les \u00e9tudiants \u00e0 devenir des enseignants efficaces et accomplis. Les \u00e9tudiants apprendront \u00e0 cr\u00e9er un environnement d&rsquo;apprentissage optimal, \u00e0 \u00e9valuer les comp\u00e9tences des apprenants et \u00e0 r\u00e9pondre aux besoins individuels de chaque \u00e9l\u00e8ve.<br \/>Notre programme repose sur une base solide du secteur de l&rsquo;\u00e9ducation et a \u00e9t\u00e9 \u00e9labor\u00e9 par des experts acad\u00e9miques de haut niveau pour favoriser la r\u00e9ussite des \u00e9tudiants.<\/p><ul><li>30 cr\u00e9dits de cours principaux<\/li><li>6 cr\u00e9dits de sp\u00e9cialisation<\/li><li>3 cr\u00e9dits optionnels<\/li><\/ul>\n            <a href=\"https:\/\/catalog.uopeople.edu\/graduate-catalog-t1\/graduate-program-of-study\/the-curriculum-2\/%20\" target=\"_blank\" rel=\"noopener\">Voir tous les cours<\/a>\n            <a href=\"https:\/\/apply.uopeople.edu\/\" target=\"_blank\" rel=\"noopener\">Postuler<\/a>\n<h2><span class=\"ez-toc-section\" id=\"Carrieres_dans_le_domaine_des_masters_en_education\"><\/span>\n\t\t\tCarri\u00e8res dans le domaine des masters en \u00e9ducation\t<span class=\"ez-toc-section-end\"><\/span><\/h2>\n\t<p>O\u00f9 vous m\u00e8nera le Master of Education in Advanced Teaching ? Votre dipl\u00f4me vous aidera \u00e0 faire progresser votre carri\u00e8re en tant que :  <\/p>\n\t\t\t Enseignant de la maternelle \u00e0 la 12e ann\u00e9e\t\t\n\t\t\t D\u00e9veloppeur de programmes d&rsquo;\u00e9tudes\t\t\n\t\t\t Sp\u00e9cialiste de l&rsquo;enseignement  \t\t\n\t\t\t Directeur d&rsquo;une \u00e9cole secondaire\t\t\n\t<p>En tant qu&rsquo;\u00e9tudiant de UoPeople, vous n&rsquo;\u00eates jamais seul. Career Service Center vous propose des commentaires sur votre CV, des conseils sur le r\u00e9seautage, des techniques d&rsquo;entretien et bien plus encore. <\/p>\n<h2><span class=\"ez-toc-section\" id=\"Couts_du_master_en_education\"><\/span>\n\t\t\tCo\u00fbts du master en \u00e9ducation\t<span class=\"ez-toc-section-end\"><\/span><\/h2>\n\t<p>UoPeople ne facture pas les frais de scolarit\u00e9, les livres ou les d\u00e9penses du campus. Nous ne demandons que 60 dollars de frais de dossier et 350 dollars de frais d&rsquo;\u00e9valuation par cours. Il s&rsquo;agit d&rsquo;une \u00e9conomie consid\u00e9rable par rapport aux universit\u00e9s publiques am\u00e9ricaines qui facturent en moyenne 66 340 dollars pour un master. Au cours de vos \u00e9tudes \u00e0 UoPeople, vous pourrez vous attendre \u00e0 payer un total de 5 260 $ en fonction du nombre de sp\u00e9cialisations que vous choisissez. Notre mission est de permettre \u00e0 tout le monde de s&rsquo;offrir un dipl\u00f4me. Si vous n&rsquo;avez pas les moyens de vous acquitter de ces frais, des bourses et des subventions peuvent \u00eatre disponibles.<\/p>\n    <h2><span class=\"ez-toc-section\" id=\"Flexibilite\"><\/span>Flexibilit\u00e9<span class=\"ez-toc-section-end\"><\/span><\/h2>\n     Plus de la moiti\u00e9 de nos \u00e9tudiants poursuivent leurs \u00e9tudes avec succ\u00e8s tout en travaillant, en \u00e9levant une famille, ou les deux. UoPeople est fi\u00e8re d&rsquo;\u00eatre l&rsquo;option la plus flexible au monde pour obtenir un dipl\u00f4me de qualit\u00e9, accr\u00e9dit\u00e9, et 100 % en ligne. D\u00e9couvrez comment nos programmes sont sp\u00e9cialement con\u00e7us pour s&rsquo;adapter \u00e0 votre mode de vie :\n                                                                          <img decoding=\"async\" width=\"80\" height=\"60\" src=\"https:\/\/www.uopeople.edu\/wp-content\/uploads\/2022\/06\/noun-schedule-1464727.svg\"\/>\n                                             Transfert de cr\u00e9dits\n                      Vous avez des cr\u00e9dits provenant d&#039;une autre universit\u00e9 accr\u00e9dit\u00e9e ? Super ! Les \u00e9tudiants en master peuvent transf\u00e9rer jusqu&rsquo;\u00e0 50 % du total de leurs cr\u00e9dits \u00e0 UoPeople. L&rsquo;\u00e9valuation des cr\u00e9dits \u00e0 transf\u00e9rer est gratuite, et en cas d&rsquo;acceptation, seuls 17 $ sont factur\u00e9s par cours transf\u00e9r\u00e9.\n                                                                          <img decoding=\"async\" width=\"80\" height=\"60\" src=\"https:\/\/www.uopeople.edu\/wp-content\/uploads\/2022\/06\/noun-wifi-1510573.svg\"\/>\n                                             Technologie accessible\n                       Tout ce dont vous avez besoin pour \u00e9tudier \u00e0 UoPeople, c&rsquo;est d&rsquo;une connexion Internet stable &#8211; que ce soit sur un ordinateur de bureau, un ordinateur portable ou m\u00eame votre t\u00e9l\u00e9phone portable. Les cours ne n\u00e9cessitent jamais de fichiers vid\u00e9o volumineux, et le campus en ligne de UoPeople est compatible avec la plupart des navigateurs. Les \u00e9tudiants re\u00e7oivent m\u00eame un abonnement \u00e0 Office 365, incluant Microsoft Office, sans frais suppl\u00e9mentaires.\n                                                                          <img decoding=\"async\" width=\"80\" height=\"60\" src=\"https:\/\/www.uopeople.edu\/wp-content\/uploads\/2022\/06\/noun-transfer-4652684.svg\"\/>\n                                            Transfer Credits \n                      Have credits from another accredited university? Great! Master&rsquo;s degree students can transfer up to 50% of their total credits to UoPeople. There is no charge for transfer credit evaluations, and if accepted there is a small fee of only $17 for each course transferred.  \n            <!-- row -->\n    <!-- CardsModule-rowParentOverflow -->\n                    <h3>Questions fr\u00e9quentes que les \u00e9tudiants nous posent<\/h3>\n                    Questions concernant nos programmes acad\u00e9miques propos\u00e9s par UoPeople\n                    <a href=\"https:\/\/www.uopeople.edu\/faq\/\" target=\"_self\">Voir toutes les FAQ<\/a>\n                <!--accordion start -->\n                            <a data-toggle=\"collapse\" data-parent=\"#FaqsWithoutFilters-accordionID\" href=\"#xcollapse0\" aria-expanded=\"false\" aria-controls=\"xcollapse0\">\n                                            <h4>Qu&#039;est-ce qu&#039;un dipl\u00f4me de Ma\u00eetrise en \u00e9ducation avanc\u00e9e en enseignement ?<\/h4>\n                            <\/a>\n                                \n<p>Un dipl\u00f4me de Ma\u00eetrise en \u00e9ducation avanc\u00e9e en enseignement de l&rsquo;University of the People vous pr\u00e9pare \u00e0 avoir un impact significatif sur les g\u00e9n\u00e9rations futures en am\u00e9liorant vos comp\u00e9tences p\u00e9dagogiques pour la salle de classe. Il se concentre sur le d\u00e9veloppement de comp\u00e9tences recherch\u00e9es en mati\u00e8re de pens\u00e9e critique et sur la cr\u00e9ation d&rsquo;environnements d&rsquo;apprentissage diversifi\u00e9s et efficaces.  <\/p>\n\n                            <a data-toggle=\"collapse\" data-parent=\"#FaqsWithoutFilters-accordionID\" href=\"#xcollapse1\" aria-expanded=\"false\" aria-controls=\"xcollapse1\">\n                                            <h4>Quelle est la dur\u00e9e d&#039;un Master en \u00e9ducation avec sp\u00e9cialisation en enseignement avanc\u00e9 ?<\/h4>\n                            <\/a>\n                                \n<p>Le programme de M.Ed. peut \u00eatre achev\u00e9 en moins d&rsquo;un an, soit environ 12 mois. <\/p>\n\n                            <a data-toggle=\"collapse\" data-parent=\"#FaqsWithoutFilters-accordionID\" href=\"#xcollapse2\" aria-expanded=\"false\" aria-controls=\"xcollapse2\">\n                                            <h4>Quelles sont les conditions d&#039;admission pour le programme de Ma\u00eetrise en \u00e9ducation en enseignement avanc\u00e9 ?<\/h4>\n                            <\/a>\n                                \n<p>Vous devez avoir au moins 18 ans, ma\u00eetriser l&rsquo;anglais, poss\u00e9der au minimum un dipl\u00f4me de baccalaur\u00e9at, et avoir achev\u00e9 les cours <a href=\"https:\/\/www.uopeople.edu\/become-student\/prepare-for-uopeople\/foundation-courses\/\" target=\"_blank\" rel=\"noreferrer noopener\">UoPeople Foundations<\/a>. <\/p>\n\n                            <a data-toggle=\"collapse\" data-parent=\"#FaqsWithoutFilters-accordionID\" href=\"#xcollapse3\" aria-expanded=\"false\" aria-controls=\"xcollapse3\">\n                                            <h4>Quel est le co\u00fbt pour obtenir un Master en \u00e9ducation avec sp\u00e9cialisation en enseignement avanc\u00e9 \u00e0 l&#039;UoPeople ?<\/h4>\n                            <\/a>\n                                \n<p>Le mod\u00e8le unique et sans frais de scolarit\u00e9 de l&rsquo;UoPeople permet de commencer \u00e0 obtenir un dipl\u00f4me am\u00e9ricain de haute qualit\u00e9 pour seulement 60 $, et de payer au fur et \u00e0 mesure sans engagements financiers. Le co\u00fbt total d&rsquo;un M.Ed. est d&rsquo;environ 4610 $ pour le programme de 39 cr\u00e9dits, ce qui \u00e9quivaut \u00e0 environ 118 $ par cr\u00e9dit.   <\/p>\n\n                            <a data-toggle=\"collapse\" data-parent=\"#FaqsWithoutFilters-accordionID\" href=\"#xcollapse4\" aria-expanded=\"false\" aria-controls=\"xcollapse4\">\n                                            <h4>Quelles sont les opportunit\u00e9s de carri\u00e8re disponibles apr\u00e8s l&#039;obtention d&#039;un Master en enseignement avanc\u00e9 ?<\/h4>\n                            <\/a>\n                                \n<p>Les titulaires d&rsquo;un M.Ed. peuvent aspirer \u00e0 des <a href=\"https:\/\/www.uopeople.edu\/blog\/masters-degree-benefits\/\" target=\"_blank\" rel=\"noreferrer noopener\">fonctions<\/a> telles que sp\u00e9cialiste en \u00e9ducation, directeur d&rsquo;\u00e9tablissement, enseignant en FLE, administrateur et formateur en entreprise, entre autres. Certains anciens \u00e9l\u00e8ves de l&rsquo;UoPeople ont r\u00e9ussi \u00e0 obtenir des postes au sein d&rsquo;organisations mondiales de premier plan telles qu&rsquo;Amazon, IBM, Microsoft, Deloitte, AT&amp;T, Dell, etc.   <\/p>\n\n                            <a data-toggle=\"collapse\" data-parent=\"#FaqsWithoutFilters-accordionID\" href=\"#xcollapse5\" aria-expanded=\"false\" aria-controls=\"xcollapse5\">\n                                            <h4>Est-il possible de transf\u00e9rer des cr\u00e9dits au programme de Ma\u00eetrise en \u00e9ducation en enseignement avanc\u00e9 \u00e0 UoPeople ?<\/h4>\n                            <\/a>\n                                \n<p>Affirmatif. Les \u00e9tudiants poursuivant un dipl\u00f4me de Master peuvent <a href=\"https:\/\/www.uopeople.edu\/become-student\/admissions\/transferring-credits\/\" target=\"_blank\" rel=\"noreferrer noopener\">transf\u00e9rer<\/a> jusqu&rsquo;\u00e0 18 cr\u00e9dits (\u00e9quivalant \u00e0 50 % des exigences du programme) d&rsquo;une autre institution accr\u00e9dit\u00e9e vers leur dipl\u00f4me UoPeople.  <\/p>\n\n                <!--accordion end -->\n<h2><span class=\"ez-toc-section\" id=\"Construisez_un_avenir_meilleur_pour_vous_et_votre_famille\"><\/span>\n\t\t\tConstruisez un avenir meilleur pour vous et votre famille.\t<span class=\"ez-toc-section-end\"><\/span><\/h2>\n\t\t\t<a href=\"https:\/\/apply.uopeople.edu\/\" target=\"_blank\" rel=\"noopener\">\n\t\t\t\t\t\t\tPostulez maintenant\n\t\t\t\t\t<\/a>\n\n","protected":false},"excerpt":{"rendered":"<p>Master of Education in Advanced Teaching (M.Ed.) Dipl\u00f4me en ligne Influencez la vie de la prochaine g\u00e9n\u00e9ration gr\u00e2ce \u00e0 une carri\u00e8re enrichissante dans l&rsquo;enseignement. Le Master of Education in Advanced Teaching de UoPeople offre un parcours orient\u00e9 vers l&rsquo;avenir pour vous permettre d&rsquo;am\u00e9liorer vos comp\u00e9tences p\u00e9dagogiques et de mettre en \u0153uvre votre expertise professionnelle dans&hellip;<\/p>\n","protected":false},"author":15,"featured_media":0,"parent":37956,"menu_order":0,"comment_status":"closed","ping_status":"closed","template":"","meta":{"_acf_changed":false,"inline_featured_image":false,"footnotes":""},"class_list":["post-37992","page","type-page","status-publish","hentry"],"acf":[],"_links":{"self":[{"href":"https:\/\/www.uopeople.edu\/fr\/wp-json\/wp\/v2\/pages\/37992","targetHints":{"allow":["GET"]}}],"collection":[{"href":"https:\/\/www.uopeople.edu\/fr\/wp-json\/wp\/v2\/pages"}],"about":[{"href":"https:\/\/www.uopeople.edu\/fr\/wp-json\/wp\/v2\/types\/page"}],"author":[{"embeddable":true,"href":"https:\/\/www.uopeople.edu\/fr\/wp-json\/wp\/v2\/users\/15"}],"replies":[{"embeddable":true,"href":"https:\/\/www.uopeople.edu\/fr\/wp-json\/wp\/v2\/comments?post=37992"}],"version-history":[{"count":0,"href":"https:\/\/www.uopeople.edu\/fr\/wp-json\/wp\/v2\/pages\/37992\/revisions"}],"up":[{"embeddable":true,"href":"https:\/\/www.uopeople.edu\/fr\/wp-json\/wp\/v2\/pages\/37956"}],"wp:attachment":[{"href":"https:\/\/www.uopeople.edu\/fr\/wp-json\/wp\/v2\/media?parent=37992"}],"curies":[{"name":"wp","href":"https:\/\/api.w.org\/{rel}","templated":true}]}}