{"id":37273,"date":"2022-04-14T17:28:49","date_gmt":"2022-04-14T17:28:49","guid":{"rendered":"https:\/\/universitopstg.wpengine.com\/sitemap\/"},"modified":"2025-10-06T11:59:10","modified_gmt":"2025-10-06T11:59:10","slug":"sitemap","status":"publish","type":"page","link":"https:\/\/www.uopeople.edu\/es\/sitemap\/","title":{"rendered":"Mapa del sitio"},"content":{"rendered":"\n<h1>\n\t\t\tMapa del sitio\t<\/h1>\n<h4>\n\t\t<a href=\"https:\/\/www.uopeople.edu\/es\/programs\/\" title=\"Programas acad\u00e9micos\"  target=\"_self\">\n\t\t\tProgramas acad\u00e9micos\t\t<\/a>\n\t<\/h4>\n\t<p><a href=\"https:\/\/www.uopeople.edu\/es\/programs\/online-masters\/\"><strong>Maestr\u00eda<\/strong><\/a><\/p>\n<ul>\n<li><a href=\"https:\/\/www.uopeople.edu\/es\/programs\/online-masters\/business-administration\/\">Administraci\u00f3n de Empresas (MBA)<\/a><\/li>\n<li><a href=\"https:\/\/www.uopeople.edu\/es\/programs\/online-masters\/education\/\">Educaci\u00f3n (M.Ed.)<\/a><\/li>\n<li><a href=\"https:\/\/www.uopeople.edu\/es\/programs\/online-masters\/information-technology\/\">Maestr\u00eda en Tecnolog\u00edas de la Informaci\u00f3n (MSIT)<\/a><\/li>\n<\/ul>\n\t<p><a href=\"https:\/\/www.uopeople.edu\/es\/programs\/online-bachelors\/\"><strong>Licenciatura<\/strong><\/a><\/p>\n<ul>\n<li><a href=\"https:\/\/www.uopeople.edu\/es\/programs\/online-bachelors\/business-administration\/\">Administraci\u00f3n de Empresas<\/a><\/li>\n<li><a href=\"https:\/\/www.uopeople.edu\/es\/programs\/online-bachelors\/computer-science\/\">Ciencias De Informatica<\/a><\/li>\n<li><a href=\"https:\/\/www.uopeople.edu\/es\/programs\/online-bachelors\/health-science\/\">Ciencias De La Salud<\/a><\/li>\n<\/ul>\n\t<p><a href=\"https:\/\/www.uopeople.edu\/es\/programs\/online-associates\/\"><strong>Tecnicatura<\/strong><\/a><\/p>\n<ul>\n<li><a href=\"https:\/\/www.uopeople.edu\/es\/programs\/online-associates\/business-administration\/\">Administraci\u00f3n de Empresas<\/a><\/li>\n<li><a href=\"https:\/\/www.uopeople.edu\/es\/programs\/online-associates\/computer-science\/\">Ciencias de la Inform\u00e1tica<\/a><\/li>\n<li><a href=\"https:\/\/www.uopeople.edu\/es\/programs\/online-associates\/health-science\/\">Ciencias de la Salud<\/a><\/li>\n<\/ul>\n<h4>\n\t\t<a href=\"https:\/\/www.uopeople.edu\/es\/student-experience\/\" title=\"Experiencia Estudiantil\"  target=\"_self\">\n\t\t\tExperiencia Estudiantil\t\t<\/a>\n\t<\/h4>\n\t<p><a href=\"https:\/\/www.uopeople.edu\/es\/student-experience\/quality\/\"><strong>La calidad de UoPeople<\/strong><\/a><\/p>\n<ul>\n<li><a href=\"https:\/\/www.uopeople.edu\/es\/student-experience\/quality\/accreditation\/\">Acreditaci\u00f3n<\/a><\/li>\n<\/ul>\n\t<p><a href=\"https:\/\/www.uopeople.edu\/es\/student-experience\/uopeople-difference\/\"><strong>La diferencia UoPeople<\/strong><\/a><\/p>\n<ul>\n<li><a href=\"https:\/\/www.uopeople.edu\/es\/student-experience\/uopeople-difference\/online-learning-uopeople\/\">Aprendizaje en l\u00ednea en UoPeople<\/a><\/li>\n<li><a href=\"https:\/\/www.uopeople.edu\/es\/student-experience\/uopeople-difference\/global-network\/\">Red global<\/a><\/li>\n<\/ul>\n\t<p><a href=\"https:\/\/www.uopeople.edu\/es\/student-experience\/student-life\/\"><strong>Vida estudiantil<\/strong><\/a><\/p>\n<ul>\n<li><a href=\"https:\/\/www.uopeople.edu\/es\/student-experience\/student-life\/program-advising\/\">Asesor\u00eda de programas<\/a><\/li>\n<li><a href=\"\/student-experience\/student-life\/student-reviews\/\">Opiniones de estudiantes<\/a><\/li>\n<\/ul>\n<h4>\n\t\t<a href=\"https:\/\/www.uopeople.edu\/es\/become-student\/\" title=\"Se Estudiante\"  target=\"_self\">\n\t\t\tSe Estudiante\t\t<\/a>\n\t<\/h4>\n\t<p><a href=\"https:\/\/www.uopeople.edu\/es\/become-student\/admissions\/\"><strong>Admisi\u00f3n<\/strong><\/a><\/p>\n<ul>\n<li><a href=\"https:\/\/www.uopeople.edu\/es\/become-student\/admissions\/english-proficiency\/\">Dominio del ingl\u00e9s<\/a><\/li>\n<\/ul>\n<h4>\n\t\t<a href=\"https:\/\/www.uopeople.edu\/es\/tuition-free\/\" title=\"Matr\u00edcula gratis\"  target=\"_self\">\n\t\t\tMatr\u00edcula gratis\t\t<\/a>\n\t<\/h4>\n<h4>\n\t\t<a href=\"https:\/\/www.uopeople.edu\/es\/about\/\" title=\"Acerca de\"  target=\"_self\">\n\t\t\tAcerca de\t\t<\/a>\n\t<\/h4>\n\t<p><a href=\"https:\/\/www.uopeople.edu\/es\/about\/uopeople\/\"><strong>Acerca de UoPeople<\/strong><\/a><\/p>\n<ul>\n<li><a href=\"https:\/\/www.uopeople.edu\/es\/about\/uopeople\/in-brief\/\">En resumen<\/a><\/li>\n<li><a href=\"https:\/\/www.uopeople.edu\/es\/about\/uopeople\/mission-values\/\">Misi\u00f3n<\/a><\/li>\n<li><a href=\"https:\/\/www.uopeople.edu\/es\/about\/uopeople\/uopeople-factsheet\/\">Hoja informativa de UoPeople<\/a><\/li>\n<\/ul>\n\t<p><a href=\"https:\/\/www.uopeople.edu\/es\/about\/leadership\/\"><strong>Direcci\u00f3n<\/strong><\/a><\/p>\n<ul>\n<li><a href=\"\/es\/about\/leadership\/department\/office-of-the-president-es\/\">Oficina del Presidente<\/a><\/li>\n<li><a href=\"\/es\/about\/leadership\/department\/presidents-council-es\/\">Consejo de la presidencia<\/a><\/li>\n<li><a href=\"\/es\/about\/leadership\/department\/board-of-trustees-es\/\">Consejo de administraci\u00f3n<\/a><\/li>\n<li><a href=\"\/es\/about\/leadership\/department\/academic-leadership-es\/\">Direcci\u00f3n acad\u00e9mica<\/a><\/li>\n<\/ul>\n<h4>\n\t\t<a href=\"https:\/\/apply.uopeople.edu\/\" title=\"Solicitar ahora\" target=\"_blank\" rel=\"noopener\">\n\t\t\tSolicitar ahora\t\t<\/a>\n\t<\/h4>\n<h4>\n\t\t<a href=\"https:\/\/go.uopeople.edu\/request_info.html\" title=\"Solicitar informaci\u00f3n\" target=\"_blank\" rel=\"noopener\">\n\t\t\tSolicitar informaci\u00f3n\t\t<\/a>\n\t<\/h4>\n<h4>\n\t\t\tIniciar sesi\u00f3n\t<\/h4>\n\t<a href=\"https:\/\/portal.uopeople.edu\/login\" target=\"_blank\" rel=\"noopener\"><strong>Portal UoPeople<\/strong><\/a><br \/>\n<a href=\"https:\/\/my.uopeople.edu\/login\/index.php\/\" target=\"_blank\" rel=\"noopener\"><strong>Campus en l\u00ednea<\/strong><\/a>\n<h4>\n\t\t\tAdicional\t<\/h4>\n\t<p><strong>Pie de p\u00e1gina<\/strong><\/p>\n<ul>\n<li><a href=\"https:\/\/www.uopeople.edu\/es\/academic-calendar\/\">Calendarios<\/a><\/li>\n<li><a href=\"https:\/\/catalog.uopeople.edu\/\" target=\"_blank\" rel=\"noopener\">Cat\u00e1logo<\/a><\/li>\n<li><a href=\"https:\/\/www.uopeople.edu\/es\/contact-us\/\">Cont\u00e1ctanos<\/a><\/li>\n<li><a href=\"https:\/\/www.uopeople.edu\/es\/blog\/\">Blog<\/a><\/li>\n<\/ul>\n\n","protected":false},"excerpt":{"rendered":"<p>Mapa del sitio Programas acad\u00e9micos Maestr\u00eda Administraci\u00f3n de Empresas (MBA) Educaci\u00f3n (M.Ed.) Maestr\u00eda en Tecnolog\u00edas de la Informaci\u00f3n (MSIT) Licenciatura Administraci\u00f3n de Empresas Ciencias De Informatica Ciencias De La Salud Tecnicatura Administraci\u00f3n de Empresas Ciencias de la Inform\u00e1tica Ciencias de la Salud Experiencia Estudiantil La calidad de UoPeople Acreditaci\u00f3n La diferencia UoPeople Aprendizaje en l\u00ednea&hellip;<\/p>\n","protected":false},"author":15,"featured_media":0,"parent":0,"menu_order":0,"comment_status":"closed","ping_status":"closed","template":"","meta":{"_acf_changed":false,"inline_featured_image":false,"footnotes":""},"class_list":["post-37273","page","type-page","status-publish","hentry"],"acf":[],"_links":{"self":[{"href":"https:\/\/www.uopeople.edu\/es\/wp-json\/wp\/v2\/pages\/37273","targetHints":{"allow":["GET"]}}],"collection":[{"href":"https:\/\/www.uopeople.edu\/es\/wp-json\/wp\/v2\/pages"}],"about":[{"href":"https:\/\/www.uopeople.edu\/es\/wp-json\/wp\/v2\/types\/page"}],"author":[{"embeddable":true,"href":"https:\/\/www.uopeople.edu\/es\/wp-json\/wp\/v2\/users\/15"}],"replies":[{"embeddable":true,"href":"https:\/\/www.uopeople.edu\/es\/wp-json\/wp\/v2\/comments?post=37273"}],"version-history":[{"count":0,"href":"https:\/\/www.uopeople.edu\/es\/wp-json\/wp\/v2\/pages\/37273\/revisions"}],"wp:attachment":[{"href":"https:\/\/www.uopeople.edu\/es\/wp-json\/wp\/v2\/media?parent=37273"}],"curies":[{"name":"wp","href":"https:\/\/api.w.org\/{rel}","templated":true}]}}