{"id":30802,"date":"2023-05-03T11:41:28","date_gmt":"2023-05-03T11:41:28","guid":{"rendered":"https:\/\/universitopstg.wpengine.com\/opiniones-de-estudiantes\/"},"modified":"2025-01-22T13:29:44","modified_gmt":"2025-01-22T13:29:44","slug":"student-reviews","status":"publish","type":"page","link":"https:\/\/www.uopeople.edu\/es\/student-reviews\/","title":{"rendered":"Opiniones de estudiantes"},"content":{"rendered":"\n<h1><span class=\"ez-toc-section\" id=\"Opiniones_de_estudiantes\"><\/span>\n\t\tOpiniones de estudiantes\n\t<span class=\"ez-toc-section-end\"><\/span><\/h1>\n<h2><span class=\"ez-toc-section\" id=\"%C2%BFQue_piensan_nuestros_estudiantes_de_UoPeople\"><\/span>\n\t\t\u00bfQu\u00e9 piensan nuestros estudiantes de UoPeople?\n\t<span class=\"ez-toc-section-end\"><\/span><\/h2>\n\t<p>Nuestros estudiantes vienen de todas partes del mundo y de todos los \u00e1mbitos de la vida, pero todos buscan lo mismo: una educaci\u00f3n superior excepcional y asequible. Aunque siempre nos entusiasma contarles acerca de nuestros incre\u00edbles programas y dedicados instructores, pensamos en darles la oportunidad de escuchar opiniones sobre UoPeople directamente de nuestros estudiantes. Eche un vistazo a continuaci\u00f3n y descubra lo que tienen que decir sobre su experiencia en UoPeople y el impacto duradero que ha tenido en sus vidas y carreras.<\/p>\n<h2><span class=\"ez-toc-section\" id=\"Opiniones_en_video_de_estudiantes\"><\/span>\n\t\tOpiniones en video de estudiantes\n\t<span class=\"ez-toc-section-end\"><\/span><\/h2>\n    <img width=\"380\" height=\"230\" src=\"https:\/\/www.uopeople.edu\/wp-content\/uploads\/2023\/11\/4.webp\" alt=\"\" decoding=\"async\" srcset=\"https:\/\/www.uopeople.edu\/wp-content\/uploads\/2023\/11\/4.webp 380w, https:\/\/www.uopeople.edu\/wp-content\/uploads\/2023\/11\/4-300x182.webp 300w\" sizes=\"(max-width: 380px) 100vw, 380px\">    \n        \n\t<strong>Moumena S. <\/strong><br>\nCiencias de la salud<br>\nEstados Unidos\n    <img width=\"380\" height=\"230\" src=\"https:\/\/www.uopeople.edu\/wp-content\/uploads\/2023\/11\/1.webp\" alt=\"\" decoding=\"async\" srcset=\"https:\/\/www.uopeople.edu\/wp-content\/uploads\/2023\/11\/1.webp 380w, https:\/\/www.uopeople.edu\/wp-content\/uploads\/2023\/11\/1-300x182.webp 300w\" sizes=\"(max-width: 380px) 100vw, 380px\">    \n        \n\t<strong>Soo Hyun Noh<\/strong><br>\nCiencias de la salud<br>\nEstados Unidos\n    <img width=\"380\" height=\"230\" src=\"https:\/\/www.uopeople.edu\/wp-content\/uploads\/2023\/11\/2.webp\" alt=\"\" decoding=\"async\" srcset=\"https:\/\/www.uopeople.edu\/wp-content\/uploads\/2023\/11\/2.webp 380w, https:\/\/www.uopeople.edu\/wp-content\/uploads\/2023\/11\/2-300x182.webp 300w\" sizes=\"(max-width: 380px) 100vw, 380px\">    \n        \n\t<strong>Ruben G.<\/strong><br>\nInform\u00e1tica<br>\nEstados Unidos\n    <img width=\"380\" height=\"230\" src=\"https:\/\/www.uopeople.edu\/wp-content\/uploads\/2023\/11\/6.webp\" alt=\"\" decoding=\"async\" srcset=\"https:\/\/www.uopeople.edu\/wp-content\/uploads\/2023\/11\/6.webp 380w, https:\/\/www.uopeople.edu\/wp-content\/uploads\/2023\/11\/6-300x182.webp 300w\" sizes=\"(max-width: 380px) 100vw, 380px\">    \n        \n\t<strong>Cecelia N. <\/strong><br>\nAdministraci\u00f3n de empresas<br>\nSud\u00e1frica\n    <img width=\"380\" height=\"230\" src=\"https:\/\/www.uopeople.edu\/wp-content\/uploads\/2023\/11\/5.webp\" alt=\"\" decoding=\"async\" srcset=\"https:\/\/www.uopeople.edu\/wp-content\/uploads\/2023\/11\/5.webp 380w, https:\/\/www.uopeople.edu\/wp-content\/uploads\/2023\/11\/5-300x182.webp 300w\" sizes=\"(max-width: 380px) 100vw, 380px\">    \n        \n\t<strong>Nazek A. <\/strong><br>\nCiencias de la salud<br>\nL\u00edbano\n    <img width=\"380\" height=\"230\" src=\"https:\/\/www.uopeople.edu\/wp-content\/uploads\/2023\/11\/3.webp\" alt=\"\" decoding=\"async\" srcset=\"https:\/\/www.uopeople.edu\/wp-content\/uploads\/2023\/11\/3.webp 380w, https:\/\/www.uopeople.edu\/wp-content\/uploads\/2023\/11\/3-300x182.webp 300w\" sizes=\"(max-width: 380px) 100vw, 380px\">    \n        \n\t<strong>Susan N. <\/strong><br>\nCiencias de la salud<br>\nEstados Unidos\n<h2><span class=\"ez-toc-section\" id=\"Opiniones_de_Facebook\"><\/span>\n\t\tOpiniones de Facebook\n\t<span class=\"ez-toc-section-end\"><\/span><\/h2>\n<p>Calificaci\u00f3n de 4,8\/5 basada en 3924 opiniones sobre <a href=\"https:\/\/www.facebook.com\/pg\/79355523842\" target=\"_blank\" rel=\"noopener\"><img decoding=\"async\" src=\"https:\/\/www.uopeople.edu\/wp-content\/uploads\/2023\/05\/facebook-1-e1680079228162.webp\" alt=\"\" width=\"115\" height=\"22\"><\/a><\/p>\n    4,8\n    de 5,0\n\t\t\t\t\t5 estrellas\n\t\t\t\t\t100%\t\t\t\t\n\t\t\t\t\t4 estrellas\n\t\t\t\t\t70%\t\t\t\t\n\t\t\t\t\t3 estrellas\n\t\t\t\t\t100%\t\t\t\t\n\t\t\t\t\t2 estrellas\n\t\t\t\t\t0%\t\t\t\t\n\t\t\t\t\t1 estrella\n\t\t\t\t\t0%\t\t\t\t\n\t<strong>Calificaci\u00f3n<\/strong><br>\n<strong>general<\/strong>\n<img decoding=\"async\" src=\"https:\/\/www.uopeople.edu\/wp-content\/uploads\/2023\/05\/star.jpg\" alt=\"\" width=\"41\" height=\"41\"> <img decoding=\"async\" src=\"https:\/\/www.uopeople.edu\/wp-content\/uploads\/2023\/05\/star.jpg\" alt=\"\" width=\"41\" height=\"41\"><img decoding=\"async\" src=\"https:\/\/www.uopeople.edu\/wp-content\/uploads\/2023\/05\/star.jpg\" alt=\"\" width=\"41\" height=\"41\"><img decoding=\"async\" src=\"https:\/\/www.uopeople.edu\/wp-content\/uploads\/2023\/05\/star.jpg\" alt=\"\" width=\"41\" height=\"41\"><img decoding=\"async\" src=\"https:\/\/www.uopeople.edu\/wp-content\/uploads\/2023\/05\/halfstar.jpg\" alt=\"\" width=\"41\" height=\"41\">\n\t<strong>94 %<\/strong><br>\nde nuestros estudiantes nos dan<br>\nuna calificaci\u00f3n de 4-5 estrellas\n<h2><span class=\"ez-toc-section\" id=\"Opiniones_de_Google\"><\/span>\n\t\tOpiniones de Google\n\t<span class=\"ez-toc-section-end\"><\/span><\/h2>\n\t<p>Calificaci\u00f3n de 4,8\/5 basada en 2850 opiniones sobre <a href=\"https:\/\/www.google.com\/maps\/search\/?api=1&amp;query=Google&amp;query_place_id=ChIJOX2H2l3DwoARGRgk4BwuWEo\" target=\"_blank\" rel=\"noopener\"><img decoding=\"async\" src=\"https:\/\/www.uopeople.edu\/wp-content\/uploads\/2023\/05\/google-logo.png\" alt=\"\" width=\"123\" height=\"45\"><\/a><\/p>\n    4,8\n    de 5,0\n\t\t\t\t\t5 estrellas\n\t\t\t\t\t100%\t\t\t\t\n\t\t\t\t\t4 estrellas\n\t\t\t\t\t20%\t\t\t\t\n\t\t\t\t\t3 estrellas\n\t\t\t\t\t10%\t\t\t\t\n\t\t\t\t\t2 estrellas\n\t\t\t\t\t10%\t\t\t\t\n\t\t\t\t\t1 estrella\n\t\t\t\t\t10%\t\t\t\t\n\t<strong>Calificaci\u00f3n<\/strong><br>\n<strong>general<\/strong>\n<img decoding=\"async\" src=\"https:\/\/www.uopeople.edu\/wp-content\/uploads\/2023\/05\/star.jpg\" alt=\"\" width=\"41\" height=\"41\"> <img decoding=\"async\" src=\"https:\/\/www.uopeople.edu\/wp-content\/uploads\/2023\/05\/star.jpg\" alt=\"\" width=\"41\" height=\"41\"><img decoding=\"async\" src=\"https:\/\/www.uopeople.edu\/wp-content\/uploads\/2023\/05\/star.jpg\" alt=\"\" width=\"41\" height=\"41\"><img decoding=\"async\" src=\"https:\/\/www.uopeople.edu\/wp-content\/uploads\/2023\/05\/star.jpg\" alt=\"\" width=\"41\" height=\"41\"><img decoding=\"async\" src=\"https:\/\/www.uopeople.edu\/wp-content\/uploads\/2023\/05\/halfstar.jpg\" alt=\"\" width=\"41\" height=\"41\">\n\t<strong>94 %<\/strong><br>\nde nuestros estudiantes nos dan<br>\nuna calificaci\u00f3n de 4-5 estrellas\n\t\t\t\t<img decoding=\"async\" src=\"https:\/\/www.uopeople.edu\/wp-content\/uploads\/2022\/04\/desktop-shape-hero-left.svg\" alt=\"desktop-shape-hero-left\" itemprop=\"image\" height=\"277\" width=\"276\" title=\"desktop-shape-hero-left\" onerror=\"this.style.display='none'\">\n        <h2><span class=\"ez-toc-section\" id=\"Por_que_nos_quieren_nuestros_alumnos\"><\/span>Por qu\u00e9 nos quieren nuestros alumnos<span class=\"ez-toc-section-end\"><\/span><\/h2>\n                        Ser parte de UoPeople ha sido una de las mejores decisiones que he tomado. Cada clase me ha desafiado y ha mejorado mis conocimientos y habilidades.&nbsp;\n                        Mbiotidem B, Administraci\u00f3n de empresas, Estados Unidos&nbsp;\n              <!-- row -->\n                        Tengo m\u00e1s de 20 a\u00f1os de experiencia en el sector inform\u00e1tico, pero nunca obtuve un t\u00edtulo. Las habilidades que estoy aprendiendo en UoPeople se pueden aplicar directamente a mis desaf\u00edos del mundo real.\n                        Christopher J., Inform\u00e1tica, Estados Unidos\n              <!-- row -->\n                        UoPeople me ha dado la esperanza de que puedo hacer lo que me proponga. Puedo mantener mi trabajo, ser madre y no ahogarme en deudas estudiantiles.\n                        Martha R., M.Ed., Estados Unidos\n              <!-- row -->\n                        Eleg\u00ed UoPeople porque ofrece matr\u00edcula gratuita, est\u00e1 acreditada y brinda una excelente calidad.&nbsp;\n                        Yi H, Administraci\u00f3n de empresas, Alemania\n              <!-- row -->\n                        Los instructores y asesores son de gran ayuda. Adem\u00e1s, las interacciones con compa\u00f1eros de diversos or\u00edgenes hacen que el viaje educativo en UoPeople valga la pena para m\u00ed.\n                        Javeria T., Ciencias de la salud, Arabia Saudita&nbsp;\n              <!-- row -->\n                        Me encanta la diversa comunidad multicultural de UoPeople. Ahora tengo amigos y conexiones en todo el mundo.&nbsp;\n                        Ammar I., Inform\u00e1tica, Siria\n              <!-- row -->\n                                                                <img decoding=\"async\" src=\"https:\/\/www.uopeople.edu\/wp-content\/uploads\/2023\/05\/mbiot-240x300-1-150x150.webp\">\n                                                                <img decoding=\"async\" src=\"https:\/\/www.uopeople.edu\/wp-content\/uploads\/2023\/03\/Christopher-150x150.webp\">\n                                                                <img decoding=\"async\" src=\"https:\/\/www.uopeople.edu\/wp-content\/uploads\/2023\/04\/Martha-150x150.webp\">\n                                                                <img decoding=\"async\" src=\"https:\/\/www.uopeople.edu\/wp-content\/uploads\/2023\/05\/Yi-240x300-1-150x150.webp\">\n                                                                <img decoding=\"async\" src=\"https:\/\/www.uopeople.edu\/wp-content\/uploads\/2023\/05\/Javeria-240x300-1-150x150.webp\">\n                                                                <img decoding=\"async\" src=\"https:\/\/www.uopeople.edu\/wp-content\/uploads\/2023\/05\/ammar-240x300-1-150x150.webp\">\n        <!-- row -->\n<h4>\n\t\tAprobada y acreditada por\n\t<\/h4>\n<h4>\n\t\tEn colaboraci\u00f3n con\n\t<\/h4>\n\t<style>\n    .video-popup .fl-embed-video{\n\tborder: 1px solid #707070;\n}\n.fl-number-bar .fl-number-string{\n    display: none;\n}\n.video-popup .fl-rich-text p{\n\tpadding-top: 7px;\n\tline-height: 22px;\n\tcolor: #707070;\n}\n.fl-number.fl-number-bars .fl-number-text .fl-number-before-text{\n        text-align: left;\n    float: left;\n    margin: 0;\n    line-height: 33px;\n    top: -5px;\n    position: relative;\n}\n.fl-number-bars-container{\n    float: right;\n    border-radius: 20px;\n    max-width: 227px;\n}\n.fl-number-bars-container .fl-number-bar{\nborder-radius: 20px;\n}\n.outof{\n        width: 150px;\n    background-color: #000;\n    margin: 0 auto;\n    color: #fff;\n    text-align: center;\n    font-size: 24px;\n}\n.score{\n    width: 150px;\n    height: 108px;\n    line-height: 108px;\n    font-size: 52px;\n    font-weight: bold;\n    margin: 0 auto;\n    color: #fff;\n    background-color: #03b579;\n    text-align: center;\n}\n@media only screen and (max-width: 600px) {\n.fl-html .ti-widget .ti-header{\n    display: none!important;\n}\n}\n<\/style>\n<h2><span class=\"ez-toc-section\" id=\"%C2%BFBusca_un_futuro_nuevo_y_brillante_Comience_aqui\"><\/span>\n\t\t\u00bfBusca un futuro nuevo y brillante? Comience aqu\u00ed.\n\t<span class=\"ez-toc-section-end\"><\/span><\/h2>\n\t\t\t<a href=\"https:\/\/go.uopeople.edu\/admission-application.html\" target=\"_blank\" rel=\"noopener\">\n\t\t\t\t\t\t\tPost\u00falate\n\t\t\t\t\t<\/a>\n","protected":false},"excerpt":{"rendered":"<p>Opiniones de estudiantes \u00bfQu\u00e9 piensan nuestros estudiantes de UoPeople? Nuestros estudiantes vienen de todas partes del mundo y de todos los \u00e1mbitos de la vida, pero todos buscan lo mismo: una educaci\u00f3n superior excepcional y asequible. Aunque siempre nos entusiasma contarles acerca de nuestros incre\u00edbles programas y dedicados instructores, pensamos en darles la oportunidad de&hellip;<\/p>\n","protected":false},"author":8,"featured_media":0,"parent":0,"menu_order":0,"comment_status":"closed","ping_status":"closed","template":"","meta":{"_acf_changed":true,"inline_featured_image":false,"footnotes":""},"class_list":["post-30802","page","type-page","status-publish","hentry"],"acf":[],"_links":{"self":[{"href":"https:\/\/www.uopeople.edu\/es\/wp-json\/wp\/v2\/pages\/30802","targetHints":{"allow":["GET"]}}],"collection":[{"href":"https:\/\/www.uopeople.edu\/es\/wp-json\/wp\/v2\/pages"}],"about":[{"href":"https:\/\/www.uopeople.edu\/es\/wp-json\/wp\/v2\/types\/page"}],"author":[{"embeddable":true,"href":"https:\/\/www.uopeople.edu\/es\/wp-json\/wp\/v2\/users\/8"}],"replies":[{"embeddable":true,"href":"https:\/\/www.uopeople.edu\/es\/wp-json\/wp\/v2\/comments?post=30802"}],"version-history":[{"count":0,"href":"https:\/\/www.uopeople.edu\/es\/wp-json\/wp\/v2\/pages\/30802\/revisions"}],"wp:attachment":[{"href":"https:\/\/www.uopeople.edu\/es\/wp-json\/wp\/v2\/media?parent=30802"}],"curies":[{"name":"wp","href":"https:\/\/api.w.org\/{rel}","templated":true}]}}