{"id":30776,"date":"2022-04-14T16:22:38","date_gmt":"2022-04-14T16:22:38","guid":{"rendered":"https:\/\/universitopstg.wpengine.com\/student-experience\/uopeople-difference\/aprendizaje-en-linea-en-uopeople\/"},"modified":"2025-01-22T12:58:05","modified_gmt":"2025-01-22T12:58:05","slug":"online-learning-uopeople","status":"publish","type":"page","link":"https:\/\/www.uopeople.edu\/es\/student-experience\/uopeople-difference\/online-learning-uopeople\/","title":{"rendered":"Aprendizaje en l\u00ednea en UoPeople"},"content":{"rendered":"\n<h1><span class=\"ez-toc-section\" id=\"Aprendizaje_en_linea_en_UoPeople\"><\/span>\n\t\tAprendizaje en l\u00ednea en UoPeople\n\t<span class=\"ez-toc-section-end\"><\/span><\/h1>\n        <ul id=\"menu-online-learning-at-uopeople\"><li><a href=\"#Overview\">Overview<\/a><\/li>\n<li><a href=\"#How-it-Works\">How it Works<\/a><\/li>\n<li><a href=\"#additional-resources\">Additional Resources<\/a><\/li>\n<\/ul>        <a href=\"javascript:void(0)\"><\/a>\n<h2><span class=\"ez-toc-section\" id=\"%C2%BFQue_es_el_aprendizaje_en_linea\"><\/span>\n\t\t\u00bfQu\u00e9 es el aprendizaje en l\u00ednea?\n\t<span class=\"ez-toc-section-end\"><\/span><\/h2>\n\t<p>El aprendizaje en l\u00ednea, a veces llamado aprendizaje a distancia, se refiere a programas educativos que se llevan a cabo a trav\u00e9s de Internet. El aprendizaje en l\u00ednea se ha convertido en una opci\u00f3n cada vez m\u00e1s popular a lo largo de los a\u00f1os debido a la flexibilidad que permite en t\u00e9rminos de programaci\u00f3n y ubicaci\u00f3n. Los estudiantes en l\u00ednea pueden estudiar desde cualquier lugar con conexi\u00f3n a Internet, y a menudo hacen su trabajo en horarios convenientes para sus cronogramas.<\/p>\n\t<p>Los estudiantes de programas en l\u00ednea realizan sus cursos en l\u00ednea, incluyendo lectura de textos, b\u00fasqueda de apoyo, interacci\u00f3n con compa\u00f1eros e instructores, etc. Los programas de los colegios y universidades en l\u00ednea utilizan tareas de lectura, grupos de debate, trabajo colaborativo entre pares, videos y otros recursos.<\/p>\n\t<iframe width=\"560\" height=\"315\" src=\"https:\/\/www.youtube.com\/embed\/V3krKm2OkZI\" title=\"YouTube video player\" frameborder=\"0\" allow=\"accelerometer; autoplay; clipboard-write; encrypted-media; gyroscope; picture-in-picture\" allowfullscreen><\/iframe>\n<h3>\n\t\t\u00bfC\u00f3mo se estructuran los cursos en University of the People?\n\t<\/h3>\n\tCada curso tiene una duraci\u00f3n de 9 semanas y comprende 8 unidades de estudio (una por semana). Para los programas de licenciatura, los estudiantes realizan un examen en la novena semana sobre el material cubierto en el curso. Los estudiantes de posgrado pueden tener ex\u00e1menes, trabajos o proyectos finales. Los estudiantes deben dedicar entre 15 y 20 horas semanales a cada curso.<br \/>\n\n\t\t\t\t\t<a href=\"#\" id=\"fl-accordion--label-0\" tabindex=\"0\" aria-controls=\"fl-accordion--panel-0\">Tareas semanales<\/a>\n\t\t\t\t\t\t\t\t\t\t\t<a href=\"#\" id=\"fl-accordion--icon-0\" tabindex=\"-1\"><i>Expand<\/i><\/a>\n\t\t\t\t\t<p>Cada trimestre acad\u00e9mico tiene una duraci\u00f3n de nueve semanas y tiene ocho unidades de aprendizaje cada semana. La semana de aprendizaje comienza el jueves por la ma\u00f1ana y termina el mi\u00e9rcoles siguiente. Las unidades de estudio semanales est\u00e1n disponibles al inicio de la nueva semana de aprendizaje.<\/p>\n<p>Todo el trabajo para una unidad de aprendizaje espec\u00edfica debe completarse dentro de esa semana de aprendizaje. Dentro de ese plazo, sin embargo, los estudiantes pueden decidir cu\u00e1ndo completar su trabajo, y no hay un momento espec\u00edfico en el que el estudiante deba iniciar sesi\u00f3n para estudiar. Cada semana, las tareas pueden incluir:<\/p>\n<ul>\n<li aria-level=\"1\">Diarios de aprendizaje<\/li>\n<li aria-level=\"1\">Foros de debate<\/li>\n<li aria-level=\"1\">Tareas<\/li>\n<li aria-level=\"1\">Cuestionarios autoadministrados<\/li>\n<li aria-level=\"1\">Cuestionarios calificados<\/li>\n<\/ul>\n<p>Se espera que los estudiantes eval\u00faen el trabajo (utilizando las pautas de evaluaci\u00f3n por pares de UoPeople) de tres de sus compa\u00f1eros en el Foro de debate, as\u00ed como tres tareas de pares. Las evaluaciones por pares requieren que los estudiantes ofrezcan comentarios constructivos sobre el trabajo de sus compa\u00f1eros de estudios.<\/p>\n\t<iframe width=\"560\" height=\"315\" src=\"https:\/\/www.youtube.com\/embed\/nSI4dGAgR7g\" title=\"YouTube video player\" frameborder=\"0\" allow=\"accelerometer; autoplay; clipboard-write; encrypted-media; gyroscope; picture-in-picture\" allowfullscreen><\/iframe>\n\t\t\t\t<img decoding=\"async\" src=\"https:\/\/www.uopeople.edu\/wp-content\/uploads\/2022\/07\/QF.jpg\" alt=\"QF\" itemprop=\"image\" height=\"828\" width=\"1092\" title=\"QF\" onerror=\"this.style.display='none'\"  \/>\n\t\t\t\t\t<a href=\"#\" id=\"fl-accordion--label-0\" tabindex=\"0\" aria-controls=\"fl-accordion--panel-0\">Tareas de escritura\/programaci\u00f3n<\/a>\n\t\t\t\t\t\t\t\t\t\t\t<a href=\"#\" id=\"fl-accordion--icon-0\" tabindex=\"-1\"><i>Collapse<\/i><\/a>\n\t\t\t\t\t<p>Al comienzo de cada semana de aprendizaje, los estudiantes obtienen acceso al material educativo de la nueva unidad y a la tarea de escritura\/programaci\u00f3n de la semana. Como parte de los requisitos del curso para la mayor\u00eda de las unidades de aprendizaje, los estudiantes deben completar una tarea. Estas tareas generalmente utilizan una funci\u00f3n de Moodle llamada Workshop, que permite la evaluaci\u00f3n por pares que es integral al modelo de aprendizaje de University of the People. En la semana posterior a la conclusi\u00f3n de una tarea, otros tres estudiantes evaluar\u00e1n su trabajo y se espera que usted eval\u00fae otras tres tareas. Estas revisiones son obligatorias como parte de sus propios requisitos de estudio.<\/p>\n\t\t\t\t\t<a href=\"#\" id=\"fl-accordion--label-1\" tabindex=\"0\" aria-controls=\"fl-accordion--panel-1\">Diario de aprendizaje<\/a>\n\t\t\t\t\t\t\t\t\t\t\t<a href=\"#\" id=\"fl-accordion--icon-1\" tabindex=\"-1\"><i>Expand<\/i><\/a>\n\t\t\t\t\t<p>Se alienta a los estudiantes a usar un diario de aprendizaje para documentar actividades, registrar preguntas\/problemas que puedan encontrar, reflexionar sobre el proceso de aprendizaje y redactar respuestas para las tareas del curso. Se pueden solicitar temas espec\u00edficos o preguntas relevantes para el diario de aprendizaje. El diario de aprendizaje debe actualizarse semanalmente, debido a que los instructores evaluar\u00e1n directamente sus entradas como parte de la calificaci\u00f3n final de un estudiante. A diferencia de las tareas escritas, el diario de aprendizaje de un estudiante solo es evaluado por el instructor y no por los compa\u00f1eros del estudiante.<\/p>\n\t\t\t\t\t<a href=\"#\" id=\"fl-accordion--label-2\" tabindex=\"0\" aria-controls=\"fl-accordion--panel-2\">Cuestionarios<\/a>\n\t\t\t\t\t\t\t\t\t\t\t<a href=\"#\" id=\"fl-accordion--icon-2\" tabindex=\"-1\"><i>Expand<\/i><\/a>\n\t\t\t\t\t<p>Los cursos incluyen tres tipos de cuestionarios: cuestionarios autoadministrados, cuestionarios calificados y un cuestionario de revisi\u00f3n. Estos cuestionarios pueden contener preguntas de opci\u00f3n m\u00faltiple, preguntas de verdadero o falso, o de respuesta corta. Los resultados del cuestionario autoadministrado no son parte de la calificaci\u00f3n final, pero se recomienda encarecidamente a los estudiantes que lo completen para asegurarse de haber entendido adecuadamente el curso. Junto con las tareas de lectura, los resultados del cuestionario autoadministrado deben usarse como parte de un proceso de aprendizaje iterativo, para cubrir y evaluar a fondo la comprensi\u00f3n del material del curso.<\/p>\n<p>Los estudiantes deben usar los resultados de su cuestionario autoadministrado como una gu\u00eda para volver al texto y revisar las secciones relevantes de las tareas de lectura. Del mismo modo, el cuestionario de revisi\u00f3n no cuenta para la calificaci\u00f3n final de un estudiante, sino que tambi\u00e9n debe usarse para hacer una revisi\u00f3n integral y comprensi\u00f3n completa de todo el material del curso, en preparaci\u00f3n para el examen final. Por \u00faltimo, los resultados de los cuestionarios calificados s\u00ed cuentan para la calificaci\u00f3n final. En cada curso se proporcionan instrucciones espec\u00edficas sobre el formato y el contenido de los cuestionarios calificados.<\/p>\n\t\t\t\t\t<a href=\"#\" id=\"fl-accordion--label-3\" tabindex=\"0\" aria-controls=\"fl-accordion--panel-3\">Examen final<\/a>\n\t\t\t\t\t\t\t\t\t\t\t<a href=\"#\" id=\"fl-accordion--icon-3\" tabindex=\"-1\"><i>Expand<\/i><\/a>\n\t\t\t\t\t<p>El per\u00edodo de examen final inicia el jueves de la semana 9 del trimestre y finaliza el domingo siguiente. El formato del examen es similar al de los cuestionarios, y puede contener una combinaci\u00f3n de tipos de preguntas. Los estudiantes tendr\u00e1n un intento de aprobar el examen, el cual se calificar\u00e1 electr\u00f3nicamente. Durante la octava semana se brindar\u00e1n instrucciones espec\u00edficas sobre c\u00f3mo prepararse y realizar el examen final (y se pueden encontrar dentro de la gu\u00eda de aprendizaje de la novena semana). Los ex\u00e1menes finales se realizan sin la presencia de ning\u00fan material did\u00e1ctico del curso. Si determinados materiales est\u00e1n permitidos dentro del examen, se indicar\u00e1 en las instrucciones del mismo.<\/p>\n<h3>\n\t\tRecursos adicionales:\n\t<\/h3>\n\t<p>University of the People ofrece una serie de magn\u00edficos recursos en l\u00ednea para apoyar a los estudiantes:<\/p>\n\t\t\t\t\t<a href=\"#\" id=\"fl-accordion--label-0\" tabindex=\"0\" aria-controls=\"fl-accordion--panel-0\">Foro del curso<\/a>\n\t\t\t\t\t\t\t\t\t\t\t<a href=\"#\" id=\"fl-accordion--icon-0\" tabindex=\"-1\"><i>Collapse<\/i><\/a>\n\t\t\t\t\t<p>El foro del curso es el lugar en el que plantear cuestiones y preguntas relacionadas con el curso. Los instructores lo supervisan peri\u00f3dicamente y es un buen lugar para conocer a otros estudiantes que toman el mismo curso. Si bien la participaci\u00f3n en el foro no es obligatoria, es muy recomendable.<\/p>\n\t\t\t\t\t<a href=\"#\" id=\"fl-accordion--label-1\" tabindex=\"0\" aria-controls=\"fl-accordion--panel-1\">Centro de escritura<\/a>\n\t\t\t\t\t\t\t\t\t\t\t<a href=\"#\" id=\"fl-accordion--icon-1\" tabindex=\"-1\"><i>Expand<\/i><\/a>\n\t\t\t\t\t<p>Los estudiantes tienen acceso al centro de escritura de UoPeople dentro de Moodle. Con instructores de escritura calificados, el centro de escritura tiene como finalidad ayudar a los estudiantes a desarrollar y perfeccionar sus habilidades de escritura. Si bien no se requiere la participaci\u00f3n en el centro de escritura, es muy recomendable. Nuestra oficina de evaluaci\u00f3n por pares en l\u00ednea se estableci\u00f3 para ayudar a los estudiantes a revisar y calificar el trabajo de sus compa\u00f1eros.\u00a0 Nuevamente, este recurso no es obligatorio, pero es muy recomendable y brinda a los estudiantes acceso a las herramientas necesarias para evaluar, valorar y aprender del trabajo de pares.<\/p>\n\t\t\t\t\t<a href=\"#\" id=\"fl-accordion--label-2\" tabindex=\"0\" aria-controls=\"fl-accordion--panel-2\">Auditor\u00eda de grado<\/a>\n\t\t\t\t\t\t\t\t\t\t\t<a href=\"#\" id=\"fl-accordion--icon-2\" tabindex=\"-1\"><i>Expand<\/i><\/a>\n\t\t\t\t\t<p>A medida que los estudiantes avanzan hacia la graduaci\u00f3n, pueden hacer uso de nuestra herramienta de auditor\u00eda de grado, que les dice a los estudiantes qu\u00e9 requisitos han cumplido y qu\u00e9 requisitos a\u00fan tienen que cumplir. Por ejemplo, la herramienta de auditor\u00eda de grado dir\u00e1: \u00abUsted ha realizado 3 de 4 cursos optativos, necesita realizar un curso optativo m\u00e1s para graduarse\u00bb. Esta herramienta se puede ejecutar en el portal del estudiante de University of the People.<\/p>\n<p>Cuando los estudiantes hayan completado con \u00e9xito todos sus cursos requeridos, pueden solicitar la graduaci\u00f3n a trav\u00e9s del portal del estudiante. El departamento de Servicios Estudiantiles verificar\u00e1 que se hayan cumplido todos los requisitos. En caso afirmativo, se enviar\u00e1 un diploma firmado a la direcci\u00f3n postal del estudiante. Despu\u00e9s de graduarse, los estudiantes son elegibles para unirse a nuestro grupo de exalumnos, que es un gran recurso para la creaci\u00f3n de redes y la b\u00fasqueda de empleo. Los estudiantes tambi\u00e9n tendr\u00e1n acceso continuo a nuestro centro de servicio profesional despu\u00e9s de graduarse.<\/p>\n\t\t\t\t<img decoding=\"async\" src=\"https:\/\/www.uopeople.edu\/wp-content\/uploads\/2022\/07\/resources.jpg\" alt=\"resources\" itemprop=\"image\" height=\"828\" width=\"1092\" title=\"resources\" onerror=\"this.style.display='none'\"  \/>\n<h2><span class=\"ez-toc-section\" id=\"%C2%BFBusca_un_futuro_nuevo_y_brillante_Comience_aqui\"><\/span>\n\t\t\u00bfBusca un futuro nuevo y brillante? Comience aqu\u00ed.\n\t<span class=\"ez-toc-section-end\"><\/span><\/h2>\n\t\t\t<a href=\"https:\/\/go.uopeople.edu\/admission-application.html\" target=\"_blank\" rel=\"noopener\">\n\t\t\t\t\t\t\tPost\u00falate\n\t\t\t\t\t<\/a>\n\n","protected":false},"excerpt":{"rendered":"<p>Aprendizaje en l\u00ednea en UoPeople Overview How it Works Additional Resources \u00bfQu\u00e9 es el aprendizaje en l\u00ednea? El aprendizaje en l\u00ednea, a veces llamado aprendizaje a distancia, se refiere a programas educativos que se llevan a cabo a trav\u00e9s de Internet. El aprendizaje en l\u00ednea se ha convertido en una opci\u00f3n cada vez m\u00e1s popular&hellip;<\/p>\n","protected":false},"author":15,"featured_media":0,"parent":25302,"menu_order":0,"comment_status":"closed","ping_status":"closed","template":"","meta":{"_acf_changed":true,"inline_featured_image":false,"footnotes":""},"class_list":["post-30776","page","type-page","status-publish","hentry"],"acf":[],"_links":{"self":[{"href":"https:\/\/www.uopeople.edu\/es\/wp-json\/wp\/v2\/pages\/30776","targetHints":{"allow":["GET"]}}],"collection":[{"href":"https:\/\/www.uopeople.edu\/es\/wp-json\/wp\/v2\/pages"}],"about":[{"href":"https:\/\/www.uopeople.edu\/es\/wp-json\/wp\/v2\/types\/page"}],"author":[{"embeddable":true,"href":"https:\/\/www.uopeople.edu\/es\/wp-json\/wp\/v2\/users\/15"}],"replies":[{"embeddable":true,"href":"https:\/\/www.uopeople.edu\/es\/wp-json\/wp\/v2\/comments?post=30776"}],"version-history":[{"count":0,"href":"https:\/\/www.uopeople.edu\/es\/wp-json\/wp\/v2\/pages\/30776\/revisions"}],"up":[{"embeddable":true,"href":"https:\/\/www.uopeople.edu\/es\/wp-json\/wp\/v2\/pages\/25302"}],"wp:attachment":[{"href":"https:\/\/www.uopeople.edu\/es\/wp-json\/wp\/v2\/media?parent=30776"}],"curies":[{"name":"wp","href":"https:\/\/api.w.org\/{rel}","templated":true}]}}