{"id":30769,"date":"2022-04-14T16:21:27","date_gmt":"2022-04-14T16:21:27","guid":{"rendered":"https:\/\/universitopstg.wpengine.com\/student-experience\/la-calidad-de-uopeople\/"},"modified":"2025-11-11T11:18:34","modified_gmt":"2025-11-11T11:18:34","slug":"quality","status":"publish","type":"page","link":"https:\/\/www.uopeople.edu\/es\/student-experience\/quality\/","title":{"rendered":"La calidad de UoPeople"},"content":{"rendered":"\n<h1><span class=\"ez-toc-section\" id=\"La_calidad_de_UoPeople\"><\/span>\n\t\tLa calidad de UoPeople\n\t<span class=\"ez-toc-section-end\"><\/span><\/h1>\n\t<p>El aprendizaje en l\u00ednea no compromete la calidad: University of the People ofrece educaci\u00f3n de alta calidad, en l\u00ednea, en cualquier momento y en cualquier lugar.<\/p>\n        <ul id=\"menu-on-page-navigation-uopeople-quality\"><li><a href=\"#accreditation\">Acreditaci\u00f3n<\/a><\/li>\n<li><a href=\"#academic-leadership\">Direcci\u00f3n acad\u00e9mica<\/a><\/li>\n<li><a href=\"#academic-experience\">Experiencia Acad\u00e9mica<\/a><\/li>\n<\/ul>        <a href=\"javascript:void(0)\"><\/a>\n\t\t\t\t<img decoding=\"async\" src=\"https:\/\/www.uopeople.edu\/wp-content\/uploads\/2025\/02\/Wasc-and-DEAC2-1.webp\" alt=\"Wasc and DEAC2 (1)\" itemprop=\"image\" height=\"146\" width=\"459\" title=\"Wasc and DEAC2 (1)\" onerror=\"this.style.display='none'\"  \/>\n<h2><span class=\"ez-toc-section\" id=\"ACREDITACION\"><\/span>\n\t\tACREDITACI\u00d3N\n\t<span class=\"ez-toc-section-end\"><\/span><\/h2>\n\t<p>UoPeople es una universidad en l\u00ednea acreditada en Estados Unidos, lo que da fe de nuestra excelencia acad\u00e9mica y nuestros rigurosos est\u00e1ndares.<\/p>\n\t\t\t<a href=\"https:\/\/www.uopeople.edu\/es\/student-experience\/quality\/accreditation\/\" target=\"_self\">\n\t\t\t\t\t\t\tM\u00e1s informaci\u00f3n\n\t\t\t\t\t<\/a>\n                    <h2><span class=\"ez-toc-section\" id=\"Direccion_academica\"><\/span>Direcci\u00f3n acad\u00e9mica<span class=\"ez-toc-section-end\"><\/span><\/h2>\n                    El equipo de direcci\u00f3n acad\u00e9mica est\u00e1 constituido por los acad\u00e9micos y profesionales m\u00e1s distinguidos de las principales universidades y corporaciones de todo el mundo.\n                            <a href=\"https:\/\/www.uopeople.edu\/es\/about\/leadership\/department\/academic-leadership-es\/\" target=\"_blank\">\n                                Ver Todas                            <\/a>\n                                                            <a href=\"https:\/\/www.uopeople.edu\/es\/about\/leadership\/dr-john-a-quelch\/\">\n                                            M\u00e1s informaci\u00f3n                                            \n                                                            <\/a>\n                            Dr. John A. Quelch\n                                Decano, Administraci\u00f3n de Empresas                            \n                                                            <a href=\"https:\/\/www.uopeople.edu\/es\/about\/leadership\/dr-alexander-tuzhilin\/\">\n                                            M\u00e1s informaci\u00f3n                                            \n                                                            <\/a>\n                            Dr. Alexander Tuzhilin\n                                Decano, Ciencias de la Computaci\u00f3n                            \n                                                            <a href=\"https:\/\/www.uopeople.edu\/es\/about\/leadership\/dr-dalton-conley\/\">\n                                            M\u00e1s informaci\u00f3n                                            \n                                                            <\/a>\n                            Dr. Dalton Conley\n                                Decano, Ciencias de la Salud                            \n                                                            <a href=\"https:\/\/www.uopeople.edu\/es\/about\/leadership\/dra-audra-m-watson\/\">\n                                            M\u00e1s informaci\u00f3n                                            \n                                                            <\/a>\n                            Dra. Audra M. Watson\n                                Decana, Educaci\u00f3n                            \n                    <h2><span class=\"ez-toc-section\" id=\"Direccion_academica-2\"><\/span>Direcci\u00f3n acad\u00e9mica<span class=\"ez-toc-section-end\"><\/span><\/h2>\n                    El equipo de direcci\u00f3n acad\u00e9mica est\u00e1 constituido por los acad\u00e9micos y profesionales m\u00e1s distinguidos de las principales universidades y corporaciones de todo el mundo.\n                            <a href=\"https:\/\/www.uopeople.edu\/es\/about\/leadership\/department\/academic-leadership-es\/\" target=\"_blank\">\n                                Ver Todas                            <\/a>\n                                                            <a href=\"https:\/\/www.uopeople.edu\/es\/about\/leadership\/dr-john-a-quelch\/\">\n                                        M\u00e1s informaci\u00f3n                                        \n                                                            <\/a>\n                            Dr. John A. Quelch\n                                Decano, Administraci\u00f3n de Empresas                            \n                                                            <a href=\"https:\/\/www.uopeople.edu\/es\/about\/leadership\/dr-alexander-tuzhilin\/\">\n                                        M\u00e1s informaci\u00f3n                                        \n                                                            <\/a>\n                            Dr. Alexander Tuzhilin\n                                Decano, Ciencias de la Computaci\u00f3n                            \n                                                            <a href=\"https:\/\/www.uopeople.edu\/es\/about\/leadership\/dr-dalton-conley\/\">\n                                        M\u00e1s informaci\u00f3n                                        \n                                                            <\/a>\n                            Dr. Dalton Conley\n                                Decano, Ciencias de la Salud                            \n                                                            <a href=\"https:\/\/www.uopeople.edu\/es\/about\/leadership\/dra-audra-m-watson\/\">\n                                        M\u00e1s informaci\u00f3n                                        \n                                                            <\/a>\n                            Dra. Audra M. Watson\n                                Decana, Educaci\u00f3n                            \n<h2><span class=\"ez-toc-section\" id=\"EXPERIENCIA_ACADEMICA\"><\/span>\n\t\tEXPERIENCIA ACAD\u00c9MICA\n\t<span class=\"ez-toc-section-end\"><\/span><\/h2>\n\t<p>El cuerpo docente de University of the People est\u00e1 formado por destacados acad\u00e9micos, catedr\u00e1ticos y profesionales de renombre en sus respectivos sectores. Adem\u00e1s, nuestros estudiantes reciben una experiencia educativa personalizada con la orientaci\u00f3n de Asesores de programa que los acompa\u00f1an hasta la graduaci\u00f3n.<\/p>\n\t\t\t\t<img decoding=\"async\" src=\"https:\/\/www.uopeople.edu\/wp-content\/uploads\/2022\/08\/Nicholas2.webp\" alt=\"Nicholas2\" itemprop=\"image\" height=\"401\" width=\"401\" title=\"Nicholas2\" onerror=\"this.style.display='none'\"  \/>\n<h2><span class=\"ez-toc-section\" id=\"%C2%BFBusca_un_futuro_nuevo_y_brillante_Comience_aqui\"><\/span>\n\t\t\u00bfBusca un futuro nuevo y brillante? Comience aqu\u00ed.\n\t<span class=\"ez-toc-section-end\"><\/span><\/h2>\n\t\t\t<a href=\"https:\/\/apply.uopeople.edu\/\" target=\"_blank\" rel=\"noopener\">\n\t\t\t\t\t\t\tPost\u00falate\n\t\t\t\t\t<\/a>\n\n","protected":false},"excerpt":{"rendered":"<p>La calidad de UoPeople El aprendizaje en l\u00ednea no compromete la calidad: University of the People ofrece educaci\u00f3n de alta calidad, en l\u00ednea, en cualquier momento y en cualquier lugar. Acreditaci\u00f3n Direcci\u00f3n acad\u00e9mica Experiencia Acad\u00e9mica ACREDITACI\u00d3N UoPeople es una universidad en l\u00ednea acreditada en Estados Unidos, lo que da fe de nuestra excelencia acad\u00e9mica y&hellip;<\/p>\n","protected":false},"author":15,"featured_media":0,"parent":25298,"menu_order":0,"comment_status":"closed","ping_status":"closed","template":"","meta":{"_acf_changed":true,"inline_featured_image":false,"footnotes":""},"class_list":["post-30769","page","type-page","status-publish","hentry"],"acf":[],"_links":{"self":[{"href":"https:\/\/www.uopeople.edu\/es\/wp-json\/wp\/v2\/pages\/30769","targetHints":{"allow":["GET"]}}],"collection":[{"href":"https:\/\/www.uopeople.edu\/es\/wp-json\/wp\/v2\/pages"}],"about":[{"href":"https:\/\/www.uopeople.edu\/es\/wp-json\/wp\/v2\/types\/page"}],"author":[{"embeddable":true,"href":"https:\/\/www.uopeople.edu\/es\/wp-json\/wp\/v2\/users\/15"}],"replies":[{"embeddable":true,"href":"https:\/\/www.uopeople.edu\/es\/wp-json\/wp\/v2\/comments?post=30769"}],"version-history":[{"count":0,"href":"https:\/\/www.uopeople.edu\/es\/wp-json\/wp\/v2\/pages\/30769\/revisions"}],"up":[{"embeddable":true,"href":"https:\/\/www.uopeople.edu\/es\/wp-json\/wp\/v2\/pages\/25298"}],"wp:attachment":[{"href":"https:\/\/www.uopeople.edu\/es\/wp-json\/wp\/v2\/media?parent=30769"}],"curies":[{"name":"wp","href":"https:\/\/api.w.org\/{rel}","templated":true}]}}