{"id":30085,"date":"2022-04-14T16:40:20","date_gmt":"2022-04-14T16:40:20","guid":{"rendered":"https:\/\/universitopstg.wpengine.com\/el-sistema-educativo-estadounidense\/"},"modified":"2026-02-11T18:43:42","modified_gmt":"2026-02-11T18:43:42","slug":"american-education-system","status":"publish","type":"page","link":"https:\/\/www.uopeople.edu\/es\/become-student\/prepare-for-uopeople\/american-education-system\/","title":{"rendered":"El sistema educativo estadounidense"},"content":{"rendered":"\n<h1  data-animation-delay=\"0\" data-animation-duration=\"0.3\"><span class=\"ez-toc-section\" id=\"El_sistema_educativo_estadounidense\"><\/span>\n\t\t\tEl sistema educativo estadounidense\t<span class=\"ez-toc-section-end\"><\/span><\/h1>\n<h2><span class=\"ez-toc-section\" id=\"Tecnicatura_licenciatura_o_maestria_%C2%BFCual_es_la_diferencia\"><\/span>\n\t\t\tTecnicatura, licenciatura o maestr\u00eda: \u00bfCu\u00e1l es la diferencia?\t<span class=\"ez-toc-section-end\"><\/span><\/h2>\n\t<p>Sabemos que no todo el mundo est\u00e1 familiarizado con los tipos de titulaciones m\u00e1s comunes en Estados Unidos.\u00a0 \u00bfCu\u00e1l es la diferencia entre una tecnicatura y una licenciatura o maestr\u00eda? Sigue leyendo para averiguarlo. <\/p>\n<h2><span class=\"ez-toc-section\" id=\"%C2%BFQuienes_son_los_decanos_instructores_y_asesores\"><\/span>\n\t\t\t\u00bfQui\u00e9nes son los decanos, instructores y asesores?\t<span class=\"ez-toc-section-end\"><\/span><\/h2>\n\t<p>Comprende la diferencia entre decanos, instructores y asesores, as\u00ed como las funciones importantes que desempe\u00f1an en UoPeople.\u00a0 <\/p>\n<h2><span class=\"ez-toc-section\" id=\"Construya_un_futuro_mejor_para_usted_y_su_familia\"><\/span>\n\t\t\tConstruya un futuro mejor para usted y su familia.\t<span class=\"ez-toc-section-end\"><\/span><\/h2>\n\t\t\t<a href=\"https:\/\/apply.uopeople.edu\/\" target=\"_blank\" rel=\"noopener\">\n\t\t\t\t\t\t\tPost\u00falate\n\t\t\t\t\t<\/a>\n\n","protected":false},"excerpt":{"rendered":"<p>El sistema educativo estadounidense Tecnicatura, licenciatura o maestr\u00eda: \u00bfCu\u00e1l es la diferencia? Sabemos que no todo el mundo est\u00e1 familiarizado con los tipos de titulaciones m\u00e1s comunes en Estados Unidos.\u00a0 \u00bfCu\u00e1l es la diferencia entre una tecnicatura y una licenciatura o maestr\u00eda? Sigue leyendo para averiguarlo. \u00bfQui\u00e9nes son los decanos, instructores y asesores? Comprende la&hellip;<\/p>\n","protected":false},"author":15,"featured_media":0,"parent":32543,"menu_order":0,"comment_status":"closed","ping_status":"closed","template":"","meta":{"_acf_changed":false,"inline_featured_image":false,"footnotes":""},"class_list":["post-30085","page","type-page","status-publish","hentry"],"acf":[],"_links":{"self":[{"href":"https:\/\/www.uopeople.edu\/es\/wp-json\/wp\/v2\/pages\/30085","targetHints":{"allow":["GET"]}}],"collection":[{"href":"https:\/\/www.uopeople.edu\/es\/wp-json\/wp\/v2\/pages"}],"about":[{"href":"https:\/\/www.uopeople.edu\/es\/wp-json\/wp\/v2\/types\/page"}],"author":[{"embeddable":true,"href":"https:\/\/www.uopeople.edu\/es\/wp-json\/wp\/v2\/users\/15"}],"replies":[{"embeddable":true,"href":"https:\/\/www.uopeople.edu\/es\/wp-json\/wp\/v2\/comments?post=30085"}],"version-history":[{"count":0,"href":"https:\/\/www.uopeople.edu\/es\/wp-json\/wp\/v2\/pages\/30085\/revisions"}],"up":[{"embeddable":true,"href":"https:\/\/www.uopeople.edu\/es\/wp-json\/wp\/v2\/pages\/32543"}],"wp:attachment":[{"href":"https:\/\/www.uopeople.edu\/es\/wp-json\/wp\/v2\/media?parent=30085"}],"curies":[{"name":"wp","href":"https:\/\/api.w.org\/{rel}","templated":true}]}}