{"id":30065,"date":"2022-04-14T16:37:55","date_gmt":"2022-04-14T16:37:55","guid":{"rendered":"https:\/\/universitopstg.wpengine.com\/become-student\/admissions\/admision-de-posgrado\/"},"modified":"2025-06-04T11:44:25","modified_gmt":"2025-06-04T11:44:25","slug":"graduate-admission","status":"publish","type":"page","link":"https:\/\/www.uopeople.edu\/es\/become-student\/admissions\/graduate-admission\/","title":{"rendered":"Admisi\u00f3n de posgrado"},"content":{"rendered":"\n<h1><span class=\"ez-toc-section\" id=\"Admision_de_posgrado\"><\/span>\n\t\t\tAdmisi\u00f3n de posgrado\t<span class=\"ez-toc-section-end\"><\/span><\/h1>\n        <ul id=\"menu-on-page-navigation-graduates\"><li><a href=\"#overview\">\u00bfPor qu\u00e9 elegir UoPeople?<\/a><\/li>\n<li><a href=\"#financial\">Finanzas<\/a><\/li>\n<li><a href=\"#admission\">Requisitos de admisi\u00f3n<\/a><\/li>\n<li><a href=\"#programs\">Programas<\/a><\/li>\n<\/ul>        <a href=\"javascript:void(0)\"><\/a>\n<h2><span class=\"ez-toc-section\" id=\"%C2%BFPor_que_elegir_UoPeople\"><\/span>\n\t\t\t\u00bfPor qu\u00e9 elegir UoPeople?\t<span class=\"ez-toc-section-end\"><\/span><\/h2>\n\t<p>University of the People (UoPeople) es la revoluci\u00f3n de la educaci\u00f3n. Somos la primera universidad estadounidense en l\u00ednea acreditada, con matr\u00edcula gratis y sin \u00e1nimo de lucro. Dedicada a abrir el acceso a la educaci\u00f3n superior en todo el mundo, UoPeople est\u00e1 dise\u00f1ada para ayudar a los solicitantes calificados a superar las limitaciones financieras, geogr\u00e1ficas, pol\u00edticas y personales que les impiden continuar sus estudios.<\/p>\n<p>&nbsp;<\/p>\n<p>Nuestros programas de posgrado orientados a las carreras profesionales est\u00e1n dise\u00f1ados para preparar a los estudiantes para el \u00e9xito en los negocios, las tecnolog\u00edas de la informaci\u00f3n o la educaci\u00f3n.<\/p>\n\t\t\t\t<img decoding=\"async\" src=\"https:\/\/www.uopeople.edu\/wp-content\/uploads\/2022\/07\/fin2.jpg\" alt=\"fin2\" itemprop=\"image\" height=\"828\" width=\"1092\" title=\"fin2\" onerror=\"this.style.display='none'\" loading='lazy' \/>\n<h3>\n\t\t\tElegir a UoPeople es inteligente desde el punto de vista financiero\t<\/h3>\n\t\t\t\t\t<a href=\"#\"  id=\"fl-accordion--label-0\" tabindex=\"0\" aria-controls=\"fl-accordion--panel-0\">\u00a1Tenemos matr\u00edcula gratis!<\/a>\n\t\t\t\t\t\t\t\t\t\t\t<a href=\"#\" id=\"fl-accordion--icon-0\"  tabindex=\"0\"><i title=\"Collapse\">Collapse<\/i><\/a>\n\t\t\t\t\t<p>Los estudiantes ahorran miles de d\u00f3lares y evitan endeudarse con pr\u00e9stamos estudiantiles gracias a nuestras titulaciones con matr\u00edcula gratis. Para obtener m\u00e1s informaci\u00f3n sobre lo que significa ser una universidad con matr\u00edcula gratis, <a href=\"https:\/\/www.uopeople.edu\/es\/tuition-free\/what-is-tuition-free\/\">haz clic aqu\u00ed<\/a>.<\/p>\n<p>&nbsp;<\/p>\n<p>Como universidad con matr\u00edcula gratis, UoPeople no cobra a los estudiantes por la ense\u00f1anza de los cursos, los libros de texto ni ning\u00fan otro material did\u00e1ctico. Para ayudar a apoyar la misi\u00f3n de la Universidad, UoPeople cobra una cuota de postulaci\u00f3n de $ 60, y una cuota de evaluaci\u00f3n por curso realizado (hasta $ 400 para los cursos de los programas de posgrado). Para quienes no puedan pagar estas cuotas, existen becas disponibles.<\/p>\n<p>&nbsp;<\/p>\n<p>Los costos totales aproximados para obtener una maestr\u00eda en UoPeople son los siguientes:<\/p>\n<p>&nbsp;<\/p>\n<ul>\n<li aria-level=\"1\">El costo total de un MBA ser\u00e1 de $5460<\/li>\n<li aria-level=\"1\">El costo total de un MSIT ser\u00e1 de $5460<\/li>\n<li aria-level=\"1\">El costo total de un M. Ed. ser\u00e1 de $5260 (o m\u00e1s dependiendo de la especializaci\u00f3n que elijas).<\/li>\n<\/ul>\n<p>&nbsp;<\/p>\n<p>Nuestras cuotas nunca se cobran por adelantado ni de una sola vez. Los estudiantes pagan sus estudios curso por curso al final de cada per\u00edodo.<\/p>\n<p>Para leer m\u00e1s sobre nuestras cuotas, <a href=\"https:\/\/www.uopeople.edu\/es\/tuition-free\/processing-fees\/\">haz clic aqu\u00ed<\/a>.<\/p>\n<h3>\n\t\t\tRequisitos de admisi\u00f3n\t<\/h3>\n\t<p>Puedes presentar tu postulaci\u00f3n en l\u00ednea hoy mismo con unos sencillos pasos. Todo lo que tienes que hacer es llenar nuestro breve formulario de postulaci\u00f3n en l\u00ednea, elegir tu proceso de admisi\u00f3n, \u00a1y ya estar\u00e1s listo(a) para empezar a estudiar con nosotros!<\/p>\n<p>&nbsp;<\/p>\n<p>Para obtener m\u00e1s informaci\u00f3n sobre el proceso de solicitud, <a href=\"https:\/\/www.uopeople.edu\/es\/become-student\/admissions\/how-to-apply\/\" target=\"_blank\" rel=\"noopener\">haz clic aqu\u00ed<\/a>.<\/p>\n\t\t\t\t\t<a href=\"#\"  id=\"fl-accordion--label-0\" tabindex=\"0\" aria-controls=\"fl-accordion--panel-0\">Cursos preparatorios de UoPeople (cursos introductorios)<\/a>\n\t\t\t\t\t\t\t\t\t\t\t<a href=\"#\" id=\"fl-accordion--icon-0\"  tabindex=\"0\"><i title=\"Expand\">Expand<\/i><\/a>\n\t\t\t\t\t<p>Como estudiante de posgrado, comenzar\u00e1s tus estudios en UoPeople realizando los cursos preparatorios. Los cursos preparatorios de UoPeople proporcionan a los estudiantes una comprensi\u00f3n del m\u00e9todo \u00fanico de UoPeople y les permite evaluar si el aprendizaje en l\u00ednea es adecuado para ellos. Completar los cursos preparatorios de UoPeople es un requisito para todos los estudiantes de UoPeople. Una vez finalizados con \u00e9xito estos cursos, necesitar\u00e1s un certificado de finalizaci\u00f3n de la licenciatura para poder ser estudiante de nuestros programas de titulaciones.<\/p>\n<p>&nbsp;<\/p>\n<p>Para obtener m\u00e1s informaci\u00f3n sobre nuestros cursos preparatorios, <a href=\"https:\/\/www.uopeople.edu\/es\/become-student\/prepare-for-uopeople\/foundation-courses\/\">haz clic aqu\u00ed<\/a>.<\/p>\n\t\t<iframe width=\"560\" height=\"315\" src=\"https:\/\/www.youtube.com\/embed\/taYjdXCP5IU\" title=\"YouTube video player\" frameborder=\"0\" allow=\"accelerometer; autoplay; clipboard-write; encrypted-media; gyroscope; picture-in-picture\" allowfullscreen><\/iframe>\t\n\t\t\t\t<img decoding=\"async\" src=\"https:\/\/www.uopeople.edu\/wp-content\/uploads\/2022\/07\/graduate.jpg\" alt=\"graduate\" itemprop=\"image\" height=\"828\" width=\"1092\" title=\"graduate\" onerror=\"this.style.display='none'\" loading='lazy' \/>\n<h3>\n\t\t\tNuestros programas de posgrado\t<\/h3>\n\t<p>Ofrecemos los siguientes programas:<\/p>\n<ul>\n<li aria-level=\"1\">Maestr\u00eda en Administraci\u00f3n de Empresas (MBA)<\/li>\n<li aria-level=\"1\">Maestr\u00eda en Educaci\u00f3n en Ense\u00f1anza Avanzada (M. Ed.)<\/li>\n<li aria-level=\"1\">Maestr\u00eda en Ciencias en Tecnolog\u00edas de la Informaci\u00f3n (MSIT)<\/li>\n<\/ul>\n<p>&nbsp;<\/p>\n<p>*Si te interesan nuestros programas de pregrado, consulta nuestra p\u00e1gina de <a href=\"https:\/\/www.uopeople.edu\/es\/become-student\/admissions\/undergraduate-admission\/\">Admisiones de pregrado<\/a>.<\/p>\n<p>&nbsp;<\/p>\n<p>\u00bfTienes m\u00e1s preguntas? Visita nuestra <a href=\"https:\/\/www.uopeople.edu\/faq\/\">p\u00e1gina de preguntas frecuentes<\/a> o chatea con nuestro bot, Michelle.<\/p>\n<h2><span class=\"ez-toc-section\" id=\"%C2%BFTodo_listo_para_unirse_a_la_primera_universidad_acreditada_gratuita_y_100_en_linea_del_mundo\"><\/span>\n\t\t\t\u00bfTodo listo para unirse a la primera universidad acreditada, gratuita y 100 % en l\u00ednea del mundo?\t<span class=\"ez-toc-section-end\"><\/span><\/h2>\n\t\t\t<a href=\"https:\/\/apply.uopeople.edu\/\" target=\"_blank\" rel=\"noopener\">\n\t\t\t\t\t\t\tPost\u00falate\n\t\t\t\t\t<\/a>\n\n","protected":false},"excerpt":{"rendered":"<p>Admisi\u00f3n de posgrado \u00bfPor qu\u00e9 elegir UoPeople? Finanzas Requisitos de admisi\u00f3n Programas \u00bfPor qu\u00e9 elegir UoPeople? University of the People (UoPeople) es la revoluci\u00f3n de la educaci\u00f3n. Somos la primera universidad estadounidense en l\u00ednea acreditada, con matr\u00edcula gratis y sin \u00e1nimo de lucro. Dedicada a abrir el acceso a la educaci\u00f3n superior en todo el&hellip;<\/p>\n","protected":false},"author":15,"featured_media":0,"parent":25244,"menu_order":0,"comment_status":"closed","ping_status":"closed","template":"","meta":{"_acf_changed":true,"inline_featured_image":false,"footnotes":""},"class_list":["post-30065","page","type-page","status-publish","hentry"],"acf":[],"_links":{"self":[{"href":"https:\/\/www.uopeople.edu\/es\/wp-json\/wp\/v2\/pages\/30065","targetHints":{"allow":["GET"]}}],"collection":[{"href":"https:\/\/www.uopeople.edu\/es\/wp-json\/wp\/v2\/pages"}],"about":[{"href":"https:\/\/www.uopeople.edu\/es\/wp-json\/wp\/v2\/types\/page"}],"author":[{"embeddable":true,"href":"https:\/\/www.uopeople.edu\/es\/wp-json\/wp\/v2\/users\/15"}],"replies":[{"embeddable":true,"href":"https:\/\/www.uopeople.edu\/es\/wp-json\/wp\/v2\/comments?post=30065"}],"version-history":[{"count":0,"href":"https:\/\/www.uopeople.edu\/es\/wp-json\/wp\/v2\/pages\/30065\/revisions"}],"up":[{"embeddable":true,"href":"https:\/\/www.uopeople.edu\/es\/wp-json\/wp\/v2\/pages\/25244"}],"wp:attachment":[{"href":"https:\/\/www.uopeople.edu\/es\/wp-json\/wp\/v2\/media?parent=30065"}],"curies":[{"name":"wp","href":"https:\/\/api.w.org\/{rel}","templated":true}]}}