{"id":27160,"date":"2024-08-13T13:26:31","date_gmt":"2024-08-13T13:26:31","guid":{"rendered":"https:\/\/universitopstg.wpengine.com\/aboutus\/uopeople\/hoja-informativa-de-uopeople\/"},"modified":"2024-12-16T13:22:23","modified_gmt":"2024-12-16T13:22:23","slug":"uopeople-factsheet","status":"publish","type":"page","link":"https:\/\/www.uopeople.edu\/es\/about\/uopeople\/uopeople-factsheet\/","title":{"rendered":"Hoja informativa de UoPeople"},"content":{"rendered":"\n<h1><span class=\"ez-toc-section\" id=\"HOJA_INFORMATIVA_DE_UOPEOPLE\"><\/span>\n\t\tHOJA INFORMATIVA DE UOPEOPLE\n\t<span class=\"ez-toc-section-end\"><\/span><\/h1>\n<h2><span class=\"ez-toc-section\" id=\"Vista_general\"><\/span>\n\t\tVista general\n\t<span class=\"ez-toc-section-end\"><\/span><\/h2>\n\t<p>En University of the People la misi\u00f3n es ofrecer una educaci\u00f3n accesible y de alta calidad a cualquier estudiante cualificado a trav\u00e9s de programas flexibles, asequibles, en l\u00ednea y autorizados para otorgar t\u00edtulos que den a los graduados la posibilidad de llevar una vida exitosa y realizarse como individuos y miembros de la sociedad.<\/p>\n\t\t\t\t<img decoding=\"async\" src=\"https:\/\/www.uopeople.edu\/wp-content\/uploads\/2022\/09\/Group-2241.svg\" alt=\"Group 2241\" itemprop=\"image\" height=\"103\" width=\"207\" title=\"Group 2241\" onerror=\"this.style.display='none'\"  \/>\n\t\t200+\n\t<p>Pa\u00edses y territorios<\/p>\n\t\t\t\t<img decoding=\"async\" src=\"https:\/\/www.uopeople.edu\/wp-content\/uploads\/2022\/09\/Group-2242.svg\" alt=\"Group 2242\" itemprop=\"image\" height=\"96\" width=\"188\" title=\"Group 2242\" onerror=\"this.style.display='none'\"  \/>\n\t\t152,000+\n\t<p>Estudiantes en total<\/p>\n\t\t\t\t<img decoding=\"async\" src=\"https:\/\/www.uopeople.edu\/wp-content\/uploads\/2022\/10\/Refugee-3.svg\" alt=\"Refugee 3\" itemprop=\"image\" height=\"122\" width=\"112\" title=\"Refugee 3\" onerror=\"this.style.display='none'\"  \/>\n\t\t18,800+\n\t<p>Estudiantes son refugiados<\/p>\n\t\t\t\t<img decoding=\"async\" src=\"https:\/\/www.uopeople.edu\/wp-content\/uploads\/2022\/09\/customer-care-icon.svg\" alt=\"customer care icon\" itemprop=\"image\" height=\"101\" width=\"134\" title=\"customer care icon\" onerror=\"this.style.display='none'\"  \/>\n\t\t90%\n\t<p>Tasa de retenci\u00f3n<\/p>\n\t<p><em>*Las estad\u00edsticas proporcionadas aqu\u00ed reflejan los datos del primer d\u00eda del A\u00f1o Academico 2025, a partir del 6 de septiembre 2024.<\/em><\/p>\n<h2><span class=\"ez-toc-section\" id=\"Datos_demograficos_de_los_estudiantes\"><\/span>\n\t\tDatos demogr\u00e1ficos de los estudiantes\n\t<span class=\"ez-toc-section-end\"><\/span><\/h2>\n<h3>\n\t\tNuestros estudiantes\n\t<\/h3>\n\t<p>Nuestros estudiantes son una mezcla incre\u00edble de personas apasionadas y dedicadas de todo el mundo. La mayor\u00eda son adultos que trabajan, muchos de los cuales tambi\u00e9n est\u00e1n criando familias mientras estudian.<\/p>\n\t\t\t\t<img decoding=\"async\" src=\"https:\/\/www.uopeople.edu\/wp-content\/uploads\/2022\/09\/happy-baby.svg\" alt=\"happy-baby\" itemprop=\"image\" height=\"62\" width=\"75\" title=\"happy-baby\" onerror=\"this.style.display='none'\"  \/>\n\t\t61%\n\tde los estudiantes tienen<br \/>\nhijos\n\t\t\t\t<img decoding=\"async\" src=\"https:\/\/www.uopeople.edu\/wp-content\/uploads\/2022\/09\/sign-language.svg\" alt=\"sign-language\" itemprop=\"image\" height=\"62\" width=\"64\" title=\"sign-language\" onerror=\"this.style.display='none'\"  \/>\n\t\t50%\n\tde los estudiantes son<br \/>\nestudiantes universitarios<br \/>\nde primera generaci\u00f3n\n\t<em>*Fuente: Encuesta de datos demogr\u00e1ficos estudiantiles, pregunta: \u00bfTiene hijos? A\u00f1o Academico 2024, total de encuestados: 3400<br \/>\nEncuesta de datos demogr\u00e1ficos estudiantiles, pregunta: \u00bfCu\u00e1l es el nivel educativo m\u00e1s alto que haya concluido (al menos uno de) tus padres?, A\u00f1o Academico 2024, total de encuestados: 3000<\/em>\n<h4>\n\t\tEstudiantes por programa\n\t<\/h4>\n\t\t\t\t<a href=\"https:\/\/www.uopeople.edu\/wp-content\/uploads\/2024\/11\/spanish-students-by-program-all-students.jpg\" target=\"_self\" itemprop=\"url\" rel=\"noopener\">\n\t\t\t\t<img decoding=\"async\" src=\"https:\/\/www.uopeople.edu\/wp-content\/uploads\/2024\/11\/spanish-students-by-program-all-students.jpg\" alt=\"Spanish Students by program_All students\" itemprop=\"image\" height=\"420\" width=\"1050\" height=\"420\" width=\"1050\" height=\"420\" width=\"1050\" title=\"Spanish Students by program_All students\" onerror=\"this.style.display='none'\"  \/>\n\t\t\t\t<\/a>\n\t<em>Todos los estudiantes activos en un termino\u00a0cuyo estado de actividad en el per\u00edodo no es igual a \u00abYa no es estudiante\u00bb.<br \/>\nDSS: estudiante de titulaci\u00f3n (o estudiante que desea obtener un t\u00edtulo) es un estudiante que est\u00e1 inscrito en un programa de titulaci\u00f3n. <\/em>\n\t\t\t\t<a href=\"https:\/\/www.uopeople.edu\/wp-content\/uploads\/2024\/11\/spanish-students-by-program-dss-students.jpg\" target=\"_self\" itemprop=\"url\" rel=\"noopener\">\n\t\t\t\t<img decoding=\"async\" src=\"https:\/\/www.uopeople.edu\/wp-content\/uploads\/2024\/11\/spanish-students-by-program-dss-students.jpg\" alt=\"Spanish Students by program_DSS students\" itemprop=\"image\" height=\"420\" width=\"1050\" height=\"420\" width=\"1050\" height=\"420\" width=\"1050\" title=\"Spanish Students by program_DSS students\" onerror=\"this.style.display='none'\"  \/>\n\t\t\t\t<\/a>\n<h3>\n\t\tDesglose de diversidad\n\t<\/h3>\n\t\t\t\t<a href=\"https:\/\/www.uopeople.edu\/wp-content\/uploads\/2024\/11\/spanish-demographics-race-ay2025day1.jpg\" target=\"_self\" itemprop=\"url\" rel=\"noopener\">\n\t\t\t\t<img decoding=\"async\" src=\"https:\/\/www.uopeople.edu\/wp-content\/uploads\/2024\/11\/spanish-demographics-race-ay2025day1.jpg\" alt=\"Spanish Demographics_Race_AY2025Day1\" itemprop=\"image\" height=\"460\" width=\"580\" height=\"460\" width=\"580\" height=\"460\" width=\"580\" height=\"460\" width=\"580\" title=\"Spanish Demographics_Race_AY2025Day1\" onerror=\"this.style.display='none'\"  \/>\n\t\t\t\t<\/a>\n\t<p>Fuente: Encuesta de datos demogr\u00e1ficos estudiantiles, A\u00f1o Academico 2023. Solo estudiantes de Estados Unidos. Total de encuestados: 12 000<\/p>\n\t\t\t\t<a href=\"https:\/\/www.uopeople.edu\/wp-content\/uploads\/2024\/11\/spanish-demographics-ethnicity-ay2025day1.jpg\" target=\"_self\" itemprop=\"url\" rel=\"noopener\">\n\t\t\t\t<img decoding=\"async\" src=\"https:\/\/www.uopeople.edu\/wp-content\/uploads\/2024\/11\/spanish-demographics-ethnicity-ay2025day1.jpg\" alt=\"Spanish Demographics_Ethnicity_AY2025Day1\" itemprop=\"image\" height=\"460\" width=\"580\" height=\"460\" width=\"580\" height=\"460\" width=\"580\" height=\"460\" width=\"580\" title=\"Spanish Demographics_Ethnicity_AY2025Day1\" onerror=\"this.style.display='none'\"  \/>\n\t\t\t\t<\/a>\n<h2><span class=\"ez-toc-section\" id=\"Tasas_de_retencion\"><\/span>\n\t\tTasas de retenci\u00f3n\n\t<span class=\"ez-toc-section-end\"><\/span><\/h2>\n\t<p>La evaluacion continua es una parte clave de entender \u00f3mo podemos apoyar mejor a nuestros estudiantes y ayudarlos a superar los desaf\u00edos que enfrentan. Tambi\u00e9n nos ayuda a identificar las medidas que funcionan al ver las mejoras a lo largo del tiempo, lo cual queda demostrado en nuestras tasas de retenci\u00f3n.<\/p>\n<h5>\n\t\tTasas de retenci\u00f3n por nivel de programa\n\t<\/h5>\n\t\t\t\t<a href=\"https:\/\/www.uopeople.edu\/wp-content\/uploads\/2024\/11\/spanish-retention-line-graphs-program-level.jpg\" target=\"_self\" itemprop=\"url\" rel=\"noopener\">\n\t\t\t\t<img decoding=\"async\" src=\"https:\/\/www.uopeople.edu\/wp-content\/uploads\/2024\/11\/spanish-retention-line-graphs-program-level.jpg\" alt=\"Spanish Retention Line Graphs_Program Level\" itemprop=\"image\" height=\"530\" width=\"1050\" height=\"530\" width=\"1050\" height=\"530\" width=\"1050\" title=\"Spanish Retention Line Graphs_Program Level\" onerror=\"this.style.display='none'\"  \/>\n\t\t\t\t<\/a>\n\t<em>*Tasas de retenci\u00f3n de primer a segundo a\u00f1o de estudiantes que buscan un t\u00edtulo (DSS)<br \/>\nEn funci\u00f3n del primer termino\u00a0de los estudiantes DSS en el programa DSS, los estudiantes se agrupan en funci\u00f3n de si estaban matriculados\/en espera el d\u00eda uno de un a\u00f1o acad\u00e9mico siguiente o no. Se calcula un porcentaje promedio para cada a\u00f1o acad\u00e9mico. (Se excluyen los estudiantes de Ingl\u00e9s como Segunda Lengua (ESL) y certificados.)<\/em>\n\t<p>Las siguientes tablas muestran el n\u00famero total de estudiantes que buscan un t\u00edtulo de cada grupo que ha pasado a su segundo a\u00f1o, por programa.<\/p>\n<h5>\n\t\tMaestr\u00eda\n\t<\/h5>\n\t\t\t\t<a href=\"https:\/\/www.uopeople.edu\/wp-content\/uploads\/2024\/11\/spanish-retention-tables3.jpg\" target=\"_self\" itemprop=\"url\" rel=\"noopener\">\n\t\t\t\t<img decoding=\"async\" src=\"https:\/\/www.uopeople.edu\/wp-content\/uploads\/2024\/11\/spanish-retention-tables3.jpg\" alt=\"Spanish Retention Tables3\" itemprop=\"image\" height=\"378\" width=\"1050\" height=\"378\" width=\"1050\" height=\"378\" width=\"1050\" title=\"Spanish Retention Tables3\" onerror=\"this.style.display='none'\"  \/>\n\t\t\t\t<\/a>\n<h5>\n\t\tLicenciatura\n\t<\/h5>\n\t\t\t\t<a href=\"https:\/\/www.uopeople.edu\/wp-content\/uploads\/2024\/11\/spanish-retention-tables2.jpg\" target=\"_self\" itemprop=\"url\" rel=\"noopener\">\n\t\t\t\t<img decoding=\"async\" src=\"https:\/\/www.uopeople.edu\/wp-content\/uploads\/2024\/11\/spanish-retention-tables2.jpg\" alt=\"Spanish Retention Tables2\" itemprop=\"image\" height=\"378\" width=\"1050\" height=\"378\" width=\"1050\" height=\"378\" width=\"1050\" title=\"Spanish Retention Tables2\" onerror=\"this.style.display='none'\"  \/>\n\t\t\t\t<\/a>\n<h5>\n\t\tGrado t\u00e9cnico\n\t<\/h5>\n\t\t\t\t<a href=\"https:\/\/www.uopeople.edu\/wp-content\/uploads\/2024\/11\/spanish-retention-tables.jpg\" target=\"_self\" itemprop=\"url\" rel=\"noopener\">\n\t\t\t\t<img decoding=\"async\" src=\"https:\/\/www.uopeople.edu\/wp-content\/uploads\/2024\/11\/spanish-retention-tables.jpg\" alt=\"Spanish Retention Tables\" itemprop=\"image\" height=\"378\" width=\"1050\" height=\"378\" width=\"1050\" height=\"378\" width=\"1050\" title=\"Spanish Retention Tables\" onerror=\"this.style.display='none'\"  \/>\n\t\t\t\t<\/a>\n<h2><span class=\"ez-toc-section\" id=\"Tasas_de_graduacion\"><\/span>\n\t\tTasas de graduaci\u00f3n\n\t<span class=\"ez-toc-section-end\"><\/span><\/h2>\n\t<p>Miles de estudiantes se han graduado de UoPeople y est\u00e1n usando lo que han aprendido para desarrollar carreras prometedoras. Estamos orgullosos de nuestros graduados y de poder prepararlos para tener \u00e9xito en el mundo real.<\/p>\n\t\t\t39%\n\t<p>Tasa de graduaci\u00f3n hist\u00f3rica<\/p>\n\t<p>Nuestra <i>tasa de graduaci\u00f3n hist\u00f3rica <\/i>mide el porcentaje de estudiantes de nuestros programas de titulaci\u00f3n que se han graduado con \u00e9xito de UoPeople. A continuaci\u00f3n se muestran las tasas de graduaci\u00f3n de todos los estudiantes que buscan un t\u00edtulo, en cada nivel de titulacion.<\/p>\n<h5>\n\t\tEstudiantes de maestr\u00edas\n\t<\/h5>\n\t\t\t\t<a href=\"https:\/\/www.uopeople.edu\/wp-content\/uploads\/2024\/11\/spanish-masters-garduation-rates4.jpg\" target=\"_self\" itemprop=\"url\" rel=\"noopener\">\n\t\t\t\t<img decoding=\"async\" src=\"https:\/\/www.uopeople.edu\/wp-content\/uploads\/2024\/11\/spanish-masters-garduation-rates4.jpg\" alt=\"Spanish Masters Garduation Rates4\" itemprop=\"image\" height=\"530\" width=\"1050\" height=\"530\" width=\"1050\" height=\"530\" width=\"1050\" title=\"Spanish Masters Garduation Rates4\" onerror=\"this.style.display='none'\"  \/>\n\t\t\t\t<\/a>\n<h5>\n\t\tEstudiantes de licenciaturas \n\t<\/h5>\n\t\t\t\t<a href=\"https:\/\/www.uopeople.edu\/wp-content\/uploads\/2024\/11\/spanish-bachelors-garduation-rates3.jpg\" target=\"_self\" itemprop=\"url\" rel=\"noopener\">\n\t\t\t\t<img decoding=\"async\" src=\"https:\/\/www.uopeople.edu\/wp-content\/uploads\/2024\/11\/spanish-bachelors-garduation-rates3.jpg\" alt=\"Spanish Bachelors Garduation Rates3\" itemprop=\"image\" height=\"530\" width=\"1050\" height=\"530\" width=\"1050\" height=\"530\" width=\"1050\" title=\"Spanish Bachelors Garduation Rates3\" onerror=\"this.style.display='none'\"  \/>\n\t\t\t\t<\/a>\n<h5>\n\t\tEstudiantes de grados t\u00e9cnicos \n\t<\/h5>\n\t\t\t\t<a href=\"https:\/\/www.uopeople.edu\/wp-content\/uploads\/2024\/11\/spanish-associate-garduation-rates2.jpg\" target=\"_self\" itemprop=\"url\" rel=\"noopener\">\n\t\t\t\t<img decoding=\"async\" src=\"https:\/\/www.uopeople.edu\/wp-content\/uploads\/2024\/11\/spanish-associate-garduation-rates2.jpg\" alt=\"Spanish Associate Garduation Rates2\" itemprop=\"image\" height=\"530\" width=\"1050\" height=\"530\" width=\"1050\" height=\"530\" width=\"1050\" title=\"Spanish Associate Garduation Rates2\" onerror=\"this.style.display='none'\"  \/>\n\t\t\t\t<\/a>\n<h5>\n\t\tTodos los estudiantes que buscan un t\u00edtulo\n\t<\/h5>\n\t\t\t\t<a href=\"https:\/\/www.uopeople.edu\/wp-content\/uploads\/2024\/11\/spanish-all-garduation-rates.jpg\" target=\"_self\" itemprop=\"url\" rel=\"noopener\">\n\t\t\t\t<img decoding=\"async\" src=\"https:\/\/www.uopeople.edu\/wp-content\/uploads\/2024\/11\/spanish-all-garduation-rates.jpg\" alt=\"Spanish All Garduation Rates\" itemprop=\"image\" height=\"530\" width=\"1050\" height=\"530\" width=\"1050\" height=\"530\" width=\"1050\" title=\"Spanish All Garduation Rates\" onerror=\"this.style.display='none'\"  \/>\n\t\t\t\t<\/a>\n\t<p><em>*Fuente: estudiantes inscritos en cursos como DSS de por primera vez (a partir de la Semana 5) en todos los programas.<\/em><\/p>\n<h2><span class=\"ez-toc-section\" id=\"Satisfaccion_de_los_estudiantes\"><\/span>\n\t\tSatisfacci\u00f3n de los estudiantes\n\t<span class=\"ez-toc-section-end\"><\/span><\/h2>\n\t<p>Ponemos un fuerte \u00e9nfasis en la experiencia de los estudiantes y la mejora continua. Como parte de esta misi\u00f3n, cada a\u00f1o acad\u00e9mico hacemos una encuesta detallada a estudiantes y exalumnos para capturar impresiones y comentarios de nuestro diverso grupo de alumnos.<\/p>\n\t\t\t\t<img decoding=\"async\" src=\"https:\/\/www.uopeople.edu\/wp-content\/uploads\/2022\/09\/flag-diagonal-33.svg\" alt=\"flag-diagonal-33\" itemprop=\"image\" height=\"62\" width=\"59\" title=\"flag-diagonal-33\" onerror=\"this.style.display='none'\"  \/>\n\t\t92%\n\tde los estudiantes estan<br \/>\norgullosos de estudiar<br \/>\nen UoPeople\n\t\t\t\t<img decoding=\"async\" src=\"https:\/\/www.uopeople.edu\/wp-content\/uploads\/2022\/09\/thumb-up.svg\" alt=\"thumb-up\" itemprop=\"image\" height=\"62\" width=\"64\" title=\"thumb-up\" onerror=\"this.style.display='none'\"  \/>\n\t\t92%\n\tde exalumnos<br \/>\nrecomendarian\u00a0UoPeople<br \/>\na un amigo\n\t\t\t\t<img decoding=\"async\" src=\"https:\/\/www.uopeople.edu\/wp-content\/uploads\/2022\/09\/trophy.svg\" alt=\"trophy\" itemprop=\"image\" height=\"62\" width=\"59\" title=\"trophy\" onerror=\"this.style.display='none'\"  \/>\n\t\t95%\n\tde los estudiantes dicen\u00a0que sienten<br \/>\nuna sensaci\u00f3n de logro personal\n\t\t\t90%\n\tde los estudiantes creen\u00a0que sus<br \/>\ninstructores los ayudan<br \/>\ny apoyan\n\t\t\t93%\n\tde los estudiantes dicen\u00a0que<br \/>\nse les ense\u00f1aron habilidades y conocimientos centrados en su<br \/>\ncarrera profesional\n\t\t\t95%\n\tde los estudiantes creen que reciben<br \/>\nun trato respetuoso\n\t\t\t88%\n\t<p>de los exalumnos creen que UoPeople los prepar\u00f3 para su carrera actual<\/p>\n\t\t\t74%\n\tde los exalumnos tienen<br \/>\nempleo\n\t\t\t56%\n\tson ejecutivos o<br \/>\ngerentes\n\t<em>Fuentes:<\/em><br \/>\n<em>Encuesta de estudiantes y exalumnos. A\u00f1o Academico 2023, total de encuestados: 3337<\/em><br \/>\n<em>Encuesta de experiencia estudiantil, A\u00f1o Academico 2024<\/em><br \/>\n<em>Total de encuestados: 12 258<\/em>\n<h2><span class=\"ez-toc-section\" id=\"Informes_detallados\"><\/span>\n\t\tInformes detallados\n\t<span class=\"ez-toc-section-end\"><\/span><\/h2>\n\t<p>Aqu\u00ed ofrecemos nuestros datos del Sistema integrado de datos sobre educaci\u00f3n postsecundaria (IPEDS, en ingl\u00e9s), que aumentamos con nuestras propias definiciones en otras partes de este sitio web para reflejar con mayor precisi\u00f3n la experiencia de nuestro alumnado. Tambi\u00e9n compartimos nuestra estrategia y an\u00e1lisis de evaluaci\u00f3n de resultados educativos de los estudiantes. Por \u00faltimo, compartimos los resultados de nuestro Informe de evaluaci\u00f3n del programa academico.<\/p>\n\t\t\t<a href=\"https:\/\/nces.ed.gov\/ipeds\/datacenter\/institutionprofile.aspx?unitId=488846&#038;goToReportId=6\" target=\"_blank\" rel=\"noopener\">\n\t\t\t\t\t\t\tInforme IPEDS de UoPeople\n\t\t\t\t\t<\/a>\n\t\t\t<a href=\"https:\/\/www.uopeople.edu\/wp-content\/uploads\/2022\/10\/uopeople-student-learning-outcomes-assessment-stratergy.pdf\" target=\"_blank\" rel=\"noopener\">\n\t\t\t\t\t\t\tEvaluaci\u00f3n de la estrategia de resultados educativos de los estudiantes de UoPeople\n\t\t\t\t\t<\/a>\n\t\t\t<a href=\"https:\/\/www.uopeople.edu\/wp-content\/uploads\/2024\/08\/student-learning-outcomes.pdf\" target=\"_blank\" rel=\"noopener\">\n\t\t\t\t\t\t\tResultados educativos de los estudiantes\n\t\t\t\t\t<\/a>\n\t\t\t<a href=\"https:\/\/www.uopeople.edu\/wp-content\/uploads\/2024\/08\/program-assesment-report.pdf\" target=\"_blank\" rel=\"noopener\">\n\t\t\t\t\t\t\tInforme de la evaluaci\u00f3n del PROGRAMA ACADEMICO \n\t\t\t\t\t<\/a>\n<h2><span class=\"ez-toc-section\" id=\"%C2%BFTodo_listo_para_unirse_a_la_primera_universidad_acreditada_gratuita_y_100_en_linea_del_mundo\"><\/span>\n\t\t\u00bfTodo listo para unirse a la primera universidad acreditada, gratuita y 100 % en l\u00ednea del mundo?\n\t<span class=\"ez-toc-section-end\"><\/span><\/h2>\n\t\t\t<a href=\"https:\/\/apply.uopeople.edu\/\" target=\"_blank\" rel=\"noopener\">\n\t\t\t\t\t\t\tPost\u00falate\n\t\t\t\t\t<\/a>\n\n","protected":false},"excerpt":{"rendered":"<p>HOJA INFORMATIVA DE UOPEOPLE Vista general En University of the People la misi\u00f3n es ofrecer una educaci\u00f3n accesible y de alta calidad a cualquier estudiante cualificado a trav\u00e9s de programas flexibles, asequibles, en l\u00ednea y autorizados para otorgar t\u00edtulos que den a los graduados la posibilidad de llevar una vida exitosa y realizarse como individuos&hellip;<\/p>\n","protected":false},"author":16,"featured_media":0,"parent":27113,"menu_order":0,"comment_status":"closed","ping_status":"closed","template":"","meta":{"_acf_changed":true,"inline_featured_image":false,"footnotes":""},"class_list":["post-27160","page","type-page","status-publish","hentry"],"acf":[],"_links":{"self":[{"href":"https:\/\/www.uopeople.edu\/es\/wp-json\/wp\/v2\/pages\/27160","targetHints":{"allow":["GET"]}}],"collection":[{"href":"https:\/\/www.uopeople.edu\/es\/wp-json\/wp\/v2\/pages"}],"about":[{"href":"https:\/\/www.uopeople.edu\/es\/wp-json\/wp\/v2\/types\/page"}],"author":[{"embeddable":true,"href":"https:\/\/www.uopeople.edu\/es\/wp-json\/wp\/v2\/users\/16"}],"replies":[{"embeddable":true,"href":"https:\/\/www.uopeople.edu\/es\/wp-json\/wp\/v2\/comments?post=27160"}],"version-history":[{"count":0,"href":"https:\/\/www.uopeople.edu\/es\/wp-json\/wp\/v2\/pages\/27160\/revisions"}],"up":[{"embeddable":true,"href":"https:\/\/www.uopeople.edu\/es\/wp-json\/wp\/v2\/pages\/27113"}],"wp:attachment":[{"href":"https:\/\/www.uopeople.edu\/es\/wp-json\/wp\/v2\/media?parent=27160"}],"curies":[{"name":"wp","href":"https:\/\/api.w.org\/{rel}","templated":true}]}}