{"id":26230,"date":"2022-04-28T14:59:20","date_gmt":"2022-04-28T14:59:20","guid":{"rendered":"https:\/\/universitopstg.wpengine.com\/programs\/tecnicatura\/"},"modified":"2025-03-18T07:31:52","modified_gmt":"2025-03-18T07:31:52","slug":"online-associates","status":"publish","type":"page","link":"https:\/\/www.uopeople.edu\/es\/programs\/online-associates\/","title":{"rendered":"Tecnicatura"},"content":{"rendered":"\n<h1><span class=\"ez-toc-section\" id=\"Tecnicatura\"><\/span>\n\t\tTecnicatura\n\t<span class=\"ez-toc-section-end\"><\/span><\/h1>\n\t<p>Adquiere los conocimientos b\u00e1sicos que buscan los empresarios para salir adelante en un mercado laboral competitivo.<\/p>\n\t\t\t<a href=\"https:\/\/apply.uopeople.edu\/\" target=\"_blank\" rel=\"noopener\">\n\t\t\t\t\t\t\tPost\u00falate ahora\n\t\t\t\t\t<\/a>\n\t\t\t\t<img decoding=\"async\" src=\"https:\/\/www.uopeople.edu\/wp-content\/uploads\/2022\/07\/shemresized.jpg\" alt=\"Shem S. Business Administration Philippines\" itemprop=\"image\" height=\"1150\" width=\"1092\" title=\"shem(resized)\" onerror=\"this.style.display='none'\"  \/>\n\t<p><strong>Shem S.<\/strong><\/p>\n<p>Administraci\u00f3n de Empresas<\/p>\n<p>Filipinas<\/p>\n<h2><span class=\"ez-toc-section\" id=\"Administracion_de_Empresas\"><\/span>\n\t\tAdministraci\u00f3n de Empresas\n\t<span class=\"ez-toc-section-end\"><\/span><\/h2>\n\t<p>Nuestra tecnicatura en l\u00ednea de Ciencias es un programa de titulaci\u00f3n de 20 cursos que te brinda una comprensi\u00f3n completa de los principios del sector y su aplicaci\u00f3n en el campo. Los estudiantes a tiempo completo pueden completar el programa en dos a\u00f1os.<\/p>\n\t\t\t Codirigir proyectos de colaboraci\u00f3n utilizando habilidades de creaci\u00f3n de equipos.\t\t\n\t\t\t Obtener una amplia comprensi\u00f3n de las diversas \u00e1reas de negocio\t\t\n\t\t\t Utilice los datos para analizar los problemas empresariales y aportar soluciones\t\t\n\t\t\t<a href=\"https:\/\/www.uopeople.edu\/es\/programs\/online-associates\/business-administration\/\" target=\"_self\" rel=\"noopener\">\n\t\t\t\t\t\t\tM\u00e1s informaci\u00f3n\n\t\t\t\t\t<\/a>\n<h2><span class=\"ez-toc-section\" id=\"Ciencias_de_la_Informatica\"><\/span>\n\t\tCiencias de la Inform\u00e1tica\n\t<span class=\"ez-toc-section-end\"><\/span><\/h2>\n\t<p>Nuestra tecnicatura en l\u00ednea de Ciencias de la Inform\u00e1tica es un programa de titulaci\u00f3n de 20 cursos que te brinda una comprensi\u00f3n completa de los principios del sector y su aplicaci\u00f3n en el campo. Los estudiantes a tiempo completo pueden completar el programa en dos a\u00f1os.<\/p>\n\t\t\t Crear modelos conceptuales de hardware inform\u00e1tico\t\t\n\t\t\t Desarrollar un profundo conocimiento esencial de la inform\u00e1tica\t\t\n\t\t\t Identificar problemas complejos y crear soluciones innovadoras\t\t\n\t\t\t<a href=\"https:\/\/www.uopeople.edu\/es\/programs\/online-associates\/computer-science\/\" target=\"_self\" rel=\"noopener\">\n\t\t\t\t\t\t\tM\u00e1s informaci\u00f3n\n\t\t\t\t\t<\/a>\n\t\t\t\t<img decoding=\"async\" src=\"https:\/\/www.uopeople.edu\/wp-content\/uploads\/2022\/07\/Yahaya2.jpg\" alt=\"Yahaya2\" itemprop=\"image\" height=\"1150\" width=\"1092\" title=\"Yahaya2\" onerror=\"this.style.display='none'\"  \/>\n\t<p><strong>Yahaya K.<\/strong><\/p>\n<p>Ciencias de la Inform\u00e1tica<\/p>\n<p>Nigeria<\/p>\n\t\t\t\t<img decoding=\"async\" src=\"https:\/\/www.uopeople.edu\/wp-content\/uploads\/2023\/04\/maame.webp\" alt=\"Maame S.\" itemprop=\"image\" height=\"1150\" width=\"1092\" title=\"Maame S.\" onerror=\"this.style.display='none'\"  \/>\n\t<p><strong>Maame S.<\/strong><\/p>\n<p>Ciencias de la Salud<\/p>\n<p>Estados Unidos<\/p>\n<h2><span class=\"ez-toc-section\" id=\"Ciencias_de_la_Salud\"><\/span>\n\t\tCiencias de la Salud\n\t<span class=\"ez-toc-section-end\"><\/span><\/h2>\n\t<p>Nuestra tecnicatura en Ciencias de la Salud es un programa de titulaci\u00f3n de 19 cursos, que proporciona una comprensi\u00f3n integral de los principios y normas de salud del sector. Los estudiantes a tiempo completo pueden completar el programa en dos a\u00f1os.<\/p>\n\t\t\t Interpretar informaci\u00f3n y datos de salud mundial\t\t\n\t\t\t Adquirir una visi\u00f3n hol\u00edstica de la salud, la salud mental y la psicolog\u00eda\t\t\n\t\t\t Explorar las conexiones entre la sociedad y el bienestar\t\t\n\t\t\t<a href=\"https:\/\/www.uopeople.edu\/es\/programs\/online-associates\/health-science\/\" target=\"_self\" rel=\"noopener\">\n\t\t\t\t\t\t\tM\u00e1s informaci\u00f3n\n\t\t\t\t\t<\/a>\n                    <h3>PREGUNTAS FRECUENTES QUE NOS HACEN LOS ESTUDIANTES<\/h3>\n                    Preguntas sobre nuestros programas acad\u00e9micos ofrecidos en UoPeople\n                    <a href=\"https:\/\/www.uopeople.edu\/faq\/\" target=\"_self\" rel=\"noopener\">Ver todo<\/a>\n                <!--accordion start -->\n                            <a data-toggle=\"collapse\" data-parent=\"#FaqsWithoutFilters-accordionID\" href=\"#xcollapse0\" aria-expanded=\"false\" aria-controls=\"xcollapse0\">\n                                            <h4>\u00bfSe aceptan estudiantes internacionales en UoPeople?<\/h4>\n                            <\/a>\n                                \n<p>\u00a1Por supuesto! UoPeople cuenta con estudiantes de m\u00e1s de 200 pa\u00edses y territorios.<\/p>\n\n                            <a data-toggle=\"collapse\" data-parent=\"#FaqsWithoutFilters-accordionID\" href=\"#xcollapse1\" aria-expanded=\"false\" aria-controls=\"xcollapse1\">\n                                            <h4>\u00bfQu\u00e9 es el aprendizaje asincr\u00f3nico?\u00a0<\/h4>\n                            <\/a>\n                                \n<p>El aprendizaje asincr\u00f3nico le permite aprender a su propio ritmo. A trav\u00e9s del campus en l\u00ednea de UoPeople tendr\u00e1 acceso a tareas, clases y otros materiales did\u00e1cticos. En UoPeople no hay clases en directo ni horarios fijos.\u00a0\u00a0<\/p>\n\n                            <a data-toggle=\"collapse\" data-parent=\"#FaqsWithoutFilters-accordionID\" href=\"#xcollapse2\" aria-expanded=\"false\" aria-controls=\"xcollapse2\">\n                                            <h4>\u00bfLos programas est\u00e1n acreditados?\u00a0<\/h4>\n                            <\/a>\n                                \n<p><a href=\"https:\/\/www.uopeople.edu\/es\/\">University of the People<\/a> est\u00e1 acreditada por la Comisi\u00f3n Acreditadora de Educaci\u00f3n a Distancia (DEAC, en ingl\u00e9s). La DEAC figura en la lista del Departamento de Educaci\u00f3n de los Estados Unidos como agencia acreditadora reconocida.\u00a0<\/p>\n\n                            <a data-toggle=\"collapse\" data-parent=\"#FaqsWithoutFilters-accordionID\" href=\"#xcollapse3\" aria-expanded=\"false\" aria-controls=\"xcollapse3\">\n                                            <h4>\u00bfRecibir\u00e9 el apoyo acad\u00e9mico que necesito?\u00a0<\/h4>\n                            <\/a>\n                                \n<p>\u00a1Por supuesto! El n\u00famero de alumnos por clase en UoPeople es reducido y cuenta con profesores altamente cualificados que est\u00e1n a disposici\u00f3n de los alumnos para responder a sus preguntas y ofrecerles apoyo. Adem\u00e1s, cada alumno es asignado a un orientador de programa personal al comienzo de sus estudios, que permanece con este hasta su graduaci\u00f3n. Los orientadores del programa act\u00faan como sistema de apoyo personal de los alumnos a lo largo de sus estudios. El orientador del programa responder\u00e1 a cualquier pregunta que el alumno pueda tener, le ofrecer\u00e1 asesoramiento acad\u00e9mico, discutir\u00e1 la selecci\u00f3n de cursos y lo motivar\u00e1 durante todo su periodo acad\u00e9mico.<\/p>\n\n                <!--accordion end -->\n<h2><span class=\"ez-toc-section\" id=\"%C2%BFTodo_listo_para_unirse_a_la_primera_universidad_acreditada_gratuita_y_100_en_linea_del_mundo\"><\/span>\n\t\t\u00bfTodo listo para unirse a la primera universidad acreditada, gratuita y 100 % en l\u00ednea del mundo?\n\t<span class=\"ez-toc-section-end\"><\/span><\/h2>\n\t\t\t<a href=\"https:\/\/apply.uopeople.edu\/\" target=\"_blank\" rel=\"noopener\">\n\t\t\t\t\t\t\tPost\u00falate\n\t\t\t\t\t<\/a>\n\n","protected":false},"excerpt":{"rendered":"<p>Tecnicatura Adquiere los conocimientos b\u00e1sicos que buscan los empresarios para salir adelante en un mercado laboral competitivo. Post\u00falate ahora Shem S. Administraci\u00f3n de Empresas Filipinas Administraci\u00f3n de Empresas Nuestra tecnicatura en l\u00ednea de Ciencias es un programa de titulaci\u00f3n de 20 cursos que te brinda una comprensi\u00f3n completa de los principios del sector y su&hellip;<\/p>\n","protected":false},"author":15,"featured_media":0,"parent":25225,"menu_order":0,"comment_status":"closed","ping_status":"closed","template":"","meta":{"_acf_changed":false,"inline_featured_image":false,"footnotes":""},"class_list":["post-26230","page","type-page","status-publish","hentry"],"acf":[],"_links":{"self":[{"href":"https:\/\/www.uopeople.edu\/es\/wp-json\/wp\/v2\/pages\/26230","targetHints":{"allow":["GET"]}}],"collection":[{"href":"https:\/\/www.uopeople.edu\/es\/wp-json\/wp\/v2\/pages"}],"about":[{"href":"https:\/\/www.uopeople.edu\/es\/wp-json\/wp\/v2\/types\/page"}],"author":[{"embeddable":true,"href":"https:\/\/www.uopeople.edu\/es\/wp-json\/wp\/v2\/users\/15"}],"replies":[{"embeddable":true,"href":"https:\/\/www.uopeople.edu\/es\/wp-json\/wp\/v2\/comments?post=26230"}],"version-history":[{"count":0,"href":"https:\/\/www.uopeople.edu\/es\/wp-json\/wp\/v2\/pages\/26230\/revisions"}],"up":[{"embeddable":true,"href":"https:\/\/www.uopeople.edu\/es\/wp-json\/wp\/v2\/pages\/25225"}],"wp:attachment":[{"href":"https:\/\/www.uopeople.edu\/es\/wp-json\/wp\/v2\/media?parent=26230"}],"curies":[{"name":"wp","href":"https:\/\/api.w.org\/{rel}","templated":true}]}}