{"id":26222,"date":"2022-04-28T16:38:15","date_gmt":"2022-04-28T16:38:15","guid":{"rendered":"https:\/\/universitopstg.wpengine.com\/ciencias-de-la-informatica-tecnicatura\/"},"modified":"2026-03-26T11:16:27","modified_gmt":"2026-03-26T11:16:27","slug":"computer-science","status":"publish","type":"page","link":"https:\/\/www.uopeople.edu\/es\/programs\/online-associates\/computer-science\/","title":{"rendered":"Ciencias de la Inform\u00e1tica (Tecnicatura)"},"content":{"rendered":"\n<h1><span class=\"ez-toc-section\" id=\"Tecnicatura_en_linea_en_Ciencias_de_la_Informatica_ACS\"><\/span>\n\t\t\tTecnicatura en l\u00ednea en Ciencias de la Inform\u00e1tica (ACS)\t<span class=\"ez-toc-section-end\"><\/span><\/h1>\n\t<p>Prep\u00e1rate para tu carrera tecnol\u00f3gica con una base s\u00f3lida en programaci\u00f3n inform\u00e1tica, bases de datos, software y sistemas operativos. Es la introducci\u00f3n perfecta para labrarse una carrera en el mundo informatizado actual y sienta las bases para una futura licenciatura. <\/p>\n\t\t\t<a href=\"https:\/\/apply.uopeople.edu\/\" target=\"_blank\" rel=\"noopener\">\n\t\t\t\t\t\t\tPost\u00falate ahora\n\t\t\t\t\t<\/a>\n<em>Post\u00falate antes del:<br \/>\n<strong>19 Marzo 2026<\/strong><br \/>\n<\/em>\n<em>Inicio de clases:<br \/>\n<strong>9 Abril 2026<\/strong><\/em>\n\t\t\t Sin clases en vivo \t\t\n\t\t\t 20 cursos  \t\t\n\t\t\t Menos de un a\u00f1o y medio\t\t\n\t\t\t Paga sobre la marcha ($160 por evaluaci\u00f3n del curso)  \t\t\n\t<h2><span class=\"ez-toc-section\" id=\"Resumen\"><\/span>\n\t\t\tResumen\t<span class=\"ez-toc-section-end\"><\/span><\/h2>\n\t<p>\u00a0Desarrolla las habilidades solicitadas para prosperar en el campo tecnol\u00f3gico actual con la tecnicatura en Ciencias de la Inform\u00e1tica. Dise\u00f1ar\u00e1s, implantar\u00e1s y evaluar\u00e1s software para resolver problemas del mundo real. Esta titulaci\u00f3n es perfecta para profesionales en activo que desean una base s\u00f3lida en inform\u00e1tica o esperan obtener un t\u00edtulo avanzado en el futuro. <\/p>\n<h2><span class=\"ez-toc-section\" id=\"Lo_que_aprenderas_en_el_programa_ACS_en_linea\"><\/span>\n\t\t\tLo que aprender\u00e1s en el programa ACS en l\u00ednea\t<span class=\"ez-toc-section-end\"><\/span><\/h2>\n\t<p>Desarrolla un conjunto s\u00f3lido de conocimientos inform\u00e1ticos:\u00a0  <\/p>\n\t\t\t Utilizar los datos para proporcionar soluciones innovadoras a problemas complejos  \t\t\n\t\t\t Adquirir una amplia comprensi\u00f3n de la tecnolog\u00eda inform\u00e1tica   \t\t\n\t\t\t Crear modelos conceptuales de hardware inform\u00e1tico  \t\t\n\t\t\t Participar en proyectos de colaboraci\u00f3n al tiempo que se desarrollan las capacidades de trabajo en equipo.\t\t\n\t<h2><span class=\"ez-toc-section\" id=\"Requisitos_de_admision\"><\/span>\n\t\t\tRequisitos de admisi\u00f3n\t<span class=\"ez-toc-section-end\"><\/span><\/h2>\n\t<p>En UoPeople puede estudiar en l\u00ednea cualquier persona que haya cursado estudios secundarios y sea mayor de 16 a\u00f1os. <\/p>\n        <form data-css-form=\"filter\" data-js-form=\"filter1\">\n                <input type=\"hidden\" name=\"perpage\" id=\"perpage\" value=\"6\"\/>\n                <input type=\"hidden\" name=\"no_results_text\" id=\"no_results_text\" value=\"Sorry, no posts match the search criteria.\"\/>\n                <input type=\"hidden\" name=\"post_type_input\" id=\"post_type_input\" value=\"course\"\/>\n                <input type=\"hidden\" name=\"taxonomy\" id=\"taxonomy\" value=\"course_type\"\/>\n                <input type=\"hidden\" name=\"orderby\" id=\"orderby\" value=\"post__in\"\/>\n                <input type=\"hidden\" name=\"order\" id=\"order\" value=\"ASC\"\/>\n                <input type=\"hidden\" name=\"postin\" id=\"postin\" value=\"10190,10182,12607,10183,25875,12637,12638,12639,12640,12641,12642,12643,12644,12645,12592,12593,12595,12597,12600,12603\"\/>\n                    <select id=\"ResourcesGridFeed-menu\" name=\"id\" aria-labelledby=\"drop4\"> \n                                                    <option name_to_show=\"Requisitos de educaci\u00f3n general\" id=\"requisitos-de-educacion-general\"  value=\"303\">Requisitos de educaci\u00f3n general<\/option>\n                                            <\/select>\n                <fieldset data-css-form=\"group right\">\n                        <button data-css-button=\"button red\">Filter<\/button>\n                        <input type=\"hidden\" name=\"action\" value=\"filter_courses_feed\"\/>\n                <\/fieldset>\n        <\/form>  \n                <h4>Plan de estudios \/ cursos<\/h4>\n                        <p>El plan de estudios para la Tecnicatura en Ciencias de la Computaci\u00f3n se ha creado espec\u00edficamente para introducir a los estudiantes en el campo de las ciencias de la computaci\u00f3n y es la base perfecta para una licenciatura. Los estudiantes aprender\u00e1n conceptos clave sobre inform\u00e1tica, desarrollar\u00e1n estrategias para un dise\u00f1o efectivo y analizar\u00e1n problemas t\u00e9cnicos.<\/p><ul><li>39 cr\u00e9ditos de cursos principales<\/li><li>21 cr\u00e9ditos de educaci\u00f3n general<\/li><\/ul>\n            <a href=\"https:\/\/catalog.uopeople.edu\/ug_term1_item\/computer-science\/associate-of-science-in-computer-science-as-cs\" target=\"_blank\" rel=\"noopener\">Ver todos los cursos<\/a>\n            <a href=\"https:\/\/apply.uopeople.edu\/\" target=\"_blank\" rel=\"noopener\">Post\u00falate<\/a>\n                Nota: Con respecto a los Requisitos Generales de Educaci\u00f3n, cada una de las secciones puede ser cumplida por cualquier curso que est\u00e9 estrechamente relacionado con la disciplina. Los 3 cr\u00e9ditos requeridos para la secci\u00f3n Optativa se pueden cumplir sumando cursos de cualquier disciplina.\n<h2><span class=\"ez-toc-section\" id=\"Tecnicatura_en_carreras_de_Ciencias_de_la_Informatica\"><\/span>\n\t\t\tTecnicatura en carreras de Ciencias de la Inform\u00e1tica\t<span class=\"ez-toc-section-end\"><\/span><\/h2>\n\t<p>\u00bfA d\u00f3nde te llevar\u00e1 una tecnicatura en Ciencias de la Inform\u00e1tica? Tu titulaci\u00f3n te ayudar\u00e1 a prepararte para trabajar como: <\/p>\n\t\t\t T\u00e9cnico de red  \t\t\n\t\t\t Analista de datos  \t\t\n\t\t\t Programador inform\u00e1tico  \t\t\n\t\t\t Especialista en soporte de TI  \t\t\n\t<p>Como estudiante de UoPeople, nunca est\u00e1s solo: nuestro Centro de servicio profesional proporciona comentarios sobre el curr\u00edculum, consejos para establecer contactos, t\u00e9cnicas de entrevista y m\u00e1s.\u00a0 <\/p>\n<h2><span class=\"ez-toc-section\" id=\"Costos_de_la_tecnicatura_en_Ciencias_de_la_Informatica\"><\/span>\n\t\t\tCostos de la tecnicatura en Ciencias de la Inform\u00e1tica\t<span class=\"ez-toc-section-end\"><\/span><\/h2>\n\t<p>UoPeople no cobra matr\u00edcula, libros ni gastos de campus. Solo cobramos una cuota de postulaci\u00f3n de $60, y una cuota de evaluaci\u00f3n de $160 por cada curso. Este es un gran ahorro en comparaci\u00f3n con las universidades p\u00fablicas de EE. UU., que cobran en promedio $6754 por una tecnicatura. En el transcurso de tus estudios en UoPeople, tendr\u00e1s que pagar un total de $3260, \u00a1menos si tienes cr\u00e9ditos para transferir! Nuestra misi\u00f3n es hacer que la educaci\u00f3n superior sea accesible para todos; si no puedes pagar estas cuotas, es posible que haya disponibles becasy subvenciones. <\/p>\n    <h2><span class=\"ez-toc-section\" id=\"FLEXIBILIDAD\"><\/span>FLEXIBILIDAD<span class=\"ez-toc-section-end\"><\/span><\/h2>\n    \u00bfTe preocupa la gesti\u00f3n de tus estudios mientras trabajas o haces malabares con la vida familiar? \u00a1No te preocupes! M\u00e1s de la mitad de nuestros alumnos estudian con \u00e9xito mientras trabajan, forman familias o ambas cosas. \u00a1T\u00fa tambi\u00e9n puedes! UoPeople se enorgullece de ser la opci\u00f3n m\u00e1s flexible del mundo para obtener un t\u00edtulo de alta calidad, acreditado y 100\u00a0% en l\u00ednea. Obt\u00e9n m\u00e1s informaci\u00f3n sobre c\u00f3mo nuestros programas est\u00e1n especialmente dise\u00f1ados para funcionar para ti:\n                                                                          <img decoding=\"async\" width=\"80\" height=\"60\" src=\"https:\/\/www.uopeople.edu\/wp-content\/uploads\/2022\/06\/noun-schedule-1464727.svg\"\/>\n                                            Aprendizaje as\u00edncrono\n                      En UoPeople no hay clases en vivo ni horarios de clase fijos. En lugar de esto, puedes disfrutar de la libertad de la flexibilidad en l\u00ednea y estudiar en su propio horario. Completa las tareas durante tu viaje diario al trabajo, en tu hora de almuerzo o despu\u00e9s de que los ni\u00f1os est\u00e9n en la cama. Siempre y cuando el trabajo de tu curso est\u00e9 terminado al final de cada semana, estar\u00e1s en camino para la graduaci\u00f3n.\n                                                                          <img decoding=\"async\" width=\"80\" height=\"60\" src=\"https:\/\/www.uopeople.edu\/wp-content\/uploads\/2022\/06\/noun-wifi-1510573.svg\"\/>\n                                            Tecnolog\u00eda accesible\n                      Todo lo que necesitas para estudiar en UoPeople es una conexi\u00f3n a Internet estable, ya sea en una computadora de escritorio, una computadora port\u00e1til o incluso en tu tel\u00e9fono celular. Los cursos nunca requieren archivos de video pesados, y el Campus en l\u00ednea de UoPeople es compatible con la mayor\u00eda de los navegadores. Los estudiantes incluso reciben una suscripci\u00f3n a Office 365, que incluye Microsoft Office, sin costo adicional.\n                                                                          <img decoding=\"async\" width=\"80\" height=\"60\" src=\"https:\/\/www.uopeople.edu\/wp-content\/uploads\/2022\/06\/noun-transfer-4652684.svg\"\/>\n                                            Transferencia de cr\u00e9ditos\n                      \u00bfTienes cr\u00e9ditos de otra universidad acreditada? \u00a1Excelente! Los estudiantes de maestr\u00eda pueden transferir hasta el 50\u00a0% de sus cr\u00e9ditos totales a UoPeople. No hay cargo por las evaluaciones de cr\u00e9ditos de transferencia, y si se aceptan, hay una peque\u00f1a tarifa de solo $17 por cada curso transferido.\n            <!-- row -->\n    <!-- CardsModule-rowParentOverflow -->\n                    <h3>PREGUNTAS FRECUENTES QUE NOS HACEN LOS ESTUDIANTES<\/h3>\n                    Preguntas sobre nuestros programas acad\u00e9micos ofrecidos en UoPeople\n                    <a href=\"https:\/\/www.uopeople.edu\/faq\/\" target=\"_self\">Ver todo<\/a>\n                <!--accordion start -->\n                            <a data-toggle=\"collapse\" data-parent=\"#FaqsWithoutFilters-accordionID\" href=\"#xcollapse0\" aria-expanded=\"false\" aria-controls=\"xcollapse0\">\n                                            <h4>\u00bfQu\u00e9 es un programa de tecnicatura en Ciencias de la Inform\u00e1tica?\u00a0<\/h4>\n                            <\/a>\n                                \n<p>La tecnicatura en Ciencias de la Inform\u00e1tica de UoPeople est\u00e1 dise\u00f1ada para proporcionar una educaci\u00f3n b\u00e1sica en inform\u00e1tica, programaci\u00f3n, bases de datos y sistemas de software. Es un gran comienzo para aquellos que buscan ingresar a la industria tecnol\u00f3gica o prepararse para estudios avanzados.\u00a0<\/p>\n\n                            <a data-toggle=\"collapse\" data-parent=\"#FaqsWithoutFilters-accordionID\" href=\"#xcollapse1\" aria-expanded=\"false\" aria-controls=\"xcollapse1\">\n                                            <h4>\u00bfCu\u00e1nto tiempo dura un programa de tecnicatura en Ciencias de la Inform\u00e1tica?\u00a0<\/h4>\n                            <\/a>\n                                \n<p>Este programa consta de 20 cursos y est\u00e1 dise\u00f1ado para completarse en menos de un a\u00f1o y medio, o unos 18 meses.\u00a0<\/p>\n\n                            <a data-toggle=\"collapse\" data-parent=\"#FaqsWithoutFilters-accordionID\" href=\"#xcollapse2\" aria-expanded=\"false\" aria-controls=\"xcollapse2\">\n                                            <h4>\u00bfCu\u00e1les son los requisitos de admisi\u00f3n para el programa de tecnicatura en Ciencias de la Inform\u00e1tica?\u00a0<\/h4>\n                            <\/a>\n                                \n<p>Debe tener al menos 16 a\u00f1os, dominar el ingl\u00e9s, haber terminado la secundaria o su equivalente y haber completado los <a href=\"https:\/\/www.uopeople.edu\/become-student\/prepare-for-uopeople\/foundation-courses\/\" target=\"_blank\" rel=\"noreferrer noopener\">cursos introductorios de UoPeople<\/a>.\u00a0<\/p>\n\n                            <a data-toggle=\"collapse\" data-parent=\"#FaqsWithoutFilters-accordionID\" href=\"#xcollapse3\" aria-expanded=\"false\" aria-controls=\"xcollapse3\">\n                                            <h4>\u00bfCu\u00e1l es la diferencia entre una tecnicatura en Ciencias y una licenciatura en Ciencias?\u00a0<\/h4>\n                            <\/a>\n                                \n<p>En el sistema de educaci\u00f3n superior estadounidense, un t\u00edtulo de tecnicatura suele ser el paso intermedio hacia la obtenci\u00f3n de un t\u00edtulo de licenciatura. Una tecnicatura en Ciencias (AS, en ingl\u00e9s) proporciona conocimientos y competencias elementales en un campo espec\u00edfico y suele durar dos a\u00f1os, mientras que una licenciatura en Ciencias (BS, en ingl\u00e9s) ofrece estudios m\u00e1s profundos y suele durar cuatro a\u00f1os.<\/p>\n\n                            <a data-toggle=\"collapse\" data-parent=\"#FaqsWithoutFilters-accordionID\" href=\"#xcollapse4\" aria-expanded=\"false\" aria-controls=\"xcollapse4\">\n                                            <h4>\u00bfQu\u00e9 trabajos se pueden conseguir con una tecnicatura en Ciencias de la Inform\u00e1tica?\u00a0<\/h4>\n                            <\/a>\n                                \n<p>Los t\u00e9cnicos en Ciencias de la Inform\u00e1tica pueden desempe\u00f1ar <a href=\"https:\/\/www.uopeople.edu\/blog\/computer-science-associate-degree-online\/\" target=\"_blank\" rel=\"noreferrer noopener\">funciones<\/a> como <a href=\"https:\/\/www.uopeople.edu\/blog\/what-does-a-network-engineer-do\/\" target=\"_blank\" rel=\"noreferrer noopener\">t\u00e9cnicos de redes<\/a>, <a href=\"https:\/\/www.uopeople.edu\/blog\/your-questions-answered-how-to-become-a-data-analyst\/\" target=\"_blank\" rel=\"noreferrer noopener\">analistas de datos<\/a>, <a href=\"https:\/\/www.uopeople.edu\/blog\/how-to-become-a-computer-programmer\/\" target=\"_blank\" rel=\"noreferrer noopener\">programadores inform\u00e1ticos<\/a> y <a href=\"https:\/\/www.uopeople.edu\/blog\/what-does-an-it-professional-do\/\" target=\"_blank\" rel=\"noreferrer noopener\">especialistas en soporte inform\u00e1tico<\/a>, entre otras. Algunos exalumnos de UoPeople han tenido \u00e9xito con puestos en organizaciones globales l\u00edderes como Amazon, IBM, Microsoft, Deloitte, AT&amp;T, Dell, etc.\u00a0<\/p>\n\n                            <a data-toggle=\"collapse\" data-parent=\"#FaqsWithoutFilters-accordionID\" href=\"#xcollapse5\" aria-expanded=\"false\" aria-controls=\"xcollapse5\">\n                                            <h4>\u00bfCu\u00e1nto cuesta obtener una tecnicatura en Ciencias de la Inform\u00e1tica en UoPeople?\u00a0<\/h4>\n                            <\/a>\n                                \n<p>El modelo \u00fanico y la <a href=\"https:\/\/www.uopeople.edu\/es\/tuition-free\/what-is-tuition-free\/#:~:text=UoPeople&#039;s%20Tuition%2DFree%20Model%20is,That&#039;s%20it.\" target=\"_blank\" rel=\"noreferrer noopener\">matr\u00edcula gratis<\/a> de UoPeople hace posible la obtenci\u00f3n de un t\u00edtulo estadounidense de alta calidad por solo 60 d\u00f3lares, y pagar progresivamente sin asumir compromisos financieros. El costo total de un t\u00edtulo de t\u00e9cnico es de aproximadamente 3260 d\u00f3lares para el programa de 60 cr\u00e9ditos, lo que equivale a unos 54 d\u00f3lares por cr\u00e9dito. \u00a0<\/p>\n\n                            <a data-toggle=\"collapse\" data-parent=\"#FaqsWithoutFilters-accordionID\" href=\"#xcollapse6\" aria-expanded=\"false\" aria-controls=\"xcollapse6\">\n                                            <h4>\u00bfPuedo transferir cr\u00e9ditos al programa de tecnicatura en Ciencias de la Inform\u00e1tica de UoPeople?\u00a0<\/h4>\n                            <\/a>\n                                \n<p>S\u00ed. Los estudiantes que cursan un t\u00edtulo de tecnicatura pueden <a href=\"https:\/\/www.uopeople.edu\/become-student\/admissions\/transferring-credits\/\" target=\"_blank\" rel=\"noreferrer noopener\">transferir<\/a> hasta el 75 % de los cr\u00e9ditos del programa de otra instituci\u00f3n acreditada a su t\u00edtulo de UoPeople.\u00a0<\/p>\n\n                <!--accordion end -->\n<h2><span class=\"ez-toc-section\" id=\"Construya_un_futuro_mejor_para_usted_y_su_familia\"><\/span>\n\t\t\tConstruya un futuro mejor para usted y su familia.\t<span class=\"ez-toc-section-end\"><\/span><\/h2>\n\t\t\t<a href=\"https:\/\/apply.uopeople.edu\/\" target=\"_blank\" rel=\"noopener\">\n\t\t\t\t\t\t\tPost\u00falate\n\t\t\t\t\t<\/a>\n\n","protected":false},"excerpt":{"rendered":"<p>Tecnicatura en l\u00ednea en Ciencias de la Inform\u00e1tica (ACS) Prep\u00e1rate para tu carrera tecnol\u00f3gica con una base s\u00f3lida en programaci\u00f3n inform\u00e1tica, bases de datos, software y sistemas operativos. Es la introducci\u00f3n perfecta para labrarse una carrera en el mundo informatizado actual y sienta las bases para una futura licenciatura. Post\u00falate ahora Post\u00falate antes del: 19&hellip;<\/p>\n","protected":false},"author":15,"featured_media":0,"parent":26230,"menu_order":0,"comment_status":"closed","ping_status":"closed","template":"","meta":{"_acf_changed":false,"inline_featured_image":false,"footnotes":""},"class_list":["post-26222","page","type-page","status-publish","hentry"],"acf":[],"_links":{"self":[{"href":"https:\/\/www.uopeople.edu\/es\/wp-json\/wp\/v2\/pages\/26222","targetHints":{"allow":["GET"]}}],"collection":[{"href":"https:\/\/www.uopeople.edu\/es\/wp-json\/wp\/v2\/pages"}],"about":[{"href":"https:\/\/www.uopeople.edu\/es\/wp-json\/wp\/v2\/types\/page"}],"author":[{"embeddable":true,"href":"https:\/\/www.uopeople.edu\/es\/wp-json\/wp\/v2\/users\/15"}],"replies":[{"embeddable":true,"href":"https:\/\/www.uopeople.edu\/es\/wp-json\/wp\/v2\/comments?post=26222"}],"version-history":[{"count":0,"href":"https:\/\/www.uopeople.edu\/es\/wp-json\/wp\/v2\/pages\/26222\/revisions"}],"up":[{"embeddable":true,"href":"https:\/\/www.uopeople.edu\/es\/wp-json\/wp\/v2\/pages\/26230"}],"wp:attachment":[{"href":"https:\/\/www.uopeople.edu\/es\/wp-json\/wp\/v2\/media?parent=26222"}],"curies":[{"name":"wp","href":"https:\/\/api.w.org\/{rel}","templated":true}]}}