{"id":26209,"date":"2022-04-28T16:38:30","date_gmt":"2022-04-28T16:38:30","guid":{"rendered":"https:\/\/universitopstg.wpengine.com\/ciencias-de-la-salud\/"},"modified":"2026-03-26T11:18:31","modified_gmt":"2026-03-26T11:18:31","slug":"health-science","status":"publish","type":"page","link":"https:\/\/www.uopeople.edu\/es\/programs\/online-associates\/health-science\/","title":{"rendered":"Ciencias de la Salud"},"content":{"rendered":"\n\n\t<nav aria-label=\"breadcrumbs\" class=\"rank-math-breadcrumb\"><p><span class=\"last\">Home<\/span><\/p><\/nav>\n<h1><span class=\"ez-toc-section\" id=\"Tecnicatura_en_linea_en_Ciencias_de_la_Salud_AHS\"><\/span>\n\t\t\tTecnicatura en l\u00ednea en Ciencias de la Salud (AHS)\t<span class=\"ez-toc-section-end\"><\/span><\/h1>\n\t<p>Adquiere los conocimientos y las habilidades m\u00e1s recientes para obtener una ventaja competitiva en el campo de las ciencias de la salud, que est\u00e1 en r\u00e1pido crecimiento. Es una introducci\u00f3n perfecta al vertiginoso mundo de la salud y sienta las bases para una futura licenciatura. <\/p>\n\t\t\t<a href=\"https:\/\/apply.uopeople.edu\/\" target=\"_blank\" rel=\"noopener\">\n\t\t\t\t\t\t\tPost\u00falate ahora\n\t\t\t\t\t<\/a>\n<em>Post\u00falate antes del:<br \/>\n<strong>19 Marzo 2026<\/strong><br \/>\n<\/em>\n<em>Inicio de clases:<br \/>\n<strong>9 Abril 2026<\/strong><\/em>\n\t\t\t Sin clases en vivo \t\t\n\t\t\t 20 cursos  \t\t\n\t\t\t Menos de un a\u00f1o y medio\t\t\n\t\t\t Paga sobre la marcha ($160 por evaluaci\u00f3n del curso)\t\t\n\t<h2><span class=\"ez-toc-section\" id=\"Resumen\"><\/span>\n\t\t\tResumen\t<span class=\"ez-toc-section-end\"><\/span><\/h2>\n\t<p>Crea las bases para una carrera de \u00e9xito en el sector de la salud con la tecnicatura en Ciencias de la Salud. Explora una amplia gama de temas enfocados en la salud, desde la prevenci\u00f3n de enfermedades, la psicolog\u00eda, la salud global, la salud p\u00fablica, la biolog\u00eda hasta la salud y el bienestar en general. Esta titulaci\u00f3n es ideal para profesionales que trabajan y que desean una base s\u00f3lida en ciencias de la salud o esperan obtener una titulaci\u00f3n avanzada en el futuro.<\/p>\n<h2><span class=\"ez-toc-section\" id=\"Lo_que_aprenderas_en_el_programa_AHS_en_linea\"><\/span>\n\t\t\tLo que aprender\u00e1s en el programa AHS en l\u00ednea\t<span class=\"ez-toc-section-end\"><\/span><\/h2>\n\t<p>Inicia tu carrera profesional en el sector de la salud con estas habilidades:  <\/p>\n\t\t\t Analizar e interpretar datos de salud  \t\t\n\t\t\t Adquirir una visi\u00f3n hol\u00edstica de la psicolog\u00eda y la salud mental  \t\t\n\t\t\t Proponer soluciones reales a los problemas de salud  \t\t\n\t\t\t Explorar las conexiones entre la sociedad y la salud  \t\t\n\t<h2><span class=\"ez-toc-section\" id=\"Requisitos_de_admision\"><\/span>\n\t\t\tRequisitos de admisi\u00f3n\t<span class=\"ez-toc-section-end\"><\/span><\/h2>\n\t<p>En UoPeople puede estudiar en l\u00ednea cualquier persona que haya cursado estudios secundarios y sea mayor de 16 a\u00f1os.<\/p>\n        <form data-css-form=\"filter\" data-js-form=\"filter1\">\n                <input type=\"hidden\" name=\"perpage\" id=\"perpage\" value=\"6\"\/>\n                <input type=\"hidden\" name=\"no_results_text\" id=\"no_results_text\" value=\"Sorry, no posts match the search criteria.\"\/>\n                <input type=\"hidden\" name=\"post_type_input\" id=\"post_type_input\" value=\"course\"\/>\n                <input type=\"hidden\" name=\"taxonomy\" id=\"taxonomy\" value=\"course_type\"\/>\n                <input type=\"hidden\" name=\"orderby\" id=\"orderby\" value=\"post__in\"\/>\n                <input type=\"hidden\" name=\"order\" id=\"order\" value=\"ASC\"\/>\n                <input type=\"hidden\" name=\"postin\" id=\"postin\" value=\"12607,10182,10190,10183,12615,12616,12617,12618,12619,12620,12621,12622,12623,12592,12597,12600,12603\"\/>\n                    <select id=\"ResourcesGridFeed-menu\" name=\"id\" aria-labelledby=\"drop4\"> \n                                                    <option name_to_show=\"Se requieren cursos de titulaci\u00f3n\" id=\"se-requieren-cursos-de-titulacion\"  value=\"297\">Se requieren cursos de titulaci\u00f3n<\/option>\n                                            <\/select>\n                <fieldset data-css-form=\"group right\">\n                        <button data-css-button=\"button red\">Filter<\/button>\n                        <input type=\"hidden\" name=\"action\" value=\"filter_courses_feed\"\/>\n                <\/fieldset>\n        <\/form>  \n                <h4>Plan de estudios \/ cursos<\/h4>\n                        <p>El plan de estudios para la Tecnicatura en Ciencias de la Salud se ha dise\u00f1ado espec\u00edficamente para introducir a los estudiantes en el campo de las ciencias de la salud y proporciona la base perfecta para una licenciatura. Los estudiantes aprender\u00e1n a identificar las causas de las enfermedades, proponer tratamientos y comprender los conceptos b\u00e1sicos para promover la salud global. Nuestro plan de estudios se basa en una s\u00f3lida base de la industria y ha sido desarrollado por l\u00edderes acad\u00e9micos de primer nivel para ayudar a los estudiantes a tener \u00e9xito.<\/p><ul><li>9 cr\u00e9ditos de educaci\u00f3n general<\/li><li>41 cr\u00e9ditos b\u00e1sicos<\/li><li>12 cr\u00e9ditos optativos<\/li><\/ul>\n            <a href=\"https:\/\/catalog.uopeople.edu\/ug_term1_item\/health-science\/associate-of-science-in-health-science-as-hs%20\" target=\"_blank\" rel=\"noopener\">Ver todos los cursos<\/a>\n            <a href=\"https:\/\/apply.uopeople.edu\/\" target=\"_blank\" rel=\"noopener\">Post\u00falate<\/a>\n                Nota: Con respecto a los Requisitos Generales de Educaci\u00f3n, cada una de las secciones puede ser cumplida por cualquier curso que est\u00e9 estrechamente relacionado con la disciplina. Los 12 cr\u00e9ditos requeridos para la secci\u00f3n Optativa se pueden cumplir sumando cursos de cualquier disciplina.\n<h2><span class=\"ez-toc-section\" id=\"Tecnicatura_en_carreras_de_Ciencias_de_la_Salud\"><\/span>\n\t\t\tTecnicatura en carreras de Ciencias de la Salud\t<span class=\"ez-toc-section-end\"><\/span><\/h2>\n\t<p>\u00bfA d\u00f3nde te llevar\u00e1 una tecnicatura en Ciencias de la Salud? Tu titulaci\u00f3n te ayudar\u00e1 a prepararte para trabajar como: <\/p>\n\t\t\t Educador de salud comunitaria\t\t\n\t\t\t Defensor de la salud\t\t\n\t\t\t Representante de servicio al paciente  \t\t\n\t\t\t Coordinador de bienestar\t\t\n\t<p>Como estudiante de UoPeople, nunca est\u00e1s solo: nuestro Centro de servicio profesional proporciona comentarios sobre el curr\u00edculum, consejos para establecer contactos, t\u00e9cnicas de entrevista y m\u00e1s.\u00a0 <\/p>\n<h2><span class=\"ez-toc-section\" id=\"Costos_de_la_tecnicatura_en_Ciencias_de_la_Salud\"><\/span>\n\t\t\tCostos de la tecnicatura en Ciencias de la Salud\t<span class=\"ez-toc-section-end\"><\/span><\/h2>\n\t<p>UoPeople no cobra matr\u00edcula, libros ni gastos de campus.\u00a0 Solo cobramos una cuota de postulaci\u00f3n de $60, y una cuota de evaluaci\u00f3n de $160 por cada curso. Este es un gran ahorro en comparaci\u00f3n con las universidades p\u00fablicas de EE. UU., que cobran en promedio $6754 por una tecnicatura. En el transcurso de tus estudios en UoPeople, tendr\u00e1s que pagar un total de $3260, \u00a1menos si tienes cr\u00e9ditos para transferir! Nuestra misi\u00f3n es hacer que la educaci\u00f3n superior sea accesible para todos. Si no puedes pagar estas cuotas, Si no puede pagar estas cuotas, es posible que haya disponibles becas y subvenciones.<\/p>\n    <h2><span class=\"ez-toc-section\" id=\"FLEXIBILIDAD\"><\/span>FLEXIBILIDAD<span class=\"ez-toc-section-end\"><\/span><\/h2>\n    \u00bfTe preocupa la gesti\u00f3n de tus estudios mientras trabajas o haces malabares con la vida familiar? \u00a1No te preocupes! M\u00e1s de la mitad de nuestros alumnos estudian con \u00e9xito mientras trabajan, forman familias o ambas cosas. \u00a1T\u00fa tambi\u00e9n puedes! UoPeople se enorgullece de ser la opci\u00f3n m\u00e1s flexible del mundo para obtener un t\u00edtulo de alta calidad, acreditado y 100\u00a0% en l\u00ednea. Obt\u00e9n m\u00e1s informaci\u00f3n sobre c\u00f3mo nuestros programas est\u00e1n especialmente dise\u00f1ados para funcionar para ti:\n                                                                          <img decoding=\"async\" width=\"80\" height=\"60\" src=\"https:\/\/www.uopeople.edu\/wp-content\/uploads\/2022\/06\/noun-schedule-1464727.svg\"\/>\n                                            Aprendizaje as\u00edncrono\n                      En UoPeople no hay clases en vivo ni horarios de clase fijos. En lugar de esto, puedes disfrutar de la libertad de la flexibilidad en l\u00ednea y estudiar en su propio horario. Completa las tareas durante tu viaje diario al trabajo, en tu hora de almuerzo o despu\u00e9s de que los ni\u00f1os est\u00e9n en la cama. Siempre y cuando el trabajo de tu curso est\u00e9 terminado al final de cada semana, estar\u00e1s en camino para la graduaci\u00f3n.\n                                                                          <img decoding=\"async\" width=\"80\" height=\"60\" src=\"https:\/\/www.uopeople.edu\/wp-content\/uploads\/2022\/06\/noun-wifi-1510573.svg\"\/>\n                                            Tecnolog\u00eda accesible\n                      Todo lo que necesitas para estudiar en UoPeople es una conexi\u00f3n a Internet estable, ya sea en una computadora de escritorio, una computadora port\u00e1til o incluso en tu tel\u00e9fono celular. Los cursos nunca requieren archivos de video pesados, y el Campus en l\u00ednea de UoPeople es compatible con la mayor\u00eda de los navegadores. Los estudiantes incluso reciben una suscripci\u00f3n a Office 365, que incluye Microsoft Office, sin costo adicional.\n                                                                          <img decoding=\"async\" width=\"80\" height=\"60\" src=\"https:\/\/www.uopeople.edu\/wp-content\/uploads\/2022\/06\/noun-transfer-4652684.svg\"\/>\n                                            Transferencia de cr\u00e9ditos\n                      \u00bfTienes cr\u00e9ditos de otra universidad acreditada? \u00a1Excelente! Los estudiantes de maestr\u00eda pueden transferir hasta el 50\u00a0% de sus cr\u00e9ditos totales a UoPeople. No hay cargo por las evaluaciones de cr\u00e9ditos de transferencia, y si se aceptan, hay una peque\u00f1a tarifa de solo $17 por cada curso transferido.\n            <!-- row -->\n    <!-- CardsModule-rowParentOverflow -->\n                    <h3>PREGUNTAS FRECUENTES QUE NOS HACEN LOS ESTUDIANTES<\/h3>\n                    Preguntas sobre nuestros programas acad\u00e9micos ofrecidos en UoPeople\n                    <a href=\"https:\/\/www.uopeople.edu\/faq\/\" target=\"_self\">Ver todo<\/a>\n                <!--accordion start -->\n                            <a data-toggle=\"collapse\" data-parent=\"#FaqsWithoutFilters-accordionID\" href=\"#xcollapse0\" aria-expanded=\"false\" aria-controls=\"xcollapse0\">\n                                            <h4>\u00bfQu\u00e9 es un programa de tecnicatura en Ciencias de la Salud?\u00a0<\/h4>\n                            <\/a>\n                                \n<p>La tecnicatura en Ciencias de la Salud de UoPeople es un programa elemental cuyo objetivo es proporcionar a los alumnos una introducci\u00f3n completa al campo de las ciencias de la salud, que abarca temas como la prevenci\u00f3n de enfermedades, la salud global y la sanidad p\u00fablica, entre otros.\u00a0<\/p>\n\n                            <a data-toggle=\"collapse\" data-parent=\"#FaqsWithoutFilters-accordionID\" href=\"#xcollapse1\" aria-expanded=\"false\" aria-controls=\"xcollapse1\">\n                                            <h4>\u00bfCu\u00e1nto tiempo dura un programa de tecnicatura en Ciencias de la Salud?\u00a0<\/h4>\n                            <\/a>\n                                \n<p>Este programa consta de 20 cursos y est\u00e1 dise\u00f1ado para completarse en menos de un a\u00f1o y medio, o unos 18 meses.<\/p>\n\n                            <a data-toggle=\"collapse\" data-parent=\"#FaqsWithoutFilters-accordionID\" href=\"#xcollapse2\" aria-expanded=\"false\" aria-controls=\"xcollapse2\">\n                                            <h4>\u00bfCu\u00e1les son los requisitos de admisi\u00f3n para el programa de tecnicatura en Ciencias de la Salud?\u00a0<\/h4>\n                            <\/a>\n                                \n<p>Debe tener al menos 16 a\u00f1os, dominar el ingl\u00e9s, haber terminado la secundaria o su equivalente y haber completado los <a href=\"https:\/\/www.uopeople.edu\/become-student\/prepare-for-uopeople\/foundation-courses\/\" target=\"_blank\" rel=\"noreferrer noopener\">cursos introductorios de UoPeople<\/a>.<\/p>\n\n                            <a data-toggle=\"collapse\" data-parent=\"#FaqsWithoutFilters-accordionID\" href=\"#xcollapse3\" aria-expanded=\"false\" aria-controls=\"xcollapse3\">\n                                            <h4>\u00bfQu\u00e9 trabajos se pueden conseguir con una tecnicatura en Ciencias de la Salud?\u00a0<\/h4>\n                            <\/a>\n                                \n<p>Los licenciados en Ciencias de la Salud pueden desempe\u00f1ar <a href=\"https:\/\/www.uopeople.edu\/blog\/guide-to-health-science-associate-degree-programs\/\" target=\"_blank\" rel=\"noreferrer noopener\">funciones<\/a> como educadores de salud comunitaria, defensores de la salud, representantes de servicios al paciente y coordinadores de bienestar, entre otras. Algunos exalumnos de UoPeople han tenido \u00e9xito con puestos en organizaciones globales l\u00edderes como Amazon, IBM, Microsoft, Deloitte, AT&amp;T, Dell, etc.\u00a0\u00a0<\/p>\n\n                            <a data-toggle=\"collapse\" data-parent=\"#FaqsWithoutFilters-accordionID\" href=\"#xcollapse4\" aria-expanded=\"false\" aria-controls=\"xcollapse4\">\n                                            <h4>\u00bfCu\u00e1nto cuesta obtener un t\u00edtulo de tecnicatura en Ciencias de la Salud en UoPeople?\u00a0\u00a0<\/h4>\n                            <\/a>\n                                \n<p>El modelo \u00fanico y la matr\u00edcula gratis de UoPeople hace posible la obtenci\u00f3n de un t\u00edtulo estadounidense de alta calidad por solo 60 d\u00f3lares, y pagar progresivamente sin asumir compromisos financieros. El costo total de un t\u00edtulo de t\u00e9cnico es de aproximadamente 3260 d\u00f3lares para el programa de 60 cr\u00e9ditos, lo que equivale a unos 54 d\u00f3lares por cr\u00e9dito.<\/p>\n\n                            <a data-toggle=\"collapse\" data-parent=\"#FaqsWithoutFilters-accordionID\" href=\"#xcollapse5\" aria-expanded=\"false\" aria-controls=\"xcollapse5\">\n                                            <h4>\u00bfPuedo transferir cr\u00e9ditos al programa de tecnicatura en Ciencias de la Salud de UoPeople?\u00a0<\/h4>\n                            <\/a>\n                                \n<p>S\u00ed. Los alumnos que cursen una tecnicatura pueden <a href=\"https:\/\/www.uopeople.edu\/become-student\/admissions\/transferring-credits\/\" target=\"_blank\" rel=\"noreferrer noopener\">transferir<\/a> hasta 45 cr\u00e9ditos (equivalentes al 75 % de los requisitos del programa) de otra instituci\u00f3n acreditada para obtener su t\u00edtulo en UoPeople.<\/p>\n\n                <!--accordion end -->\n<h2><span class=\"ez-toc-section\" id=\"Acreditada_matricula_gratis_100_en_linea_flexibilidad\"><\/span>\n\t\t\tAcreditada, matr\u00edcula gratis, 100 % en l\u00ednea, flexibilidad\t<span class=\"ez-toc-section-end\"><\/span><\/h2>\n\t\t\t<a href=\"https:\/\/apply.uopeople.edu\/\" target=\"_blank\" rel=\"noopener\">\n\t\t\t\t\t\t\tPost\u00falate\n\t\t\t\t\t<\/a>\n\n","protected":false},"excerpt":{"rendered":"<p>Tecnicatura en l\u00ednea en Ciencias de la Salud (AHS) Adquiere los conocimientos y las habilidades m\u00e1s recientes para obtener una ventaja competitiva en el campo de las ciencias de la salud, que est\u00e1 en r\u00e1pido crecimiento. Es una introducci\u00f3n perfecta al vertiginoso mundo de la salud y sienta las bases para una futura licenciatura. Post\u00falate&hellip;<\/p>\n","protected":false},"author":15,"featured_media":0,"parent":26230,"menu_order":0,"comment_status":"closed","ping_status":"closed","template":"","meta":{"_acf_changed":false,"inline_featured_image":false,"footnotes":""},"class_list":["post-26209","page","type-page","status-publish","hentry"],"acf":[],"_links":{"self":[{"href":"https:\/\/www.uopeople.edu\/es\/wp-json\/wp\/v2\/pages\/26209","targetHints":{"allow":["GET"]}}],"collection":[{"href":"https:\/\/www.uopeople.edu\/es\/wp-json\/wp\/v2\/pages"}],"about":[{"href":"https:\/\/www.uopeople.edu\/es\/wp-json\/wp\/v2\/types\/page"}],"author":[{"embeddable":true,"href":"https:\/\/www.uopeople.edu\/es\/wp-json\/wp\/v2\/users\/15"}],"replies":[{"embeddable":true,"href":"https:\/\/www.uopeople.edu\/es\/wp-json\/wp\/v2\/comments?post=26209"}],"version-history":[{"count":0,"href":"https:\/\/www.uopeople.edu\/es\/wp-json\/wp\/v2\/pages\/26209\/revisions"}],"up":[{"embeddable":true,"href":"https:\/\/www.uopeople.edu\/es\/wp-json\/wp\/v2\/pages\/26230"}],"wp:attachment":[{"href":"https:\/\/www.uopeople.edu\/es\/wp-json\/wp\/v2\/media?parent=26209"}],"curies":[{"name":"wp","href":"https:\/\/api.w.org\/{rel}","templated":true}]}}