{"id":26202,"date":"2022-04-28T14:56:49","date_gmt":"2022-04-28T14:56:49","guid":{"rendered":"https:\/\/universitopstg.wpengine.com\/programs\/licenciatura\/"},"modified":"2026-03-29T09:07:00","modified_gmt":"2026-03-29T09:07:00","slug":"online-bachelors","status":"publish","type":"page","link":"https:\/\/www.uopeople.edu\/es\/programs\/online-bachelors\/","title":{"rendered":"Licenciatura"},"content":{"rendered":"\n<h1><span class=\"ez-toc-section\" id=\"Licenciatura\"><\/span>\n\t\t\tLicenciatura\t<span class=\"ez-toc-section-end\"><\/span><\/h1>\n\t<p>Aprende con un plan de estudios especialmente dise\u00f1ado por l\u00edderes del sector de primer nivel para prepararte para el \u00e9xito en el mundo real. <\/p>\n\t\t\t<a href=\"https:\/\/apply.uopeople.edu\/\" target=\"_blank\" rel=\"noopener\">\n\t\t\t\t\t\t\tPost\u00falate ahora\n\t\t\t\t\t<\/a>\n<h2><span class=\"ez-toc-section\" id=\"Administracion_de_Empresas\"><\/span>\n\t\t\tAdministraci\u00f3n de Empresas\t<span class=\"ez-toc-section-end\"><\/span><\/h2>\n\t<p>Nuestra licenciatura en l\u00ednea en Ciencias proporciona un conocimiento profundo de las herramientas y m\u00e9todos clave del sector. Los estudiantes a tiempo completo pueden completar esta titulaci\u00f3n de 40 cursos en cuatro a\u00f1os.<\/p>\n\t\t\t Comprender las funciones empresariales b\u00e1sicas\t\t\n\t\t\t Reconocer las principales oportunidades de negocio y prepararse para posibles problemas\t\t\n\t\t\t Aplicar decisiones empresariales y desarrollar aptitudes de liderazgo\t\t\n\t\t\t 120 cr\u00e9ditos\t\t\n\t\t\t Menos de dos a\u00f1os y medio\t\t\n\t\t\t 40 cursos en total en este programa\t\t\nFecha l\u00edmite de admisi\u00f3n anticipada: 7 May 2026\n\t\t\t<a href=\"https:\/\/www.uopeople.edu\/es\/programs\/online-bachelors\/business-administration\/\" target=\"_self\">\n\t\t\t\t\t\t\tM\u00e1s informaci\u00f3n\n\t\t\t\t\t<\/a>\n<h2><span class=\"ez-toc-section\" id=\"Ciencias_de_la_Informatica\"><\/span>\n\t\t\tCiencias de la Inform\u00e1tica\t<span class=\"ez-toc-section-end\"><\/span><\/h2>\n\t<p>Nuestra licenciatura en l\u00ednea de Ciencias de la Inform\u00e1tica es un programa de titulaci\u00f3n de 40 cursos que te brinda una comprensi\u00f3n completa de los principios del sector y su aplicaci\u00f3n en el campo. Los estudiantes a tiempo completo pueden completar el programa en cuatro a\u00f1os.<\/p>\n\t\t\t   Gestionar proyectos de dise\u00f1o desde su concepci\u00f3n hasta su aplicaci\u00f3n\t\t\n\t\t\t Aplicar habilidades para depurar, codificar y probar nuevas soluciones de programaci\u00f3n\t\t\n\t\t\t Ampliar tu pensamiento cr\u00edtico m\u00e1s all\u00e1 del aula\t\t\n\t\t\t 120 cr\u00e9ditos\t\t\n\t\t\t Menos de dos a\u00f1os y medio\t\t\n\t\t\t 40 cursos en total en este programa\t\t\nFecha l\u00edmite de admisi\u00f3n anticipada: 7 May 2026\n\t\t\t<a href=\"https:\/\/www.uopeople.edu\/es\/programs\/online-bachelors\/computer-science\/\" target=\"_self\">\n\t\t\t\t\t\t\tM\u00e1s informaci\u00f3n\n\t\t\t\t\t<\/a>\n<h2><span class=\"ez-toc-section\" id=\"Ciencias_de_la_Salud\"><\/span>\n\t\t\tCiencias de la Salud\t<span class=\"ez-toc-section-end\"><\/span><\/h2>\n\t<p>Nuestra licenciatura en Ciencias de la Salud es un programa de titulaci\u00f3n en l\u00ednea de 39 cursos que te proporciona una comprensi\u00f3n integral de los principios y est\u00e1ndares de salud del sector. Los estudiantes a tiempo completo pueden completar el programa en cuatro a\u00f1os.<\/p>\n\t\t\t Comprender las causas sociales y biol\u00f3gicas de las enfermedades\t\t\n\t\t\t Analizar problemas de salud globales y proponer soluciones\t\t\n\t\t\t Explorar la \u00e9tica de las leyes y pol\u00edticas de salud\t\t\n\t\t\t 122 cr\u00e9ditos\t\t\n\t\t\t Menos de dos a\u00f1os y medio\t\t\n\t\t\t 39 cursos en total en este programa\t\t\nFecha l\u00edmite de admisi\u00f3n anticipada: 7 May 2026\n\t\t\t<a href=\"https:\/\/www.uopeople.edu\/es\/programs\/online-bachelors\/health-science\/\" target=\"_self\">\n\t\t\t\t\t\t\tM\u00e1s informaci\u00f3n\n\t\t\t\t\t<\/a>\n                    <h3>PREGUNTAS FRECUENTES QUE NOS HACEN LOS ESTUDIANTES<\/h3>\n                    Preguntas sobre nuestros programas acad\u00e9micos ofrecidos en UoPeople\n                    <a href=\"https:\/\/www.uopeople.edu\/faq\/\" target=\"_self\">Ver todo<\/a>\n                <!--accordion start -->\n                            <a data-toggle=\"collapse\" data-parent=\"#FaqsWithoutFilters-accordionID\" href=\"#xcollapse0\" aria-expanded=\"false\" aria-controls=\"xcollapse0\">\n                                            <h4>\u00bfRecibir\u00e9 el apoyo acad\u00e9mico que necesito?\u00a0<\/h4>\n                            <\/a>\n                                \n<p>\u00a1Por supuesto! El n\u00famero de alumnos por clase en UoPeople es reducido y cuenta con profesores altamente cualificados que est\u00e1n a disposici\u00f3n de los alumnos para responder a sus preguntas y ofrecerles apoyo. Adem\u00e1s, cada alumno es asignado a un orientador de programa personal al comienzo de sus estudios, que permanece con este hasta su graduaci\u00f3n. Los orientadores del programa act\u00faan como sistema de apoyo personal de los alumnos a lo largo de sus estudios. El orientador del programa responder\u00e1 a cualquier pregunta que el alumno pueda tener, le ofrecer\u00e1 asesoramiento acad\u00e9mico, discutir\u00e1 la selecci\u00f3n de cursos y lo motivar\u00e1 durante todo su periodo acad\u00e9mico.<\/p>\n\n                            <a data-toggle=\"collapse\" data-parent=\"#FaqsWithoutFilters-accordionID\" href=\"#xcollapse1\" aria-expanded=\"false\" aria-controls=\"xcollapse1\">\n                                            <h4>\u00bfLos programas est\u00e1n acreditados?\u00a0<\/h4>\n                            <\/a>\n                                \n<p><a href=\"https:\/\/www.uopeople.edu\/es\/\"><font dir=\"auto\"><\/font><font dir=\"auto\">University of the People<\/font><\/a><font dir=\"auto\"><\/font><font dir=\"auto\"> <\/font>est\u00e1 acreditada por la WASC Senior College and University Commission (WSCUC).<font dir=\"auto\"><\/font><font dir=\"auto\">\u00a0<\/font><\/p>\n\n\n\n\n                            <a data-toggle=\"collapse\" data-parent=\"#FaqsWithoutFilters-accordionID\" href=\"#xcollapse2\" aria-expanded=\"false\" aria-controls=\"xcollapse2\">\n                                            <h4>\u00bfQu\u00e9 es el aprendizaje asincr\u00f3nico?\u00a0<\/h4>\n                            <\/a>\n                                \n<p>El aprendizaje asincr\u00f3nico le permite aprender a su propio ritmo. A trav\u00e9s del campus en l\u00ednea de UoPeople tendr\u00e1 acceso a tareas, clases y otros materiales did\u00e1cticos. En UoPeople no hay clases en directo ni horarios fijos.\u00a0\u00a0<\/p>\n\n                            <a data-toggle=\"collapse\" data-parent=\"#FaqsWithoutFilters-accordionID\" href=\"#xcollapse3\" aria-expanded=\"false\" aria-controls=\"xcollapse3\">\n                                            <h4>\u00bfSe aceptan estudiantes internacionales en UoPeople?<\/h4>\n                            <\/a>\n                                \n<p>\u00a1Por supuesto! UoPeople cuenta con estudiantes de m\u00e1s de 200 pa\u00edses y territorios.<\/p>\n\n                <!--accordion end -->\n<h2><span class=\"ez-toc-section\" id=\"%C2%BFBusca_un_futuro_nuevo_y_brillante_Comience_aqui\"><\/span>\n\t\t\t\u00bfBusca un futuro nuevo y brillante? Comience aqu\u00ed.\t<span class=\"ez-toc-section-end\"><\/span><\/h2>\n\t\t\t<a href=\"https:\/\/apply.uopeople.edu\/\" target=\"_blank\" rel=\"noopener\">\n\t\t\t\t\t\t\tPost\u00falate\n\t\t\t\t\t<\/a>\n\n","protected":false},"excerpt":{"rendered":"<p>Licenciatura Aprende con un plan de estudios especialmente dise\u00f1ado por l\u00edderes del sector de primer nivel para prepararte para el \u00e9xito en el mundo real. Post\u00falate ahora Administraci\u00f3n de Empresas Nuestra licenciatura en l\u00ednea en Ciencias proporciona un conocimiento profundo de las herramientas y m\u00e9todos clave del sector. Los estudiantes a tiempo completo pueden completar&hellip;<\/p>\n","protected":false},"author":15,"featured_media":0,"parent":25225,"menu_order":0,"comment_status":"closed","ping_status":"closed","template":"","meta":{"_acf_changed":false,"inline_featured_image":false,"footnotes":""},"class_list":["post-26202","page","type-page","status-publish","hentry"],"acf":[],"_links":{"self":[{"href":"https:\/\/www.uopeople.edu\/es\/wp-json\/wp\/v2\/pages\/26202","targetHints":{"allow":["GET"]}}],"collection":[{"href":"https:\/\/www.uopeople.edu\/es\/wp-json\/wp\/v2\/pages"}],"about":[{"href":"https:\/\/www.uopeople.edu\/es\/wp-json\/wp\/v2\/types\/page"}],"author":[{"embeddable":true,"href":"https:\/\/www.uopeople.edu\/es\/wp-json\/wp\/v2\/users\/15"}],"replies":[{"embeddable":true,"href":"https:\/\/www.uopeople.edu\/es\/wp-json\/wp\/v2\/comments?post=26202"}],"version-history":[{"count":0,"href":"https:\/\/www.uopeople.edu\/es\/wp-json\/wp\/v2\/pages\/26202\/revisions"}],"up":[{"embeddable":true,"href":"https:\/\/www.uopeople.edu\/es\/wp-json\/wp\/v2\/pages\/25225"}],"wp:attachment":[{"href":"https:\/\/www.uopeople.edu\/es\/wp-json\/wp\/v2\/media?parent=26202"}],"curies":[{"name":"wp","href":"https:\/\/api.w.org\/{rel}","templated":true}]}}