{"id":26199,"date":"2022-04-28T16:21:04","date_gmt":"2022-04-28T16:21:04","guid":{"rendered":"https:\/\/universitopstg.wpengine.com\/administracion-de-empresas-licenciatura\/"},"modified":"2026-03-26T11:06:23","modified_gmt":"2026-03-26T11:06:23","slug":"business-administration","status":"publish","type":"page","link":"https:\/\/www.uopeople.edu\/es\/programs\/online-bachelors\/business-administration\/","title":{"rendered":"Administraci\u00f3n de Empresas (Licenciatura)"},"content":{"rendered":"\n<h1><span class=\"ez-toc-section\" id=\"Titulacion_en_linea_en_licenciatura_en_Ciencias_de_la_Administracion_de_Empresas_BSBA\"><\/span>\n\t\t\tTitulaci\u00f3n en l\u00ednea en licenciatura en Ciencias de la Administraci\u00f3n de Empresas (BSBA)\t<span class=\"ez-toc-section-end\"><\/span><\/h1>\n\t<p>Adquiere habilidades en demanda que te preparar\u00e1n para resolver problemas de negocios de la vida real y liderar equipos con confianza. Esta titulaci\u00f3n es la base perfecta para cursar un maestr\u00eda o avanzar en tu carrera actual. <\/p>\n\t\t\t<a href=\"https:\/\/apply.uopeople.edu\/\" target=\"_blank\" rel=\"noopener\">\n\t\t\t\t\t\t\tPost\u00falate ahora\n\t\t\t\t\t<\/a>\n<em>Post\u00falate antes del:<br \/>\n<strong>19 Marzo 2026<\/strong><br \/>\n<\/em>\n<em>Inicio de clases:<br \/>\n<strong>9 Abril 2026<\/strong><\/em>\n\t\t\t Sin clases en vivo \t\t\n\t\t\t 120 cr\u00e9ditos  \t\t\n\t\t\t Menos de dos a\u00f1os y medio\t\t\n\t\t\t Pague sobre la marcha ($160 por evaluaci\u00f3n del curso)  \t\t\n\t<h2><span class=\"ez-toc-section\" id=\"Resumen\"><\/span>\n\t\t\tResumen\t<span class=\"ez-toc-section-end\"><\/span><\/h2>\n\t<p>Explora conceptos empresariales fundamentales y prep\u00e1rate para tu futura carrera con una licenciatura en Ciencias de la Administraci\u00f3n de Empresas. Explora en profundidad los campos especializados de contabilidad, gesti\u00f3n, marketing, econom\u00eda y finanzas. Esta titulaci\u00f3n es la base s\u00f3lida que necesitas para desarrollar tu carrera profesional o continuar con estudios de posgrado. <\/p>\n<h2><span class=\"ez-toc-section\" id=\"Lo_que_aprenderas_en_el_programa_BSBA_en_linea\"><\/span>\n\t\t\tLo que aprender\u00e1s en el programa BSBA en l\u00ednea\t<span class=\"ez-toc-section-end\"><\/span><\/h2>\n\t<p>Adquiere habilidades valiosas para avanzar en tu carrera:\u00a0  <\/p>\n\t\t\t Analizar problemas y oportunidades de negocio\t\t\n\t\t\t Comprender las funciones empresariales b\u00e1sicas  \t\t\n\t\t\t Aplicar decisiones y teor\u00edas empresariales  \t\t\n\t\t\t Desarrollar habilidades de liderazgo y gesti\u00f3n  \t\t\n\t<h2><span class=\"ez-toc-section\" id=\"Requisitos_de_admision\"><\/span>\n\t\t\tRequisitos de admisi\u00f3n\t<span class=\"ez-toc-section-end\"><\/span><\/h2>\n\t<p>Cualquier persona que se haya graduado de la secundaria, tenga dominio del ingl\u00e9s y sea mayor de 16 a\u00f1os puede estudiar en l\u00ednea en UoPeople.<\/p>\n        <form data-css-form=\"filter\" data-js-form=\"filter1\">\n                <input type=\"hidden\" name=\"perpage\" id=\"perpage\" value=\"6\"\/>\n                <input type=\"hidden\" name=\"no_results_text\" id=\"no_results_text\" value=\"Sorry, no posts match the search criteria.\"\/>\n                <input type=\"hidden\" name=\"post_type_input\" id=\"post_type_input\" value=\"course\"\/>\n                <input type=\"hidden\" name=\"taxonomy\" id=\"taxonomy\" value=\"course_type\"\/>\n                <input type=\"hidden\" name=\"orderby\" id=\"orderby\" value=\"post__in\"\/>\n                <input type=\"hidden\" name=\"order\" id=\"order\" value=\"ASC\"\/>\n                <input type=\"hidden\" name=\"postin\" id=\"postin\" value=\"12607,10182,10190,10183,12554,12555,12556,12557,12559,12560,12561,12567,12571,12573,12574,12582,12585,12586,12587,12592,12593,12595,12597,12600,12601,12603,25874\"\/>\n                    <select id=\"ResourcesGridFeed-menu\" name=\"id\" aria-labelledby=\"drop4\"> \n                                                    <option name_to_show=\"Se requieren cursos de titulaci\u00f3n\" id=\"se-requieren-cursos-de-titulacion\"  value=\"297\">Se requieren cursos de titulaci\u00f3n<\/option>\n                                                    <option name_to_show=\"Requisitos de educaci\u00f3n general\" id=\"requisitos-de-educacion-general\"  value=\"303\">Requisitos de educaci\u00f3n general<\/option>\n                                            <\/select>\n                <fieldset data-css-form=\"group right\">\n                        <button data-css-button=\"button red\">Filter<\/button>\n                        <input type=\"hidden\" name=\"action\" value=\"filter_courses_feed\"\/>\n                <\/fieldset>\n        <\/form>  \n                <h4>Plan de estudios \/ cursos<\/h4>\n                        <p>El plan de estudios de la Licenciatura en Administraci\u00f3n de Empresas se ha dise\u00f1ado espec\u00edficamente para mejorar el conocimiento de los negocios de un estudiante y proporcionar la base perfecta para continuar con un t\u00edtulo avanzado. Los estudiantes aprender\u00e1n c\u00f3mo analizar problemas comerciales y proponer soluciones del mundo real, comprender las funciones comerciales clave e implementar decisiones importantes. Nuestro plan de estudios se basa en una s\u00f3lida base de la industria y ha sido desarrollado por l\u00edderes acad\u00e9micos de primer nivel para ayudar a los estudiantes a tener \u00e9xito.<\/p><ul><li>24 cr\u00e9ditos de educaci\u00f3n general<\/li><li>60 cr\u00e9ditos b\u00e1sicos<\/li><li>36 cr\u00e9ditos optativos<\/li><\/ul>\n            <a href=\"https:\/\/catalog.uopeople.edu\/ug_term1_item\/business-administration\/courses-in-business-administration\" target=\"_blank\" rel=\"noopener\">Ver todos los cursos<\/a>\n            <a href=\"https:\/\/apply.uopeople.edu\/\" target=\"_blank\" rel=\"noopener\">Post\u00falate<\/a>\n                Nota: Con respecto a los Requisitos Generales de Educaci\u00f3n, cada una de las secciones puede ser cumplida por cualquier curso que est\u00e9 estrechamente relacionado con la disciplina. Los 36 cr\u00e9ditos requeridos para la secci\u00f3n Optativa se pueden cumplir sumando cursos de cualquier disciplina.\n<h2><span class=\"ez-toc-section\" id=\"Licenciatura_en_Carreras_de_Administracion_de_Empresas\"><\/span>\n\t\t\tLicenciatura en Carreras de Administraci\u00f3n de Empresas\t<span class=\"ez-toc-section-end\"><\/span><\/h2>\n\t<p>\u00bfA d\u00f3nde te llevar\u00e1 una licenciatura en Ciencias de la Administraci\u00f3n de Empresas? Tu titulaci\u00f3n te ayudar\u00e1 a prepararte para trabajar como:<\/p>\n\t\t\t Supervisor administrativo  \t\t\n\t\t\t Gerente de operaciones  \t\t\n\t\t\t Gerente superior de marketing\t\t\n\t\t\t Analista de gesti\u00f3n  \t\t\n\t<p>Como estudiante de UoPeople, nunca est\u00e1s solo: nuestro Centro de servicio profesional proporciona comentarios sobre el curr\u00edculum, consejos para establecer contactos, t\u00e9cnicas de entrevista y m\u00e1s.<\/p>\n<h2><span class=\"ez-toc-section\" id=\"Costos_de_la_licenciatura_en_Administracion_de_Empresas\"><\/span>\n\t\t\tCostos de la licenciatura en Administraci\u00f3n de Empresas\t<span class=\"ez-toc-section-end\"><\/span><\/h2>\n\t<p>UoPeople no cobra matr\u00edcula, libros ni gastos de campus. Solo cobramos una cuota de postulaci\u00f3n de $60, y una cuota de evaluaci\u00f3n de $160 por cada curso. Este es un gran ahorro en comparaci\u00f3n con las universidades p\u00fablicas de EE. UU., que cobran en promedio $22,389 por una licenciatura. En el transcurso de tus estudios en UoPeople, tendr\u00e1s que pagar un total de solo $6460, \u00a1menos si tienes cr\u00e9ditos para transferir! Nuestra misi\u00f3n es hacer que la educaci\u00f3n superior sea accesible para todos; si no puedes pagar estas cuotas, es posible que haya disponibles becas y subvenciones.<\/p>\n    <h2><span class=\"ez-toc-section\" id=\"FLEXIBILIDAD\"><\/span>FLEXIBILIDAD<span class=\"ez-toc-section-end\"><\/span><\/h2>\n    \u00bfTe preocupa la gesti\u00f3n de tus estudios mientras trabajas o haces malabares con la vida familiar? \u00a1No te preocupes! M\u00e1s de la mitad de nuestros alumnos estudian con \u00e9xito mientras trabajan, forman familias o ambas cosas. \u00a1T\u00fa tambi\u00e9n puedes! UoPeople se enorgullece de ser la opci\u00f3n m\u00e1s flexible del mundo para obtener un t\u00edtulo de alta calidad, acreditado y 100\u00a0% en l\u00ednea. Obt\u00e9n m\u00e1s informaci\u00f3n sobre c\u00f3mo nuestros programas est\u00e1n especialmente dise\u00f1ados para funcionar para ti:\n                                                                          <img decoding=\"async\" width=\"80\" height=\"60\" src=\"https:\/\/www.uopeople.edu\/wp-content\/uploads\/2022\/06\/noun-schedule-1464727.svg\"\/>\n                                            Aprendizaje as\u00edncrono\n                      En UoPeople no hay clases en vivo ni horarios de clase fijos. En lugar de esto, puedes disfrutar de la libertad de la flexibilidad en l\u00ednea y estudiar en su propio horario. Completa las tareas durante tu viaje diario al trabajo, en tu hora de almuerzo o despu\u00e9s de que los ni\u00f1os est\u00e9n en la cama. Siempre y cuando el trabajo de tu curso est\u00e9 terminado al final de cada semana, estar\u00e1s en camino para la graduaci\u00f3n.\n                                                                          <img decoding=\"async\" width=\"80\" height=\"60\" src=\"https:\/\/www.uopeople.edu\/wp-content\/uploads\/2022\/06\/noun-wifi-1510573.svg\"\/>\n                                            Tecnolog\u00eda accesible\n                      Todo lo que necesitas para estudiar en UoPeople es una conexi\u00f3n a Internet estable, ya sea en una computadora de escritorio, una computadora port\u00e1til o incluso en tu tel\u00e9fono celular. Los cursos nunca requieren archivos de video pesados, y el Campus en l\u00ednea de UoPeople es compatible con la mayor\u00eda de los navegadores. Los estudiantes incluso reciben una suscripci\u00f3n a Office 365, que incluye Microsoft Office, sin costo adicional.\n                                                                          <img decoding=\"async\" width=\"80\" height=\"60\" src=\"https:\/\/www.uopeople.edu\/wp-content\/uploads\/2022\/06\/noun-transfer-4652684.svg\"\/>\n                                            Transferencia de cr\u00e9ditos\n                      \u00bfTienes cr\u00e9ditos de otra universidad acreditada? \u00a1Excelente! Los estudiantes de maestr\u00eda pueden transferir hasta el 50\u00a0% de sus cr\u00e9ditos totales a UoPeople. No hay cargo por las evaluaciones de cr\u00e9ditos de transferencia, y si se aceptan, hay una peque\u00f1a tarifa de solo $17 por cada curso transferido.\n            <!-- row -->\n    <!-- CardsModule-rowParentOverflow -->\n                    <h3>PREGUNTAS FRECUENTES QUE NOS HACEN LOS ESTUDIANTES<\/h3>\n                    Preguntas sobre nuestros programas acad\u00e9micos ofrecidos en UoPeople\n                    <a href=\"https:\/\/www.uopeople.edu\/faq\/\" target=\"_self\">Ver todo<\/a>\n                <!--accordion start -->\n                            <a data-toggle=\"collapse\" data-parent=\"#FaqsWithoutFilters-accordionID\" href=\"#xcollapse0\" aria-expanded=\"false\" aria-controls=\"xcollapse0\">\n                                            <h4>\u00bfQu\u00e9 es una licenciatura en Ciencias de la Administraci\u00f3n de Empresas?\u00a0<\/h4>\n                            <\/a>\n                                \n<p>Una licenciatura en Ciencias de la Administraci\u00f3n de Empresas de UoPeople le proporciona las habilidades esenciales para resolver problemas empresariales y liderar equipos con confianza. Este t\u00edtulo sienta una base s\u00f3lida para<s> cursar<\/s> una maestr\u00eda y\/o avanzar en su carrera en diversos campos empresariales.\u00a0<\/p>\n\n                            <a data-toggle=\"collapse\" data-parent=\"#FaqsWithoutFilters-accordionID\" href=\"#xcollapse1\" aria-expanded=\"false\" aria-controls=\"xcollapse1\">\n                                            <h4>\u00bfCu\u00e1nto tiempo se tarda en obtener una licenciatura en Ciencias de la Administraci\u00f3n de Empresas?\u00a0<\/h4>\n                            <\/a>\n                                \n<p>El programa de licenciatura en Ciencias de la Administraci\u00f3n de Empresas requiere 120 cr\u00e9ditos y se puede completar en menos de dos a\u00f1os y medio, o unos 30 meses.<\/p>\n\n                            <a data-toggle=\"collapse\" data-parent=\"#FaqsWithoutFilters-accordionID\" href=\"#xcollapse2\" aria-expanded=\"false\" aria-controls=\"xcollapse2\">\n                                            <h4>\u00bfCu\u00e1les son los requisitos de admisi\u00f3n para el programa de licenciatura en Ciencias?\u00a0<\/h4>\n                            <\/a>\n                                \n<p>Debe tener al menos 16 a\u00f1os, dominar el ingl\u00e9s, haber terminado la secundaria o su equivalente y haber completado los cursos introductorios de UoPeople.<\/p>\n\n                            <a data-toggle=\"collapse\" data-parent=\"#FaqsWithoutFilters-accordionID\" href=\"#xcollapse3\" aria-expanded=\"false\" aria-controls=\"xcollapse3\">\n                                            <h4>\u00bfQu\u00e9 trabajos se pueden conseguir con una licenciatura en Ciencias de la Administraci\u00f3n de Empresas?\u00a0<\/h4>\n                            <\/a>\n                                \n<p>Los licenciados de Ciencias de la Administraci\u00f3n de Empresas pueden  <a href=\"https:\/\/www.uopeople.edu\/blog\/is-business-administration-good-major\/\" target=\"_blank\" rel=\"noreferrer noopener\">desempe\u00f1ar funciones<\/a> como supervisores administrativos, <a href=\"https:\/\/www.uopeople.edu\/blog\/operations-manager-job-description\/\" target=\"_blank\" rel=\"noreferrer noopener\">directores de operaciones<\/a>, <a href=\"https:\/\/www.uopeople.edu\/blog\/what-is-marketing-management\/\" target=\"_blank\" rel=\"noreferrer noopener\">directores superiores de mercadeo<\/a> y analistas de gesti\u00f3n, entre otras. Algunos exalumnos de UoPeople han tenido \u00e9xito con puestos en organizaciones globales l\u00edderes como Amazon, IBM, Microsoft, Deloitte, AT&amp;T, Dell, etc.\u00a0<\/p>\n\n                            <a data-toggle=\"collapse\" data-parent=\"#FaqsWithoutFilters-accordionID\" href=\"#xcollapse4\" aria-expanded=\"false\" aria-controls=\"xcollapse4\">\n                                            <h4>\u00bfCu\u00e1nto cuesta obtener una licenciatura en Administraci\u00f3n de Empresas con UoPeople?\u00a0<\/h4>\n                            <\/a>\n                                \n<p>El modelo \u00fanico y la <a href=\"https:\/\/www.uopeople.edu\/es\/tuition-free\/\" target=\"_blank\" rel=\"noreferrer noopener\">matr\u00edcula gratis<\/a> de UoPeople hace posible la obtenci\u00f3n de un t\u00edtulo estadounidense de alta calidad por solo 60 d\u00f3lares, y pagar progresivamente sin asumir compromisos financieros. El costo total de una licenciatura es de aproximadamente 6460 d\u00f3lares para el programa de 120 cr\u00e9ditos, lo que equivale a unos 54 d\u00f3lares por cr\u00e9dito.<\/p>\n\n                            <a data-toggle=\"collapse\" data-parent=\"#FaqsWithoutFilters-accordionID\" href=\"#xcollapse5\" aria-expanded=\"false\" aria-controls=\"xcollapse5\">\n                                            <h4>\u00bfPuedo transferir cr\u00e9ditos al programa de licenciatura en Administraci\u00f3n de Empresas de UoPeople?\u00a0<\/h4>\n                            <\/a>\n                                \n<p>S\u00ed. Los alumnos que cursan estudios de licenciatura pueden <a href=\"https:\/\/www.uopeople.edu\/become-student\/admissions\/transferring-credits\/\" target=\"_blank\" rel=\"noreferrer noopener\">transferir<\/a> hasta 90 cr\u00e9ditos (equivalentes al 75 % de los requisitos del programa) de otra instituci\u00f3n acreditada para obtener su t\u00edtulo en UoPeople.\u00a0 \u00a0<\/p>\n\n                <!--accordion end -->\n<h2><span class=\"ez-toc-section\" id=\"%C2%BFBusca_un_futuro_nuevo_y_brillante_Comience_aqui\"><\/span>\n\t\t\t\u00bfBusca un futuro nuevo y brillante? Comience aqu\u00ed.\t<span class=\"ez-toc-section-end\"><\/span><\/h2>\n\t\t\t<a href=\"https:\/\/apply.uopeople.edu\/\" target=\"_blank\" rel=\"noopener\">\n\t\t\t\t\t\t\tPost\u00falate\n\t\t\t\t\t<\/a>\n\n","protected":false},"excerpt":{"rendered":"<p>Titulaci\u00f3n en l\u00ednea en licenciatura en Ciencias de la Administraci\u00f3n de Empresas (BSBA) Adquiere habilidades en demanda que te preparar\u00e1n para resolver problemas de negocios de la vida real y liderar equipos con confianza. Esta titulaci\u00f3n es la base perfecta para cursar un maestr\u00eda o avanzar en tu carrera actual. Post\u00falate ahora Post\u00falate antes del:&hellip;<\/p>\n","protected":false},"author":15,"featured_media":0,"parent":26202,"menu_order":0,"comment_status":"closed","ping_status":"closed","template":"","meta":{"_acf_changed":true,"inline_featured_image":false,"footnotes":""},"class_list":["post-26199","page","type-page","status-publish","hentry"],"acf":[],"_links":{"self":[{"href":"https:\/\/www.uopeople.edu\/es\/wp-json\/wp\/v2\/pages\/26199","targetHints":{"allow":["GET"]}}],"collection":[{"href":"https:\/\/www.uopeople.edu\/es\/wp-json\/wp\/v2\/pages"}],"about":[{"href":"https:\/\/www.uopeople.edu\/es\/wp-json\/wp\/v2\/types\/page"}],"author":[{"embeddable":true,"href":"https:\/\/www.uopeople.edu\/es\/wp-json\/wp\/v2\/users\/15"}],"replies":[{"embeddable":true,"href":"https:\/\/www.uopeople.edu\/es\/wp-json\/wp\/v2\/comments?post=26199"}],"version-history":[{"count":0,"href":"https:\/\/www.uopeople.edu\/es\/wp-json\/wp\/v2\/pages\/26199\/revisions"}],"up":[{"embeddable":true,"href":"https:\/\/www.uopeople.edu\/es\/wp-json\/wp\/v2\/pages\/26202"}],"wp:attachment":[{"href":"https:\/\/www.uopeople.edu\/es\/wp-json\/wp\/v2\/media?parent=26199"}],"curies":[{"name":"wp","href":"https:\/\/api.w.org\/{rel}","templated":true}]}}