{"id":26198,"date":"2022-04-28T16:22:32","date_gmt":"2022-04-28T16:22:32","guid":{"rendered":"https:\/\/universitopstg.wpengine.com\/ciencias-de-la-informatica-licenciatura\/"},"modified":"2026-03-26T11:06:40","modified_gmt":"2026-03-26T11:06:40","slug":"computer-science","status":"publish","type":"page","link":"https:\/\/www.uopeople.edu\/es\/programs\/online-bachelors\/computer-science\/","title":{"rendered":"Ciencias De Informatica (Licenciatura)"},"content":{"rendered":"\n<h1><span class=\"ez-toc-section\" id=\"Licenciatura_en_linea_en_Ciencias_de_la_Informatica_BCS\"><\/span>\n\t\t\tLicenciatura en l\u00ednea en Ciencias de la Inform\u00e1tica (BCS)\t<span class=\"ez-toc-section-end\"><\/span><\/h1>\n\t<p>Adquiere habilidades demandadas para unirte a uno de los campos de m\u00e1s r\u00e1pido crecimiento en el mundo y aprende lo \u00faltimo en programaci\u00f3n, software y tecnolog\u00eda inform\u00e1tica. Ya sea que tu meta sea llegar a la cima del sector tecnol\u00f3gico, o sentar las bases para una titulaci\u00f3n avanzada, puedes lograrlo todo con una licenciatura en Ciencias de la Inform\u00e1tica de UoPeople.\u00a0 <\/p>\n\t\t\t<a href=\"https:\/\/apply.uopeople.edu\/\" target=\"_blank\" rel=\"noopener\">\n\t\t\t\t\t\t\tPost\u00falate ahora\n\t\t\t\t\t<\/a>\n<em>Post\u00falate antes del:<br \/>\n<strong>19 Marzo 2026<\/strong><br \/>\n<\/em>\n<em>Inicio de clases:<br \/>\n<strong>9 Abril 2026<\/strong><\/em>\n\t\t\t Sin clases en vivo \t\t\n\t\t\t 40 cursos\t\t\n\t\t\t Menos de dos a\u00f1os y medio\t\t\n\t\t\t Paga sobre la marcha ($160 por evaluaci\u00f3n del curso)  \t\t\n\t<h2><span class=\"ez-toc-section\" id=\"Resumen\"><\/span>\n\t\t\tResumen\t<span class=\"ez-toc-section-end\"><\/span><\/h2>\n\t<p>Ampl\u00eda tus conocimientos aprendiendo sobre software innovador, programaci\u00f3n inform\u00e1tica y tecnolog\u00eda para obtener una ventaja decisiva en un sector muy popular. Convi\u00e9rtete en un experto en lenguajes de programaci\u00f3n actuales como Java y Python, explora la gesti\u00f3n de bases de datos y profundiza en los \u00faltimos conceptos de IA y aprendizaje autom\u00e1tico. Esta titulaci\u00f3n es perfecta para profesionales en activo que desean una base s\u00f3lida en inform\u00e1tica o esperan obtener un t\u00edtulo avanzado en el futuro. <\/p>\n<h2><span class=\"ez-toc-section\" id=\"Lo_que_aprenderas_en_el_programa_BCS_en_linea\"><\/span>\n\t\t\tLo que aprender\u00e1s en el programa BCS en l\u00ednea\t<span class=\"ez-toc-section-end\"><\/span><\/h2>\n\t<p>Lleva tu carrera al siguiente nivel con un valioso conjunto de habilidades:\u00a0  <\/p>\n\t\t\t Aplicar habilidades para depurar, codificar y probar nuevas soluciones de programaci\u00f3n  \t\t\n\t\t\t Gestionar proyectos de dise\u00f1o desde su concepci\u00f3n hasta su aplicaci\u00f3n  \t\t\n\t\t\t Crear soluciones a problemas utilizando las matem\u00e1ticas  \t\t\n\t\t\t Ampliar el pensamiento cr\u00edtico m\u00e1s all\u00e1 del aula   \t\t\n\t<h2><span class=\"ez-toc-section\" id=\"Requisitos_de_admision\"><\/span>\n\t\t\tRequisitos de admisi\u00f3n\t<span class=\"ez-toc-section-end\"><\/span><\/h2>\n\t<p>En UoPeople puede estudiar en l\u00ednea cualquier persona que haya cursado estudios secundarios y sea mayor de 16 a\u00f1os. <\/p>\n        <form data-css-form=\"filter\" data-js-form=\"filter1\">\n                <input type=\"hidden\" name=\"perpage\" id=\"perpage\" value=\"6\"\/>\n                <input type=\"hidden\" name=\"no_results_text\" id=\"no_results_text\" value=\"Sorry, no posts match the search criteria.\"\/>\n                <input type=\"hidden\" name=\"post_type_input\" id=\"post_type_input\" value=\"course\"\/>\n                <input type=\"hidden\" name=\"taxonomy\" id=\"taxonomy\" value=\"course_type\"\/>\n                <input type=\"hidden\" name=\"orderby\" id=\"orderby\" value=\"post__in\"\/>\n                <input type=\"hidden\" name=\"order\" id=\"order\" value=\"ASC\"\/>\n                <input type=\"hidden\" name=\"postin\" id=\"postin\" value=\"12607,10182,10190,10183,25875,12637,12638,12639,12640,12641,12642,12643,12644,12645,12646,12647,12648,12649,12650,12651,12652,12653,12592,12593,12595,12597,12600,12601,12603\"\/>\n                    <select id=\"ResourcesGridFeed-menu\" name=\"id\" aria-labelledby=\"drop4\"> \n                                                    <option name_to_show=\"Requisitos de educaci\u00f3n general\" id=\"requisitos-de-educacion-general\"  value=\"303\">Requisitos de educaci\u00f3n general<\/option>\n                                            <\/select>\n                <fieldset data-css-form=\"group right\">\n                        <button data-css-button=\"button red\">Filter<\/button>\n                        <input type=\"hidden\" name=\"action\" value=\"filter_courses_feed\"\/>\n                <\/fieldset>\n        <\/form>  \n                <h4>Plan de estudios \/ cursos<\/h4>\n                        <p>El plan de estudios de la Licenciatura en Ciencias de la Inform\u00e1tica se ha dise\u00f1ado para proporcionar a los estudiantes conocimientos inform\u00e1ticos y habilidades t\u00e9cnicas en profundidad. Los estudiantes profundizar\u00e1n en la gesti\u00f3n de bases de datos, el dise\u00f1o y los lenguajes de programaci\u00f3n inform\u00e1tica.<\/p>\n<ul>\n<li>19 Cursos de educaci\u00f3n general<\/li>\n<li>21 Cursos principales<\/li>\n<\/ul>\n            <a href=\"https:\/\/catalog.uopeople.edu\/ug_term1_item\/computer-science\/bachelor-of-science-in-computer-science-bs-cs%20\" target=\"_blank\" rel=\"noopener\">Ver todos los cursos<\/a>\n            <a href=\"https:\/\/apply.uopeople.edu\/\" target=\"_blank\" rel=\"noopener\">Post\u00falate<\/a>\n<h2><span class=\"ez-toc-section\" id=\"Licenciatura_en_Ciencias_de_la_Informatica\"><\/span>\n\t\t\tLicenciatura en Ciencias de la Inform\u00e1tica\t<span class=\"ez-toc-section-end\"><\/span><\/h2>\n\t<p>\u00bfA d\u00f3nde te llevar\u00e1 una licenciatura en Ciencias de la Inform\u00e1tica? Tu titulaci\u00f3n te ayudar\u00e1 a prepararte para trabajar como: <\/p>\n\t\t\t Administrador de base de datos  \t\t\n\t\t\t Desarrollador de software  \t\t\n\t\t\t Ingeniero de sistemas inform\u00e1ticos\t\t\n\t\t\t Dise\u00f1ador web\t\t\n\t<p>Como estudiante de UoPeople, nunca est\u00e1s solo: nuestro Centro de servicio profesional proporciona comentarios sobre el curr\u00edculum, consejos para establecer contactos, t\u00e9cnicas de entrevista y m\u00e1s.\u00a0 <\/p>\n<h2><span class=\"ez-toc-section\" id=\"Costos_de_la_licenciatura_en_Ciencias_de_la_Informatica\"><\/span>\n\t\t\tCostos de la licenciatura en Ciencias de la Inform\u00e1tica\t<span class=\"ez-toc-section-end\"><\/span><\/h2>\n\t<p>UoPeople no cobra matr\u00edcula, libros ni gastos de campus. Solo cobramos una cuota de postulaci\u00f3n de $60, y una cuota de evaluaci\u00f3n de $160 por cada curso. Este es un gran ahorro en comparaci\u00f3n con las universidades p\u00fablicas de EE. UU., que cobran en promedio $22,389 por una licenciatura. En el transcurso de tus estudios en UoPeople, tendr\u00e1s que pagar un total de solo $6460, \u00a1menos si tienes cr\u00e9ditos para transferir! Nuestra misi\u00f3n es hacer que la educaci\u00f3n superior sea accesible para todos; si no puedes pagar estas cuotas, es posible que haya disponibles becas y subvenciones.<\/p>\n    <h2><span class=\"ez-toc-section\" id=\"FLEXIBILIDAD\"><\/span>FLEXIBILIDAD<span class=\"ez-toc-section-end\"><\/span><\/h2>\n    \u00bfTe preocupa la gesti\u00f3n de tus estudios mientras trabajas o haces malabares con la vida familiar? \u00a1No te preocupes! M\u00e1s de la mitad de nuestros alumnos estudian con \u00e9xito mientras trabajan, forman familias o ambas cosas. \u00a1T\u00fa tambi\u00e9n puedes! UoPeople se enorgullece de ser la opci\u00f3n m\u00e1s flexible del mundo para obtener un t\u00edtulo de alta calidad, acreditado y 100\u00a0% en l\u00ednea. Obt\u00e9n m\u00e1s informaci\u00f3n sobre c\u00f3mo nuestros programas est\u00e1n especialmente dise\u00f1ados para funcionar para ti:\n                                                                          <img decoding=\"async\" width=\"80\" height=\"60\" src=\"https:\/\/www.uopeople.edu\/wp-content\/uploads\/2022\/06\/noun-schedule-1464727.svg\"\/>\n                                            Aprendizaje as\u00edncrono\n                      En UoPeople no hay clases en vivo ni horarios de clase fijos. En lugar de esto, puedes disfrutar de la libertad de la flexibilidad en l\u00ednea y estudiar en su propio horario. Completa las tareas durante tu viaje diario al trabajo, en tu hora de almuerzo o despu\u00e9s de que los ni\u00f1os est\u00e9n en la cama. Siempre y cuando el trabajo de tu curso est\u00e9 terminado al final de cada semana, estar\u00e1s en camino para la graduaci\u00f3n.\n                                                                          <img decoding=\"async\" width=\"80\" height=\"60\" src=\"https:\/\/www.uopeople.edu\/wp-content\/uploads\/2022\/06\/noun-wifi-1510573.svg\"\/>\n                                            Tecnolog\u00eda accesible\n                      Todo lo que necesitas para estudiar en UoPeople es una conexi\u00f3n a Internet estable, ya sea en una computadora de escritorio, una computadora port\u00e1til o incluso en tu tel\u00e9fono celular. Los cursos nunca requieren archivos de video pesados, y el Campus en l\u00ednea de UoPeople es compatible con la mayor\u00eda de los navegadores. Los estudiantes incluso reciben una suscripci\u00f3n a Office 365, que incluye Microsoft Office, sin costo adicional.\n                                                                          <img decoding=\"async\" width=\"80\" height=\"60\" src=\"https:\/\/www.uopeople.edu\/wp-content\/uploads\/2022\/06\/noun-transfer-4652684.svg\"\/>\n                                            Transferencia de cr\u00e9ditos\n                      \u00bfTienes cr\u00e9ditos de otra universidad acreditada? \u00a1Excelente! Los estudiantes de maestr\u00eda pueden transferir hasta el 50\u00a0% de sus cr\u00e9ditos totales a UoPeople. No hay cargo por las evaluaciones de cr\u00e9ditos de transferencia, y si se aceptan, hay una peque\u00f1a tarifa de solo $17 por cada curso transferido.\n            <!-- row -->\n    <!-- CardsModule-rowParentOverflow -->\n                    <h3>PREGUNTAS FRECUENTES QUE NOS HACEN LOS ESTUDIANTES<\/h3>\n                    Preguntas sobre nuestros programas acad\u00e9micos ofrecidos en UoPeople\n                    <a href=\"https:\/\/www.uopeople.edu\/faq\/\" target=\"_self\">Ver todo<\/a>\n                <!--accordion start -->\n                            <a data-toggle=\"collapse\" data-parent=\"#FaqsWithoutFilters-accordionID\" href=\"#xcollapse0\" aria-expanded=\"false\" aria-controls=\"xcollapse0\">\n                                            <h4>\u00bfQu\u00e9 es una licenciatura en Ciencias de la Inform\u00e1tica?\u00a0<\/h4>\n                            <\/a>\n                                \n<p>La licenciatura en Ciencias de la Inform\u00e1tica de UoPeople lo prepara para la industria tecnol\u00f3gica mediante la ense\u00f1anza de lo \u00faltimo en programaci\u00f3n, software y tecnolog\u00eda inform\u00e1tica. Este programa est\u00e1 dise\u00f1ado para proporcionar una base s\u00f3lida en inform\u00e1tica, y as\u00ed abrir las puertas a los mejores puestos en el campo de la tecnolog\u00eda.\u00a0<\/p>\n\n                            <a data-toggle=\"collapse\" data-parent=\"#FaqsWithoutFilters-accordionID\" href=\"#xcollapse1\" aria-expanded=\"false\" aria-controls=\"xcollapse1\">\n                                            <h4>\u00bfCu\u00e1nto dura una licenciatura en Ciencias de la Inform\u00e1tica?\u00a0<\/h4>\n                            <\/a>\n                                \n<p>El programa consta de 40 cursos y puede completarse en menos de dos a\u00f1os y medio, o unos 30 meses.\u00a0<\/p>\n\n                            <a data-toggle=\"collapse\" data-parent=\"#FaqsWithoutFilters-accordionID\" href=\"#xcollapse2\" aria-expanded=\"false\" aria-controls=\"xcollapse2\">\n                                            <h4>\u00bfCu\u00e1les son los requisitos de admisi\u00f3n para el programa de licenciatura en Ciencias de la Inform\u00e1tica?\u00a0<\/h4>\n                            <\/a>\n                                \n<p>Debe tener al menos 16 a\u00f1os, dominar el ingl\u00e9s, haber terminado la secundaria o su equivalente y haber completado los <a href=\"https:\/\/www.uopeople.edu\/become-student\/prepare-for-uopeople\/foundation-courses\/\" target=\"_blank\" rel=\"noreferrer noopener\">cursos introductorios de UoPeople<\/a>.<\/p>\n\n                            <a data-toggle=\"collapse\" data-parent=\"#FaqsWithoutFilters-accordionID\" href=\"#xcollapse3\" aria-expanded=\"false\" aria-controls=\"xcollapse3\">\n                                            <h4>\u00bfQu\u00e9 se hace en un programa de licenciatura en Ciencias de la Inform\u00e1tica?\u00a0<\/h4>\n                            <\/a>\n                                \n<p>Se sumergir\u00e1 en la gesti\u00f3n de bases de datos, el dise\u00f1o y varios lenguajes de programaci\u00f3n inform\u00e1tica. Tambi\u00e9n aprender\u00e1 sobre Java, Python, IA y aprendizaje autom\u00e1tico, lo que lo preparar\u00e1 para aplicar habilidades de codificaci\u00f3n, depuraci\u00f3n y gesti\u00f3n de proyectos.\u00a0<\/p>\n\n                            <a data-toggle=\"collapse\" data-parent=\"#FaqsWithoutFilters-accordionID\" href=\"#xcollapse4\" aria-expanded=\"false\" aria-controls=\"xcollapse4\">\n                                            <h4>\u00bfQu\u00e9 trabajos se pueden conseguir con una licenciatura en Ciencias de la Inform\u00e1tica?<\/h4>\n                            <\/a>\n                                \n<p>Los licenciados en Ciencias de la Inform\u00e1tica pueden desempe\u00f1ar <a href=\"https:\/\/www.uopeople.edu\/blog\/what-are-computer-science-jobs-what-can-i-do-with-a-cs-degree\/\" target=\"_blank\" rel=\"noreferrer noopener\">funciones<\/a> como administradores de bases de datos, desarrolladores de software, ingenieros de sistemas inform\u00e1ticos y dise\u00f1adores web, entre otras. Algunos exalumnos de UoPeople han tenido \u00e9xito con puestos en organizaciones globales l\u00edderes como Amazon, IBM, Microsoft, Deloitte, AT&amp;T, Dell, etc.\u00a0\u00a0<\/p>\n\n                            <a data-toggle=\"collapse\" data-parent=\"#FaqsWithoutFilters-accordionID\" href=\"#xcollapse5\" aria-expanded=\"false\" aria-controls=\"xcollapse5\">\n                                            <h4>\u00bfCu\u00e1nto cuesta obtener una licenciatura en Ciencias de la Inform\u00e1tica en UoPeople?\u00a0<\/h4>\n                            <\/a>\n                                \n<p>El modelo \u00fanico y la matr\u00edcula gratis de UoPeople hace posible la obtenci\u00f3n de un t\u00edtulo estadounidense de alta calidad por solo 60 d\u00f3lares, y pagar progresivamente sin asumir compromisos financieros. El costo total de una licenciatura es de aproximadamente 6460 d\u00f3lares para el programa de 120 cr\u00e9ditos, lo que equivale a unos 54 d\u00f3lares por cr\u00e9dito.<\/p>\n\n                            <a data-toggle=\"collapse\" data-parent=\"#FaqsWithoutFilters-accordionID\" href=\"#xcollapse6\" aria-expanded=\"false\" aria-controls=\"xcollapse6\">\n                                            <h4>\u00bfPuedo transferir cr\u00e9ditos a la licenciatura en Ciencias de la Inform\u00e1tica de UoPeople?\u00a0<\/h4>\n                            <\/a>\n                                \n<p>S\u00ed. Los estudiantes que cursan una licenciatura pueden <a href=\"https:\/\/www.uopeople.edu\/become-student\/admissions\/transferring-credits\/\" target=\"_blank\" rel=\"noreferrer noopener\">transferir<\/a> hasta el 50 % de los cr\u00e9ditos del programa de otra instituci\u00f3n acreditada para obtener su t\u00edtulo en UoPeople.\u00a0<\/p>\n\n                <!--accordion end -->\n<h2><span class=\"ez-toc-section\" id=\"%C2%BFTodo_listo_para_unirse_a_la_primera_universidad_acreditada_gratuita_y_100_en_linea_del_mundo\"><\/span>\n\t\t\t\u00bfTodo listo para unirse a la primera universidad acreditada, gratuita y 100 % en l\u00ednea del mundo?\t<span class=\"ez-toc-section-end\"><\/span><\/h2>\n\t\t\t<a href=\"https:\/\/apply.uopeople.edu\/\" target=\"_blank\" rel=\"noopener\">\n\t\t\t\t\t\t\tPost\u00falate\n\t\t\t\t\t<\/a>\n\n","protected":false},"excerpt":{"rendered":"<p>Licenciatura en l\u00ednea en Ciencias de la Inform\u00e1tica (BCS) Adquiere habilidades demandadas para unirte a uno de los campos de m\u00e1s r\u00e1pido crecimiento en el mundo y aprende lo \u00faltimo en programaci\u00f3n, software y tecnolog\u00eda inform\u00e1tica. Ya sea que tu meta sea llegar a la cima del sector tecnol\u00f3gico, o sentar las bases para una&hellip;<\/p>\n","protected":false},"author":15,"featured_media":0,"parent":26202,"menu_order":0,"comment_status":"closed","ping_status":"closed","template":"","meta":{"_acf_changed":false,"inline_featured_image":false,"footnotes":""},"class_list":["post-26198","page","type-page","status-publish","hentry"],"acf":[],"_links":{"self":[{"href":"https:\/\/www.uopeople.edu\/es\/wp-json\/wp\/v2\/pages\/26198","targetHints":{"allow":["GET"]}}],"collection":[{"href":"https:\/\/www.uopeople.edu\/es\/wp-json\/wp\/v2\/pages"}],"about":[{"href":"https:\/\/www.uopeople.edu\/es\/wp-json\/wp\/v2\/types\/page"}],"author":[{"embeddable":true,"href":"https:\/\/www.uopeople.edu\/es\/wp-json\/wp\/v2\/users\/15"}],"replies":[{"embeddable":true,"href":"https:\/\/www.uopeople.edu\/es\/wp-json\/wp\/v2\/comments?post=26198"}],"version-history":[{"count":0,"href":"https:\/\/www.uopeople.edu\/es\/wp-json\/wp\/v2\/pages\/26198\/revisions"}],"up":[{"embeddable":true,"href":"https:\/\/www.uopeople.edu\/es\/wp-json\/wp\/v2\/pages\/26202"}],"wp:attachment":[{"href":"https:\/\/www.uopeople.edu\/es\/wp-json\/wp\/v2\/media?parent=26198"}],"curies":[{"name":"wp","href":"https:\/\/api.w.org\/{rel}","templated":true}]}}