{"id":26186,"date":"2022-04-28T14:56:12","date_gmt":"2022-04-28T14:56:12","guid":{"rendered":"https:\/\/universitopstg.wpengine.com\/programs\/maestria\/"},"modified":"2025-03-18T07:21:27","modified_gmt":"2025-03-18T07:21:27","slug":"online-masters","status":"publish","type":"page","link":"https:\/\/www.uopeople.edu\/es\/programs\/online-masters\/","title":{"rendered":"Maestr\u00eda"},"content":{"rendered":"\n<h1><span class=\"ez-toc-section\" id=\"Maestria\"><\/span>\n\t\tMaestr\u00eda\n\t<span class=\"ez-toc-section-end\"><\/span><\/h1>\n\t<p>Logra tus objetivos profesionales con una titulaci\u00f3n en l\u00ednea avanzada y flexible dirigida a profesionales que trabajan.<\/p>\n\t\t\t<a href=\"https:\/\/apply.uopeople.edu\/\" target=\"_blank\" rel=\"noopener\">\n\t\t\t\t\t\t\tPost\u00falate ahora\n\t\t\t\t\t<\/a>\n\t\t\t\t<img decoding=\"async\" src=\"https:\/\/www.uopeople.edu\/wp-content\/uploads\/2023\/04\/yasmeen-750x750.webp\" alt=\"Yasmeen P.\" itemprop=\"image\" height=\"750\" width=\"750\" title=\"Yasmeen P.\" onerror=\"this.style.display='none'\"  \/>\n\t<p><strong>Yasmeen P.<\/strong><\/p>\n<p>MBA<\/p>\n<p>Estados Unidos<\/p>\n<h2><span class=\"ez-toc-section\" id=\"Administracion_de_Empresas\"><\/span>\n\t\tAdministraci\u00f3n de Empresas\n\t<span class=\"ez-toc-section-end\"><\/span><\/h2>\n\t<p>Nuestra maestr\u00eda en l\u00ednea en Administraci\u00f3n de Empresas ofrece un enfoque pr\u00e1ctico del liderazgo empresarial y comunitario, como parte de una estimulante experiencia educativa.<\/p>\n\t\t\t Planificar, gestionar, supervisar y estructurar negocios de forma eficaz\t\t\n\t\t\t Poner en marcha operaciones empresariales desde cero\t\t\n\t\t\t Aprender a desenvolverse en un mundo empresarial globalmente conectado\t\t\n\t<p>La titulaci\u00f3n te ayudar\u00e1 a prepararte para trabajar como:<\/p>\n\t\t\t Director ejecutivo\t\t\n\t\t\t Consultor de gesti\u00f3n\t\t\n\t\t\t Contador\t\t\n\t\t\t<a href=\"https:\/\/www.uopeople.edu\/es\/programs\/online-masters\/business-administration\/\" target=\"_self\" rel=\"noopener\">\n\t\t\t\t\t\t\tM\u00e1s informaci\u00f3n\n\t\t\t\t\t<\/a>\n<h2><span class=\"ez-toc-section\" id=\"Tecnologias_de_la_Informacion\"><\/span>\n\t\tTecnolog\u00edas de la Informaci\u00f3n\n\t<span class=\"ez-toc-section-end\"><\/span><\/h2>\n\t<p>Nuestra maestr\u00eda en Tecnolog\u00edas de la Informaci\u00f3n ofrece un enfoque pr\u00e1ctico de las demandas en constante cambio de la industria de TI, proporcionando a los estudiantes los conocimientos necesarios para analizar y administrar redes y sistemas de TI.<\/p>\n\t\t\t Dise\u00f1ar soluciones innovadoras para problemas inform\u00e1ticos complejos\t\t\n\t\t\t Comprender las mejores pr\u00e1cticas y normas reconocidas del sector\t\t\n\t\t\t Evaluar el desarrollo y la implantaci\u00f3n de sistemas inform\u00e1ticos\t\t\n\t<p>La titulaci\u00f3n te ayudar\u00e1 a prepararte para trabajar como:<\/p>\n\t\t\t Administrador de seguridad de la informaci\u00f3n  \t\t\n\t\t\t Director de TI\t\t\n\t\t\t   Arquitecto de la nube\t\t\n\t\t\t   Consultor de gesti\u00f3n\t\t\n\t\t\t<a href=\"https:\/\/www.uopeople.edu\/es\/programs\/online-masters\/information-technology\/\" target=\"_self\" rel=\"noopener\">\n\t\t\t\t\t\t\tM\u00e1s informaci\u00f3n\n\t\t\t\t\t<\/a>\n\t\t\t\t<img decoding=\"async\" src=\"https:\/\/www.uopeople.edu\/wp-content\/uploads\/2022\/09\/Hedego-750x790.webp\" alt=\"Hedego Gebremedhin\" itemprop=\"image\" height=\"790\" width=\"750\" title=\"Hedego Gebremedhin\" onerror=\"this.style.display='none'\"  \/>\n\t<p><strong>Hedego G.<\/strong><\/p>\n<p>MSIT<\/p>\n<p>EE. UU.<\/p>\n\t\t\t\t<img decoding=\"async\" src=\"https:\/\/www.uopeople.edu\/wp-content\/uploads\/2022\/07\/Aungresized-972x1024.jpg\" alt=\"Aung M. M.Ed. of Myanmar\" itemprop=\"image\" height=\"790\" width=\"750\" title=\"Aung(resized)\" onerror=\"this.style.display='none'\"  \/>\n\t<p><strong>Aung M.<\/strong><\/p>\n<p>M.Ed.<\/p>\n<p>Myanmar<\/p>\n<h2><span class=\"ez-toc-section\" id=\"Educacion\"><\/span>\n\t\t  Educaci\u00f3n\n\t<span class=\"ez-toc-section-end\"><\/span><\/h2>\n\t<p>Nuestra maestr\u00eda en Educaci\u00f3n est\u00e1 dise\u00f1ada para preparar a los estudiantes para que se conviertan en docentes altamente cualificados que sirvan como modelos y mentores y contribuyan de forma valiosa al desarrollo de la pr\u00f3xima generaci\u00f3n.<\/p>\n\t\t\t Evaluar las necesidades individuales de los estudiantes y planificar el apoyo\t\t\n\t\t\t Analizar y aplicar los m\u00e9todos de ense\u00f1anza m\u00e1s eficaces\t\t\n\t\t\t Estrategias para el crecimiento y el desarrollo continuo de los alumnos\t\t\n\t<p>La titulaci\u00f3n te ayudar\u00e1 a prepararte para trabajar como:<\/p>\n\t\t\t Maestro de aulas K-12\t\t\n\t\t\t Desarrollador de planes de estudio\t\t\n\t\t\t Especialista en ense\u00f1anza\t\t\n\t\t\t Director de escuela secundaria\t\t\n\t\t\t<a href=\"https:\/\/www.uopeople.edu\/es\/programs\/online-masters\/education\/\" target=\"_self\" rel=\"noopener\">\n\t\t\t\t\t\t\tM\u00e1s informaci\u00f3n\n\t\t\t\t\t<\/a>\n                    <h3>PREGUNTAS FRECUENTES QUE NOS HACEN LOS ESTUDIANTES<\/h3>\n                    Preguntas sobre nuestros programas acad\u00e9micos ofrecidos en UoPeople\n                    <a href=\"https:\/\/www.uopeople.edu\/faq\/\" target=\"_self\" rel=\"noopener\">Ver todo<\/a>\n                <!--accordion start -->\n                            <a data-toggle=\"collapse\" data-parent=\"#FaqsWithoutFilters-accordionID\" href=\"#xcollapse0\" aria-expanded=\"false\" aria-controls=\"xcollapse0\">\n                                            <h4>\u00bfSe aceptan estudiantes internacionales en UoPeople?<\/h4>\n                            <\/a>\n                                \n<p>\u00a1Por supuesto! UoPeople cuenta con estudiantes de m\u00e1s de 200 pa\u00edses y territorios.<\/p>\n\n                            <a data-toggle=\"collapse\" data-parent=\"#FaqsWithoutFilters-accordionID\" href=\"#xcollapse1\" aria-expanded=\"false\" aria-controls=\"xcollapse1\">\n                                            <h4>\u00bfQu\u00e9 es el aprendizaje asincr\u00f3nico?\u00a0<\/h4>\n                            <\/a>\n                                \n<p>El aprendizaje asincr\u00f3nico le permite aprender a su propio ritmo. A trav\u00e9s del campus en l\u00ednea de UoPeople tendr\u00e1 acceso a tareas, clases y otros materiales did\u00e1cticos. En UoPeople no hay clases en directo ni horarios fijos.\u00a0\u00a0<\/p>\n\n                            <a data-toggle=\"collapse\" data-parent=\"#FaqsWithoutFilters-accordionID\" href=\"#xcollapse2\" aria-expanded=\"false\" aria-controls=\"xcollapse2\">\n                                            <h4>\u00bfLos programas est\u00e1n acreditados?\u00a0<\/h4>\n                            <\/a>\n                                \n<p><a href=\"https:\/\/www.uopeople.edu\/es\/\">University of the People<\/a> est\u00e1 acreditada por la Comisi\u00f3n Acreditadora de Educaci\u00f3n a Distancia (DEAC, en ingl\u00e9s). La DEAC figura en la lista del Departamento de Educaci\u00f3n de los Estados Unidos como agencia acreditadora reconocida.\u00a0<\/p>\n\n                            <a data-toggle=\"collapse\" data-parent=\"#FaqsWithoutFilters-accordionID\" href=\"#xcollapse3\" aria-expanded=\"false\" aria-controls=\"xcollapse3\">\n                                            <h4>\u00bfRecibir\u00e9 el apoyo acad\u00e9mico que necesito?\u00a0<\/h4>\n                            <\/a>\n                                \n<p>\u00a1Por supuesto! El n\u00famero de alumnos por clase en UoPeople es reducido y cuenta con profesores altamente cualificados que est\u00e1n a disposici\u00f3n de los alumnos para responder a sus preguntas y ofrecerles apoyo. Adem\u00e1s, cada alumno es asignado a un orientador de programa personal al comienzo de sus estudios, que permanece con este hasta su graduaci\u00f3n. Los orientadores del programa act\u00faan como sistema de apoyo personal de los alumnos a lo largo de sus estudios. El orientador del programa responder\u00e1 a cualquier pregunta que el alumno pueda tener, le ofrecer\u00e1 asesoramiento acad\u00e9mico, discutir\u00e1 la selecci\u00f3n de cursos y lo motivar\u00e1 durante todo su periodo acad\u00e9mico.<\/p>\n\n                <!--accordion end -->\n<h2><span class=\"ez-toc-section\" id=\"%C2%BFBusca_un_futuro_nuevo_y_brillante_Comience_aqui\"><\/span>\n\t\t\u00bfBusca un futuro nuevo y brillante? Comience aqu\u00ed.\n\t<span class=\"ez-toc-section-end\"><\/span><\/h2>\n\t\t\t<a href=\"https:\/\/apply.uopeople.edu\/\" target=\"_blank\" rel=\"noopener\">\n\t\t\t\t\t\t\tPost\u00falate\n\t\t\t\t\t<\/a>\n\n","protected":false},"excerpt":{"rendered":"<p>Maestr\u00eda Logra tus objetivos profesionales con una titulaci\u00f3n en l\u00ednea avanzada y flexible dirigida a profesionales que trabajan. Post\u00falate ahora Yasmeen P. MBA Estados Unidos Administraci\u00f3n de Empresas Nuestra maestr\u00eda en l\u00ednea en Administraci\u00f3n de Empresas ofrece un enfoque pr\u00e1ctico del liderazgo empresarial y comunitario, como parte de una estimulante experiencia educativa. Planificar, gestionar, supervisar&hellip;<\/p>\n","protected":false},"author":15,"featured_media":0,"parent":25225,"menu_order":0,"comment_status":"closed","ping_status":"closed","template":"","meta":{"_acf_changed":false,"inline_featured_image":false,"footnotes":""},"class_list":["post-26186","page","type-page","status-publish","hentry"],"acf":[],"_links":{"self":[{"href":"https:\/\/www.uopeople.edu\/es\/wp-json\/wp\/v2\/pages\/26186","targetHints":{"allow":["GET"]}}],"collection":[{"href":"https:\/\/www.uopeople.edu\/es\/wp-json\/wp\/v2\/pages"}],"about":[{"href":"https:\/\/www.uopeople.edu\/es\/wp-json\/wp\/v2\/types\/page"}],"author":[{"embeddable":true,"href":"https:\/\/www.uopeople.edu\/es\/wp-json\/wp\/v2\/users\/15"}],"replies":[{"embeddable":true,"href":"https:\/\/www.uopeople.edu\/es\/wp-json\/wp\/v2\/comments?post=26186"}],"version-history":[{"count":0,"href":"https:\/\/www.uopeople.edu\/es\/wp-json\/wp\/v2\/pages\/26186\/revisions"}],"up":[{"embeddable":true,"href":"https:\/\/www.uopeople.edu\/es\/wp-json\/wp\/v2\/pages\/25225"}],"wp:attachment":[{"href":"https:\/\/www.uopeople.edu\/es\/wp-json\/wp\/v2\/media?parent=26186"}],"curies":[{"name":"wp","href":"https:\/\/api.w.org\/{rel}","templated":true}]}}