{"id":26180,"date":"2022-04-28T15:33:12","date_gmt":"2022-04-28T15:33:12","guid":{"rendered":"https:\/\/universitopstg.wpengine.com\/administracion-de-empresas-maestria\/"},"modified":"2026-03-29T09:03:43","modified_gmt":"2026-03-29T09:03:43","slug":"business-administration","status":"publish","type":"page","link":"https:\/\/www.uopeople.edu\/es\/programs\/online-masters\/business-administration\/","title":{"rendered":"Administraci\u00f3n de Empresas (Maestr\u00eda)"},"content":{"rendered":"\n<h1><span class=\"ez-toc-section\" id=\"Maestria_en_linea_en_Administracion_de_Empresas_MBA\"><\/span>\n\t\t\tMaestr\u00eda en l\u00ednea en Administraci\u00f3n de Empresas (MBA)\t<span class=\"ez-toc-section-end\"><\/span><\/h1>\n\t<p>Nuestra maestr\u00eda en l\u00ednea en Administraci\u00f3n de Empresas ofrece un enfoque pr\u00e1ctico en estrategia de negocios y liderazgo de equipos, como parte de una experiencia educativa de vanguardia.<\/p>\n\t\t\t<a href=\"https:\/\/apply.uopeople.edu\/\" target=\"_blank\" rel=\"noopener\">\n\t\t\t\t\t\t\tPost\u00falate ahora\n\t\t\t\t\t<\/a>\n<em>Fecha l\u00edmite de admisi\u00f3n anticipada:<br \/>\n<strong>7 May 2026<\/strong><br \/>\n<\/em>\n<em>Inicio de clases:<br \/>\n<strong>18 Jun 2026<\/strong><\/em>\n\t\t\t Sin clases en vivo \t\t\n\t\t\t 12 cursos\t\t\n\t\t\t Menos de un a\u00f1o\t\t\n\t\t\t Paga sobre la marcha ($450 por evaluaci\u00f3n del curso) \t\t\n\t<h2><span class=\"ez-toc-section\" id=\"Resumen\"><\/span>\n\t\t\tResumen\t<span class=\"ez-toc-section-end\"><\/span><\/h2>\n\t<p>Mejora tus conocimientos b\u00e1sicos de negocios y adquiere las habilidades especializadas necesarias para prosperar en el entorno empresarial global actual. Explora conceptos empresariales nuevos y apasionantes que te preparar\u00e1n para asumir con confianza el liderazgo de cualquier organizaci\u00f3n o incluso para dirigir tu propio negocio. <\/p>\n<h2><span class=\"ez-toc-section\" id=\"Lo_que_aprenderas_en_el_programa_de_MBA_en_linea\"><\/span>\n\t\t\tLo que aprender\u00e1s en el programa de MBA en l\u00ednea\t<span class=\"ez-toc-section-end\"><\/span><\/h2>\n\t<p>Adquiere habilidades valiosas para llevar tu carrera al siguiente nivel:\u00a0  <\/p>\n\t\t\t Comprender c\u00f3mo planificar, administrar, estructurar y monitorear negocios de manera efectiva  \t\t\n\t\t\t Poner en marcha operaciones empresariales desde cero\t\t\n\t\t\t Brindar soluciones innovadoras a problemas comerciales del mundo real  \t\t\n\t\t\t Aprender a desenvolverse con \u00e9xito en un mundo empresarial globalmente conectado   \t\t\n\t<h2><span class=\"ez-toc-section\" id=\"Requisitos_de_admision\"><\/span>\n\t\t\tRequisitos de admisi\u00f3n\t<span class=\"ez-toc-section-end\"><\/span><\/h2>\n\t<p>Los postulantes del programa MBA deben ser mayores de 18 a\u00f1os y capaces de estudiar en ingl\u00e9s. Adem\u00e1s, los postulantes deben tener una licenciatura de una instituci\u00f3n acreditada de Estados Unidos o un t\u00edtulo equivalente de una instituci\u00f3n internacional acreditada y una carta de recomendaci\u00f3n. <\/p>\n        <form data-css-form=\"filter\" data-js-form=\"filter1\">\n                <input type=\"hidden\" name=\"perpage\" id=\"perpage\" value=\"6\"\/>\n                <input type=\"hidden\" name=\"no_results_text\" id=\"no_results_text\" value=\"Sorry, no posts match the search criteria.\"\/>\n                <input type=\"hidden\" name=\"post_type_input\" id=\"post_type_input\" value=\"course\"\/>\n                <input type=\"hidden\" name=\"taxonomy\" id=\"taxonomy\" value=\"course_type\"\/>\n                <input type=\"hidden\" name=\"orderby\" id=\"orderby\" value=\"post__in\"\/>\n                <input type=\"hidden\" name=\"order\" id=\"order\" value=\"ASC\"\/>\n                <input type=\"hidden\" name=\"postin\" id=\"postin\" value=\"12777,12780,12783,12786,12789,12792,12795,12798,12801,12804,12807,12810,14519\"\/>\n                    <select id=\"ResourcesGridFeed-menu\" name=\"id\" aria-labelledby=\"drop4\"> \n                                                    <option name_to_show=\"Se requieren cursos de titulaci\u00f3n\" id=\"se-requieren-cursos-de-titulacion\"  value=\"297\">Se requieren cursos de titulaci\u00f3n<\/option>\n                                                    <option name_to_show=\"Optativas del \u00e1rea de estudios de titulaci\u00f3n\" id=\"optativas-del-area-de-estudios-de-titulacion\"  value=\"302\">Optativas del \u00e1rea de estudios de titulaci\u00f3n<\/option>\n                                                    <option name_to_show=\"Curso final del MBA\" id=\"curso-final-del-mba\"  value=\"313\">Curso final del MBA<\/option>\n                                            <\/select>\n                <fieldset data-css-form=\"group right\">\n                        <button data-css-button=\"button red\">Filter<\/button>\n                        <input type=\"hidden\" name=\"action\" value=\"filter_courses_feed\"\/>\n                <\/fieldset>\n        <\/form>  \n                <h4>Plan de estudios \/ cursos<\/h4>\n                        <p>El plan de estudios de la Maestr\u00eda en Administraci\u00f3n de Empresas se ha dise\u00f1ado espec\u00edficamente para ayudarte a avanzar en tu carrera o incluso a gestionar tu propio negocio.\u00a0 Los estudiantes aprender\u00e1n c\u00f3mo posicionar a las organizaciones para obtener una ventaja competitiva, gestionar la colaboraci\u00f3n en equipo y formular estrategias comerciales efectivas. Nuestro plan de estudios se basa en una s\u00f3lida base de la industria y ha sido desarrollado por l\u00edderes acad\u00e9micos de primer nivel para ayudar a los estudiantes a tener \u00e9xito.<\/p><ul><li>24 cr\u00e9ditos de cursos principales<\/li><li>9 cr\u00e9ditos optativos<\/li><li>3 cr\u00e9ditos finales<\/li><\/ul>\n            <a href=\"https:\/\/catalog.uopeople.edu\/graduate-catalog-t1\/graduate-program-of-study\/the-curriculum%20\" target=\"_blank\" rel=\"noopener\">Ver todos los cursos<\/a>\n            <a href=\"https:\/\/apply.uopeople.edu\/\" target=\"_blank\" rel=\"noopener\">Post\u00falate<\/a>\n                Nota: Para las asignaturas optativas de MBA, el estudiante debe tomar 3 de los 4 cursos enumerados anteriormente.\n<h2><span class=\"ez-toc-section\" id=\"Carreras_de_MBA\"><\/span>\n\t\t\tCarreras de MBA\t<span class=\"ez-toc-section-end\"><\/span><\/h2>\n\t<p>\u00bfA d\u00f3nde te llevar\u00e1 una maestr\u00eda en Administraci\u00f3n de Empresas? Tu titulaci\u00f3n te ayudar\u00e1 a prepararte para trabajar como: <\/p>\n\t\t\t Director ejecutivo  \t\t\n\t\t\t Consultor de gesti\u00f3n  \t\t\n\t\t\t Contador\t\t\n\t\t\t \u00a1Y muchos m\u00e1s!\t\t\n\t<p>Como estudiante de UoPeople, nunca est\u00e1s solo: nuestro Centro de servicio profesional proporciona comentarios sobre el curr\u00edculum, consejos para establecer contactos, t\u00e9cnicas de entrevista y m\u00e1s. \u00a0 <\/p>\n<h2><span class=\"ez-toc-section\" id=\"Costos_del_MBA_en_linea\"><\/span>\n\t\t\tCostos del MBA en l\u00ednea\t<span class=\"ez-toc-section-end\"><\/span><\/h2>\n\t<p>UoPeople no cobra matr\u00edcula, libros ni gastos de campus. Solo cobramos una cuota de postulaci\u00f3n de $60, y una cuota de evaluaci\u00f3n de $450 por cada curso. Este es un gran ahorro en comparaci\u00f3n con las universidades p\u00fablicas de EE. UU., que cobran en promedio $66300 por una titulaci\u00f3n. En el transcurso de tus estudios en UoPeople, tendr\u00e1s que pagar un total de solo $5460, \u00a1menos si tienes cr\u00e9ditos para transferir! <\/p>\n    <h2><span class=\"ez-toc-section\" id=\"FLEXIBILIDAD\"><\/span>FLEXIBILIDAD<span class=\"ez-toc-section-end\"><\/span><\/h2>\n    M\u00e1s de la mitad de nuestros estudiantes estudian con \u00e9xito mientras trabajan, forman familias o ambas cosas. UoPeople se enorgullece de ser la opci\u00f3n m\u00e1s flexible del mundo para obtener un t\u00edtulo de alta calidad, acreditado y 100\u00a0% en l\u00ednea. Obt\u00e9n m\u00e1s informaci\u00f3n sobre c\u00f3mo nuestros programas est\u00e1n especialmente dise\u00f1ados para funcionar para ti:\n                                                                          <img decoding=\"async\" width=\"80\" height=\"60\" src=\"https:\/\/www.uopeople.edu\/wp-content\/uploads\/2022\/06\/noun-schedule-1464727.svg\"\/>\n                                            Aprendizaje as\u00edncrono\n                      En UoPeople no hay clases en vivo ni horarios de clase fijos. En lugar de esto, puedes disfrutar de la libertad de la flexibilidad en l\u00ednea y estudiar en su propio horario. Completa las tareas durante tu viaje diario al trabajo, en tu hora de almuerzo o despu\u00e9s de que los ni\u00f1os est\u00e9n en la cama. Siempre y cuando el trabajo de tu curso est\u00e9 terminado al final de cada semana, estar\u00e1s en camino para la graduaci\u00f3n.\n                                                                          <img decoding=\"async\" width=\"80\" height=\"60\" src=\"https:\/\/www.uopeople.edu\/wp-content\/uploads\/2022\/06\/noun-wifi-1510573.svg\"\/>\n                                            Tecnolog\u00eda accesible\n                      Todo lo que necesitas para estudiar en UoPeople es una conexi\u00f3n a Internet estable, ya sea en una computadora de escritorio, una computadora port\u00e1til o incluso en tu tel\u00e9fono celular. Los cursos nunca requieren archivos de video pesados, y el Campus en l\u00ednea de UoPeople es compatible con la mayor\u00eda de los navegadores. Los estudiantes incluso reciben una suscripci\u00f3n a Office 365, que incluye Microsoft Office, sin costo adicional.\n                                                                          <img decoding=\"async\" width=\"80\" height=\"60\" src=\"https:\/\/www.uopeople.edu\/wp-content\/uploads\/2022\/06\/noun-transfer-4652684.svg\"\/>\n                                            Transferencia de cr\u00e9ditos\n                      \u00bfTienes cr\u00e9ditos de otra universidad acreditada? \u00a1Excelente! Los estudiantes de maestr\u00eda pueden transferir hasta el 50\u00a0% de sus cr\u00e9ditos totales a UoPeople. No hay cargo por las evaluaciones de cr\u00e9ditos de transferencia, y si se aceptan, hay una peque\u00f1a tarifa de solo $17 por cada curso transferido.\n            <!-- row -->\n    <!-- CardsModule-rowParentOverflow -->\n                    <h3>PREGUNTAS FRECUENTES QUE NOS HACEN LOS ESTUDIANTES<\/h3>\n                    Preguntas sobre nuestros programas acad\u00e9micos ofrecidos en UoPeople\n                    <a href=\"https:\/\/www.uopeople.edu\/faq\/\" target=\"_self\">Ver todo<\/a>\n                <!--accordion start -->\n                            <a data-toggle=\"collapse\" data-parent=\"#FaqsWithoutFilters-accordionID\" href=\"#xcollapse0\" aria-expanded=\"false\" aria-controls=\"xcollapse0\">\n                                            <h4>\u00bfQu\u00e9 es una maestr\u00eda en Administraci\u00f3n de Empresas?<\/h4>\n                            <\/a>\n                                \n<p>Un MBA es un t\u00edtulo de posgrado que se centra en la ense\u00f1anza de los principios de la gesti\u00f3n empresarial. Cubre varios aspectos de los negocios, como la estrategia, las finanzas, el marketing y las operaciones. El t\u00edtulo est\u00e1 dise\u00f1ado para personas que buscan avanzar en sus carreras a puestos de liderazgo y\/o administrar sus propios negocios de manera efectiva.<\/p>\n\n                            <a data-toggle=\"collapse\" data-parent=\"#FaqsWithoutFilters-accordionID\" href=\"#xcollapse1\" aria-expanded=\"false\" aria-controls=\"xcollapse1\">\n                                            <h4>\u00bfCu\u00e1nto dura una maestr\u00eda en Administraci\u00f3n de Empresas?\u00a0<\/h4>\n                            <\/a>\n                                \n<p>Por lo general, un programa de MBA a tiempo completo tarda unos dos a\u00f1os en completarse. Algunos programas como el que ofrece UoPeople se pueden completar en menos de un a\u00f1o, o alrededor de 12 meses, lo que lo convierte en una opci\u00f3n ideal para los profesionales que esperan impulsar sus carreras.\u00a0<\/p>\n\n                            <a data-toggle=\"collapse\" data-parent=\"#FaqsWithoutFilters-accordionID\" href=\"#xcollapse2\" aria-expanded=\"false\" aria-controls=\"xcollapse2\">\n                                            <h4>\u00bfCu\u00e1les son los requisitos de admisi\u00f3n para el programa de MBA?\u00a0<\/h4>\n                            <\/a>\n                                \n<p>Debes tener al menos 18 a\u00f1os, dominar el ingl\u00e9s,\u00a0tener al menos una licenciatura y haber completado los cursos de <a href=\"https:\/\/www.uopeople.edu\/become-student\/prepare-for-uopeople\/foundation-courses\/\" target=\"_blank\" rel=\"noreferrer noopener\">UoPeople Foundations<\/a>. Tambi\u00e9n se te pedir\u00e1 que proporciones una carta de recomendaci\u00f3n para garantizar tu candidatura. \u00a0<\/p>\n\n                            <a data-toggle=\"collapse\" data-parent=\"#FaqsWithoutFilters-accordionID\" href=\"#xcollapse3\" aria-expanded=\"false\" aria-controls=\"xcollapse3\">\n                                            <h4>\u00bfCu\u00e1nto cuesta obtener un t\u00edtulo de MBA en UoPeople?\u00a0<\/h4>\n                            <\/a>\n                                \n<p>El modelo \u00fanico y gratuito de UoPeople permite comenzar a obtener un t\u00edtulo estadounidense de alta calidad por solo $60 y pagar a medida que avanza sin compromisos financieros. El costo total de un MBA es de aproximadamente $5,460 para el programa de 36 cr\u00e9ditos, lo que equivale a aproximadamente $133 por cr\u00e9dito.\u00a0<\/p>\n\n                            <a data-toggle=\"collapse\" data-parent=\"#FaqsWithoutFilters-accordionID\" href=\"#xcollapse4\" aria-expanded=\"false\" aria-controls=\"xcollapse4\">\n                                            <h4>\u00bfQu\u00e9 oportunidades profesionales est\u00e1n disponibles despu\u00e9s de completar el MBA?\u00a0<\/h4>\n                            <\/a>\n                                \n<p>Completar un MBA abre varias oportunidades profesionales, incluidos importantes puestos de liderazgo como director ejecutivo, consultor de gesti\u00f3n y gerente de programas, entre otros. Algunos exalumnos de UoPeople han tenido \u00e9xito con puestos en organizaciones globales l\u00edderes como Amazon, IBM, Microsoft, Deloitte, AT&amp;T, Dell, etc.\u00a0\u00a0\u00a0<\/p>\n\n                            <a data-toggle=\"collapse\" data-parent=\"#FaqsWithoutFilters-accordionID\" href=\"#xcollapse5\" aria-expanded=\"false\" aria-controls=\"xcollapse5\">\n                                            <h4>\u00bfPuedo transferir cr\u00e9ditos al programa de Maestr\u00eda en Administraci\u00f3n de Empresas en UoPeople?\u00a0<\/h4>\n                            <\/a>\n                                \n<p>S\u00ed. Los estudiantes que cursan una maestr\u00eda pueden transferir hasta 18 cr\u00e9ditos (igual al 50\u00a0% del requisito del programa) de otra instituci\u00f3n acreditada a su t\u00edtulo de UoPeople.<\/p>\n\n                <!--accordion end -->\n<h2><span class=\"ez-toc-section\" id=\"%C2%BFBusca_un_futuro_nuevo_y_brillante_Comience_aqui\"><\/span>\n\t\t\t\u00bfBusca un futuro nuevo y brillante? Comience aqu\u00ed.\t<span class=\"ez-toc-section-end\"><\/span><\/h2>\n\t\t\t<a href=\"https:\/\/apply.uopeople.edu\/\" target=\"_blank\" rel=\"noopener\">\n\t\t\t\t\t\t\tPost\u00falate\n\t\t\t\t\t<\/a>\n\n","protected":false},"excerpt":{"rendered":"<p>Maestr\u00eda en l\u00ednea en Administraci\u00f3n de Empresas (MBA) Nuestra maestr\u00eda en l\u00ednea en Administraci\u00f3n de Empresas ofrece un enfoque pr\u00e1ctico en estrategia de negocios y liderazgo de equipos, como parte de una experiencia educativa de vanguardia. Post\u00falate ahora Fecha l\u00edmite de admisi\u00f3n anticipada: 7 May 2026 Inicio de clases: 18 Jun 2026 Sin clases en&hellip;<\/p>\n","protected":false},"author":15,"featured_media":0,"parent":26186,"menu_order":0,"comment_status":"closed","ping_status":"closed","template":"","meta":{"_acf_changed":true,"inline_featured_image":false,"footnotes":""},"class_list":["post-26180","page","type-page","status-publish","hentry"],"acf":[],"_links":{"self":[{"href":"https:\/\/www.uopeople.edu\/es\/wp-json\/wp\/v2\/pages\/26180","targetHints":{"allow":["GET"]}}],"collection":[{"href":"https:\/\/www.uopeople.edu\/es\/wp-json\/wp\/v2\/pages"}],"about":[{"href":"https:\/\/www.uopeople.edu\/es\/wp-json\/wp\/v2\/types\/page"}],"author":[{"embeddable":true,"href":"https:\/\/www.uopeople.edu\/es\/wp-json\/wp\/v2\/users\/15"}],"replies":[{"embeddable":true,"href":"https:\/\/www.uopeople.edu\/es\/wp-json\/wp\/v2\/comments?post=26180"}],"version-history":[{"count":0,"href":"https:\/\/www.uopeople.edu\/es\/wp-json\/wp\/v2\/pages\/26180\/revisions"}],"up":[{"embeddable":true,"href":"https:\/\/www.uopeople.edu\/es\/wp-json\/wp\/v2\/pages\/26186"}],"wp:attachment":[{"href":"https:\/\/www.uopeople.edu\/es\/wp-json\/wp\/v2\/media?parent=26180"}],"curies":[{"name":"wp","href":"https:\/\/api.w.org\/{rel}","templated":true}]}}