{"id":25510,"date":"2022-04-14T15:29:45","date_gmt":"2022-04-14T15:29:45","guid":{"rendered":"https:\/\/universitopstg.wpengine.com\/inicio\/"},"modified":"2025-11-11T10:26:42","modified_gmt":"2025-11-11T10:26:42","slug":"inicio","status":"publish","type":"page","link":"https:\/\/www.uopeople.edu\/es\/","title":{"rendered":"Inicio"},"content":{"rendered":"\n\n<h3>\nUNIVERSITY\n<br \/>\nOF THE PEOPLE\n<br \/>\nESTA ACREDITADA POR\n<\/h3>\n<img decoding=\"async\" src=\"https:\/\/uopdevsite.wpenginepowered.com\/wp-content\/uploads\/2025\/02\/wasc-logo-banner.webp\" width=\"300\" height=\"65\" \/>\n<h1><span class=\"ez-toc-section\" id=\"Obten_un_titulo_de_alta_calidad_sin_matricula_y_100_en_linea\"><\/span>Obt\u00e9n un t\u00edtulo de alta calidad, sin matricula y 100% en l\u00ednea.<span class=\"ez-toc-section-end\"><\/span><\/h1>\n<a href=\"https:\/\/apply.uopeople.edu\/\" target=\"_blank\" rel=\"noopener\">Post\u00falate<\/a>\n<h4>\n\t\t\tAprobada y acreditada por\t<\/h4>\n\t<p><img decoding=\"async\" src=\"https:\/\/www.uopeople.edu\/wp-content\/uploads\/2025\/02\/wasc-logos-1.webp\" alt=\"WASC Logo\" width=\"250\" height=\"54\" \/> <img decoding=\"async\" src=\"https:\/\/www.uopeople.edu\/wp-content\/uploads\/2024\/05\/bppe-1.webp\" alt=\"BPPE Logo\" width=\"55\" height=\"59\" \/> <img decoding=\"async\" src=\"https:\/\/www.uopeople.edu\/wp-content\/uploads\/2024\/05\/DEAC-Logo-1.webp\" alt=\"DEAC Logo\" width=\"180\" height=\"61\" \/><\/p>\n<h4>\n\t\t\tEn colaboraci\u00f3n con\t<\/h4>\n\t<p><img decoding=\"async\" src=\"https:\/\/www.uopeople.edu\/wp-content\/uploads\/2025\/02\/nyu.webp\" alt=\"NYU Logo\" width=\"60\" height=\"59\" \/><img decoding=\"async\" src=\"https:\/\/www.uopeople.edu\/wp-content\/uploads\/2024\/05\/University-of-Edinburgh-2.webp\" alt=\"University of Edinburgh Logo\" width=\"60\" height=\"61\" \/><img decoding=\"async\" src=\"https:\/\/www.uopeople.edu\/wp-content\/uploads\/2024\/07\/ib-logo.webp\" alt=\"IB Logo\" width=\"75\" height=\"60\" \/><img decoding=\"async\" src=\"https:\/\/www.uopeople.edu\/wp-content\/uploads\/2024\/07\/faa.webp\" alt=\"Federal Academic Alliance Logo\" width=\"60\" height=\"60\" \/><img decoding=\"async\" src=\"https:\/\/www.uopeople.edu\/wp-content\/uploads\/2024\/05\/McGill_University-Logo-1.webp\" alt=\"McGill Logo\" width=\"187\" height=\"45\" \/><\/p>\n<section  id=\"Photo-\">\n    <img decoding=\"async\" src=\"https:\/\/www.uopeople.edu\/wp-content\/uploads\/2022\/06\/shape-1-1.svg\" width=\"290\" height=\"533\" alt=\"Graphic Shape\"\/>\n<\/section>\n        <h2><span class=\"ez-toc-section\" id=\"Por_que_nos_quieren_nuestros_alumnos\"><\/span>Por qu\u00e9 nos quieren nuestros alumnos<span class=\"ez-toc-section-end\"><\/span><\/h2>\n                        Estudiar en UoPeople me permite obtener mi MBA a la vez que compagino una apretada agenda laboral..\n                        Sean H., MBA, Estados Unidos\n              <!-- row -->\n                        UoPeople elimin\u00f3 las barreras financieras y me empoder\u00f3 como estudiante.\n                        Rosemond A., administraci\u00f3n empresarial, Ghana\n              <!-- row -->\n                        Me encanta la diversidad que hay en UoPeople; me ayud\u00f3 a desarrollar una perspectiva m\u00e1s global.\n                        Joshua C., M.Ed., Estados Unidos\n              <!-- row -->\n                        Los instructores de UoPeople son muy serviciales y se dedican por completo al crecimiento de los estudiantes.\n                        Saltanat A., ciencias de la salud, Afganist\u00e1n\n              <!-- row -->\n                                                                <img decoding=\"async\" src=\"https:\/\/www.uopeople.edu\/wp-content\/uploads\/2022\/07\/sean-scaled-1-1-150x150.jpg\"\/>\n                                                                <img decoding=\"async\" src=\"https:\/\/www.uopeople.edu\/wp-content\/uploads\/2022\/08\/Rosemond-A-Business-Administration-Student-Ghana-150x150.webp\"\/>\n                                                                <img decoding=\"async\" src=\"https:\/\/www.uopeople.edu\/wp-content\/uploads\/2022\/07\/josh-scaled-1-1-150x150.jpg\"\/>\n                                                                <img decoding=\"async\" src=\"https:\/\/www.uopeople.edu\/wp-content\/uploads\/2022\/07\/salt-scaled-1-1-150x150.jpg\"\/>\n        <!-- row -->\n<h2><span class=\"ez-toc-section\" id=\"Por_que_University_of_the_People\"><\/span>\n\t\t\tPor qu\u00e9 University of the People\t<span class=\"ez-toc-section-end\"><\/span><\/h2>\n<section  id=\"Photo-\">\n    <img decoding=\"async\" src=\"https:\/\/www.uopeople.edu\/wp-content\/uploads\/2022\/04\/icons-tuition.svg\" width=\"56\" height=\"56\" alt=\"tuition icon\"\/>\n<\/section><h4>\n\t\t\tMatr\u00edcula gratis\t<\/h4>\n\t<p>UoPeople no cobra por los cursos universitarios en l\u00ednea, el material did\u00e1ctico ni la inscripci\u00f3n anual. Pague nuestras tarifas m\u00ednimas a medida que avanza, nunca por adelantado.<\/p>\n<section  id=\"Photo-\">\n    <img decoding=\"async\" src=\"https:\/\/www.uopeople.edu\/wp-content\/uploads\/2022\/04\/icons-flexible.svg\" width=\"56\" height=\"56\" alt=\"Flexible Icon\"\/>\n<\/section><h4>\n\t\t\tFlexibilidad\t<\/h4>\n\t<p>UoPeople es una universidad 100 % en l\u00ednea. Controle su horario estudiando cuando y donde quiera: en casa, en el trabajo o incluso mientras se desplaza.<\/p>\n<section  id=\"Photo-\">\n    <img decoding=\"async\" src=\"https:\/\/www.uopeople.edu\/wp-content\/uploads\/2022\/04\/icons-quality.svg\" width=\"56\" height=\"56\" alt=\"quality icon\"\/>\n<\/section><h4>\n\t\t\tCalidad\t<\/h4>\n\t<p>UoPeople es una universidad acreditada y en l\u00ednea de Estados Unidos. Nuestra c\u00fapula acad\u00e9mica incluye expertos de las mejores universidades de todo el mundo.<\/p>\n<section  id=\"Photo-\">\n    <img decoding=\"async\" src=\"https:\/\/www.uopeople.edu\/wp-content\/uploads\/2022\/04\/icons-support.svg\" width=\"56\" height=\"56\" alt=\"support icon\"\/>\n<\/section><h4>\n\t\t\tApoyo\t<\/h4>\n\t<p>Nuestras clases son reducidas y cada estudiante tiene un asesor de programa desde el primer d\u00eda hasta la graduaci\u00f3n.<\/p>\n<section  id=\"Photo-\">\n    <img decoding=\"async\" src=\"https:\/\/www.uopeople.edu\/wp-content\/uploads\/2022\/04\/icons-world.svg\" width=\"56\" height=\"56\" alt=\"world icon\"\/>\n<\/section><h4>\n\t\t\tGlobal\t<\/h4>\n\t<p>Con estudiantes de m\u00e1s de 200 pa\u00edses y territorios, aprender\u00e1 habilidades que le ayudar\u00e1n a prosperar en el mundo empresarial global.<\/p>\n<section  id=\"Photo-\">\n    <img decoding=\"async\" src=\"https:\/\/www.uopeople.edu\/wp-content\/uploads\/2022\/04\/icons-people.svg\" width=\"91\" height=\"55\" alt=\"people icon\"\/>\n<\/section><h4>\n\t\t\tExperiencia\t<\/h4>\n\t<p>Somos l\u00edderes en educaci\u00f3n 100 % en l\u00ednea, con m\u00e1s de 15 a\u00f1os de experiencia al servicio de estudiantes de todo el mundo.<\/p>\n                    <h3>Preguntas comunes que nos hacen los estudiantes<\/h3>\n                    <ul>\n                        <li role=\"button\" rel=\"Calidad y acreditaci&oacute;n\">Calidad y acreditaci\u00f3n<\/li>                    <\/ul>\n                    <a href=\"https:\/\/www.uopeople.edu\/faq\/\" target=\"_self\">Ver todas<\/a>\n                <!--accordion start -->\n                    <!-- reading data -->\n                <!--accordion end -->\n<h2><span class=\"ez-toc-section\" id=\"%C2%BFBusca_un_futuro_nuevo_y_brillante_Comience_aqui\"><\/span>\n\t\t\t\u00bfBusca un futuro nuevo y brillante? Comience aqu\u00ed.\t<span class=\"ez-toc-section-end\"><\/span><\/h2>\n\t\t\t<a href=\"https:\/\/apply.uopeople.edu\/\" target=\"_blank\" rel=\"noopener\">\n\t\t\t\t\t\t\tPost\u00falate\n\t\t\t\t\t<\/a>\n\n","protected":false},"excerpt":{"rendered":"<p>UNIVERSITY OF THE PEOPLE ESTA ACREDITADA POR Obt\u00e9n un t\u00edtulo de alta calidad, sin matricula y 100% en l\u00ednea. Post\u00falate Aprobada y acreditada por En colaboraci\u00f3n con Por qu\u00e9 nos quieren nuestros alumnos Estudiar en UoPeople me permite obtener mi MBA a la vez que compagino una apretada agenda laboral.. Sean H., MBA, Estados Unidos&hellip;<\/p>\n","protected":false},"author":15,"featured_media":25518,"parent":0,"menu_order":0,"comment_status":"closed","ping_status":"closed","template":"","meta":{"_acf_changed":true,"inline_featured_image":false,"footnotes":""},"class_list":["post-25510","page","type-page","status-publish","has-post-thumbnail","hentry"],"acf":[],"_links":{"self":[{"href":"https:\/\/www.uopeople.edu\/es\/wp-json\/wp\/v2\/pages\/25510","targetHints":{"allow":["GET"]}}],"collection":[{"href":"https:\/\/www.uopeople.edu\/es\/wp-json\/wp\/v2\/pages"}],"about":[{"href":"https:\/\/www.uopeople.edu\/es\/wp-json\/wp\/v2\/types\/page"}],"author":[{"embeddable":true,"href":"https:\/\/www.uopeople.edu\/es\/wp-json\/wp\/v2\/users\/15"}],"replies":[{"embeddable":true,"href":"https:\/\/www.uopeople.edu\/es\/wp-json\/wp\/v2\/comments?post=25510"}],"version-history":[{"count":0,"href":"https:\/\/www.uopeople.edu\/es\/wp-json\/wp\/v2\/pages\/25510\/revisions"}],"wp:featuredmedia":[{"embeddable":true,"href":"https:\/\/www.uopeople.edu\/es\/wp-json\/wp\/v2\/media\/25518"}],"wp:attachment":[{"href":"https:\/\/www.uopeople.edu\/es\/wp-json\/wp\/v2\/media?parent=25510"}],"curies":[{"name":"wp","href":"https:\/\/api.w.org\/{rel}","templated":true}]}}