{"id":25302,"date":"2022-04-14T16:22:14","date_gmt":"2022-04-14T16:22:14","guid":{"rendered":"https:\/\/universitopstg.wpengine.com\/descripcion-de-la-experiencia-estudiantil\/la-diferencia-de-uopeople\/"},"modified":"2024-11-22T11:36:10","modified_gmt":"2024-11-22T11:36:10","slug":"uopeople-difference","status":"publish","type":"page","link":"https:\/\/www.uopeople.edu\/es\/student-experience\/uopeople-difference\/","title":{"rendered":"La diferencia UoPeople"},"content":{"rendered":"\n<h1><span class=\"ez-toc-section\" id=\"La_diferencia_de_UoPeople\"><\/span>\n\t\tLa diferencia de UoPeople\n\t<span class=\"ez-toc-section-end\"><\/span><\/h1>\n\t<p>UoPeople es la primera universidad estadounidense, acreditada, en l\u00ednea que ofrece matricula gratuita. Nuestro modelo unico hace que la educaci\u00f3n superior sea asequible y accesible para todos aquellos que califiquen, y ofrece apoyo personal desde la postulaci\u00f3n hasta la graduaci\u00f3n.<\/p>\n        <ul id=\"menu-on-page-navigation-uopeople-difference-es\"><li><a href=\"#online-learning\">Aprendizaje en l\u00ednea<\/a><\/li>\n<li><a href=\"#global-network\">Red global<\/a><\/li>\n<li><a href=\"#career-development\">Desarrollo profesional<\/a><\/li>\n<\/ul>        <a href=\"javascript:void(0)\"><\/a>\n\t\t\t\t<img decoding=\"async\" src=\"https:\/\/www.uopeople.edu\/wp-content\/uploads\/2022\/08\/OL.webp\" alt=\"OL\" itemprop=\"image\" height=\"414\" width=\"546\" title=\"OL\" onerror=\"this.style.display='none'\"  \/>\n<h2><span class=\"ez-toc-section\" id=\"Aprendizaje_en_linea\"><\/span>\n\t\tAprendizaje en l\u00ednea\n\t<span class=\"ez-toc-section-end\"><\/span><\/h2>\n\t<p>Descubre m\u00e1s acerca de c\u00f3mo los estudiantes aprenden en la University of the People. Nuestros programas est\u00e1n dise\u00f1ados para permitir que los estudiantes estudien seg\u00fan su propio horario en cualquier parte del mundo.<\/p>\n\t\t\t<a href=\"https:\/\/www.uopeople.edu\/student-experience\/uopeople-difference\/online-learning-uopeople\/\" target=\"_self\" rel=\"noopener\">\n\t\t\t\t\t\t\tM\u00e1s informaci\u00f3n\n\t\t\t\t\t<\/a>\n<h2><span class=\"ez-toc-section\" id=\"Red_global\"><\/span>\n\t\tRed global\n\t<span class=\"ez-toc-section-end\"><\/span><\/h2>\n\t<p>University of the People se enorgullece de contar con un alumnado global muy diverso. La diversidad internacional le agrega un valor \u00fanico e impulsa el crecimiento individual y la creatividad en cada estudiante.<\/p>\n\t\t\t<a href=\"https:\/\/www.uopeople.edu\/student-experience\/uopeople-difference\/global-network\/\" target=\"_self\" rel=\"noopener\">\n\t\t\t\t\t\t\tM\u00e1s informaci\u00f3n\n\t\t\t\t\t<\/a>\n\t\t\t\t<img decoding=\"async\" src=\"https:\/\/www.uopeople.edu\/wp-content\/uploads\/2022\/08\/OL-copy.webp\" alt=\"OL copy\" itemprop=\"image\" height=\"414\" width=\"546\" title=\"OL copy\" onerror=\"this.style.display='none'\"  \/>\n\t\t\t\t<img decoding=\"async\" src=\"https:\/\/www.uopeople.edu\/wp-content\/uploads\/2022\/07\/doug-scaled-1.jpg\" alt=\"doug scaled (1)\" itemprop=\"image\" height=\"414\" width=\"546\" title=\"doug scaled (1)\" onerror=\"this.style.display='none'\"  \/>\n\t<p><strong>Doug W.Graduado de <\/strong><\/p>\n<p>Administraci\u00f3n de Empresas<\/p>\n<p>Estados Unidos<\/p>\n<h2><span class=\"ez-toc-section\" id=\"Desarrollo_profesional\"><\/span>\n\t\tDesarrollo profesional\n\t<span class=\"ez-toc-section-end\"><\/span><\/h2>\n\t<p>El programa de desarrollo profesional en la University of the People consiste de un n\u00famero de herramientas y recursos disponibles para todos los estudiantes en cualquier etapa de su programa de titulaci\u00f3n en la universidad.<\/p>\n\t\t\t<a href=\"https:\/\/www.uopeople.edu\/student-experience\/uopeople-difference\/career-development\/\" target=\"_self\" rel=\"noopener\">\n\t\t\t\t\t\t\tM\u00e1s informaci\u00f3n\n\t\t\t\t\t<\/a>\n        <h2><span class=\"ez-toc-section\" id=\"NO_CONFIE_EN_NUESTRAS_PALABRAS\"><\/span>NO CONF\u00cdE EN NUESTRAS PALABRAS<span class=\"ez-toc-section-end\"><\/span><\/h2>\n                        Realmente admiro la forma en que UoPeople quiere ayudar a los estudiantes a estudiar, a graduarse e incluso a encontrar trabajo.\n                        Angelica Seika F., estudiante de ciencias de la salud, Jap\u00f3n\n              <!-- row -->\n                        UoPeople es un modelo tan asombroso que creo que todas las dem\u00e1s instituciones deber\u00edan imitarlo.\n                        Tarek H, estudiante de MBA, Bar\u00e9in\n              <!-- row -->\n                        Estudiar en UoPeople me permite obtener mi MBA a la vez que compagino una apretada agenda laboral..\n                        Sean H., MBA, Estados Unidos\n              <!-- row -->\n                        UoPeople me ayuda a planificar la trayectoria educativa que deseo. El estilo de ense\u00f1anza y el plan de estudios de UoPeople est\u00e1n bien estructurados y son muy eficaces.\n                        Hnin Kaythayi Naing, estudiante de inform\u00e1tica, Myanmar\n              <!-- row -->\n                                                                <img decoding=\"async\" src=\"https:\/\/www.uopeople.edu\/wp-content\/uploads\/2022\/07\/ange-testi-1-150x150.jpg\"\/>\n                                                                <img decoding=\"async\" src=\"https:\/\/www.uopeople.edu\/wp-content\/uploads\/2022\/07\/tarket-testi-1-1-150x150.jpg\"\/>\n                                                                <img decoding=\"async\" src=\"https:\/\/www.uopeople.edu\/wp-content\/uploads\/2022\/07\/sean-scaled-1-1-150x150.jpg\"\/>\n                                                                <img decoding=\"async\" src=\"https:\/\/www.uopeople.edu\/wp-content\/uploads\/2022\/08\/Mym-150x150.webp\"\/>\n        <!-- row -->\n<h2><span class=\"ez-toc-section\" id=\"Construya_un_futuro_mejor_para_usted_y_su_familia\"><\/span>\n\t\tConstruya un futuro mejor para usted y su familia.\n\t<span class=\"ez-toc-section-end\"><\/span><\/h2>\n\t\t\t<a href=\"https:\/\/go.uopeople.edu\/admission-application.html\" target=\"_blank\" rel=\"noopener\">\n\t\t\t\t\t\t\tPost\u00falate\n\t\t\t\t\t<\/a>\n\n","protected":false},"excerpt":{"rendered":"<p>La diferencia de UoPeople UoPeople es la primera universidad estadounidense, acreditada, en l\u00ednea que ofrece matricula gratuita. Nuestro modelo unico hace que la educaci\u00f3n superior sea asequible y accesible para todos aquellos que califiquen, y ofrece apoyo personal desde la postulaci\u00f3n hasta la graduaci\u00f3n. Aprendizaje en l\u00ednea Red global Desarrollo profesional Aprendizaje en l\u00ednea Descubre&hellip;<\/p>\n","protected":false},"author":15,"featured_media":0,"parent":25298,"menu_order":0,"comment_status":"closed","ping_status":"closed","template":"","meta":{"_acf_changed":false,"inline_featured_image":false,"footnotes":""},"class_list":["post-25302","page","type-page","status-publish","hentry"],"acf":[],"_links":{"self":[{"href":"https:\/\/www.uopeople.edu\/es\/wp-json\/wp\/v2\/pages\/25302","targetHints":{"allow":["GET"]}}],"collection":[{"href":"https:\/\/www.uopeople.edu\/es\/wp-json\/wp\/v2\/pages"}],"about":[{"href":"https:\/\/www.uopeople.edu\/es\/wp-json\/wp\/v2\/types\/page"}],"author":[{"embeddable":true,"href":"https:\/\/www.uopeople.edu\/es\/wp-json\/wp\/v2\/users\/15"}],"replies":[{"embeddable":true,"href":"https:\/\/www.uopeople.edu\/es\/wp-json\/wp\/v2\/comments?post=25302"}],"version-history":[{"count":0,"href":"https:\/\/www.uopeople.edu\/es\/wp-json\/wp\/v2\/pages\/25302\/revisions"}],"up":[{"embeddable":true,"href":"https:\/\/www.uopeople.edu\/es\/wp-json\/wp\/v2\/pages\/25298"}],"wp:attachment":[{"href":"https:\/\/www.uopeople.edu\/es\/wp-json\/wp\/v2\/media?parent=25302"}],"curies":[{"name":"wp","href":"https:\/\/api.w.org\/{rel}","templated":true}]}}