{"id":25298,"date":"2022-04-14T15:59:10","date_gmt":"2022-04-14T15:59:10","guid":{"rendered":"https:\/\/universitopstg.wpengine.com\/descripcion-de-la-experiencia-estudiantil\/"},"modified":"2025-11-11T11:07:41","modified_gmt":"2025-11-11T11:07:41","slug":"student-experience","status":"publish","type":"page","link":"https:\/\/www.uopeople.edu\/es\/student-experience\/","title":{"rendered":"Experiencia Estudiantil"},"content":{"rendered":"\n<h1><span class=\"ez-toc-section\" id=\"Descripcion_de_la_experiencia_estudiantil\"><\/span>\n\t\tDescripci\u00f3n de la experiencia estudiantil\n\t<span class=\"ez-toc-section-end\"><\/span><\/h1>\n\t<p>Aprende de las mentes acad\u00e9micas m\u00e1s prestigiosas del mundo y \u00fanete a una universidad que cree que la educaci\u00f3n de alta calidad debe ser asequible y estar al alcance de todos.<\/p>\n\t\t\t\t<img decoding=\"async\" src=\"https:\/\/www.uopeople.edu\/wp-content\/uploads\/2022\/07\/Ashtha.webp\" alt=\"Ashtha\" itemprop=\"image\" height=\"550\" width=\"478\" title=\"Ashtha\" onerror=\"this.style.display='none'\"  \/>\n    \n                                                    <img decoding=\"async\" src=\"https:\/\/www.uopeople.edu\/wp-content\/uploads\/2022\/07\/quality-icon.svg\"\/>\n                                                La calidad de UoPeople\n                        El aprendizaje en l\u00ednea no compromete la calidad: University of the People ofrece educaci\u00f3n de alta calidad, en l\u00ednea, en cualquier momento y en cualquier lugar.\n                    <p><a href=\"https:\/\/www.uopeople.edu\/es\/student-experience\/quality\/accreditation\/\">Acreditaci\u00f3n<\/a><br \/><a href=\"\/student-experience\/quality\/academic-leadership\/\">Academic Leadership<\/a><br \/><a href=\"https:\/\/www.uopeople.edu\/student-experience\/quality\/academic-experience\/\">Academic Experience<\/a><\/p>\n                                                    <img decoding=\"async\" src=\"https:\/\/www.uopeople.edu\/wp-content\/uploads\/2022\/07\/difference-icon.svg\"\/>\n                                                La diferencia de UoPeople\n                        UoPeople, la primera universidad estadounidense acreditada en l\u00ednea y gratuita, hace que la educaci\u00f3n superior sea accesible para todos los solicitantes que califiquen, y ofrece apoyo desde la postulaci\u00f3n hasta la graduaci\u00f3n.\n                    <p><a href=\"https:\/\/www.uopeople.edu\/es\/student-experience\/uopeople-difference\/online-learning-uopeople\/\">Online Learning at UoPeople<\/a><br \/><a href=\"https:\/\/www.uopeople.edu\/es\/student-experience\/uopeople-difference\/global-network\/\">Global Network<\/a><br \/><a href=\"https:\/\/www.uopeople.edu\/student-experience\/uopeople-difference\/career-development\/\">Career Development<\/a><\/p>\n            <!-- row -->\n    <!-- CardsModuleAlt-rowParentOverflow -->\n<h2><span class=\"ez-toc-section\" id=\"%C2%BFComo_es_estudiar_en_la_UoPeople\"><\/span>\n\t\t\u00bfC\u00f3mo es estudiar en la UoPeople?\n\t<span class=\"ez-toc-section-end\"><\/span><\/h2>\n\t<p>Estudiar en University of the People puede encajar en la vida de casi todo el mundo. Esto se debe a que nuestras clases se imparten 100\u00a0% en l\u00ednea, sin conferencias en directo a las que tengas que asistir. Puedes completar los trabajos de cada semana seg\u00fan tu horario, ya sea durante el trayecto al trabajo, a la hora de comer o despu\u00e9s de acostar a los ni\u00f1os.<\/p>\n\t<p>Nuestro modelo de aprendizaje en l\u00ednea en UoPeople es \u00fanico. Para obtener m\u00e1s informaci\u00f3n sobre nuestro campus en l\u00ednea, los tipos de trabajos que realizar\u00e1s y c\u00f3mo recibir\u00e1s comentarios, echa un vistazo a este breve video sobre c\u00f3mo es ser estudiante en UoPeople.<\/p>\n\t<iframe width=\"560\" height=\"315\" src=\"https:\/\/www.youtube.com\/embed\/nSI4dGAgR7g\" title=\"YouTube video player\" frameborder=\"0\" allow=\"accelerometer; autoplay; clipboard-write; encrypted-media; gyroscope; picture-in-picture\" allowfullscreen><\/iframe>\n<h2><span class=\"ez-toc-section\" id=\"%C2%BFTodo_listo_para_unirse_a_la_primera_universidad_acreditada_gratuita_y_100_en_linea_del_mundo\"><\/span>\n\t\t\u00bfTodo listo para unirse a la primera universidad acreditada, gratuita y 100 % en l\u00ednea del mundo?\n\t<span class=\"ez-toc-section-end\"><\/span><\/h2>\n\t\t\t<a href=\"https:\/\/go.uopeople.edu\/admission-application.html\" target=\"_blank\" rel=\"noopener\">\n\t\t\t\t\t\t\tPost\u00falate\n\t\t\t\t\t<\/a>\n\n","protected":false},"excerpt":{"rendered":"<p>Descripci\u00f3n de la experiencia estudiantil Aprende de las mentes acad\u00e9micas m\u00e1s prestigiosas del mundo y \u00fanete a una universidad que cree que la educaci\u00f3n de alta calidad debe ser asequible y estar al alcance de todos. La calidad de UoPeople El aprendizaje en l\u00ednea no compromete la calidad: University of the People ofrece educaci\u00f3n de&hellip;<\/p>\n","protected":false},"author":15,"featured_media":0,"parent":0,"menu_order":0,"comment_status":"closed","ping_status":"closed","template":"","meta":{"_acf_changed":true,"inline_featured_image":false,"footnotes":""},"class_list":["post-25298","page","type-page","status-publish","hentry"],"acf":[],"_links":{"self":[{"href":"https:\/\/www.uopeople.edu\/es\/wp-json\/wp\/v2\/pages\/25298","targetHints":{"allow":["GET"]}}],"collection":[{"href":"https:\/\/www.uopeople.edu\/es\/wp-json\/wp\/v2\/pages"}],"about":[{"href":"https:\/\/www.uopeople.edu\/es\/wp-json\/wp\/v2\/types\/page"}],"author":[{"embeddable":true,"href":"https:\/\/www.uopeople.edu\/es\/wp-json\/wp\/v2\/users\/15"}],"replies":[{"embeddable":true,"href":"https:\/\/www.uopeople.edu\/es\/wp-json\/wp\/v2\/comments?post=25298"}],"version-history":[{"count":0,"href":"https:\/\/www.uopeople.edu\/es\/wp-json\/wp\/v2\/pages\/25298\/revisions"}],"wp:attachment":[{"href":"https:\/\/www.uopeople.edu\/es\/wp-json\/wp\/v2\/media?parent=25298"}],"curies":[{"name":"wp","href":"https:\/\/api.w.org\/{rel}","templated":true}]}}