{"id":25294,"date":"2022-04-14T17:26:53","date_gmt":"2022-04-14T17:26:53","guid":{"rendered":"https:\/\/universitopstg.wpengine.com\/contactanos\/"},"modified":"2024-12-02T07:53:31","modified_gmt":"2024-12-02T07:53:31","slug":"contact-us","status":"publish","type":"page","link":"https:\/\/www.uopeople.edu\/es\/contact-us\/","title":{"rendered":"Cont\u00e1ctanos"},"content":{"rendered":"\n<h1><span class=\"ez-toc-section\" id=\"Conectate_con_UoPeople\"><\/span>\n\t\tCon\u00e9ctate con UoPeople\n\t<span class=\"ez-toc-section-end\"><\/span><\/h1>\n\t<p>\u00a1Nos encantar\u00eda saber de ti! Si tienes alguna pregunta sobre admisiones, programas espec\u00edficos o cualquier otra cuesti\u00f3n, estamos aqu\u00ed para ayudarte.<\/p>\n<h2><span class=\"ez-toc-section\" id=\"University_of_the_People\"><\/span>\n\t\tUniversity of the People\n\t<span class=\"ez-toc-section-end\"><\/span><\/h2>\n\t595 E. Colorado Boulevard. Suite 623<br \/>\nPasadena, CA 91101, USA\n\t<p><a href=\"https:\/\/calendly.com\/universityofthepeople\" target=\"_blank\" rel=\"noopener\">Solicita una cita<\/a> para visitar nuestra oficina en persona, o vis\u00edtanos durante nuestras horas abiertas semanales, cada viernes entre 8:00 am y 12:00 pm, hora pac\u00edfica.<\/p>\n\t\t\t\t<img decoding=\"async\" src=\"https:\/\/www.uopeople.edu\/wp-content\/uploads\/2022\/07\/UoPeople-Location.jpg\" alt=\"UoPeople Location\" itemprop=\"image\" height=\"830\" width=\"1572\" title=\"UoPeople Location\" onerror=\"this.style.display='none'\"  \/>\n\n","protected":false},"excerpt":{"rendered":"<p>Con\u00e9ctate con UoPeople \u00a1Nos encantar\u00eda saber de ti! Si tienes alguna pregunta sobre admisiones, programas espec\u00edficos o cualquier otra cuesti\u00f3n, estamos aqu\u00ed para ayudarte. University of the People 595 E. Colorado Boulevard. Suite 623 Pasadena, CA 91101, USA Solicita una cita para visitar nuestra oficina en persona, o vis\u00edtanos durante nuestras horas abiertas semanales, cada&hellip;<\/p>\n","protected":false},"author":15,"featured_media":0,"parent":0,"menu_order":0,"comment_status":"closed","ping_status":"closed","template":"","meta":{"_acf_changed":false,"inline_featured_image":false,"footnotes":""},"class_list":["post-25294","page","type-page","status-publish","hentry"],"acf":[],"_links":{"self":[{"href":"https:\/\/www.uopeople.edu\/es\/wp-json\/wp\/v2\/pages\/25294","targetHints":{"allow":["GET"]}}],"collection":[{"href":"https:\/\/www.uopeople.edu\/es\/wp-json\/wp\/v2\/pages"}],"about":[{"href":"https:\/\/www.uopeople.edu\/es\/wp-json\/wp\/v2\/types\/page"}],"author":[{"embeddable":true,"href":"https:\/\/www.uopeople.edu\/es\/wp-json\/wp\/v2\/users\/15"}],"replies":[{"embeddable":true,"href":"https:\/\/www.uopeople.edu\/es\/wp-json\/wp\/v2\/comments?post=25294"}],"version-history":[{"count":0,"href":"https:\/\/www.uopeople.edu\/es\/wp-json\/wp\/v2\/pages\/25294\/revisions"}],"wp:attachment":[{"href":"https:\/\/www.uopeople.edu\/es\/wp-json\/wp\/v2\/media?parent=25294"}],"curies":[{"name":"wp","href":"https:\/\/api.w.org\/{rel}","templated":true}]}}