{"id":25263,"date":"2022-04-14T16:38:40","date_gmt":"2022-04-14T16:38:40","guid":{"rendered":"https:\/\/universitopstg.wpengine.com\/conviertete-en-un-estudiante\/admision\/dominio-del-ingles\/"},"modified":"2025-10-08T07:23:04","modified_gmt":"2025-10-08T07:23:04","slug":"english-proficiency","status":"publish","type":"page","link":"https:\/\/www.uopeople.edu\/es\/become-student\/prepare-for-uopeople\/english-proficiency\/","title":{"rendered":"Dominio del ingl\u00e9s"},"content":{"rendered":"\n<h1><span class=\"ez-toc-section\" id=\"Dominio_del_ingles_para_estudiantes_que_hablan_otros_idiomas\"><\/span>\n\t\t\tDominio del ingl\u00e9s (para estudiantes que hablan otros idiomas)\t<span class=\"ez-toc-section-end\"><\/span><\/h1>\n<h3>\n\t\t\tNivel de ingl\u00e9s requerido en la UoPeople\t<\/h3>\n\t<p>Los programas de titulaci\u00f3n en l\u00ednea de UoPeople est\u00e1n acreditados por EE.\u00a0UU. y se imparten en ingl\u00e9s. Por lo tanto, las personas que hablan otros idiomas deben demostrar que tienen el dominio suficiente de ingl\u00e9s antes de comenzar sus estudios de un programa de titulaci\u00f3n en la UoPeople. Esto permitir\u00e1 a los estudiantes completar con \u00e9xito sus estudios en idioma ingl\u00e9s. <\/p>\n<p>Nota: La prueba de dominio de ingl\u00e9s no es un requisito para aquellos que deseen estudiar en \u00e1rabe. Para m\u00e1s informaci\u00f3n acerca de las titulaciones en \u00e1rabe, <a href=\"http:\/\/ar.uopeople.edu\/\" target=\"_blank\" rel=\"noopener\">haz clic aqu\u00ed<\/a>.<\/p>\n<p>Los hablantes nativos de ingl\u00e9s y los estudiantes que hayan obtenido un diploma de una instituci\u00f3n acreditada en ingl\u00e9s, cumplir\u00e1n con este requisito autom\u00e1ticamente y no necesitan probar su dominio en el idioma.<\/p>\n\t\t\t\t<img decoding=\"async\" src=\"https:\/\/www.uopeople.edu\/wp-content\/uploads\/2022\/07\/english-2.jpg\" alt=\"English learning level\" itemprop=\"image\" height=\"828\" width=\"1092\" title=\"english 2\" onerror=\"this.style.display='none'\" loading=\"lazy\" \/>\n<h3>\n\t\t\tC\u00f3mo demostrar el dominio del ingl\u00e9s\t<\/h3>\n\t<p>Si el ingl\u00e9s no es tu idioma nativo o no recibiste tu educaci\u00f3n previa en ingl\u00e9s, necesitaremos determinar tu nivel en el idioma. Durante el proceso de postulaci\u00f3n, tendr\u00e1s tres opciones:<\/p>\n<ol>\n<li aria-level=\"1\">cargar documentos, como calificaciones anteriores o un diploma para determinar tu nivel de ingl\u00e9s.<\/li>\n<li aria-level=\"1\">Tomar la prueba de nivel de ingl\u00e9s para determinar tu nivel en el idioma.<\/li>\n<li aria-level=\"1\">Comenzar en el nivel m\u00e1s alto de nuestro programa de Ingl\u00e9s como Segundo Idioma (ESL) sin determinar un nivel espec\u00edfico.<\/li>\n<\/ol>\n\t\t\t\t<img decoding=\"async\" src=\"https:\/\/www.uopeople.edu\/wp-content\/uploads\/2022\/07\/enlish-3.jpg\" alt=\"written english image\" itemprop=\"image\" height=\"828\" width=\"1092\" title=\"enlish 3\" onerror=\"this.style.display='none'\" loading=\"lazy\" \/>\n<h3>\n\t\t\tCronograma y proceso\t<\/h3>\n<h4>\n\t\t\tC\u00f3mo funciona durante el proceso de postulaci\u00f3n\t<\/h4>\n\t<ol>\n<li aria-level=\"1\">Despu\u00e9s de que hayas enviado tu postulaci\u00f3n breve en l\u00ednea, confirma tu direcci\u00f3n de correo electr\u00f3nico e inicia sesi\u00f3n en el -Portal de la UoPeople. All\u00ed confirmar\u00e1s tus datos personales, incluido idioma nativo.<\/li>\n<li aria-level=\"1\">Si tu idioma nativo no es ingl\u00e9s, tendr\u00e1s la opci\u00f3n de determinar tu nivel de ingl\u00e9s.<\/li>\n<li aria-level=\"1\">Si has estudiado en una instituci\u00f3n donde el ingl\u00e9s es el idioma de instrucci\u00f3n o si tus calificaciones de la prueba son suficientemente altas, ser\u00e1s eximido del requisito de ingl\u00e9s.<\/li>\n<li aria-level=\"1\">En este punto del proceso de postulaci\u00f3n, puedes elegir cargar un documento (resultados de pruebas anteriores o un diploma\/expediente acad\u00e9mico de una instituci\u00f3n en donde el ingl\u00e9s es el idioma de instrucci\u00f3n) o inscribirte en la prueba de nivel de ingl\u00e9s. Si escoges no determinar tu nivel, cumplir\u00e1s con el requisito de ingl\u00e9s tomando el nivel m\u00e1s alto del programa de ESL, \u00abFundamentos del Ingl\u00e9s\u00bb.<\/li>\n<\/ol>\n<h4  id=\"instructions-to-upload-document\">\n\t\t\tInstrucciones si decides cargar un documento\t<\/h4>\n\t<ol>\n<li>Si decides cargar los resultados de una prueba v\u00e1lida, se te redireccionar\u00e1 hacia el Simulador de nivel de ingl\u00e9s. Al ingresar tu calificaci\u00f3n actual de la prueba, podr\u00e1s ver tu nivel estimado de ingl\u00e9s antes de que cargues los resultados de la prueba. Completa todos los campos y luego haz clic en \u00abVer mi nivel\u00bb<\/li>\n<li>Ten en cuenta que las pruebas v\u00e1lidas de ingl\u00e9s se limitan a: 4<br \/>\n&#8211; Accuplacer\n&#8211; CEFR &#8211; Duolingo<br \/>\n&#8211; prueba Skill Michigan English (MET)<br \/>\nMichigan Examination for the Certificate of Competency in English (ECCE)<br \/>\n&#8211; EIKEN<br \/>\n&#8211; IELTS<br \/>\n&#8211; PTE<br \/>\n&#8211; TOEFEL IBT<br \/>\n&#8211; TOEFEL PBT<\/li>\n<li>Despu\u00e9s de que visualices el nivel estimado de ingl\u00e9s, haz clic en \u00abContinuar\u00bb para avanzar y cargar tus resultados oficiales de la prueba.<\/li>\n<li>Cuando est\u00e9s cargando documentos que no son resultados de pruebas, selecciona \u00abotro\u00bb y luego escoge el tipo de documento. Ten en cuenta que el simulador no proporcionar\u00e1 un nivel estimado para estos tipos de documentos.<\/li>\n<li>Escoge el archivo que deseas cargar y luego haz clic en \u00abConfirmar\u00bb. Si la carga fue exitosa, se te redireccionar\u00e1 a una pantalla que muestra que el estado de tu solicitud est\u00e1 \u00abEn proceso\u00bb. Recuerda que la colocaci\u00f3n final ser\u00e1 proporcionada solo cuando hayamos recibido y revisado el documento oficial.<\/li>\n<\/ol>\n<h4  id=\"instructions-to-english-test\">\n\t\t\tInstrucciones si escoges tomar la prueba de nivel de ingl\u00e9s:\t<\/h4>\n\t<ol>\n<li>Ve al sitio web de Duolingo<\/li>\n<li>Paga la tarifa de $59 para tomar la prueba de Duolingo<\/li>\n<li>All\u00ed tendr\u00e1s que iniciar sesi\u00f3n con la misma direcci\u00f3n de correo electr\u00f3nico que ingresaste en UoPeople<\/li>\n<li>Duolingo te enviar\u00e1 autom\u00e1ticamente los resultados de tu prueba, y tu calificaci\u00f3n y nivel de ingl\u00e9s estar\u00e1n disponibles en el portal de UoPeople<\/li>\n<\/ol>\n<p>Una vez que hayas enviado tus documentos o tomado la prueba, el equipo de Admisiones revisar\u00e1 y evaluar\u00e1 tu solicitud, que generalmente es dentro de las 48 horas h\u00e1biles posteriores. Se te notificar\u00e1 sobre tu colocaci\u00f3n de Nivel de Ingl\u00e9s a trav\u00e9s del portal de UoPeople y por correo electr\u00f3nico.<\/p>\n<ul>\n<li>Si tienes preguntas adicionales con respecto a los requisitos de dominio del ingl\u00e9s o las aptitudes que aceptamos, contacta a tu asesor personal de Admisiones.<\/li>\n<li>Visita nuestra <a href=\"https:\/\/www.uopeople.edu\/faq\/\">p\u00e1gina de Preguntas Frecuentes<\/a> o chatea con nuestro robot, Michelle.<\/li>\n<\/ul>\n\t\t\t\t<img decoding=\"async\" src=\"https:\/\/www.uopeople.edu\/wp-content\/uploads\/2022\/07\/proc.jpg\" alt=\"proc\" itemprop=\"image\" height=\"828\" width=\"1092\" title=\"proc\" onerror=\"this.style.display='none'\" loading=\"lazy\" \/>\n<h2><span class=\"ez-toc-section\" id=\"%C2%BFBusca_un_futuro_nuevo_y_brillante_Comience_aqui\"><\/span>\n\t\t\t\u00bfBusca un futuro nuevo y brillante? Comience aqu\u00ed.\t<span class=\"ez-toc-section-end\"><\/span><\/h2>\n\t\t\t<a href=\"https:\/\/apply.uopeople.edu\/\" target=\"_blank\" rel=\"noopener\">\n\t\t\t\t\t\t\tPost\u00falate\n\t\t\t\t\t<\/a>\n\n","protected":false},"excerpt":{"rendered":"<p>Dominio del ingl\u00e9s (para estudiantes que hablan otros idiomas) Nivel de ingl\u00e9s requerido en la UoPeople Los programas de titulaci\u00f3n en l\u00ednea de UoPeople est\u00e1n acreditados por EE.\u00a0UU. y se imparten en ingl\u00e9s. Por lo tanto, las personas que hablan otros idiomas deben demostrar que tienen el dominio suficiente de ingl\u00e9s antes de comenzar sus&hellip;<\/p>\n","protected":false},"author":15,"featured_media":0,"parent":32543,"menu_order":0,"comment_status":"closed","ping_status":"closed","template":"","meta":{"_acf_changed":false,"inline_featured_image":false,"footnotes":""},"class_list":["post-25263","page","type-page","status-publish","hentry"],"acf":[],"_links":{"self":[{"href":"https:\/\/www.uopeople.edu\/es\/wp-json\/wp\/v2\/pages\/25263","targetHints":{"allow":["GET"]}}],"collection":[{"href":"https:\/\/www.uopeople.edu\/es\/wp-json\/wp\/v2\/pages"}],"about":[{"href":"https:\/\/www.uopeople.edu\/es\/wp-json\/wp\/v2\/types\/page"}],"author":[{"embeddable":true,"href":"https:\/\/www.uopeople.edu\/es\/wp-json\/wp\/v2\/users\/15"}],"replies":[{"embeddable":true,"href":"https:\/\/www.uopeople.edu\/es\/wp-json\/wp\/v2\/comments?post=25263"}],"version-history":[{"count":0,"href":"https:\/\/www.uopeople.edu\/es\/wp-json\/wp\/v2\/pages\/25263\/revisions"}],"up":[{"embeddable":true,"href":"https:\/\/www.uopeople.edu\/es\/wp-json\/wp\/v2\/pages\/32543"}],"wp:attachment":[{"href":"https:\/\/www.uopeople.edu\/es\/wp-json\/wp\/v2\/media?parent=25263"}],"curies":[{"name":"wp","href":"https:\/\/api.w.org\/{rel}","templated":true}]}}