{"id":25244,"date":"2022-04-14T16:37:31","date_gmt":"2022-04-14T16:37:31","guid":{"rendered":"https:\/\/universitopstg.wpengine.com\/conviertete-en-un-estudiante\/admision\/"},"modified":"2025-11-11T11:29:28","modified_gmt":"2025-11-11T11:29:28","slug":"admissions","status":"publish","type":"page","link":"https:\/\/www.uopeople.edu\/es\/become-student\/admissions\/","title":{"rendered":"Admisi\u00f3n"},"content":{"rendered":"\n<h1><span class=\"ez-toc-section\" id=\"Admision\"><\/span>\n\t\tAdmisi\u00f3n\n\t<span class=\"ez-toc-section-end\"><\/span><\/h1>\n\t<p>La University of the People cuenta con un alumnado diverso, procedente de m\u00e1s de 200 pa\u00edses y territorios. Nuestro proceso de postulaci\u00f3n es sencillo. \u00a1Todo lo que necesitas para comenzar es una conexi\u00f3n a Internet!<\/p>\n        <ul id=\"menu-on-page-navigation-admissions-es\"><li><a href=\"#english-proficiency\">Dominio del ingl\u00e9s<\/a><\/li>\n<li><a href=\"#how-to-apply\">C\u00f3mo postularte<\/a><\/li>\n<\/ul>        <a href=\"javascript:void(0)\"><\/a>\n<h2><span class=\"ez-toc-section\" id=\"Dominio_del_ingles\"><\/span>\n\t\tDominio del ingl\u00e9s\n\t<span class=\"ez-toc-section-end\"><\/span><\/h2>\n\t<p>Los cursos de UoPeople se imparten en ingl\u00e9s, por lo que se requiere que nuestros estudiantes dominen este idioma. Pero no te preocupes: para los no nativos, contamos con un programa de ingl\u00e9s como segundo idioma (ESL) que te ayudar\u00e1 a desarrollar tus conocimientos.<\/p>\n\t\t\t<a href=\"https:\/\/www.uopeople.edu\/es\/become-student\/admissions\/english-proficiency\/\" target=\"_self\" rel=\"noopener\">\n\t\t\t\t\t\t\tM\u00e1s informaci\u00f3n\n\t\t\t\t\t<\/a>\n\t\t\t\t<img decoding=\"async\" src=\"https:\/\/www.uopeople.edu\/wp-content\/uploads\/2022\/07\/english-scaled-1.png\" alt=\"english scaled (1)\" itemprop=\"image\" height=\"414\" width=\"546\" title=\"english scaled (1)\" onerror=\"this.style.display='none'\"  \/>\n\t<iframe width=\"560\" height=\"315\" src=\"https:\/\/www.youtube.com\/embed\/nSI4dGAgR7g\" title=\"YouTube video player\" frameborder=\"0\" allow=\"accelerometer; autoplay; clipboard-write; encrypted-media; gyroscope; picture-in-picture\" allowfullscreen><\/iframe>\n<h2><span class=\"ez-toc-section\" id=\"Como_postularte\"><\/span>\n\t\tC\u00f3mo postularte\n\t<span class=\"ez-toc-section-end\"><\/span><\/h2>\n\t<p>La postulaci\u00f3n en l\u00ednea de la UoPeople es r\u00e1pida y sencilla. Con unos breves pasos y facilitando informaci\u00f3n b\u00e1sica, puedes iniciar el viaje hacia tu nuevo futuro. Como postulante de la UoPeople, te pondr\u00e1n en contacto con un asesor personal de Admisiones, quien te guiar\u00e1 a trav\u00e9s de cada paso del proceso de postulaci\u00f3n.<\/p>\n\t\t\t<a href=\"https:\/\/www.uopeople.edu\/become-student\/admissions\/how-to-apply\/\" target=\"_self\" rel=\"noopener\">\n\t\t\t\t\t\t\tM\u00e1s informaci\u00f3n\n\t\t\t\t\t<\/a>\n<h2><span class=\"ez-toc-section\" id=\"%C2%BFBusca_un_futuro_nuevo_y_brillante_Comience_aqui\"><\/span>\n\t\t\u00bfBusca un futuro nuevo y brillante? Comience aqu\u00ed.\n\t<span class=\"ez-toc-section-end\"><\/span><\/h2>\n\t\t\t<a href=\"https:\/\/go.uopeople.edu\/admission-application.html\" target=\"_blank\" rel=\"noopener\">\n\t\t\t\t\t\t\tPost\u00falate\n\t\t\t\t\t<\/a>\n\n","protected":false},"excerpt":{"rendered":"<p>Admisi\u00f3n La University of the People cuenta con un alumnado diverso, procedente de m\u00e1s de 200 pa\u00edses y territorios. Nuestro proceso de postulaci\u00f3n es sencillo. \u00a1Todo lo que necesitas para comenzar es una conexi\u00f3n a Internet! Dominio del ingl\u00e9s C\u00f3mo postularte Dominio del ingl\u00e9s Los cursos de UoPeople se imparten en ingl\u00e9s, por lo que&hellip;<\/p>\n","protected":false},"author":15,"featured_media":0,"parent":25221,"menu_order":0,"comment_status":"closed","ping_status":"closed","template":"","meta":{"_acf_changed":true,"inline_featured_image":false,"footnotes":""},"class_list":["post-25244","page","type-page","status-publish","hentry"],"acf":[],"_links":{"self":[{"href":"https:\/\/www.uopeople.edu\/es\/wp-json\/wp\/v2\/pages\/25244","targetHints":{"allow":["GET"]}}],"collection":[{"href":"https:\/\/www.uopeople.edu\/es\/wp-json\/wp\/v2\/pages"}],"about":[{"href":"https:\/\/www.uopeople.edu\/es\/wp-json\/wp\/v2\/types\/page"}],"author":[{"embeddable":true,"href":"https:\/\/www.uopeople.edu\/es\/wp-json\/wp\/v2\/users\/15"}],"replies":[{"embeddable":true,"href":"https:\/\/www.uopeople.edu\/es\/wp-json\/wp\/v2\/comments?post=25244"}],"version-history":[{"count":0,"href":"https:\/\/www.uopeople.edu\/es\/wp-json\/wp\/v2\/pages\/25244\/revisions"}],"up":[{"embeddable":true,"href":"https:\/\/www.uopeople.edu\/es\/wp-json\/wp\/v2\/pages\/25221"}],"wp:attachment":[{"href":"https:\/\/www.uopeople.edu\/es\/wp-json\/wp\/v2\/media?parent=25244"}],"curies":[{"name":"wp","href":"https:\/\/api.w.org\/{rel}","templated":true}]}}