{"id":25225,"date":"2022-04-14T15:58:46","date_gmt":"2022-04-14T15:58:46","guid":{"rendered":"https:\/\/universitopstg.wpengine.com\/programas-academicos\/"},"modified":"2025-11-11T10:44:08","modified_gmt":"2025-11-11T10:44:08","slug":"programs","status":"publish","type":"page","link":"https:\/\/www.uopeople.edu\/es\/programs\/","title":{"rendered":"Programas acad\u00e9micos"},"content":{"rendered":"\n<h1><span class=\"ez-toc-section\" id=\"Nuestros_programas_academicos\"><\/span>\n\t\t\tNuestros programas acad\u00e9micos\t<span class=\"ez-toc-section-end\"><\/span><\/h1>\n\t<p>UoPeople se adapta a tu ambici\u00f3n para ayudarte a que alcances tus metas. Nuestros programas est\u00e1n acreditados por EE.\u00a0UU., son 100\u00a0% en l\u00ednea y accesibles, para que te grad\u00faes libre de deudas y con el conocimiento que te convertir\u00e1 en un l\u00edder de la industria.<\/p>\n\t\t\t<a href=\"https:\/\/apply.uopeople.edu\/\" target=\"_blank\" rel=\"noopener\">\n\t\t\t\t\t\t\tPost\u00falate\n\t\t\t\t\t<\/a>\n\t\t\t\t<img decoding=\"async\" src=\"https:\/\/www.uopeople.edu\/wp-content\/uploads\/2023\/01\/robert-w-student.webp\" alt=\"Robert W., MBA Student, USA\" itemprop=\"image\" height=\"550\" width=\"550\" title=\"Robert W., MBA Student, USA\" onerror=\"this.style.display='none'\" loading=\"lazy\" \/>\n        <ul id=\"menu-on-page-navigation-programs-es\"><li><a href=\"#master_degree\">Programas de maestr\u00edas<\/a><\/li>\n<li><a href=\"#bachelors_degree\">Programas de licenciatura<\/a><\/li>\n<li><a href=\"#associates_degree\">Programas de tecnicaturas<\/a><\/li>\n<\/ul>        <a href=\"javascript:void(0)\"><\/a>\n                    <h3>PREGUNTAS COMUNES QUE NOS HACEN LOS ESTUDIANTES<\/h3>\n                    Preguntas sobre nuestros programas acad\u00e9micos ofrecidos en UoPeople\n                    <a href=\"https:\/\/www.uopeople.edu\/faq\/\" target=\"_self\">Ver todas<\/a>\n                <!--accordion start -->\n                            <a data-toggle=\"collapse\" data-parent=\"#FaqsWithoutFilters-accordionID\" href=\"#xcollapse0\" aria-expanded=\"false\" aria-controls=\"xcollapse0\">\n                                            <h4>\u00bfSe aceptan estudiantes internacionales en UoPeople?<\/h4>\n                            <\/a>\n                                \n<p>\u00a1Por supuesto! UoPeople cuenta con estudiantes de m\u00e1s de 200 pa\u00edses y territorios.<\/p>\n\n                            <a data-toggle=\"collapse\" data-parent=\"#FaqsWithoutFilters-accordionID\" href=\"#xcollapse1\" aria-expanded=\"false\" aria-controls=\"xcollapse1\">\n                                            <h4>\u00bfLos programas est\u00e1n acreditados?\u00a0<\/h4>\n                            <\/a>\n                                \n<p><a href=\"https:\/\/www.uopeople.edu\/es\/\">University of the People<\/a> est\u00e1 acreditada por la Comisi\u00f3n Acreditadora de Educaci\u00f3n a Distancia (DEAC, en ingl\u00e9s). La DEAC figura en la lista del Departamento de Educaci\u00f3n de los Estados Unidos como agencia acreditadora reconocida.\u00a0<\/p>\n\n                            <a data-toggle=\"collapse\" data-parent=\"#FaqsWithoutFilters-accordionID\" href=\"#xcollapse2\" aria-expanded=\"false\" aria-controls=\"xcollapse2\">\n                                            <h4>\u00bfRecibir\u00e9 el apoyo acad\u00e9mico que necesito?\u00a0<\/h4>\n                            <\/a>\n                                \n<p>\u00a1Por supuesto! El n\u00famero de alumnos por clase en UoPeople es reducido y cuenta con profesores altamente cualificados que est\u00e1n a disposici\u00f3n de los alumnos para responder a sus preguntas y ofrecerles apoyo. Adem\u00e1s, cada alumno es asignado a un orientador de programa personal al comienzo de sus estudios, que permanece con este hasta su graduaci\u00f3n. Los orientadores del programa act\u00faan como sistema de apoyo personal de los alumnos a lo largo de sus estudios. El orientador del programa responder\u00e1 a cualquier pregunta que el alumno pueda tener, le ofrecer\u00e1 asesoramiento acad\u00e9mico, discutir\u00e1 la selecci\u00f3n de cursos y lo motivar\u00e1 durante todo su periodo acad\u00e9mico.<\/p>\n\n                            <a data-toggle=\"collapse\" data-parent=\"#FaqsWithoutFilters-accordionID\" href=\"#xcollapse3\" aria-expanded=\"false\" aria-controls=\"xcollapse3\">\n                                            <h4>\u00bfQu\u00e9 es el aprendizaje asincr\u00f3nico?\u00a0<\/h4>\n                            <\/a>\n                                \n<p>El aprendizaje asincr\u00f3nico le permite aprender a su propio ritmo. A trav\u00e9s del campus en l\u00ednea de UoPeople tendr\u00e1 acceso a tareas, clases y otros materiales did\u00e1cticos. En UoPeople no hay clases en directo ni horarios fijos.\u00a0\u00a0<\/p>\n\n                <!--accordion end -->\n<h2><span class=\"ez-toc-section\" id=\"%C2%BFBusca_un_futuro_nuevo_y_brillante_Comience_aqui\"><\/span>\n\t\t\t\u00bfBusca un futuro nuevo y brillante? Comience aqu\u00ed.\t<span class=\"ez-toc-section-end\"><\/span><\/h2>\n\t\t\t<a href=\"https:\/\/apply.uopeople.edu\/\" target=\"_blank\" rel=\"noopener\">\n\t\t\t\t\t\t\tPost\u00falate\n\t\t\t\t\t<\/a>\n\n","protected":false},"excerpt":{"rendered":"<p>Nuestros programas acad\u00e9micos UoPeople se adapta a tu ambici\u00f3n para ayudarte a que alcances tus metas. Nuestros programas est\u00e1n acreditados por EE.\u00a0UU., son 100\u00a0% en l\u00ednea y accesibles, para que te grad\u00faes libre de deudas y con el conocimiento que te convertir\u00e1 en un l\u00edder de la industria. Post\u00falate Programas de maestr\u00edas Programas de licenciatura&hellip;<\/p>\n","protected":false},"author":15,"featured_media":0,"parent":0,"menu_order":0,"comment_status":"closed","ping_status":"closed","template":"","meta":{"_acf_changed":true,"inline_featured_image":false,"footnotes":""},"class_list":["post-25225","page","type-page","status-publish","hentry"],"acf":[],"_links":{"self":[{"href":"https:\/\/www.uopeople.edu\/es\/wp-json\/wp\/v2\/pages\/25225","targetHints":{"allow":["GET"]}}],"collection":[{"href":"https:\/\/www.uopeople.edu\/es\/wp-json\/wp\/v2\/pages"}],"about":[{"href":"https:\/\/www.uopeople.edu\/es\/wp-json\/wp\/v2\/types\/page"}],"author":[{"embeddable":true,"href":"https:\/\/www.uopeople.edu\/es\/wp-json\/wp\/v2\/users\/15"}],"replies":[{"embeddable":true,"href":"https:\/\/www.uopeople.edu\/es\/wp-json\/wp\/v2\/comments?post=25225"}],"version-history":[{"count":0,"href":"https:\/\/www.uopeople.edu\/es\/wp-json\/wp\/v2\/pages\/25225\/revisions"}],"wp:attachment":[{"href":"https:\/\/www.uopeople.edu\/es\/wp-json\/wp\/v2\/media?parent=25225"}],"curies":[{"name":"wp","href":"https:\/\/api.w.org\/{rel}","templated":true}]}}