{"id":25221,"date":"2022-04-14T16:37:15","date_gmt":"2022-04-14T16:37:15","guid":{"rendered":"https:\/\/universitopstg.wpengine.com\/conviertete-en-un-estudiante\/"},"modified":"2025-11-11T11:12:07","modified_gmt":"2025-11-11T11:12:07","slug":"become-student","status":"publish","type":"page","link":"https:\/\/www.uopeople.edu\/es\/become-student\/","title":{"rendered":"Se Estudiante"},"content":{"rendered":"\n<h1><span class=\"ez-toc-section\" id=\"Conviertete_en_un_estudiante\"><\/span>\n\t\tConvi\u00e9rtete en un estudiante\n\t<span class=\"ez-toc-section-end\"><\/span><\/h1>\n\t<p>Estos programas de grado accesibles te proporcionan los conocimientos que necesitas para triunfar en las mejores empresas despu\u00e9s de graduarte. \u00bfEst\u00e1s listo para ingresar a la revoluci\u00f3n educativa?<\/p>\n\t\t\t\t<img decoding=\"async\" src=\"https:\/\/www.uopeople.edu\/wp-content\/uploads\/2022\/07\/Hero2.webp\" alt=\"Hero2\" itemprop=\"image\" height=\"550\" width=\"747\" title=\"Hero2\" onerror=\"this.style.display='none'\"  \/>\n    \n                                                    <img decoding=\"async\" src=\"https:\/\/www.uopeople.edu\/wp-content\/uploads\/2022\/07\/admissions-icon.svg\"\/>\n                                                Admisi\u00f3n\n                        University of the People se compromete a abrir las puertas de la educaci\u00f3n superior a todos los solicitantes que re\u00fanan los requisitos.\n                    <p><a href=\"https:\/\/www.uopeople.edu\/es\/become-student\/admissions\/english-proficiency\/\">Dominio del ingl\u00e9s<\/a><br \/><a href=\"https:\/\/go.uopeople.edu\/admission-application.html\" target=\"_blank\" rel=\"noopener\">C\u00f3mo postularse<\/a><\/p>\n            <!-- row -->\n    <!-- CardsModuleAlt-rowParentOverflow -->\n<h2><span class=\"ez-toc-section\" id=\"Acreditada_matricula_gratis_100_en_linea_flexibilidad\"><\/span>\n\t\tAcreditada, matr\u00edcula gratis, 100 % en l\u00ednea, flexibilidad\n\t<span class=\"ez-toc-section-end\"><\/span><\/h2>\n\t\t\t<a href=\"https:\/\/go.uopeople.edu\/admission-application.html\" target=\"_blank\" rel=\"noopener\">\n\t\t\t\t\t\t\tPost\u00falate\n\t\t\t\t\t<\/a>\n\n","protected":false},"excerpt":{"rendered":"<p>Convi\u00e9rtete en un estudiante Estos programas de grado accesibles te proporcionan los conocimientos que necesitas para triunfar en las mejores empresas despu\u00e9s de graduarte. \u00bfEst\u00e1s listo para ingresar a la revoluci\u00f3n educativa? Admisi\u00f3n University of the People se compromete a abrir las puertas de la educaci\u00f3n superior a todos los solicitantes que re\u00fanan los requisitos.&hellip;<\/p>\n","protected":false},"author":15,"featured_media":0,"parent":0,"menu_order":0,"comment_status":"closed","ping_status":"closed","template":"","meta":{"_acf_changed":true,"inline_featured_image":false,"footnotes":""},"class_list":["post-25221","page","type-page","status-publish","hentry"],"acf":[],"_links":{"self":[{"href":"https:\/\/www.uopeople.edu\/es\/wp-json\/wp\/v2\/pages\/25221","targetHints":{"allow":["GET"]}}],"collection":[{"href":"https:\/\/www.uopeople.edu\/es\/wp-json\/wp\/v2\/pages"}],"about":[{"href":"https:\/\/www.uopeople.edu\/es\/wp-json\/wp\/v2\/types\/page"}],"author":[{"embeddable":true,"href":"https:\/\/www.uopeople.edu\/es\/wp-json\/wp\/v2\/users\/15"}],"replies":[{"embeddable":true,"href":"https:\/\/www.uopeople.edu\/es\/wp-json\/wp\/v2\/comments?post=25221"}],"version-history":[{"count":0,"href":"https:\/\/www.uopeople.edu\/es\/wp-json\/wp\/v2\/pages\/25221\/revisions"}],"wp:attachment":[{"href":"https:\/\/www.uopeople.edu\/es\/wp-json\/wp\/v2\/media?parent=25221"}],"curies":[{"name":"wp","href":"https:\/\/api.w.org\/{rel}","templated":true}]}}