{"id":39298,"date":"2022-04-28T16:21:47","date_gmt":"2022-04-28T16:21:47","guid":{"rendered":"https:\/\/universitopstg.wpengine.com\/programs\/online-bachelors\/health-science\/"},"modified":"2026-04-06T07:24:49","modified_gmt":"2026-04-06T07:24:49","slug":"health-science","status":"publish","type":"page","link":"https:\/\/www.uopeople.edu\/de\/programs\/online-bachelors\/health-science\/","title":{"rendered":"Gesundheitswissenschaft"},"content":{"rendered":"\n\n\t<nav aria-label=\"breadcrumbs\" class=\"rank-math-breadcrumb\"><p><span class=\"last\">Startseite<\/span><\/p><\/nav>\n<h1><span class=\"ez-toc-section\" id=\"Bachelor_of_Science_in_Gesundheitswissenschaften_BHS_Online-Studiengang\"><\/span>\n\t\t\tBachelor of Science in Gesundheitswissenschaften (BHS) Online-Studiengang\t<span class=\"ez-toc-section-end\"><\/span><\/h1>\n\t<p>Bereiten Sie sich auf eine spannende Karriere im Gesundheitswesen vor und erwerben Sie innovative F\u00e4higkeiten zur Verbesserung der Patientenversorgung und des Wohlbefindens. Dieser Abschluss ist die perfekte Grundlage, um einen Master-Abschluss zu erwerben oder Ihre derzeitige Karriere voranzutreiben.   <\/p>\n\t\t\t<a href=\"https:\/\/apply.uopeople.edu\/\" target=\"_blank\" rel=\"noopener\">\n\t\t\t\t\t\t\tJetzt bewerben\n\t\t\t\t\t<\/a>\n\t\t\t Keine Live-Vorlesungen  \t\t\n\t\t\t 39 Kurse  \t\t\n\t\t\t Weniger als zweieinhalb Jahre\t\t\n\t\t\t Pay as You Go ($160 pro Kursbewertung)  \t\t\n\t<h2><span class=\"ez-toc-section\" id=\"Uebersicht\"><\/span>\n\t\t\t\u00dcbersicht\t<span class=\"ez-toc-section-end\"><\/span><\/h2>\n\t<p>Die Welt braucht Mitarbeiter im Gesundheitswesen &#8211; folgen Sie dem Ruf mit einem Bachelor of Health Science. Erwerben Sie Kenntnisse und F\u00e4higkeiten in den Bereichen Biologie, Psychologie, Anatomie und Physiologie, um in dem schnell wachsenden und sich st\u00e4ndig ver\u00e4ndernden Bereich der Gesundheitswissenschaften etwas zu bewirken. Dieser Abschluss bildet eine solide Grundlage f\u00fcr den Aufbau Ihrer Karriere oder f\u00fcr ein weiterf\u00fchrendes Studium.    <\/p>\n<h2><span class=\"ez-toc-section\" id=\"Was_Sie_im_Online_BHS-Programm_lernen_werden\"><\/span>\n\t\t\tWas Sie im Online BHS-Programm lernen werden\t<span class=\"ez-toc-section-end\"><\/span><\/h2>\n\t<p>Entwickeln Sie wertvolle F\u00e4higkeiten, um Ihre Karriere anzukurbeln:  <\/p>\n\t\t\t Soziale und biologische Ursachen von Krankheiten verstehen  \t\t\n\t\t\t Analyse von Gesundheitsproblemen und Bereitstellung von L\u00f6sungen  \t\t\n\t\t\t Einsatz von Teambildungsf\u00e4higkeiten zur Leitung von Projekten  \t\t\n\t\t\t Erforschung der Ethik, einschlie\u00dflich der Gesundheitspolitik und der Gesetze  \t\t\n\t<h2><span class=\"ez-toc-section\" id=\"Zulassungsbedingungen\"><\/span>\n\t\t\tZulassungsbedingungen\t<span class=\"ez-toc-section-end\"><\/span><\/h2>\n\t<p>Jeder, der die High School abgeschlossen hat, Englischkenntnisse besitzt und mindestens 16 Jahre alt ist, kann bei UoPeople online studieren.  <\/p>\n        <form data-css-form=\"filter\" data-js-form=\"filter1\">\n                <input type=\"hidden\" name=\"perpage\" id=\"perpage\" value=\"6\"\/>\n                <input type=\"hidden\" name=\"no_results_text\" id=\"no_results_text\" value=\"Sorry, no posts match the search criteria.\"\/>\n                <input type=\"hidden\" name=\"post_type_input\" id=\"post_type_input\" value=\"course\"\/>\n                <input type=\"hidden\" name=\"taxonomy\" id=\"taxonomy\" value=\"course_type\"\/>\n                <input type=\"hidden\" name=\"orderby\" id=\"orderby\" value=\"post__in\"\/>\n                <input type=\"hidden\" name=\"order\" id=\"order\" value=\"DESC\"\/>\n                <input type=\"hidden\" name=\"postin\" id=\"postin\" value=\"12607,10182,10190,10183,12615,12618,12616,12617,12619,12620,12621,12622,12623,12624,12625,12626,12627,12628,12629,12630,12592,12597,12600,12601,12603\"\/>\n                    <select id=\"ResourcesGridFeed-menu\" name=\"id\" aria-labelledby=\"drop4\"> \n                                                    <option name_to_show=\"Erforderliche Hauptkurse\" id=\"erforderliche-hauptkurse\"  value=\"549\">Erforderliche Hauptkurse<\/option>\n                                                    <option name_to_show=\"Allgemeine Bildungsanforderungen\" id=\"allgemeine-bildungsanforderungen\"  value=\"575\">Allgemeine Bildungsanforderungen<\/option>\n                                            <\/select>\n                <fieldset data-css-form=\"group right\">\n                        <button data-css-button=\"button red\">Filter<\/button>\n                        <input type=\"hidden\" name=\"action\" value=\"filter_courses_feed\"\/>\n                <\/fieldset>\n        <\/form>  \n                <h4> Lehrplan \/ Kurse<\/h4>\n                        <p>Der Lehrplan f\u00fcr den Bachelorstudiengang in Gesundheitswissenschaften wurde individuell gestaltet, um das Verst\u00e4ndnis und Wissen der Studierenden zu vertiefen. Sie analysieren die Ursachen globaler Krankheiten, leiten Gruppenprojekte und untersuchen Gesundheitspolitiken.<\/p><ul><li>20 Hauptfachkurse<\/li><li>19 Allgemeinbildungskurse<\/li><\/ul>\n            <a href=\"https:\/\/catalog.uopeople.edu\/ug_term1_item\/health-science\/bachelor-of-science-in-health-science-bs-hs%20\" target=\"_blank\" rel=\"noopener\"> Alle Kurse anzeigen<\/a>\n            <a href=\"https:\/\/apply.uopeople.edu\/\" target=\"_blank\" rel=\"noopener\">Jetzt bewerben<\/a>\n<h2><span class=\"ez-toc-section\" id=\"Bachelor-Abschluss_in_gesundheitswissenschaftlichen_Berufen\"><\/span>\n\t\t\tBachelor-Abschluss in gesundheitswissenschaftlichen Berufen\t<span class=\"ez-toc-section-end\"><\/span><\/h2>\n\t<p>Wohin f\u00fchrt Sie ein Bachelor of Science in Gesundheitswissenschaften? Ihr Abschluss wird Ihnen helfen, sich auf eine Stelle als: <\/p>\n\t\t\t Leiter des medizinischen Dienstes  \t\t\n\t\t\t Spezialist f\u00fcr Gesundheitserziehung  \t\t\n\t\t\t Community Health Worker\t\t\n\t\t\t Wellness-Koordinator\t\t\n\t<p>Als UoPeople-Student sind Sie nie auf sich allein gestellt &#8211; unser Karriere-Service-Center bietet Ihnen Feedback zu Ihrem Lebenslauf, Tipps zum Networking, Techniken f\u00fcr Vorstellungsgespr\u00e4che und vieles mehr.<\/p>\n<h2><span class=\"ez-toc-section\" id=\"Bachelor-Abschluss_in_Gesundheitswissenschaften_Kosten\"><\/span>\n\t\t\tBachelor-Abschluss in Gesundheitswissenschaften Kosten\t<span class=\"ez-toc-section-end\"><\/span><\/h2>\n\tDie UoPeople erhebt keine Studiengeb\u00fchren sowie keine Kosten f\u00fcr B\u00fccher oder den Campus. Wir berechnen lediglich eine Anmeldegeb\u00fchr von 60 $ sowie eine Pr\u00fcfungsgeb\u00fchr von 160 $ pro Kurs. Dies ist eine enorme Ersparnis im Vergleich zu \u00f6ffentlichen Universit\u00e4ten in den USA, die f\u00fcr einen Bachelor-Abschluss durchschnittlich 22.389 $ verlangen. W\u00e4hrend Ihres Studiums an der UoPeople k\u00f6nnen Sie mit Gesamtkosten von 6.460 $ rechnen &#8211; weniger, wenn Sie bereits Credits zum Anrechnen haben! Unser Ziel ist es, jedem ein Studium zu erm\u00f6glichen. Sollten Sie sich diese Geb\u00fchren nicht leisten k\u00f6nnen, stehen m\u00f6glicherweise Stipendien und F\u00f6rdermittel zur Verf\u00fcgung.<br \/>\n\n    <h2><span class=\"ez-toc-section\" id=\"Flexibilitaet\"><\/span> Flexibilit\u00e4t<span class=\"ez-toc-section-end\"><\/span><\/h2>\n     Mehr als die H\u00e4lfte unserer Studierenden studieren erfolgreich, w\u00e4hrend sie arbeiten, eine Familie erziehen oder beides tun. UoPeople ist stolz darauf, die weltweit flexibelste Option zu sein, um einen hochwertigen, akkreditierten und 100 % Online-Abschluss zu erwerben. Erfahren Sie mehr dar\u00fcber, wie unsere Programme speziell auf Ihre Bed\u00fcrfnisse zugeschnitten sind:\n                                                                          <img decoding=\"async\" width=\"80\" height=\"60\" src=\"https:\/\/www.uopeople.edu\/wp-content\/uploads\/2022\/06\/noun-schedule-1464727.svg\"\/>\n                                             Asynchrones Lernen\n                       Bei UoPeople gibt es keine Live-Vorlesungen und keine festen Kurszeiten. Stattdessen genie\u00dfen Sie die Freiheit des flexiblen Online-Lernens und studieren nach Ihrem eigenen Zeitplan. Erledigen Sie Ihre Aufgaben w\u00e4hrend des Pendelns, in der Mittagspause oder nachdem die Kinder im Bett sind. Solange Sie Ihre Kursarbeiten bis zum Ende jeder Woche abschlie\u00dfen, bleiben Sie im Plan f\u00fcr Ihren Abschluss.\n                                                                          <img decoding=\"async\" width=\"80\" height=\"60\" src=\"https:\/\/www.uopeople.edu\/wp-content\/uploads\/2022\/06\/noun-wifi-1510573.svg\"\/>\n                                             Zug\u00e4ngliche Technologie\n                       Alles, was Sie zum Studieren bei UoPeople ben\u00f6tigen, ist eine stabile Internetverbindung &#8211; egal ob auf einem Desktop, Laptop oder sogar Ihrem Handy. Die Kurse erfordern nie gro\u00dfe Videodateien, und der UoPeople Online-Campus ist mit den meisten Browsern kompatibel. Studierende erhalten sogar ein kostenloses Abonnement f\u00fcr Office 365, einschlie\u00dflich Microsoft Office.\n                                                                          <img decoding=\"async\" width=\"80\" height=\"60\" src=\"https:\/\/www.uopeople.edu\/wp-content\/uploads\/2022\/06\/noun-transfer-4652684.svg\"\/>\n                                             Anerkennung von Studienleistungen\n                      Sie haben Credits von einer anderen anerkannten Universit\u00e4t? Gro\u00dfartig! Studierende im Masterstudium k\u00f6nnen bis zu 50\u202f% ihrer gesamten Credits auf UoPeople \u00fcbertragen. Die Bewertung der Transfer-Credits ist kostenlos, und bei Anerkennung f\u00e4llt lediglich eine geringe Geb\u00fchr von 17\u202f$ pro \u00fcbertragenem Kurs an.\n            <!-- row -->\n    <!-- CardsModule-rowParentOverflow -->\n                    <h3>H\u00e4ufig gestellte Fragen von Studierenden<\/h3>\n                    Fragen zu unseren akademischen Studienprogrammen bei UoPeople\n                    <a href=\"https:\/\/www.uopeople.edu\/faq\/\" target=\"_self\">Alle FAQs anzeigen<\/a>\n                <!--accordion start -->\n                            <a data-toggle=\"collapse\" data-parent=\"#FaqsWithoutFilters-accordionID\" href=\"#xcollapse0\" aria-expanded=\"false\" aria-controls=\"xcollapse0\">\n                                            <h4>Was ist ein Bachelor of Science in Gesundheitswissenschaften?<\/h4>\n                            <\/a>\n                                \n<p>Ein Bachelor of Science in Gesundheitswissenschaften an der UoPeople soll Sie auf eine lohnende Karriere im Gesundheitswesen vorbereiten. Er konzentriert sich auf die Vermittlung innovativer F\u00e4higkeiten zur Verbesserung der Patientenversorgung und des Wohlbefindens und umfasst Biologie, Psychologie, Anatomie und Physiologie.   <\/p>\n\n                            <a data-toggle=\"collapse\" data-parent=\"#FaqsWithoutFilters-accordionID\" href=\"#xcollapse1\" aria-expanded=\"false\" aria-controls=\"xcollapse1\">\n                                            <h4>Wie lange dauert ein Bachelor of Science in Gesundheitswissenschaften?<\/h4>\n                            <\/a>\n                                \n<p>Das Studium besteht aus 39 Kursen und kann in weniger als zweieinhalb Jahren, also in etwa 30 Monaten, abgeschlossen werden.  <\/p>\n\n                            <a data-toggle=\"collapse\" data-parent=\"#FaqsWithoutFilters-accordionID\" href=\"#xcollapse2\" aria-expanded=\"false\" aria-controls=\"xcollapse2\">\n                                            <h4>Was sind die Zulassungsvoraussetzungen f\u00fcr den Studiengang Bachelor of Science in Health Science?<\/h4>\n                            <\/a>\n                                \n<p>Sie m\u00fcssen mindestens 16 Jahre alt sein, die englische Sprache beherrschen, einen Schulabschluss oder einen gleichwertigen Abschluss haben und die <a href=\"https:\/\/www.uopeople.edu\/become-student\/prepare-for-uopeople\/foundation-courses\/\" target=\"_blank\" rel=\"noreferrer noopener\">UoPeople-Grundlagenkurse<\/a> absolviert haben.  <\/p>\n\n                            <a data-toggle=\"collapse\" data-parent=\"#FaqsWithoutFilters-accordionID\" href=\"#xcollapse3\" aria-expanded=\"false\" aria-controls=\"xcollapse3\">\n                                            <h4>Welche Berufe kann man mit einem Bachelor of Science in Gesundheitswissenschaften aus\u00fcben?<\/h4>\n                            <\/a>\n                                \n<p>Absolventen des Bachelor of Science in Gesundheitswissenschaften k\u00f6nnen unter anderem als Leiter medizinischer Dienste, Spezialisten f\u00fcr Gesundheitserziehung, Mitarbeiter im Gesundheitswesen und Wellness-Koordinatoren <a href=\"https:\/\/www.uopeople.edu\/blog\/what-can-you-do-with-a-health-science-degree\/\" target=\"_blank\" rel=\"noreferrer noopener\">arbeiten<\/a>. Einige UoPeople-Absolventen haben erfolgreich Positionen bei f\u00fchrenden globalen Unternehmen wie Amazon, IBM, Microsoft, Deloitte, AT&amp;T, Dell usw. gefunden.   <\/p>\n\n                            <a data-toggle=\"collapse\" data-parent=\"#FaqsWithoutFilters-accordionID\" href=\"#xcollapse4\" aria-expanded=\"false\" aria-controls=\"xcollapse4\">\n                                            <h4>Wie viel kostet ein Bachelor of Science in Gesundheitswissenschaften bei UoPeople?<\/h4>\n                            <\/a>\n                                \n<p>Das einzigartige, geb\u00fchrenfreie Modell von UoPeople macht es m\u00f6glich, einen hochwertigen amerikanischen Abschluss f\u00fcr nur $60 zu erwerben und ohne finanzielle Verpflichtungen zu zahlen. Die Gesamtkosten f\u00fcr einen Bachelor-Abschluss belaufen sich auf etwa 5520 $ f\u00fcr das 120-Kreditpunkte-Programm, was etwa 43 $ pro Kredit entspricht.   <\/p>\n\n                            <a data-toggle=\"collapse\" data-parent=\"#FaqsWithoutFilters-accordionID\" href=\"#xcollapse5\" aria-expanded=\"false\" aria-controls=\"xcollapse5\">\n                                            <h4>Kann ich Credits auf den Bachelor of Science in Gesundheitswissenschaften bei UoPeople \u00fcbertragen?<\/h4>\n                            <\/a>\n                                \n<p>Ja. Studierende, die einen Bachelor-Abschluss anstreben, k\u00f6nnen bis zu 90 Credits (das entspricht 75 % der Studienanforderungen) von einer anderen akkreditierten Einrichtung auf ihren UoPeople-Abschluss <a href=\"https:\/\/www.uopeople.edu\/become-student\/admissions\/transferring-credits\/\" target=\"_blank\" rel=\"noreferrer noopener\">\u00fcbertragen<\/a>.   <\/p>\n\n                <!--accordion end -->\n<h2><span class=\"ez-toc-section\" id=\"Bauen_Sie_eine_bessere_Zukunft_fuer_sich_und_Ihre_Familie_auf\"><\/span>\n\t\t\tBauen Sie eine bessere Zukunft f\u00fcr sich und Ihre Familie auf.\t<span class=\"ez-toc-section-end\"><\/span><\/h2>\n\t\t\t<a href=\"https:\/\/apply.uopeople.edu\/\" target=\"_blank\" rel=\"noopener\">\n\t\t\t\t\t\t\tJetzt bewerben\n\t\t\t\t\t<\/a>\n\n","protected":false},"excerpt":{"rendered":"<p>Bachelor of Science in Gesundheitswissenschaften (BHS) Online-Studiengang Bereiten Sie sich auf eine spannende Karriere im Gesundheitswesen vor und erwerben Sie innovative F\u00e4higkeiten zur Verbesserung der Patientenversorgung und des Wohlbefindens. Dieser Abschluss ist die perfekte Grundlage, um einen Master-Abschluss zu erwerben oder Ihre derzeitige Karriere voranzutreiben. Jetzt bewerben Keine Live-Vorlesungen 39 Kurse Weniger als zweieinhalb Jahre&hellip;<\/p>\n","protected":false},"author":15,"featured_media":0,"parent":38006,"menu_order":0,"comment_status":"closed","ping_status":"closed","template":"","meta":{"_acf_changed":false,"inline_featured_image":false,"footnotes":""},"class_list":["post-39298","page","type-page","status-publish","hentry"],"acf":[],"_links":{"self":[{"href":"https:\/\/www.uopeople.edu\/de\/wp-json\/wp\/v2\/pages\/39298","targetHints":{"allow":["GET"]}}],"collection":[{"href":"https:\/\/www.uopeople.edu\/de\/wp-json\/wp\/v2\/pages"}],"about":[{"href":"https:\/\/www.uopeople.edu\/de\/wp-json\/wp\/v2\/types\/page"}],"author":[{"embeddable":true,"href":"https:\/\/www.uopeople.edu\/de\/wp-json\/wp\/v2\/users\/15"}],"replies":[{"embeddable":true,"href":"https:\/\/www.uopeople.edu\/de\/wp-json\/wp\/v2\/comments?post=39298"}],"version-history":[{"count":0,"href":"https:\/\/www.uopeople.edu\/de\/wp-json\/wp\/v2\/pages\/39298\/revisions"}],"up":[{"embeddable":true,"href":"https:\/\/www.uopeople.edu\/de\/wp-json\/wp\/v2\/pages\/38006"}],"wp:attachment":[{"href":"https:\/\/www.uopeople.edu\/de\/wp-json\/wp\/v2\/media?parent=39298"}],"curies":[{"name":"wp","href":"https:\/\/api.w.org\/{rel}","templated":true}]}}