{"id":38476,"date":"2022-04-14T15:58:46","date_gmt":"2022-04-14T15:58:46","guid":{"rendered":"https:\/\/universitopstg.wpengine.com\/programs\/"},"modified":"2025-11-11T10:43:51","modified_gmt":"2025-11-11T10:43:51","slug":"programs","status":"publish","type":"page","link":"https:\/\/www.uopeople.edu\/de\/programs\/","title":{"rendered":"Akademische Programme"},"content":{"rendered":"\n<h1><span class=\"ez-toc-section\" id=\"Unsere_akademischen_Programme\"><\/span>\n\t\t\tUnsere akademischen Programme\t<span class=\"ez-toc-section-end\"><\/span><\/h1>\n\t<p>UoPeople passt sich Ihrem Ehrgeiz an und hilft Ihnen, Ihre Ziele zu erreichen. Unsere Studieng\u00e4nge sind in den USA akkreditiert, zu 100 % online und erschwinglich, so dass Sie einen schuldenfreien Abschluss mit dem Wissen erlangen k\u00f6nnen, das Sie ben\u00f6tigen, um ein Branchenf\u00fchrer zu werden. <\/p>\n\t\t\t<a href=\"https:\/\/apply.uopeople.edu\/\" target=\"_blank\" rel=\"noopener\">\n\t\t\t\t\t\t\tJetzt bewerben\n\t\t\t\t\t<\/a>\n\t\t\t\t<img decoding=\"async\" src=\"https:\/\/www.uopeople.edu\/wp-content\/uploads\/2023\/01\/robert-w-student.webp\" alt=\"Robert W., MBA Student, USA\" itemprop=\"image\" height=\"550\" width=\"550\" title=\"Robert W., MBA Student, USA\" onerror=\"this.style.display='none'\" loading=\"lazy\" \/>\n        <ul id=\"menu-on-page-navigation-programs-de\"><li><a href=\"#master_degree\">Master-Abschluss<\/a><\/li>\n<li><a href=\"#bachelors_degree\">Bachelor-Abschluss<\/a><\/li>\n<li><a href=\"#associates_degree\">Associate-Abschluss<\/a><\/li>\n<li><a href=\"#certificate_program\">Zertifikatprogramme<\/a><\/li>\n<\/ul>        <a href=\"javascript:void(0)\"><\/a>\n                    <h3>H\u00e4ufig gestellte Fragen von Studierenden<\/h3>\n                    Fragen zu unseren akademischen Studienprogrammen bei UoPeople\n                    <a href=\"https:\/\/www.uopeople.edu\/faq\/\" target=\"_self\">Alle FAQs anzeigen<\/a>\n                <!--accordion start -->\n                            <a data-toggle=\"collapse\" data-parent=\"#FaqsWithoutFilters-accordionID\" href=\"#xcollapse0\" aria-expanded=\"false\" aria-controls=\"xcollapse0\">\n                                            <h4>Nimmt UoPeople internationale Studenten auf?<\/h4>\n                            <\/a>\n                                \n<p>Unbedingt! UoPeople hat Studenten aus \u00fcber 200 L\u00e4ndern und Territorien. <\/p>\n\n                            <a data-toggle=\"collapse\" data-parent=\"#FaqsWithoutFilters-accordionID\" href=\"#xcollapse1\" aria-expanded=\"false\" aria-controls=\"xcollapse1\">\n                                            <h4>Ist die University of the People akkreditiert?<\/h4>\n                            <\/a>\n                                \n<p>Die University of the People ist von der WASC Senior College and University Commission (WSCUC) und der Distance Education Accrediting Commission (DEAC) akkreditiert.  <\/p>\n\n                            <a data-toggle=\"collapse\" data-parent=\"#FaqsWithoutFilters-accordionID\" href=\"#xcollapse2\" aria-expanded=\"false\" aria-controls=\"xcollapse2\">\n                                            <h4>Bekomme ich die akademische Unterst\u00fctzung, die ich brauche?<\/h4>\n                            <\/a>\n                                \n<p>Auf jeden Fall! Die Klassen an der UoPeople sind klein, und hochqualifizierte Dozenten stehen den Studierenden bei Fragen zur Seite und bieten Unterst\u00fctzung. Dar\u00fcber hinaus wird jeder Student zu Beginn seines Studiums einem pers\u00f6nlichen Programmberater zugeteilt, der ihn bis zum Abschluss seines Studiums begleitet. Die Programmberater fungieren w\u00e4hrend des gesamten Studiums als pers\u00f6nliches Unterst\u00fctzungssystem f\u00fcr die Studierenden. Der Programmberater beantwortet alle Fragen der Studierenden, gibt akademische Ratschl\u00e4ge, bespricht die Kurswahl und ermutigt die Studierenden w\u00e4hrend ihres gesamten Studiums.    <\/p>\n\n                            <a data-toggle=\"collapse\" data-parent=\"#FaqsWithoutFilters-accordionID\" href=\"#xcollapse3\" aria-expanded=\"false\" aria-controls=\"xcollapse3\">\n                                            <h4>Was ist asynchrones Lernen?<\/h4>\n                            <\/a>\n                                \n<p>Asynchrones Lernen erm\u00f6glicht es Ihnen, nach Ihrem eigenen Zeitplan zu lernen. \u00dcber den UoPeople Online Campus haben Sie Zugang zu Aufgaben, Vorlesungen und anderen Lernmaterialien. Bei UoPeople gibt es keine Live-Vorlesungen oder feste Unterrichtszeiten.    <\/p>\n\n                <!--accordion end -->\n<h2><span class=\"ez-toc-section\" id=\"Bereit_fuer_eine_bessere_Zukunft_Starten_Sie_hier\"><\/span>\n\t\t\tBereit f\u00fcr eine bessere Zukunft? <br \/> Starten Sie hier.\t<span class=\"ez-toc-section-end\"><\/span><\/h2>\n\t\t\t<a href=\"https:\/\/apply.uopeople.edu\/\" target=\"_blank\" rel=\"noopener\">\n\t\t\t\t\t\t\tJetzt bewerben\n\t\t\t\t\t<\/a>\n\n","protected":false},"excerpt":{"rendered":"<p>Unsere akademischen Programme UoPeople passt sich Ihrem Ehrgeiz an und hilft Ihnen, Ihre Ziele zu erreichen. Unsere Studieng\u00e4nge sind in den USA akkreditiert, zu 100 % online und erschwinglich, so dass Sie einen schuldenfreien Abschluss mit dem Wissen erlangen k\u00f6nnen, das Sie ben\u00f6tigen, um ein Branchenf\u00fchrer zu werden. Jetzt bewerben Master-Abschluss Bachelor-Abschluss Associate-Abschluss Zertifikatprogramme H\u00e4ufig&hellip;<\/p>\n","protected":false},"author":15,"featured_media":0,"parent":0,"menu_order":0,"comment_status":"closed","ping_status":"closed","template":"","meta":{"_acf_changed":true,"inline_featured_image":false,"footnotes":""},"class_list":["post-38476","page","type-page","status-publish","hentry"],"acf":[],"_links":{"self":[{"href":"https:\/\/www.uopeople.edu\/de\/wp-json\/wp\/v2\/pages\/38476","targetHints":{"allow":["GET"]}}],"collection":[{"href":"https:\/\/www.uopeople.edu\/de\/wp-json\/wp\/v2\/pages"}],"about":[{"href":"https:\/\/www.uopeople.edu\/de\/wp-json\/wp\/v2\/types\/page"}],"author":[{"embeddable":true,"href":"https:\/\/www.uopeople.edu\/de\/wp-json\/wp\/v2\/users\/15"}],"replies":[{"embeddable":true,"href":"https:\/\/www.uopeople.edu\/de\/wp-json\/wp\/v2\/comments?post=38476"}],"version-history":[{"count":0,"href":"https:\/\/www.uopeople.edu\/de\/wp-json\/wp\/v2\/pages\/38476\/revisions"}],"wp:attachment":[{"href":"https:\/\/www.uopeople.edu\/de\/wp-json\/wp\/v2\/media?parent=38476"}],"curies":[{"name":"wp","href":"https:\/\/api.w.org\/{rel}","templated":true}]}}