{"id":38421,"date":"2022-04-14T15:29:45","date_gmt":"2022-04-14T15:29:45","guid":{"rendered":"https:\/\/universitopstg.wpengine.com\/startseite\/"},"modified":"2026-01-15T11:18:07","modified_gmt":"2026-01-15T11:18:07","slug":"startseite","status":"publish","type":"page","link":"https:\/\/www.uopeople.edu\/de\/","title":{"rendered":"Startseite"},"content":{"rendered":"\n\n<h3>\nUNIVERSITY\n<br \/>\nOF THE PEOPLE\n<br \/>\nist durch die WASC Senior College and University Commission akkreditiert.\n<\/h3>\n<img decoding=\"async\" src=\"https:\/\/www.uopeople.edu\/wp-content\/uploads\/2025\/02\/wasc-logo-banner.webp\" width=\"300\" height=\"65\" \/>\n<h1><span class=\"ez-toc-section\" id=\"Erwerben_Sie_einen_erstklassigen_Abschluss_ohne_Studiengebuehren_%E2%80%93_zu_100%E2%80%AF_online\"><\/span>Erwerben Sie einen erstklassigen Abschluss ohne Studiengeb\u00fchren &#8211; zu 100\u202f% online.<span class=\"ez-toc-section-end\"><\/span><\/h1>\n<a href=\"https:\/\/apply.uopeople.edu\/\" target=\"_blank\" rel=\"noopener\">Jetzt bewerben<\/a>\n<h4>\n\t\t\tZugelassen und akkreditiert durch\t<\/h4>\n\t<p><a href=\"https:\/\/www.uopeople.edu\/student-experience\/quality\/accreditation\/\"><img decoding=\"async\" src=\"https:\/\/www.uopeople.edu\/wp-content\/uploads\/2025\/02\/wasc-logos-1.webp\" alt=\"WASC-Logo\" width=\"250\" height=\"54\"\/><\/a> <a href=\"https:\/\/www.uopeople.edu\/student-experience\/quality\/accreditation\/\"><img decoding=\"async\" src=\"https:\/\/www.uopeople.edu\/wp-content\/uploads\/2024\/05\/DEAC-Logo-1.webp\" alt=\"DEAC-Logo\" width=\"180\" height=\"61\"\/><\/a><a href=\"https:\/\/www.uopeople.edu\/student-experience\/quality\/accreditation\/\"><img decoding=\"async\" src=\"https:\/\/www.uopeople.edu\/wp-content\/uploads\/2024\/05\/bppe-1.webp\" alt=\"BPPE Logo\" width=\"55\" height=\"59\"\/><\/a><\/p>\n<h4>\n\t\t\tIn Zusammenarbeit mit\t<\/h4>\n\t<p><a href=\"https:\/\/www.uopeople.edu\/about\/partners\/academic-partnerships\/new-york-university\/\"><img decoding=\"async\" src=\"https:\/\/www.uopeople.edu\/wp-content\/uploads\/2025\/02\/nyu.webp\" alt=\"NYU-Logo\" width=\"60\" height=\"59\"\/><\/a><a href=\"https:\/\/www.uopeople.edu\/about\/partners\/academic-partnerships\/edinburgh-university\/\"><img decoding=\"async\" src=\"https:\/\/www.uopeople.edu\/wp-content\/uploads\/2024\/05\/University-of-Edinburgh-2.webp\" alt=\"Logo der Universit\u00e4t von Edinburgh\" width=\"60\" height=\"61\"\/><\/a><a href=\"https:\/\/www.uopeople.edu\/about\/partners\/academic-partnerships\/international-baccalaureate\/\"><img decoding=\"async\" src=\"https:\/\/www.uopeople.edu\/wp-content\/uploads\/2024\/07\/ib-logo.webp\" alt=\"IB-Logo\" width=\"75\" height=\"60\"\/><\/a><a href=\"https:\/\/www.uopeople.edu\/about\/partners\/global-collaborations\/federal-academic-alliance\/\"><img decoding=\"async\" src=\"https:\/\/www.uopeople.edu\/wp-content\/uploads\/2024\/07\/faa.webp\" alt=\"Logo der Akademischen Bundesvereinigung\" width=\"60\" height=\"60\"\/><\/a><a href=\"https:\/\/www.uopeople.edu\/about\/partners\/academic-partnerships\/mcgill-university\/\"><img decoding=\"async\" src=\"https:\/\/www.uopeople.edu\/wp-content\/uploads\/2024\/05\/McGill_University-Logo-1.webp\" alt=\"McGill-Logo\" width=\"187\" height=\"45\"\/><\/a><a href=\"https:\/\/www.uopeople.edu\/about\/partners\/corporate-partnerships\/ibm-skillsbuild\/\"><img decoding=\"async\" src=\"https:\/\/www.uopeople.edu\/wp-content\/uploads\/2025\/04\/ibm.webp\" alt=\"IBM Skillbuild Logo\" width=\"200\" height=\"\"\/><\/a><\/p>\n<section  id=\"Photo-\">\n    <img decoding=\"async\" src=\"https:\/\/www.uopeople.edu\/wp-content\/uploads\/2022\/06\/shape-1-1.svg\" width=\"290\" height=\"533\" alt=\"Graphic Shape\"\/>\n<\/section>\n        <h2><span class=\"ez-toc-section\" id=\"Warum_unsere_Studierenden_uns_lieben\"><\/span>Warum unsere Studierenden uns lieben<span class=\"ez-toc-section-end\"><\/span><\/h2>\n                        Das Studium bei UoPeople erm\u00f6glicht es mir, meinen MBA zu machen und gleichzeitig einen vollen Terminkalender zu haben.\n                        Sean H., MBA, Vereinigte Staaten\n              <!-- row -->\n                        UoPeople hat finanzielle Hindernisse beseitigt und mich als Lernende gest\u00e4rkt.\n                        Rosemond A., Betriebswirtschaftslehre, Ghana\n              <!-- row -->\n                        Ich liebe die Vielfalt bei UoPeople &#8211; ich habe eine gr\u00f6\u00dfere globale Perspektive gewonnen\n                        Joshua C., M.Ed., Vereinigte Staaten\n              <!-- row -->\n                        Die Dozenten bei UoPeople sind unglaublich hilfsbereit und engagieren sich sehr f\u00fcr die Entwicklung der Studenten.\n                        Saltanat A., Gesundheitswissenschaft, Afghanistan\n              <!-- row -->\n                                                                <img decoding=\"async\" src=\"https:\/\/www.uopeople.edu\/wp-content\/uploads\/2022\/07\/sean-scaled-1-150x150.jpg\"\/>\n                                                                <img decoding=\"async\" src=\"https:\/\/www.uopeople.edu\/wp-content\/uploads\/2022\/07\/rose-scaled-1-150x150.jpg\"\/>\n                                                                <img decoding=\"async\" src=\"https:\/\/www.uopeople.edu\/wp-content\/uploads\/2022\/07\/josh-scaled-1-150x150.jpg\"\/>\n                                                                <img decoding=\"async\" src=\"https:\/\/www.uopeople.edu\/wp-content\/uploads\/2022\/07\/salt-scaled-1-150x150.jpg\"\/>\n        <!-- row -->\n<h3>\n\t\t\tAusgew\u00e4hlte Medienberichte\t<\/h3>\n\t\t\t\t<a href=\"https:\/\/www.uopeople.edu\/about\/worldwide-recognition\/media\/how-can-this-university-charge-nothing-for-tuition\/\" target=\"_blank\" rel=\"noopener\" itemprop=\"url\">\n\t\t\t\t<img decoding=\"async\" src=\"https:\/\/www.uopeople.edu\/wp-content\/uploads\/2022\/02\/nyt.webp\" alt=\"nyt\" itemprop=\"image\" height=\"218\" width=\"298\" title=\"nyt\" onerror=\"this.style.display='none'\" loading=\"lazy\" \/>\n\t\t\t\t<\/a>\n\t<h5><a href=\"https:\/\/www.uopeople.edu\/about\/worldwide-recognition\/media\/how-can-this-university-charge-nothing-for-tuition\/\" target=\"_blank\" rel=\"noopener\">Wie kann diese Universit\u00e4t keine Studiengeb\u00fchren verlangen??<\/a><\/h5>\n\t<a href=\"https:\/\/www.uopeople.edu\/about\/worldwide-recognition\/media\/how-can-this-university-charge-nothing-for-tuition\/\" target=\"_blank\">\nWeiterlesen\n<\/a>\n\t\t\t\t<a href=\"https:\/\/www.insidehighered.com\/news\/2022\/03\/22\/online-learning-scholarships-1000-ukrainian-refugees\" target=\"_blank\" rel=\"noopener\" itemprop=\"url\">\n\t\t\t\t<img decoding=\"async\" src=\"https:\/\/www.uopeople.edu\/wp-content\/uploads\/2022\/07\/Inside-higher.jpg\" alt=\"Inside-higher\" itemprop=\"image\" height=\"218\" width=\"298\" title=\"Inside-higher\" onerror=\"this.style.display='none'\" loading=\"lazy\" \/>\n\t\t\t\t<\/a>\n\t<h5><a href=\"https:\/\/www.insidehighered.com\/news\/2022\/03\/22\/online-learning-scholarships-1000-ukrainian-refugees\" target=\"_blank\" rel=\"noopener\">W\u00e4hrend Ukrainer fliehen, zieht diese \u201eUniversit\u00e4t&#8220; mit ihnen um<\/a><\/h5>\n\t<a href=\"https:\/\/www.insidehighered.com\/news\/2022\/03\/22\/online-learning-scholarships-1000-ukrainian-refugees\" target=\"_blank\" rel=\"noopener\">\nWeiterlesen\n<\/a>\n\t\t\t\t<a href=\"https:\/\/www.pbs.org\/newshour\/show\/university-of-the-people-offers-students-a-new-and-affordable-college-experience\" target=\"_blank\" rel=\"noopener\" itemprop=\"url\">\n\t\t\t\t<img decoding=\"async\" src=\"https:\/\/www.uopeople.edu\/wp-content\/uploads\/2025\/05\/PBS.webp\" alt=\"PBS Newshour\" itemprop=\"image\" height=\"218\" width=\"298\" title=\"PBS\" onerror=\"this.style.display='none'\" loading=\"lazy\" \/>\n\t\t\t\t<\/a>\n\t<h5><a href=\"https:\/\/www.pbs.org\/newshour\/show\/university-of-the-people-offers-students-a-new-and-affordable-college-experience\" target=\"_blank\" rel=\"noopener\">Die University of the People bietet Studierenden ein neues und erschwingliches Studienerlebnis<\/a><\/h5>\n\t<a href=https:\/\/www.pbs.org\/newshour\/show\/university-of-the-people-offers-students-a-new-and-affordable-college-experience\" target=\"_blank\">\nWeiterlesen\n<\/a>\n\t\t\t\t<a href=\"https:\/\/www.today.com\/video\/the-university-of-the-people-offers-higher-education-without-the-debt-133843525834\" target=\"_blank\" rel=\"noopener\" itemprop=\"url\">\n\t\t\t\t<img decoding=\"async\" src=\"https:\/\/www.uopeople.edu\/wp-content\/uploads\/2022\/07\/today.jpg\" alt=\"today\" itemprop=\"image\" height=\"218\" width=\"298\" title=\"today\" onerror=\"this.style.display='none'\" loading=\"lazy\" \/>\n\t\t\t\t<\/a>\n\t<h5><a href=\"https:\/\/www.today.com\/video\/the-university-of-the-people-offers-higher-education-without-the-debt-133843525834\" target=\"_blank\" rel=\"noopener\">Diese gemeinn\u00fctzige Universit\u00e4t will Hochschulbildung f\u00fcr alle zug\u00e4nglich machen<\/a><\/h5>\n\t<a href=\"https:\/\/www.today.com\/video\/the-university-of-the-people-offers-higher-education-without-the-debt-133843525834\" target=\"_blank\" rel=\"noopener\">\nWeiterlesen\n<\/a>\n<h2><span class=\"ez-toc-section\" id=\"Warum_University_of_the_People\"><\/span>\n\t\t\tWarum University of the People\t<span class=\"ez-toc-section-end\"><\/span><\/h2>\n<section  id=\"Photo-\">\n    <img decoding=\"async\" src=\"https:\/\/www.uopeople.edu\/wp-content\/uploads\/2022\/04\/icons-tuition.svg\" width=\"56\" height=\"56\" alt=\"tuition icon\"\/>\n<\/section><h4>\n\t\t\tStudiengeb\u00fchrenfrei\t<\/h4>\n\t<p>UoPeople erhebt keine Geb\u00fchren f\u00fcr Online-Hochschulkurse, Kursmaterialien oder die j\u00e4hrliche Einschreibung. Sie zahlen unsere geringen Geb\u00fchren im Laufe des Studiums, niemals im Voraus.<\/p>\n<section  id=\"Photo-\">\n    <img decoding=\"async\" src=\"https:\/\/www.uopeople.edu\/wp-content\/uploads\/2022\/04\/icons-flexible.svg\" width=\"56\" height=\"56\" alt=\"Flexible Icon\"\/>\n<\/section><h4>\n\t\t\tFlexibilit\u00e4t\t<\/h4>\n\t<p>UoPeople ist eine zu 100 % onlinebasierte Hochschule. Sie bestimmen Ihren Studienkalender selbst und k\u00f6nnen jederzeit und \u00fcberall studieren &#8211; zu Hause, am Arbeitsplatz oder sogar unterwegs.<\/p>\n<section  id=\"Photo-\">\n    <img decoding=\"async\" src=\"https:\/\/www.uopeople.edu\/wp-content\/uploads\/2022\/04\/icons-quality.svg\" width=\"56\" height=\"56\" alt=\"quality icon\"\/>\n<\/section><h4>\n\t\t\tQualit\u00e4t\t<\/h4>\n\t<p>UoPeople ist eine akkreditierte, amerikanische Online-Universit\u00e4t. Zu unserer akademischen Leitung geh\u00f6ren Wissenschaftler von Spitzenuniversit\u00e4ten aus der ganzen Welt.<\/p>\n<section  id=\"Photo-\">\n    <img decoding=\"async\" src=\"https:\/\/www.uopeople.edu\/wp-content\/uploads\/2022\/04\/icons-support.svg\" width=\"56\" height=\"56\" alt=\"support icon\"\/>\n<\/section><h4>\n\t\t\tUnterst\u00fctzung\t<\/h4>\n\t<p>Unsere Klassen sind klein und jeder Student hat einen Programmberater vom ersten Tag an bis zum Abschluss des Studiums.<\/p>\n<section  id=\"Photo-\">\n    <img decoding=\"async\" src=\"https:\/\/www.uopeople.edu\/wp-content\/uploads\/2022\/04\/icons-world.svg\" width=\"56\" height=\"56\" alt=\"world icon\"\/>\n<\/section><h4>\n\t\t\tGlobal\t<\/h4>\n\t<p>Mit Studierenden aus \u00fcber 200 L\u00e4ndern und Regionen erwerben Sie Kompetenzen, die Ihnen helfen, in der globalen Gesch\u00e4ftswelt erfolgreich zu sein.<\/p>\n<section  id=\"Photo-\">\n    <img decoding=\"async\" src=\"https:\/\/www.uopeople.edu\/wp-content\/uploads\/2022\/04\/icons-people.svg\" width=\"91\" height=\"55\" alt=\"people icon\"\/>\n<\/section><h4>\n\t\t\tFachwissen\t<\/h4>\n\t<p>Wir sind f\u00fchrend im Bereich 100 % Online-Bildung und verf\u00fcgen \u00fcber mehr als 15 Jahre Erfahrung in der Betreuung von Studenten weltweit.<\/p>\n                    <h3>H\u00e4ufige Fragen unserer Studierenden<\/h3>\n                    <ul>\n                        <li role=\"button\" rel=\"Akkreditierung\">Akkreditierung<\/li><li role=\"button\" rel=\"Qualit&auml;t und Akkreditierung\">Qualit\u00e4t und Akkreditierung<\/li><li role=\"button\" rel=\"&Uuml;ber UoPeople\">\u00dcber UoPeople<\/li>                    <\/ul>\n                    <a href=\"https:\/\/www.uopeople.edu\/faq\/\" target=\"_self\">Alle FAQs ansehen<\/a>\n                <!--accordion start -->\n                    <!-- reading data -->\n                <!--accordion end -->\n<h2><span class=\"ez-toc-section\" id=\"Bereit_fuer_die_erste_kostenlose_akkreditierte_Online-Universitaet\"><\/span>\n\t\t\tBereit f\u00fcr die erste kostenlose, akkreditierte Online-Universit\u00e4t?\t<span class=\"ez-toc-section-end\"><\/span><\/h2>\n\t\t\t<a href=\"https:\/\/apply.uopeople.edu\/\" target=\"_blank\" rel=\"noopener\">\n\t\t\t\t\t\t\tJetzt bewerben\n\t\t\t\t\t<\/a>\n\n","protected":false},"excerpt":{"rendered":"<p>UNIVERSITY OF THE PEOPLE ist durch die WASC Senior College and University Commission akkreditiert. Erwerben Sie einen erstklassigen Abschluss ohne Studiengeb\u00fchren &#8211; zu 100\u202f% online. Jetzt bewerben Zugelassen und akkreditiert durch In Zusammenarbeit mit Warum unsere Studierenden uns lieben Das Studium bei UoPeople erm\u00f6glicht es mir, meinen MBA zu machen und gleichzeitig einen vollen Terminkalender&hellip;<\/p>\n","protected":false},"author":15,"featured_media":37855,"parent":0,"menu_order":0,"comment_status":"closed","ping_status":"closed","template":"","meta":{"_acf_changed":true,"inline_featured_image":false,"footnotes":""},"class_list":["post-38421","page","type-page","status-publish","has-post-thumbnail","hentry"],"acf":[],"_links":{"self":[{"href":"https:\/\/www.uopeople.edu\/de\/wp-json\/wp\/v2\/pages\/38421","targetHints":{"allow":["GET"]}}],"collection":[{"href":"https:\/\/www.uopeople.edu\/de\/wp-json\/wp\/v2\/pages"}],"about":[{"href":"https:\/\/www.uopeople.edu\/de\/wp-json\/wp\/v2\/types\/page"}],"author":[{"embeddable":true,"href":"https:\/\/www.uopeople.edu\/de\/wp-json\/wp\/v2\/users\/15"}],"replies":[{"embeddable":true,"href":"https:\/\/www.uopeople.edu\/de\/wp-json\/wp\/v2\/comments?post=38421"}],"version-history":[{"count":0,"href":"https:\/\/www.uopeople.edu\/de\/wp-json\/wp\/v2\/pages\/38421\/revisions"}],"wp:featuredmedia":[{"embeddable":true,"href":"https:\/\/www.uopeople.edu\/de\/wp-json\/wp\/v2\/media\/37855"}],"wp:attachment":[{"href":"https:\/\/www.uopeople.edu\/de\/wp-json\/wp\/v2\/media?parent=38421"}],"curies":[{"name":"wp","href":"https:\/\/api.w.org\/{rel}","templated":true}]}}