{"id":38084,"date":"2022-04-28T16:38:15","date_gmt":"2022-04-28T16:38:15","guid":{"rendered":"https:\/\/universitopstg.wpengine.com\/online-associates\/computer-science\/"},"modified":"2026-04-06T07:27:58","modified_gmt":"2026-04-06T07:27:58","slug":"computer-science","status":"publish","type":"page","link":"https:\/\/www.uopeople.edu\/de\/programs\/online-associates\/computer-science\/","title":{"rendered":"Informatik (Associate&#8217;s)"},"content":{"rendered":"\n<h1><span class=\"ez-toc-section\" id=\"Associate_of_Science_in_Informatik_ACS_Online-Studiengang\"><\/span>\n\t\t\tAssociate of Science in Informatik (ACS) Online-Studiengang\t<span class=\"ez-toc-section-end\"><\/span><\/h1>\n\t<p>Bereiten Sie sich mit einer soliden Grundlage in Computerprogrammierung, Datenbanken, Software und Betriebssystemen auf Ihre Karriere in der Tech-Branche vor. Dies ist der perfekte Einstieg in eine Karriere in der computergesteuerten Welt von heute und bietet die Grundlage f\u00fcr einen sp\u00e4teren Bachelor-Abschluss.  <\/p>\n\t\t\t<a href=\"https:\/\/apply.uopeople.edu\/\" target=\"_blank\" rel=\"noopener\">\n\t\t\t\t\t\t\tJetzt bewerben\n\t\t\t\t\t<\/a>\n\t\t\t Keine Live-Vorlesungen  \t\t\n\t\t\t 20 Kurse  \t\t\n\t\t\t Weniger als eineinhalb Jahre\t\t\n\t\t\t Bezahlen Sie je nach Fortschritt ($160 pro Pr\u00fcfungsleistung) \t\t\n\t<h2><span class=\"ez-toc-section\" id=\"Uebersicht\"><\/span>\n\t\t\t\u00dcbersicht\t<span class=\"ez-toc-section-end\"><\/span><\/h2>\n\t<p> Entwickeln Sie mit dem Associates of Science in Informatik gefragte F\u00e4higkeiten, die Ihnen in der Tech-Branche von heute zum Erfolg verhelfen. In diesem Kurs werden Sie Software entwerfen, implementieren und evaluieren, um Probleme in der echten Welt zu l\u00f6sen. Dieser Abschluss ist ideal f\u00fcr Berufst\u00e4tige, die eine solide Grundlage in Informatik ben\u00f6tigen oder einen h\u00f6heren Abschluss anstreben.   <\/p>\n<h2><span class=\"ez-toc-section\" id=\"Was_Sie_im_Online-ACS-Studium_lernen_werden\"><\/span>\n\t\t\tWas Sie im Online-ACS-Studium lernen werden\t<span class=\"ez-toc-section-end\"><\/span><\/h2>\n\t<p>Erwerben Sie solide Informatikkenntnisse: <\/p>\n\t\t\t Nutzen Sie Daten, um innovative L\u00f6sungen f\u00fcr komplexe Probleme zu finden  \t\t\n\t\t\t Gewinnen Sie ein breites Verst\u00e4ndnis von Rechnertechnologie \t\t\n\t\t\t Erstellen Sie konzeptionelle Modelle von Computer-Hardware \t\t\n\t\t\t Beteiligen Sie sich an gemeinsamen Projekten und entwickeln Sie dabei Ihre F\u00e4higkeiten zum Team-Aufbau\t\t\n\t<h2><span class=\"ez-toc-section\" id=\"Zulassungsbedingungen\"><\/span>\n\t\t\tZulassungsbedingungen\t<span class=\"ez-toc-section-end\"><\/span><\/h2>\n\t<p>Jeder, der \u00fcber einen g\u00fcltigen Abschluss einer weiterf\u00fchrenden Schule verf\u00fcgt und mindestens 16 Jahre alt ist, kann bei UoPeople online studieren. <\/p>\n        <form data-css-form=\"filter\" data-js-form=\"filter1\">\n                <input type=\"hidden\" name=\"perpage\" id=\"perpage\" value=\"6\"\/>\n                <input type=\"hidden\" name=\"no_results_text\" id=\"no_results_text\" value=\"Sorry, no posts match the search criteria.\"\/>\n                <input type=\"hidden\" name=\"post_type_input\" id=\"post_type_input\" value=\"course\"\/>\n                <input type=\"hidden\" name=\"taxonomy\" id=\"taxonomy\" value=\"course_type\"\/>\n                <input type=\"hidden\" name=\"orderby\" id=\"orderby\" value=\"post__in\"\/>\n                <input type=\"hidden\" name=\"order\" id=\"order\" value=\"ASC\"\/>\n                <input type=\"hidden\" name=\"postin\" id=\"postin\" value=\"10190,10182,12607,10183,25875,12637,12638,12639,36710,12641,12642,12643,12644,12645,12592,12593,12595,12597,12600,12603\"\/>\n                    <select id=\"ResourcesGridFeed-menu\" name=\"id\" aria-labelledby=\"drop4\"> \n                                                    <option name_to_show=\"Erforderliche Hauptkurse\" id=\"erforderliche-hauptkurse\"  value=\"549\">Erforderliche Hauptkurse<\/option>\n                                                    <option name_to_show=\"Allgemeine Bildungsanforderungen\" id=\"allgemeine-bildungsanforderungen\"  value=\"575\">Allgemeine Bildungsanforderungen<\/option>\n                                            <\/select>\n                <fieldset data-css-form=\"group right\">\n                        <button data-css-button=\"button red\">Filter<\/button>\n                        <input type=\"hidden\" name=\"action\" value=\"filter_courses_feed\"\/>\n                <\/fieldset>\n        <\/form>  \n                <h4> Lehrplan \/ Kurse<\/h4>\n                        <p>Der Lehrplan f\u00fcr den Associate-Abschluss in Informatik wurde speziell entwickelt, um Studierenden den Einstieg in die Informatik zu erm\u00f6glichen und eine solide Grundlage f\u00fcr ein Bachelorstudium zu bieten. Die Studierenden lernen zentrale Konzepte der Informatik kennen, entwickeln Strategien f\u00fcr effektives Design und analysieren technische Problemstellungen.<\/p><ul><li>39 Hauptfach-Credits<\/li><li>21 Credits in Allgemeinbildung<\/li><\/ul>\n            <a href=\"https:\/\/catalog.uopeople.edu\/ug_term1_item\/computer-science\/associate-of-science-in-computer-science-as-cs\" target=\"_blank\" rel=\"noopener\"> Alle Kurse anzeigen<\/a>\n            <a href=\"https:\/\/apply.uopeople.edu\/\" target=\"_blank\" rel=\"noopener\">Jetzt bewerben<\/a>\n                Hinweis: Die Anforderungen im Bereich Allgemeinbildung k\u00f6nnen durch Kurse erf\u00fcllt werden, die eng mit dem jeweiligen Fachgebiet verbunden sind. Die 3 erforderlichen Credits im Wahlbereich k\u00f6nnen durch eine Kombination von Kursen aus beliebigen Fachrichtungen erbracht werden.\n<h2><span class=\"ez-toc-section\" id=\"Associates_Degree_in_Informatik_Karrierechancen\"><\/span>\n\t\t\tAssociate&#8217;s Degree in Informatik Karrierechancen\t<span class=\"ez-toc-section-end\"><\/span><\/h2>\n\t<p>Wohin wird Sie ein Associates of Science in Informatik f\u00fchren? Ihr Studium wird Sie auf die folgenden Berufe vorbereiten:  <\/p>\n\t\t\t Netzwerktechniker\/-in \t\t\n\t\t\t Datenanalyst\/-in \t\t\n\t\t\t Programmierer\/-in \t\t\n\t\t\t IT-Support-Spezialist\/-in \t\t\n\t<p>Als UoPeople-Student sind Sie nie auf sich allein gestellt &#8211; unser Karriere-Service-Center bietet Ihnen Feedback zu Ihrem Lebenslauf, Tipps zum Networking, Strategien f\u00fcr Vorstellungsgespr\u00e4che und vieles mehr. <\/p>\n<h2><span class=\"ez-toc-section\" id=\"Associate_of_Science_in_Informatik_Kosten\"><\/span>\n\t\t\tAssociate of Science in Informatik Kosten\t<span class=\"ez-toc-section-end\"><\/span><\/h2>\n\tDie UoPeople erhebt keine Studiengeb\u00fchren sowie keine Kosten f\u00fcr B\u00fccher oder den Campus. Wir berechnen lediglich eine Anmeldegeb\u00fchr von 60 $ sowie eine Pr\u00fcfungsgeb\u00fchr von 160 $ pro Kurs. Dies ist eine enorme Ersparnis im Vergleich zu \u00f6ffentlichen Universit\u00e4ten in den USA, die f\u00fcr einen Bachelor-Abschluss durchschnittlich 22.389 $ verlangen. W\u00e4hrend Ihres Studiums an der UoPeople k\u00f6nnen Sie mit Gesamtkosten von 6.460 $ rechnen &#8211; weniger, wenn Sie bereits Credits zum Anrechnen haben! Unser Ziel ist es, jedem ein Studium zu erm\u00f6glichen. Sollten Sie sich diese Geb\u00fchren nicht leisten k\u00f6nnen, stehen m\u00f6glicherweise Stipendien und F\u00f6rdermittel zur Verf\u00fcgung.<br \/>\n\n    <h2><span class=\"ez-toc-section\" id=\"Flexibilitaet\"><\/span> Flexibilit\u00e4t<span class=\"ez-toc-section-end\"><\/span><\/h2>\n     Mehr als die H\u00e4lfte unserer Studierenden studieren erfolgreich, w\u00e4hrend sie arbeiten, eine Familie erziehen oder beides tun. UoPeople ist stolz darauf, die weltweit flexibelste Option zu sein, um einen hochwertigen, akkreditierten und 100 % Online-Abschluss zu erwerben. Erfahren Sie mehr dar\u00fcber, wie unsere Programme speziell auf Ihre Bed\u00fcrfnisse zugeschnitten sind:\n                                                                          <img decoding=\"async\" width=\"80\" height=\"60\" src=\"https:\/\/www.uopeople.edu\/wp-content\/uploads\/2022\/06\/noun-schedule-1464727.svg\"\/>\n                                             Asynchrones Lernen\n                       Bei UoPeople gibt es keine Live-Vorlesungen und keine festen Kurszeiten. Stattdessen genie\u00dfen Sie die Freiheit des flexiblen Online-Lernens und studieren nach Ihrem eigenen Zeitplan. Erledigen Sie Ihre Aufgaben w\u00e4hrend des Pendelns, in der Mittagspause oder nachdem die Kinder im Bett sind. Solange Sie Ihre Kursarbeiten bis zum Ende jeder Woche abschlie\u00dfen, bleiben Sie im Plan f\u00fcr Ihren Abschluss.\n                                                                          <img decoding=\"async\" width=\"80\" height=\"60\" src=\"https:\/\/www.uopeople.edu\/wp-content\/uploads\/2022\/06\/noun-wifi-1510573.svg\"\/>\n                                             Zug\u00e4ngliche Technologie\n                       Alles, was Sie zum Studieren bei UoPeople ben\u00f6tigen, ist eine stabile Internetverbindung &#8211; egal ob auf einem Desktop, Laptop oder sogar Ihrem Handy. Die Kurse erfordern nie gro\u00dfe Videodateien, und der UoPeople Online-Campus ist mit den meisten Browsern kompatibel. Studierende erhalten sogar ein kostenloses Abonnement f\u00fcr Office 365, einschlie\u00dflich Microsoft Office.\n                                                                          <img decoding=\"async\" width=\"80\" height=\"60\" src=\"https:\/\/www.uopeople.edu\/wp-content\/uploads\/2022\/06\/noun-transfer-4652684.svg\"\/>\n                                             Anerkennung von Studienleistungen\n                      Sie haben Credits von einer anderen anerkannten Universit\u00e4t? Gro\u00dfartig! Studierende im Masterstudium k\u00f6nnen bis zu 50\u202f% ihrer gesamten Credits auf UoPeople \u00fcbertragen. Die Bewertung der Transfer-Credits ist kostenlos, und bei Anerkennung f\u00e4llt lediglich eine geringe Geb\u00fchr von 17\u202f$ pro \u00fcbertragenem Kurs an.\n            <!-- row -->\n    <!-- CardsModule-rowParentOverflow -->\n                    <h3>H\u00e4ufig gestellte Fragen von Studierenden<\/h3>\n                    Fragen zu unseren akademischen Studienprogrammen bei UoPeople\n                    <a href=\"https:\/\/www.uopeople.edu\/faq\/\" target=\"_self\">Alle FAQs anzeigen<\/a>\n                <!--accordion start -->\n                            <a data-toggle=\"collapse\" data-parent=\"#FaqsWithoutFilters-accordionID\" href=\"#xcollapse0\" aria-expanded=\"false\" aria-controls=\"xcollapse0\">\n                                            <h4>Was ist ein Associate of Science in Computer Science Programm?<\/h4>\n                            <\/a>\n                                \n<p>Der Associate of Science in Computer Science bei UoPeople soll Ihnen eine grundlegende Ausbildung in Informatik, Programmierung, Datenbanken und Softwaresystemen vermitteln. Es ist ein gro\u00dfartiger Start f\u00fcr diejenigen, die in die Tech-Industrie einsteigen oder sich auf weiterf\u00fchrende Studien vorbereiten wollen.   <\/p>\n\n                            <a data-toggle=\"collapse\" data-parent=\"#FaqsWithoutFilters-accordionID\" href=\"#xcollapse1\" aria-expanded=\"false\" aria-controls=\"xcollapse1\">\n                                            <h4>Wie lange dauert ein Associate of Science in Computer Science?<\/h4>\n                            <\/a>\n                                \n<p>Dieses Programm besteht aus 20 Kursen und ist so konzipiert, dass es in weniger als eineinhalb Jahren oder etwa 18 Monaten abgeschlossen werden kann.  <\/p>\n\n                            <a data-toggle=\"collapse\" data-parent=\"#FaqsWithoutFilters-accordionID\" href=\"#xcollapse2\" aria-expanded=\"false\" aria-controls=\"xcollapse2\">\n                                            <h4>Was sind die Zulassungsvoraussetzungen f\u00fcr den Studiengang Associate of Science in Computer Science?<\/h4>\n                            <\/a>\n                                \n<p>Sie m\u00fcssen mindestens 16 Jahre alt sein, die englische Sprache beherrschen, einen Schulabschluss oder einen gleichwertigen Abschluss haben und die <a href=\"https:\/\/www.uopeople.edu\/become-student\/prepare-for-uopeople\/foundation-courses\/\" target=\"_blank\" rel=\"noreferrer noopener\">UoPeople-Grundlagenkurse<\/a> absolviert haben.  <\/p>\n\n                            <a data-toggle=\"collapse\" data-parent=\"#FaqsWithoutFilters-accordionID\" href=\"#xcollapse3\" aria-expanded=\"false\" aria-controls=\"xcollapse3\">\n                                            <h4>Was ist der Unterschied zwischen einem Associate of Science und einem Bachelor of Science?<\/h4>\n                            <\/a>\n                                \n<p>Im amerikanischen Hochschulsystem ist ein Associate-Abschluss in der Regel die halbe Miete f\u00fcr einen Bachelor-Abschluss. Ein Associate of Science (AS) vermittelt grundlegende Kenntnisse und Fertigkeiten in einem bestimmten Bereich und dauert in der Regel zwei Jahre, w\u00e4hrend ein Bachelor of Science (BS) ein vertieftes Studium bietet und in der Regel vier Jahre in Anspruch nimmt. <\/p>\n\n                            <a data-toggle=\"collapse\" data-parent=\"#FaqsWithoutFilters-accordionID\" href=\"#xcollapse4\" aria-expanded=\"false\" aria-controls=\"xcollapse4\">\n                                            <h4>Welche Berufe kann man mit einem Abschluss als Associate of Science in Computer Science ergreifen?<\/h4>\n                            <\/a>\n                                \n<p>Absolventen des Associate of Science in Computer Science k\u00f6nnen unter anderem als <a href=\"https:\/\/www.uopeople.edu\/blog\/what-does-a-network-engineer-do\/\" target=\"_blank\" rel=\"noreferrer noopener\">Netzwerktechniker<\/a>, <a href=\"https:\/\/www.uopeople.edu\/blog\/your-questions-answered-how-to-become-a-data-analyst\/\" target=\"_blank\" rel=\"noreferrer noopener\">Datenanalysten<\/a>, <a href=\"https:\/\/www.uopeople.edu\/blog\/how-to-become-a-computer-programmer\/\" target=\"_blank\" rel=\"noreferrer noopener\">Computerprogrammierer<\/a> und <a href=\"https:\/\/www.uopeople.edu\/blog\/what-does-an-it-professional-do\/\" target=\"_blank\" rel=\"noreferrer noopener\">IT-Support-Spezialisten<\/a> <a href=\"https:\/\/www.uopeople.edu\/blog\/computer-science-associate-degree-online\/\" target=\"_blank\" rel=\"noreferrer noopener\">arbeiten<\/a>. Einige UoPeople-Absolventen haben erfolgreich Positionen bei f\u00fchrenden globalen Unternehmen wie Amazon, IBM, Microsoft, Deloitte, AT&amp;T, Dell usw. gefunden.   <\/p>\n\n                            <a data-toggle=\"collapse\" data-parent=\"#FaqsWithoutFilters-accordionID\" href=\"#xcollapse5\" aria-expanded=\"false\" aria-controls=\"xcollapse5\">\n                                            <h4>Wie viel kostet ein Abschluss als Associate of Science in Informatik bei UoPeople?<\/h4>\n                            <\/a>\n                                \n<p>Das einzigartige, <a href=\"https:\/\/www.uopeople.edu\/tuition-free\/what-is-tuition-free\/#:~:text=UoPeople&#039;s%20Tuition%2DFree%20Model%20is,That&#039;s%20it.\" target=\"_blank\" rel=\"noreferrer noopener\">geb\u00fchrenfreie<\/a> Modell von UoPeople macht es m\u00f6glich, einen hochwertigen amerikanischen Abschluss f\u00fcr nur $60 zu erwerben und ohne finanzielle Verpflichtungen zu zahlen. Die Gesamtkosten f\u00fcr einen Associate-Abschluss belaufen sich auf etwa 2.860 $ f\u00fcr das 60-Kreditpunkte-Programm, was etwa 20 $ pro Kredit entspricht.   <\/p>\n\n                            <a data-toggle=\"collapse\" data-parent=\"#FaqsWithoutFilters-accordionID\" href=\"#xcollapse6\" aria-expanded=\"false\" aria-controls=\"xcollapse6\">\n                                            <h4>Kann ich Credits auf den Studiengang Associate of Science in Computer Science bei UoPeople \u00fcbertragen?<\/h4>\n                            <\/a>\n                                \n<p>Ja. Studierende, die einen Associate-Abschluss anstreben, k\u00f6nnen bis zu 75 % der Studienleistungen einer anderen akkreditierten Einrichtung auf ihren UoPeople-Abschluss <a href=\"https:\/\/www.uopeople.edu\/become-student\/admissions\/transferring-credits\/\" target=\"_blank\" rel=\"noreferrer noopener\">\u00fcbertragen<\/a>.   <\/p>\n\n                <!--accordion end -->\n<h2><span class=\"ez-toc-section\" id=\"Bauen_Sie_eine_bessere_Zukunft_fuer_sich_und_Ihre_Familie_auf\"><\/span>\n\t\t\tBauen Sie eine bessere Zukunft f\u00fcr sich und Ihre Familie auf.\t<span class=\"ez-toc-section-end\"><\/span><\/h2>\n\t\t\t<a href=\"https:\/\/apply.uopeople.edu\/\" target=\"_blank\" rel=\"noopener\">\n\t\t\t\t\t\t\tJetzt bewerben\n\t\t\t\t\t<\/a>\n\n","protected":false},"excerpt":{"rendered":"<p>Associate of Science in Informatik (ACS) Online-Studiengang Bereiten Sie sich mit einer soliden Grundlage in Computerprogrammierung, Datenbanken, Software und Betriebssystemen auf Ihre Karriere in der Tech-Branche vor. Dies ist der perfekte Einstieg in eine Karriere in der computergesteuerten Welt von heute und bietet die Grundlage f\u00fcr einen sp\u00e4teren Bachelor-Abschluss. Jetzt bewerben Keine Live-Vorlesungen 20 Kurse&hellip;<\/p>\n","protected":false},"author":15,"featured_media":0,"parent":38073,"menu_order":0,"comment_status":"closed","ping_status":"closed","template":"","meta":{"_acf_changed":false,"inline_featured_image":false,"footnotes":""},"class_list":["post-38084","page","type-page","status-publish","hentry"],"acf":[],"_links":{"self":[{"href":"https:\/\/www.uopeople.edu\/de\/wp-json\/wp\/v2\/pages\/38084","targetHints":{"allow":["GET"]}}],"collection":[{"href":"https:\/\/www.uopeople.edu\/de\/wp-json\/wp\/v2\/pages"}],"about":[{"href":"https:\/\/www.uopeople.edu\/de\/wp-json\/wp\/v2\/types\/page"}],"author":[{"embeddable":true,"href":"https:\/\/www.uopeople.edu\/de\/wp-json\/wp\/v2\/users\/15"}],"replies":[{"embeddable":true,"href":"https:\/\/www.uopeople.edu\/de\/wp-json\/wp\/v2\/comments?post=38084"}],"version-history":[{"count":0,"href":"https:\/\/www.uopeople.edu\/de\/wp-json\/wp\/v2\/pages\/38084\/revisions"}],"up":[{"embeddable":true,"href":"https:\/\/www.uopeople.edu\/de\/wp-json\/wp\/v2\/pages\/38073"}],"wp:attachment":[{"href":"https:\/\/www.uopeople.edu\/de\/wp-json\/wp\/v2\/media?parent=38084"}],"curies":[{"name":"wp","href":"https:\/\/api.w.org\/{rel}","templated":true}]}}