{"id":38073,"date":"2022-04-28T14:59:20","date_gmt":"2022-04-28T14:59:20","guid":{"rendered":"https:\/\/universitopstg.wpengine.com\/online-associates\/"},"modified":"2025-08-18T13:18:21","modified_gmt":"2025-08-18T13:18:21","slug":"online-associates","status":"publish","type":"page","link":"https:\/\/www.uopeople.edu\/de\/programs\/online-associates\/","title":{"rendered":"Associate&#8217;s Degree"},"content":{"rendered":"\n<h1><span class=\"ez-toc-section\" id=\"Associates_Degree\"><\/span>\n\t\t\tAssociate&#8217;s Degree\t<span class=\"ez-toc-section-end\"><\/span><\/h1>\n\t<p>Erwerben Sie grundlegende F\u00e4higkeiten, die Arbeitgeber suchen, um sich auf einem wettbewerbsorientierten Arbeitsmarkt erfolgreich zu positionieren.<\/p>\n\t\t\t<a href=\"https:\/\/apply.uopeople.edu\/\" target=\"_blank\" rel=\"noopener\">\n\t\t\t\t\t\t\tJetzt bewerben\n\t\t\t\t\t<\/a>\n\t\t\t\t<img decoding=\"async\" src=\"https:\/\/www.uopeople.edu\/wp-content\/uploads\/2022\/07\/shemresized.jpg\" alt=\"Shem S. Business Administration Philippines\" itemprop=\"image\" height=\"1150\" width=\"1092\" title=\"shem(resized)\" onerror=\"this.style.display='none'\" loading=\"lazy\" \/>\n\t<p><strong>Shem S.<\/strong><\/p>\n<p>Betriebswirtschaftslehre<\/p>\n<p>Philippinen<\/p>\n<h2><span class=\"ez-toc-section\" id=\"Betriebswirtschaft\"><\/span>\n\t\t\tBetriebswirtschaft\t<span class=\"ez-toc-section-end\"><\/span><\/h2>\n\t<p>Unser Online-Studiengang \u201eAssociate of Science&#8220; umfasst 20 Kurse und vermittelt ein umfassendes Verst\u00e4ndnis der Branchenprinzipien und ihrer Anwendung in der Praxis. Vollzeitstudierende k\u00f6nnen das Programm in zwei Jahren abschlie\u00dfen. <\/p>\n\t\t\t Leitung von gemeinschaftlichen Projekten mit Hilfe von grundlegenden Teambuilding-F\u00e4higkeiten\t\t\n\t\t\t Gewinnen eines breiten Verst\u00e4ndnisses f\u00fcr die verschiedenen Gesch\u00e4ftsbereiche\t\t\n\t\t\t Nutzung von Daten, um Unternehmensprobleme zu analysieren und L\u00f6sungen zu finden\t\t\n\t\t\t<a href=\"https:\/\/www.uopeople.edu\/de\/programs\/online-associates\/business-administration\/\" target=\"_self\">\n\t\t\t\t\t\t\tMehr erfahren\n\t\t\t\t\t<\/a>\n<h2><span class=\"ez-toc-section\" id=\"Informatik\"><\/span>\n\t\t\tInformatik\t<span class=\"ez-toc-section-end\"><\/span><\/h2>\n\t<p>Unser Online-Studiengang \u201eAssociate of Computer Science&#8220; umfasst 20 Kurse und vermittelt umfassende Kenntnisse der Branchenprinzipien und deren Anwendung in der Praxis. Vollzeitstudierende k\u00f6nnen das Programm in zwei Jahren abschlie\u00dfen. <\/p>\n\t\t\t Erstellung von konzeptionellen Modellen von Computer-Hardware\t\t\n\t\t\t Entwicklung vertiefter Grundkenntnisse der Informatik\t\t\n\t\t\t Identifizierung von komplexen Problemen und Entwickung von innovativen L\u00f6sungen\t\t\n\t\t\t<a href=\"https:\/\/www.uopeople.edu\/de\/programs\/online-associates\/computer-science\/\" target=\"_self\">\n\t\t\t\t\t\t\tMehr erfahren\n\t\t\t\t\t<\/a>\n\t\t\t\t<img decoding=\"async\" src=\"https:\/\/www.uopeople.edu\/wp-content\/uploads\/2022\/07\/Yahaya2.jpg\" alt=\"Yahaya2\" itemprop=\"image\" height=\"1150\" width=\"1092\" title=\"Yahaya2\" onerror=\"this.style.display='none'\" loading=\"lazy\" \/>\n\t<p><strong>Yahaya K.<\/strong><\/p>\n<p>Computerwissenschaften<\/p>\n<p>Nigeria<\/p>\n\t\t\t\t<img decoding=\"async\" src=\"https:\/\/www.uopeople.edu\/wp-content\/uploads\/2023\/04\/maame.webp\" alt=\"Maame S.\" itemprop=\"image\" height=\"1150\" width=\"1092\" title=\"Maame S.\" onerror=\"this.style.display='none'\" loading=\"lazy\" \/>\n\t<p><strong>Maame S.<\/strong><\/p>\n<p>Gesundheitswissenschaften<\/p>\n<p>Vereinigte Staaten<\/p>\n<h2><span class=\"ez-toc-section\" id=\"Gesundheitswissenschaft\"><\/span>\n\t\t\tGesundheitswissenschaft\t<span class=\"ez-toc-section-end\"><\/span><\/h2>\n\t<p>Unser Associate of Science in Health Science ist ein Studiengang mit 19 Kursen, der ein umfassendes Verst\u00e4ndnis der Prinzipien und Standards der Gesundheitsbranche vermittelt. Vollzeitstudenten k\u00f6nnen das Programm in zwei Jahren abschlie\u00dfen. <\/p>\n\t\t\t Interpretieren von Informationen und Daten zum Thema globale Gesundheit\t\t\n\t\t\t Gewinnung eines ganzheitlichen Blicks auf die Bereiche Gesundheit, geistige Gesundheit und Psychologie\t\t\n\t\t\t Erkundung der Zusammenh\u00e4nge zwischen Gesellschaft und Wohlbefinden\t\t\n\t\t\t<a href=\"https:\/\/www.uopeople.edu\/de\/programs\/online-associates\/health-science\/\" target=\"_self\">\n\t\t\t\t\t\t\tMehr erfahren\n\t\t\t\t\t<\/a>\n                    <h3>H\u00e4ufig gestellte Fragen von Studierenden<\/h3>\n                    Fragen zu unseren akademischen Studienprogrammen bei UoPeople\n                    <a href=\"https:\/\/www.uopeople.edu\/faq\/\" target=\"_self\">Alle FAQs anzeigen<\/a>\n                <!--accordion start -->\n                            <a data-toggle=\"collapse\" data-parent=\"#FaqsWithoutFilters-accordionID\" href=\"#xcollapse0\" aria-expanded=\"false\" aria-controls=\"xcollapse0\">\n                                            <h4>Nimmt UoPeople internationale Studenten auf?<\/h4>\n                            <\/a>\n                                \n<p>Unbedingt! UoPeople hat Studenten aus \u00fcber 200 L\u00e4ndern und Territorien. <\/p>\n\n                            <a data-toggle=\"collapse\" data-parent=\"#FaqsWithoutFilters-accordionID\" href=\"#xcollapse1\" aria-expanded=\"false\" aria-controls=\"xcollapse1\">\n                                            <h4>Ist die University of the People akkreditiert?<\/h4>\n                            <\/a>\n                                \n<p>Die University of the People ist von der WASC Senior College and University Commission (WSCUC) und der Distance Education Accrediting Commission (DEAC) akkreditiert.  <\/p>\n\n                            <a data-toggle=\"collapse\" data-parent=\"#FaqsWithoutFilters-accordionID\" href=\"#xcollapse2\" aria-expanded=\"false\" aria-controls=\"xcollapse2\">\n                                            <h4>Bekomme ich die akademische Unterst\u00fctzung, die ich brauche?<\/h4>\n                            <\/a>\n                                \n<p>Auf jeden Fall! Die Klassen an der UoPeople sind klein, und hochqualifizierte Dozenten stehen den Studierenden bei Fragen zur Seite und bieten Unterst\u00fctzung. Dar\u00fcber hinaus wird jeder Student zu Beginn seines Studiums einem pers\u00f6nlichen Programmberater zugeteilt, der ihn bis zum Abschluss seines Studiums begleitet. Die Programmberater fungieren w\u00e4hrend des gesamten Studiums als pers\u00f6nliches Unterst\u00fctzungssystem f\u00fcr die Studierenden. Der Programmberater beantwortet alle Fragen der Studierenden, gibt akademische Ratschl\u00e4ge, bespricht die Kurswahl und ermutigt die Studierenden w\u00e4hrend ihres gesamten Studiums.    <\/p>\n\n                            <a data-toggle=\"collapse\" data-parent=\"#FaqsWithoutFilters-accordionID\" href=\"#xcollapse3\" aria-expanded=\"false\" aria-controls=\"xcollapse3\">\n                                            <h4>Was ist asynchrones Lernen?<\/h4>\n                            <\/a>\n                                \n<p>Asynchrones Lernen erm\u00f6glicht es Ihnen, nach Ihrem eigenen Zeitplan zu lernen. \u00dcber den UoPeople Online Campus haben Sie Zugang zu Aufgaben, Vorlesungen und anderen Lernmaterialien. Bei UoPeople gibt es keine Live-Vorlesungen oder feste Unterrichtszeiten.    <\/p>\n\n                <!--accordion end -->\n<h2><span class=\"ez-toc-section\" id=\"Bauen_Sie_eine_bessere_Zukunft_fuer_sich_und_Ihre_Familie_auf\"><\/span>\n\t\t\tBauen Sie eine bessere Zukunft f\u00fcr sich und Ihre Familie auf.\t<span class=\"ez-toc-section-end\"><\/span><\/h2>\n\t\t\t<a href=\"https:\/\/apply.uopeople.edu\/\" target=\"_blank\" rel=\"noopener\">\n\t\t\t\t\t\t\tJetzt bewerben\n\t\t\t\t\t<\/a>\n\n","protected":false},"excerpt":{"rendered":"<p>Associate&#8217;s Degree Erwerben Sie grundlegende F\u00e4higkeiten, die Arbeitgeber suchen, um sich auf einem wettbewerbsorientierten Arbeitsmarkt erfolgreich zu positionieren. Jetzt bewerben Shem S. Betriebswirtschaftslehre Philippinen Betriebswirtschaft Unser Online-Studiengang \u201eAssociate of Science&#8220; umfasst 20 Kurse und vermittelt ein umfassendes Verst\u00e4ndnis der Branchenprinzipien und ihrer Anwendung in der Praxis. Vollzeitstudierende k\u00f6nnen das Programm in zwei Jahren abschlie\u00dfen. Leitung&hellip;<\/p>\n","protected":false},"author":15,"featured_media":0,"parent":38476,"menu_order":0,"comment_status":"closed","ping_status":"closed","template":"","meta":{"_acf_changed":false,"inline_featured_image":false,"footnotes":""},"class_list":["post-38073","page","type-page","status-publish","hentry"],"acf":[],"_links":{"self":[{"href":"https:\/\/www.uopeople.edu\/de\/wp-json\/wp\/v2\/pages\/38073","targetHints":{"allow":["GET"]}}],"collection":[{"href":"https:\/\/www.uopeople.edu\/de\/wp-json\/wp\/v2\/pages"}],"about":[{"href":"https:\/\/www.uopeople.edu\/de\/wp-json\/wp\/v2\/types\/page"}],"author":[{"embeddable":true,"href":"https:\/\/www.uopeople.edu\/de\/wp-json\/wp\/v2\/users\/15"}],"replies":[{"embeddable":true,"href":"https:\/\/www.uopeople.edu\/de\/wp-json\/wp\/v2\/comments?post=38073"}],"version-history":[{"count":0,"href":"https:\/\/www.uopeople.edu\/de\/wp-json\/wp\/v2\/pages\/38073\/revisions"}],"up":[{"embeddable":true,"href":"https:\/\/www.uopeople.edu\/de\/wp-json\/wp\/v2\/pages\/38476"}],"wp:attachment":[{"href":"https:\/\/www.uopeople.edu\/de\/wp-json\/wp\/v2\/media?parent=38073"}],"curies":[{"name":"wp","href":"https:\/\/api.w.org\/{rel}","templated":true}]}}