{"id":38025,"date":"2022-04-28T16:21:04","date_gmt":"2022-04-28T16:21:04","guid":{"rendered":"https:\/\/universitopstg.wpengine.com\/online-bachelors\/business-administration\/"},"modified":"2026-04-06T07:20:39","modified_gmt":"2026-04-06T07:20:39","slug":"business-administration","status":"publish","type":"page","link":"https:\/\/www.uopeople.edu\/de\/programs\/online-bachelors\/business-administration\/","title":{"rendered":"Betriebswirtschaftslehre (Bachelor)"},"content":{"rendered":"\n<h1><span class=\"ez-toc-section\" id=\"Bachelor_of_Science_in_Betriebswirtschaftslehre_BSBA_Online-Studiengang\"><\/span>\n\t\t\tBachelor of Science in Betriebswirtschaftslehre (BSBA) Online-Studiengang\t<span class=\"ez-toc-section-end\"><\/span><\/h1>\n\t<p>Erwerben Sie gefragte F\u00e4higkeiten, mit denen Sie reale Gesch\u00e4ftsprobleme l\u00f6sen und Teams mit Selbstvertrauen f\u00fchren k\u00f6nnen. Dieser Abschluss ist die perfekte Grundlage, um ein Masterstudium aufzunehmen oder Ihre aktuelle Karriere voranzubringen.  <\/p>\n\t\t\t<a href=\"https:\/\/apply.uopeople.edu\/\" target=\"_blank\" rel=\"noopener\">\n\t\t\t\t\t\t\tJetzt bewerben\n\t\t\t\t\t<\/a>\n\t\t\t Keine Live-Vorlesungen  \t\t\n\t\t\t 120 Leistungspunkte (Credits) \t\t\n\t\t\t Weniger als zweieinhalb Jahre\t\t\n\t\t\t Bezahlen Sie nach Bedarf ($160 pro Kursbewertung) \t\t\n\t<h2><span class=\"ez-toc-section\" id=\"Uebersicht\"><\/span>\n\t\t\t\u00dcbersicht\t<span class=\"ez-toc-section-end\"><\/span><\/h2>\n\t<p>Erforschen Sie zentrale betriebswirtschaftliche Konzepte und bereiten Sie sich mit einem Bachelor of Science in Betriebswirtschaft auf Ihre berufliche Zukunft vor. Vertiefen Sie sich in die Fachrichtungen Rechnungswesen, Management, Marketing, Wirtschaft und Finanzen. Dieser Abschluss ist die solide Grundlage, die Sie f\u00fcr Ihre Karriere oder ein weiterf\u00fchrendes Studium ben\u00f6tigen.   <\/p>\n<h2><span class=\"ez-toc-section\" id=\"Was_Sie_im_Online_BSBA-Programm_lernen_werden\"><\/span>\n\t\t\tWas Sie im Online BSBA-Programm lernen werden\t<span class=\"ez-toc-section-end\"><\/span><\/h2>\n\t<p>Erwerben Sie wertvolle F\u00e4higkeiten, um Ihre Karriere voranzutreiben:  <\/p>\n\t\t\t Gesch\u00e4ftsprobleme und -chancen analysieren\t\t\n\t\t\t Kernfunktionen eines Unternehmens verstehen \t\t\n\t\t\t Gesch\u00e4ftliche Entscheidungen und Theorien umsetzen \t\t\n\t\t\t F\u00fchrungs- und Managementf\u00e4higkeiten entwickeln  \t\t\n\t<h2><span class=\"ez-toc-section\" id=\"Zulassungsbedingungen\"><\/span>\n\t\t\tZulassungsbedingungen\t<span class=\"ez-toc-section-end\"><\/span><\/h2>\n\t<p>Jede Person, die einen Schulabschluss hat, \u00fcber Englischkenntnisse verf\u00fcgt und mindestens 16 Jahre alt ist, kann online bei UoPeople studieren.<\/p>\n        <form data-css-form=\"filter\" data-js-form=\"filter1\">\n                <input type=\"hidden\" name=\"perpage\" id=\"perpage\" value=\"6\"\/>\n                <input type=\"hidden\" name=\"no_results_text\" id=\"no_results_text\" value=\"Sorry, no posts match the search criteria.\"\/>\n                <input type=\"hidden\" name=\"post_type_input\" id=\"post_type_input\" value=\"course\"\/>\n                <input type=\"hidden\" name=\"taxonomy\" id=\"taxonomy\" value=\"course_type\"\/>\n                <input type=\"hidden\" name=\"orderby\" id=\"orderby\" value=\"post__in\"\/>\n                <input type=\"hidden\" name=\"order\" id=\"order\" value=\"ASC\"\/>\n                <input type=\"hidden\" name=\"postin\" id=\"postin\" value=\"12607,10182,10190,10183,12554,12555,12556,12557,12559,12560,12561,12567,12571,12573,12574,12582,12585,12586,12587,12592,12593,12595,12597,12600,12601,12603,25874\"\/>\n                    <select id=\"ResourcesGridFeed-menu\" name=\"id\" aria-labelledby=\"drop4\"> \n                                                    <option name_to_show=\"Erforderliche Hauptkurse\" id=\"erforderliche-hauptkurse\"  value=\"549\">Erforderliche Hauptkurse<\/option>\n                                                    <option name_to_show=\"Allgemeine Bildungsanforderungen\" id=\"allgemeine-bildungsanforderungen\"  value=\"575\">Allgemeine Bildungsanforderungen<\/option>\n                                            <\/select>\n                <fieldset data-css-form=\"group right\">\n                        <button data-css-button=\"button red\">Filter<\/button>\n                        <input type=\"hidden\" name=\"action\" value=\"filter_courses_feed\"\/>\n                <\/fieldset>\n        <\/form>  \n                <h4> Lehrplan \/ Kurse<\/h4>\n                        <p>Der Lehrplan f\u00fcr den Bachelorstudiengang in Betriebswirtschaftslehre wurde gezielt entwickelt, um das betriebswirtschaftliche Wissen der Studierenden zu vertiefen und eine ideale Grundlage f\u00fcr weiterf\u00fchrende Studieng\u00e4nge zu schaffen. Studierende lernen, Gesch\u00e4ftsprobleme zu analysieren und praxisnahe L\u00f6sungen zu entwickeln, zentrale Unternehmensfunktionen zu verstehen und wichtige Entscheidungen umzusetzen.<br \/>Unser Curriculum basiert auf einer starken Praxisorientierung und wurde von f\u00fchrenden akademischen Expert:innen konzipiert, um den Studienerfolg zu f\u00f6rdern.<\/p><ul><li>24 Credits in Allgemeinbildung<\/li><li>60 Kernbereichs-Credits<\/li><li>36 Wahlpflicht-Credits<\/li><\/ul>\n            <a href=\"https:\/\/catalog.uopeople.edu\/ug_term1_item\/business-administration\/courses-in-business-administration\" target=\"_blank\" rel=\"noopener\"> Alle Kurse anzeigen<\/a>\n            <a href=\"https:\/\/apply.uopeople.edu\/\" target=\"_blank\" rel=\"noopener\">Jetzt bewerben<\/a>\n                Hinweis: Die Anforderungen im Bereich Allgemeinbildung k\u00f6nnen durch beliebige Kurse erf\u00fcllt werden, die eng mit dem jeweiligen Fachgebiet verbunden sind. Die 36 Credits im Wahlbereich k\u00f6nnen durch eine Kombination von Kursen aus verschiedenen Disziplinen erbracht werden.\n<h2><span class=\"ez-toc-section\" id=\"Karrieren_nach_dem_Bachelor-Abschluss_in_Betriebswirtschaftslehre\"><\/span>\n\t\t\tKarrieren nach dem Bachelor-Abschluss in Betriebswirtschaftslehre\t<span class=\"ez-toc-section-end\"><\/span><\/h2>\n\t<p>Wohin f\u00fchrt Sie ein Bachelor of Science in Betriebswirtschaft? Dieser Abschluss bereitet Sie auf Berufe vor wie: <\/p>\n\t\t\t Administrative\/r Leiter\/in \t\t\n\t\t\t Betriebsleiter\/in \t\t\n\t\t\t Senior Marketing Manager\/in\t\t\n\t\t\t Unternehmensanalyst\/in \t\t\n\t<p>Studenten bei UoPeople sind nie auf sich allein gestellt &#8211; unser Career Service Center bietet Ihnen Feedback zu Ihrem Lebenslauf, Tipps zum Networking, Interviewtechniken und vieles mehr.<\/p>\n<h2><span class=\"ez-toc-section\" id=\"Kosten_des_Bachelor-Abschlusses_in_Betriebswirtschaftslehre\"><\/span>\n\t\t\tKosten des Bachelor-Abschlusses in Betriebswirtschaftslehre\t<span class=\"ez-toc-section-end\"><\/span><\/h2>\n\tDie UoPeople erhebt keine Studiengeb\u00fchren sowie keine Kosten f\u00fcr B\u00fccher oder den Campus. Wir berechnen lediglich eine Anmeldegeb\u00fchr von 60 $ sowie eine Pr\u00fcfungsgeb\u00fchr von 160 $ pro Kurs. Dies ist eine enorme Ersparnis im Vergleich zu \u00f6ffentlichen Universit\u00e4ten in den USA, die f\u00fcr einen Bachelor-Abschluss durchschnittlich 22.389 $ verlangen. W\u00e4hrend Ihres Studiums an der UoPeople k\u00f6nnen Sie mit Gesamtkosten von 6.460 $ rechnen &#8211; weniger, wenn Sie bereits Credits zum Anrechnen haben! Unser Ziel ist es, jedem ein Studium zu erm\u00f6glichen. Sollten Sie sich diese Geb\u00fchren nicht leisten k\u00f6nnen, stehen m\u00f6glicherweise Stipendien und F\u00f6rdermittel zur Verf\u00fcgung.<br \/>\n\n    <h2><span class=\"ez-toc-section\" id=\"Flexibilitaet\"><\/span> Flexibilit\u00e4t<span class=\"ez-toc-section-end\"><\/span><\/h2>\n     Mehr als die H\u00e4lfte unserer Studierenden studieren erfolgreich, w\u00e4hrend sie arbeiten, eine Familie erziehen oder beides tun. UoPeople ist stolz darauf, die weltweit flexibelste Option zu sein, um einen hochwertigen, akkreditierten und 100 % Online-Abschluss zu erwerben. Erfahren Sie mehr dar\u00fcber, wie unsere Programme speziell auf Ihre Bed\u00fcrfnisse zugeschnitten sind:\n                                                                          <img decoding=\"async\" width=\"80\" height=\"60\" src=\"https:\/\/www.uopeople.edu\/wp-content\/uploads\/2022\/06\/noun-schedule-1464727.svg\"\/>\n                                             Asynchrones Lernen\n                       Bei UoPeople gibt es keine Live-Vorlesungen und keine festen Kurszeiten. Stattdessen genie\u00dfen Sie die Freiheit des flexiblen Online-Lernens und studieren nach Ihrem eigenen Zeitplan. Erledigen Sie Ihre Aufgaben w\u00e4hrend des Pendelns, in der Mittagspause oder nachdem die Kinder im Bett sind. Solange Sie Ihre Kursarbeiten bis zum Ende jeder Woche abschlie\u00dfen, bleiben Sie im Plan f\u00fcr Ihren Abschluss.\n                                                                          <img decoding=\"async\" width=\"80\" height=\"60\" src=\"https:\/\/www.uopeople.edu\/wp-content\/uploads\/2022\/06\/noun-wifi-1510573.svg\"\/>\n                                             Zug\u00e4ngliche Technologie\n                       Alles, was Sie zum Studieren bei UoPeople ben\u00f6tigen, ist eine stabile Internetverbindung &#8211; egal ob auf einem Desktop, Laptop oder sogar Ihrem Handy. Die Kurse erfordern nie gro\u00dfe Videodateien, und der UoPeople Online-Campus ist mit den meisten Browsern kompatibel. Studierende erhalten sogar ein kostenloses Abonnement f\u00fcr Office 365, einschlie\u00dflich Microsoft Office.\n                                                                          <img decoding=\"async\" width=\"80\" height=\"60\" src=\"https:\/\/www.uopeople.edu\/wp-content\/uploads\/2022\/06\/noun-transfer-4652684.svg\"\/>\n                                            Anerkennung von Studienleistungen\n                      Sie haben Credits von einer anderen anerkannten Universit\u00e4t? Gro\u00dfartig! Studierende im Masterstudium k\u00f6nnen bis zu 50\u202f% ihrer gesamten Credits auf UoPeople \u00fcbertragen. Die Bewertung der Transfer-Credits ist kostenlos, und bei Anerkennung f\u00e4llt lediglich eine geringe Geb\u00fchr von 17\u202f$ pro \u00fcbertragenem Kurs an.\n            <!-- row -->\n    <!-- CardsModule-rowParentOverflow -->\n                    <h3>H\u00e4ufig gestellte Fragen von Studierenden<\/h3>\n                    Fragen zu unseren akademischen Studienprogrammen bei UoPeople\n                    <a href=\"https:\/\/www.uopeople.edu\/faq\/\" target=\"_self\">Alle FAQs anzeigen<\/a>\n                <!--accordion start -->\n                            <a data-toggle=\"collapse\" data-parent=\"#FaqsWithoutFilters-accordionID\" href=\"#xcollapse0\" aria-expanded=\"false\" aria-controls=\"xcollapse0\">\n                                            <h4>Was ist ein Bachelor of Science in Business Administration?<\/h4>\n                            <\/a>\n                                \n<p>Ein Bachelor of Science in Business Administration von UoPeople stattet Sie mit wesentlichen F\u00e4higkeiten aus, um Gesch\u00e4ftsprobleme zu l\u00f6sen und Teams souver\u00e4n zu f\u00fchren. Dieser Abschluss bildet eine solide Grundlage f\u00fcr die Aufnahme<s> eines<\/s>Masterstudiums oder\/und das Vorantreiben Ihrer Karriere in verschiedenen Gesch\u00e4ftsbereichen.   <\/p>\n\n                            <a data-toggle=\"collapse\" data-parent=\"#FaqsWithoutFilters-accordionID\" href=\"#xcollapse1\" aria-expanded=\"false\" aria-controls=\"xcollapse1\">\n                                            <h4>Wie lange dauert es, einen Bachelor of Science in Business Administration zu erwerben?<\/h4>\n                            <\/a>\n                                \n<p>Der Bachelor of Science in Business Administration erfordert 120 Credits und kann in weniger als zweieinhalb Jahren, also in etwa 30 Monaten, abgeschlossen werden.<\/p>\n\n                            <a data-toggle=\"collapse\" data-parent=\"#FaqsWithoutFilters-accordionID\" href=\"#xcollapse2\" aria-expanded=\"false\" aria-controls=\"xcollapse2\">\n                                            <h4>Was sind die Zulassungsvoraussetzungen f\u00fcr das Bachelor of Science-Programm?<\/h4>\n                            <\/a>\n                                \n<p>Sie m\u00fcssen mindestens 16 Jahre alt sein, die englische Sprache beherrschen, einen Schulabschluss oder einen gleichwertigen Abschluss haben und die UoPeople-Grundlagenkurse absolviert haben.<\/p>\n\n                            <a data-toggle=\"collapse\" data-parent=\"#FaqsWithoutFilters-accordionID\" href=\"#xcollapse3\" aria-expanded=\"false\" aria-controls=\"xcollapse3\">\n                                            <h4>Welche Berufe kann man mit einem Bachelor of Science in Business Administration ergreifen?<\/h4>\n                            <\/a>\n                                \n<p>Bachelor of Science in Business Administration <s>gAbsolventen<\/s>k\u00f6nnen u. a. <a href=\"https:\/\/www.uopeople.edu\/blog\/is-business-administration-good-major\/\" target=\"_blank\" rel=\"noreferrer noopener\">Positionen<\/a> als Verwaltungsleiter, <a href=\"https:\/\/www.uopeople.edu\/blog\/operations-manager-job-description\/\" target=\"_blank\" rel=\"noreferrer noopener\">Betriebsleiter<\/a>, <a href=\"https:\/\/www.uopeople.edu\/blog\/what-is-marketing-management\/\" target=\"_blank\" rel=\"noreferrer noopener\">Senior Marketing Manager<\/a> und Managementanalysten einnehmen. Einige UoPeople-Absolventen haben erfolgreich Positionen bei f\u00fchrenden globalen Unternehmen wie Amazon, IBM, Microsoft, Deloitte, AT&amp;T, Dell usw. gefunden.   <\/p>\n\n                            <a data-toggle=\"collapse\" data-parent=\"#FaqsWithoutFilters-accordionID\" href=\"#xcollapse4\" aria-expanded=\"false\" aria-controls=\"xcollapse4\">\n                                            <h4>Wie viel kostet ein Bachelor of Science in Business Administration bei UoPeople?<\/h4>\n                            <\/a>\n                                \n<p>Das einzigartige, <a href=\"https:\/\/www.uopeople.edu\/tuition-free\/\" target=\"_blank\" rel=\"noreferrer noopener\">geb\u00fchrenfreie<\/a> Modell von UoPeople macht es m\u00f6glich, einen hochwertigen amerikanischen Abschluss f\u00fcr nur 60 $ zu erwerben und ohne finanzielle Verpflichtungen zu zahlen. Die Gesamtkosten f\u00fcr einen Bachelor-Abschluss belaufen sich auf etwa 5.660 $ f\u00fcr das 120-Kreditpunkte-Programm, was etwa 47 $ pro Kredit entspricht. <\/p>\n\n                            <a data-toggle=\"collapse\" data-parent=\"#FaqsWithoutFilters-accordionID\" href=\"#xcollapse5\" aria-expanded=\"false\" aria-controls=\"xcollapse5\">\n                                            <h4>Kann ich Credits auf den Bachelor of Science in Business Administration bei UoPeople \u00fcbertragen?<\/h4>\n                            <\/a>\n                                \n<p>Ja. Studierende, die einen Bachelor-Abschluss anstreben, k\u00f6nnen bis zu 90 Credits (das entspricht 75 % der Studienanforderungen) von einer anderen akkreditierten Einrichtung auf ihren UoPeople-Abschluss <a href=\"https:\/\/www.uopeople.edu\/become-student\/admissions\/transferring-credits\/\" target=\"_blank\" rel=\"noreferrer noopener\">\u00fcbertragen<\/a>.   <\/p>\n\n                <!--accordion end -->\n<h2><span class=\"ez-toc-section\" id=\"Bauen_Sie_eine_bessere_Zukunft_fuer_sich_und_Ihre_Familie_auf\"><\/span>\n\t\t\tBauen Sie eine bessere Zukunft f\u00fcr sich und Ihre Familie auf.\t<span class=\"ez-toc-section-end\"><\/span><\/h2>\n\t\t\t<a href=\"https:\/\/apply.uopeople.edu\/\" target=\"_blank\" rel=\"noopener\">\n\t\t\t\t\t\t\tJetzt bewerben\n\t\t\t\t\t<\/a>\n\n","protected":false},"excerpt":{"rendered":"<p>Bachelor of Science in Betriebswirtschaftslehre (BSBA) Online-Studiengang Erwerben Sie gefragte F\u00e4higkeiten, mit denen Sie reale Gesch\u00e4ftsprobleme l\u00f6sen und Teams mit Selbstvertrauen f\u00fchren k\u00f6nnen. Dieser Abschluss ist die perfekte Grundlage, um ein Masterstudium aufzunehmen oder Ihre aktuelle Karriere voranzubringen. Jetzt bewerben Keine Live-Vorlesungen 120 Leistungspunkte (Credits) Weniger als zweieinhalb Jahre Bezahlen Sie nach Bedarf ($160 pro&hellip;<\/p>\n","protected":false},"author":15,"featured_media":0,"parent":38006,"menu_order":0,"comment_status":"closed","ping_status":"closed","template":"","meta":{"_acf_changed":true,"inline_featured_image":false,"footnotes":""},"class_list":["post-38025","page","type-page","status-publish","hentry"],"acf":[],"_links":{"self":[{"href":"https:\/\/www.uopeople.edu\/de\/wp-json\/wp\/v2\/pages\/38025","targetHints":{"allow":["GET"]}}],"collection":[{"href":"https:\/\/www.uopeople.edu\/de\/wp-json\/wp\/v2\/pages"}],"about":[{"href":"https:\/\/www.uopeople.edu\/de\/wp-json\/wp\/v2\/types\/page"}],"author":[{"embeddable":true,"href":"https:\/\/www.uopeople.edu\/de\/wp-json\/wp\/v2\/users\/15"}],"replies":[{"embeddable":true,"href":"https:\/\/www.uopeople.edu\/de\/wp-json\/wp\/v2\/comments?post=38025"}],"version-history":[{"count":0,"href":"https:\/\/www.uopeople.edu\/de\/wp-json\/wp\/v2\/pages\/38025\/revisions"}],"up":[{"embeddable":true,"href":"https:\/\/www.uopeople.edu\/de\/wp-json\/wp\/v2\/pages\/38006"}],"wp:attachment":[{"href":"https:\/\/www.uopeople.edu\/de\/wp-json\/wp\/v2\/media?parent=38025"}],"curies":[{"name":"wp","href":"https:\/\/api.w.org\/{rel}","templated":true}]}}