{"id":38013,"date":"2022-04-28T16:22:32","date_gmt":"2022-04-28T16:22:32","guid":{"rendered":"https:\/\/universitopstg.wpengine.com\/computer-science\/"},"modified":"2026-04-06T07:23:38","modified_gmt":"2026-04-06T07:23:38","slug":"computer-science","status":"publish","type":"page","link":"https:\/\/www.uopeople.edu\/de\/programs\/online-bachelors\/computer-science\/","title":{"rendered":"Informatik (Bachelor)"},"content":{"rendered":"\n<h1><span class=\"ez-toc-section\" id=\"Bachelor_of_Science_in_Informatik_BCS_Online-Studiengang\"><\/span>\n\t\t\tBachelor of Science in Informatik (BCS) Online-Studiengang\t<span class=\"ez-toc-section-end\"><\/span><\/h1>\n\t<p>Erwerben Sie gefragte F\u00e4higkeiten, um in einem der weltweit am schnellsten wachsenden Bereiche Fu\u00df zu fassen. Lernen Sie das Neueste in den Bereichen Programmierung, Softwareentwicklung und Computertechnologie. Ob Sie in der Tech-Branche durchstarten oder die Grundlage f\u00fcr ein weiterf\u00fchrendes Studium legen m\u00f6chten: Mit einem Bachelor of Science in Informatik von UoPeople ist beides m\u00f6glich.  <\/p>\n\t\t\t<a href=\"https:\/\/apply.uopeople.edu\/\" target=\"_blank\" rel=\"noopener\">\n\t\t\t\t\t\t\tJetzt bewerben\n\t\t\t\t\t<\/a>\n\t\t\t Keine Live-Vorlesungen  \t\t\n\t\t\t 40 Kurse\t\t\n\t\t\t Weniger als zweieinhalb Jahre\t\t\n\t\t\t Bezahlen Sie nach Bedarf ($160 pro Kursbewertung) \t\t\n\t<h2><span class=\"ez-toc-section\" id=\"Uebersicht\"><\/span>\n\t\t\t\u00dcbersicht\t<span class=\"ez-toc-section-end\"><\/span><\/h2>\n\t<p>Erweitern Sie Ihr Wissen \u00fcber innovative Software, Programmierung und Technologie &#8211; und verschaffen Sie sich damit einen entscheidenden Vorteil in einer stark gefragten Branche. Werden Sie sicher im Umgang mit aktuellen Programmiersprachen wie Java und Python, lernen Sie Datenbankmanagement kennen und tauchen Sie ein in moderne Konzepte wie K\u00fcnstliche Intelligenz und Machine Learning. Dieser Studiengang ist ideal f\u00fcr Berufst\u00e4tige, die sich eine fundierte Grundlage in Informatik aufbauen oder sp\u00e4ter ein weiterf\u00fchrendes Studium anstreben m\u00f6chten.   <\/p>\n<h2><span class=\"ez-toc-section\" id=\"Was_Sie_im_Online_BCS-Programm_lernen_werden\"><\/span>\n\t\t\tWas Sie im Online BCS-Programm lernen werden\t<span class=\"ez-toc-section-end\"><\/span><\/h2>\n\t<p>Bringen Sie Ihre Karriere mit einem wertvollen Kompetenzpaket auf das n\u00e4chste Level: <\/p>\n\t\t\t F\u00e4higkeiten anwenden, um neue Programmierl\u00f6sungen zu debuggen, zu entwickeln und zu testen \t\t\n\t\t\t Designprojekte vom Konzept bis zur Umsetzung managen \t\t\n\t\t\t Mathematische Methoden zur Probleml\u00f6sung einsetzen \t\t\n\t\t\t Kritisches Denken \u00fcber das Klassenzimmer hinaus f\u00f6rdern \t\t\n\t<h2><span class=\"ez-toc-section\" id=\"Zulassungsbedingungen\"><\/span>\n\t\t\tZulassungsbedingungen\t<span class=\"ez-toc-section-end\"><\/span><\/h2>\n\t<p>Alle Personen mit einem Schulabschluss und einem Mindestalter von 16 Jahren k\u00f6nnen online bei UoPeople studieren. <\/p>\n        <form data-css-form=\"filter\" data-js-form=\"filter1\">\n                <input type=\"hidden\" name=\"perpage\" id=\"perpage\" value=\"6\"\/>\n                <input type=\"hidden\" name=\"no_results_text\" id=\"no_results_text\" value=\"Sorry, no posts match the search criteria.\"\/>\n                <input type=\"hidden\" name=\"post_type_input\" id=\"post_type_input\" value=\"course\"\/>\n                <input type=\"hidden\" name=\"taxonomy\" id=\"taxonomy\" value=\"course_type\"\/>\n                <input type=\"hidden\" name=\"orderby\" id=\"orderby\" value=\"post__in\"\/>\n                <input type=\"hidden\" name=\"order\" id=\"order\" value=\"ASC\"\/>\n                <input type=\"hidden\" name=\"postin\" id=\"postin\" value=\"12607,10182,10190,10183,25875,12637,12638,12639,36710,12641,12642,12643,12644,12645,12646,12647,12648,12649,12650,12651,12652,12653,12592,12593,12595,12597,12600,12601,12603\"\/>\n                    <select id=\"ResourcesGridFeed-menu\" name=\"id\" aria-labelledby=\"drop4\"> \n                                                    <option name_to_show=\"Erforderliche Hauptkurse\" id=\"erforderliche-hauptkurse\"  value=\"549\">Erforderliche Hauptkurse<\/option>\n                                                    <option name_to_show=\"Allgemeine Bildungsanforderungen\" id=\"allgemeine-bildungsanforderungen\"  value=\"575\">Allgemeine Bildungsanforderungen<\/option>\n                                            <\/select>\n                <fieldset data-css-form=\"group right\">\n                        <button data-css-button=\"button red\">Filter<\/button>\n                        <input type=\"hidden\" name=\"action\" value=\"filter_courses_feed\"\/>\n                <\/fieldset>\n        <\/form>  \n                <h4> Lehrplan \/ Kurse<\/h4>\n                        <p>Der Lehrplan f\u00fcr den Bachelorstudiengang in Informatik wurde entwickelt, um den Studierenden fundiertes Wissen im Bereich Informatik und technische F\u00e4higkeiten zu vermitteln. Dabei vertiefen sie sich unter anderem in Datenbankmanagement, Systemdesign und Programmiersprachen.<\/p><ul><li>19 Allgemeinbildungskurse<\/li><li>21 Hauptfachkurse<\/li><\/ul>\n            <a href=\"https:\/\/catalog.uopeople.edu\/ug_term1_item\/computer-science\/bachelor-of-science-in-computer-science-bs-cs%20\" target=\"_blank\" rel=\"noopener\"> Alle Kurse anzeigen<\/a>\n            <a href=\"https:\/\/apply.uopeople.edu\/\" target=\"_blank\" rel=\"noopener\">Jetzt bewerben<\/a>\n<h2><span class=\"ez-toc-section\" id=\"Karrierechancen_mit_einem_Bachelorabschluss_in_Informatik\"><\/span>\n\t\t\tKarrierechancen mit einem Bachelorabschluss in Informatik\t<span class=\"ez-toc-section-end\"><\/span><\/h2>\n\t<p>Wohin kann Sie ein Bachelor of Science in Informatik f\u00fchren? Ihr Abschluss bereitet Sie auf eine T\u00e4tigkeit vor als:  <\/p>\n\t\t\t Datenbankadministrator\/in \t\t\n\t\t\t Softwareentwickler\/in \t\t\n\t\t\t Ingenieur\/in f\u00fcr Computersysteme\t\t\n\t\t\t Webdesigner\/in\t\t\n\t<p>Studenten bei UoPeople sind nie auf sich allein gestellt &#8211; unser Career Service Center bietet Ihnen Feedback zu Ihrem Lebenslauf, Tipps zum Networking, Interviewtechniken und vieles mehr. <\/p>\n<h2><span class=\"ez-toc-section\" id=\"Bachelor-Abschluss_in_Informatik_Kosten\"><\/span>\n\t\t\tBachelor-Abschluss in Informatik Kosten\t<span class=\"ez-toc-section-end\"><\/span><\/h2>\n\tDie UoPeople erhebt keine Studiengeb\u00fchren sowie keine Kosten f\u00fcr B\u00fccher oder den Campus. Wir berechnen lediglich eine Anmeldegeb\u00fchr von 60 $ sowie eine Pr\u00fcfungsgeb\u00fchr von 160 $ pro Kurs. Dies ist eine enorme Ersparnis im Vergleich zu \u00f6ffentlichen Universit\u00e4ten in den USA, die f\u00fcr einen Bachelor-Abschluss durchschnittlich 22.389 $ verlangen. W\u00e4hrend Ihres Studiums an der UoPeople k\u00f6nnen Sie mit Gesamtkosten von 6.460 $ rechnen &#8211; weniger, wenn Sie bereits Credits zum Anrechnen haben! Unser Ziel ist es, jedem ein Studium zu erm\u00f6glichen. Sollten Sie sich diese Geb\u00fchren nicht leisten k\u00f6nnen, stehen m\u00f6glicherweise Stipendien und F\u00f6rdermittel zur Verf\u00fcgung.<br \/>\n\n    <h2><span class=\"ez-toc-section\" id=\"Flexibilitaet\"><\/span> Flexibilit\u00e4t<span class=\"ez-toc-section-end\"><\/span><\/h2>\n     Mehr als die H\u00e4lfte unserer Studierenden studieren erfolgreich, w\u00e4hrend sie arbeiten, eine Familie erziehen oder beides tun. UoPeople ist stolz darauf, die weltweit flexibelste Option zu sein, um einen hochwertigen, akkreditierten und 100 % Online-Abschluss zu erwerben. Erfahren Sie mehr dar\u00fcber, wie unsere Programme speziell auf Ihre Bed\u00fcrfnisse zugeschnitten sind:\n                                                                          <img decoding=\"async\" width=\"80\" height=\"60\" src=\"https:\/\/www.uopeople.edu\/wp-content\/uploads\/2022\/06\/noun-schedule-1464727.svg\"\/>\n                                             Asynchrones Lernen\n                       Bei UoPeople gibt es keine Live-Vorlesungen und keine festen Kurszeiten. Stattdessen genie\u00dfen Sie die Freiheit des flexiblen Online-Lernens und studieren nach Ihrem eigenen Zeitplan. Erledigen Sie Ihre Aufgaben w\u00e4hrend des Pendelns, in der Mittagspause oder nachdem die Kinder im Bett sind. Solange Sie Ihre Kursarbeiten bis zum Ende jeder Woche abschlie\u00dfen, bleiben Sie im Plan f\u00fcr Ihren Abschluss.\n                                                                          <img decoding=\"async\" width=\"80\" height=\"60\" src=\"https:\/\/www.uopeople.edu\/wp-content\/uploads\/2022\/06\/noun-wifi-1510573.svg\"\/>\n                                             Zug\u00e4ngliche Technologie\n                       Alles, was Sie zum Studieren bei UoPeople ben\u00f6tigen, ist eine stabile Internetverbindung &#8211; egal ob auf einem Desktop, Laptop oder sogar Ihrem Handy. Die Kurse erfordern nie gro\u00dfe Videodateien, und der UoPeople Online-Campus ist mit den meisten Browsern kompatibel. Studierende erhalten sogar ein kostenloses Abonnement f\u00fcr Office 365, einschlie\u00dflich Microsoft Office.\n                                                                          <img decoding=\"async\" width=\"80\" height=\"60\" src=\"https:\/\/www.uopeople.edu\/wp-content\/uploads\/2022\/06\/noun-transfer-4652684.svg\"\/>\n                                            Anerkennung von Studienleistungen\n                      Sie haben Credits von einer anderen anerkannten Universit\u00e4t? Gro\u00dfartig! Studierende im Masterstudium k\u00f6nnen bis zu 50\u202f% ihrer gesamten Credits auf UoPeople \u00fcbertragen. Die Bewertung der Transfer-Credits ist kostenlos, und bei Anerkennung f\u00e4llt lediglich eine geringe Geb\u00fchr von 17\u202f$ pro \u00fcbertragenem Kurs an.\n            <!-- row -->\n    <!-- CardsModule-rowParentOverflow -->\n                    <h3>H\u00e4ufig gestellte Fragen von Studierenden<\/h3>\n                    Fragen zu unseren akademischen Studienprogrammen bei UoPeople\n                    <a href=\"https:\/\/www.uopeople.edu\/faq\/\" target=\"_self\">Alle FAQs anzeigen<\/a>\n                <!--accordion start -->\n                            <a data-toggle=\"collapse\" data-parent=\"#FaqsWithoutFilters-accordionID\" href=\"#xcollapse0\" aria-expanded=\"false\" aria-controls=\"xcollapse0\">\n                                            <h4>Was ist ein Bachelor of Science in Computer Science?<\/h4>\n                            <\/a>\n                                \n<p>Ein Bachelor of Science in Informatik von UoPeople bereitet Sie auf die Tech-Industrie vor, indem er Ihnen das Neueste in Programmierung, Software und Computertechnologie beibringt. Dieses Programm wurde entwickelt, um eine solide Grundlage in der Informatik zu schaffen, die Ihnen die T\u00fcren zu Top-Positionen im technischen Bereich \u00f6ffnet.   <\/p>\n\n                            <a data-toggle=\"collapse\" data-parent=\"#FaqsWithoutFilters-accordionID\" href=\"#xcollapse1\" aria-expanded=\"false\" aria-controls=\"xcollapse1\">\n                                            <h4>Wie lange dauert ein Bachelor of Science in Computer Science?<\/h4>\n                            <\/a>\n                                \n<p>Das Programm besteht aus 40 Kursen und kann in weniger als zweieinhalb Jahren, also in etwa 30 Monaten, abgeschlossen werden.  <\/p>\n\n                            <a data-toggle=\"collapse\" data-parent=\"#FaqsWithoutFilters-accordionID\" href=\"#xcollapse2\" aria-expanded=\"false\" aria-controls=\"xcollapse2\">\n                                            <h4>Was sind die Zulassungsvoraussetzungen f\u00fcr den Studiengang Bachelor of Science in Computer Science?<\/h4>\n                            <\/a>\n                                \n<p>Sie m\u00fcssen mindestens 16 Jahre alt sein, die englische Sprache beherrschen, einen Schulabschluss oder einen gleichwertigen Abschluss haben und die <a href=\"https:\/\/www.uopeople.edu\/become-student\/prepare-for-uopeople\/foundation-courses\/\" target=\"_blank\" rel=\"noreferrer noopener\">UoPeople-Grundlagenkurse<\/a> absolviert haben.<\/p>\n\n                            <a data-toggle=\"collapse\" data-parent=\"#FaqsWithoutFilters-accordionID\" href=\"#xcollapse3\" aria-expanded=\"false\" aria-controls=\"xcollapse3\">\n                                            <h4>Was macht man in einem Bachelor-Studium der Informatik?<\/h4>\n                            <\/a>\n                                \n<p>Sie werden in Datenbankmanagement, Design und verschiedene Programmiersprachen eintauchen. Sie werden auch etwas \u00fcber Java, Python, KI und maschinelles Lernen lernen und sich darauf vorbereiten, F\u00e4higkeiten in den Bereichen Programmierung, Debugging und Projektmanagement anzuwenden.   <\/p>\n\n                            <a data-toggle=\"collapse\" data-parent=\"#FaqsWithoutFilters-accordionID\" href=\"#xcollapse4\" aria-expanded=\"false\" aria-controls=\"xcollapse4\">\n                                            <h4>Welche Berufe kann man mit einem Bachelor of Science in Informatik aus\u00fcben?<\/h4>\n                            <\/a>\n                                \n<p>Absolventen des Bachelor of Science in Informatik k\u00f6nnen unter anderem als Datenbankadministratoren, Softwareentwickler, Computersystemingenieure und Webdesigner <a href=\"https:\/\/www.uopeople.edu\/blog\/what-are-computer-science-jobs-what-can-i-do-with-a-cs-degree\/\" target=\"_blank\" rel=\"noreferrer noopener\">t\u00e4tig<\/a> werden. Einige UoPeople-Absolventen haben erfolgreich Positionen bei f\u00fchrenden globalen Unternehmen wie Amazon, IBM, Microsoft, Deloitte, AT&amp;T, Dell usw. gefunden.   <\/p>\n\n                            <a data-toggle=\"collapse\" data-parent=\"#FaqsWithoutFilters-accordionID\" href=\"#xcollapse5\" aria-expanded=\"false\" aria-controls=\"xcollapse5\">\n                                            <h4>Wie viel kostet ein Bachelor of Science in Informatik bei UoPeople?<\/h4>\n                            <\/a>\n                                \n<p>Das einzigartige, geb\u00fchrenfreie Modell von UoPeople macht es m\u00f6glich, einen hochwertigen amerikanischen Abschluss f\u00fcr nur $60 zu erwerben und ohne finanzielle Verpflichtungen zu zahlen. Die Gesamtkosten f\u00fcr einen Bachelor-Abschluss belaufen sich auf etwa 5660 $ f\u00fcr das 120-Kreditpunkte-Programm, was etwa 47 $ pro Kredit entspricht. <\/p>\n\n                            <a data-toggle=\"collapse\" data-parent=\"#FaqsWithoutFilters-accordionID\" href=\"#xcollapse6\" aria-expanded=\"false\" aria-controls=\"xcollapse6\">\n                                            <h4>Kann ich Credits auf den Bachelor of Science in Informatik bei UoPeople \u00fcbertragen?<\/h4>\n                            <\/a>\n                                \n<p>Ja. Studierende, die einen Bachelor-Abschluss anstreben, k\u00f6nnen bis zu 50 % der Studienleistungen einer anderen akkreditierten Einrichtung auf ihren UoPeople-Abschluss anrechnen <a href=\"https:\/\/www.uopeople.edu\/become-student\/admissions\/transferring-credits\/\" target=\"_blank\" rel=\"noreferrer noopener\">lassen<\/a>.   <\/p>\n\n                <!--accordion end -->\n<h2><span class=\"ez-toc-section\" id=\"Bereit_fuer_die_erste_kostenlose_akkreditierte_Online-Universitaet\"><\/span>\n\t\t\tBereit f\u00fcr die erste kostenlose, akkreditierte Online-Universit\u00e4t?\t<span class=\"ez-toc-section-end\"><\/span><\/h2>\n\t\t\t<a href=\"https:\/\/apply.uopeople.edu\/\" target=\"_blank\" rel=\"noopener\">\n\t\t\t\t\t\t\tJetzt bewerben\n\t\t\t\t\t<\/a>\n\n","protected":false},"excerpt":{"rendered":"<p>Bachelor of Science in Informatik (BCS) Online-Studiengang Erwerben Sie gefragte F\u00e4higkeiten, um in einem der weltweit am schnellsten wachsenden Bereiche Fu\u00df zu fassen. Lernen Sie das Neueste in den Bereichen Programmierung, Softwareentwicklung und Computertechnologie. Ob Sie in der Tech-Branche durchstarten oder die Grundlage f\u00fcr ein weiterf\u00fchrendes Studium legen m\u00f6chten: Mit einem Bachelor of Science in&hellip;<\/p>\n","protected":false},"author":15,"featured_media":0,"parent":38006,"menu_order":0,"comment_status":"closed","ping_status":"closed","template":"","meta":{"_acf_changed":false,"inline_featured_image":false,"footnotes":""},"class_list":["post-38013","page","type-page","status-publish","hentry"],"acf":[],"_links":{"self":[{"href":"https:\/\/www.uopeople.edu\/de\/wp-json\/wp\/v2\/pages\/38013","targetHints":{"allow":["GET"]}}],"collection":[{"href":"https:\/\/www.uopeople.edu\/de\/wp-json\/wp\/v2\/pages"}],"about":[{"href":"https:\/\/www.uopeople.edu\/de\/wp-json\/wp\/v2\/types\/page"}],"author":[{"embeddable":true,"href":"https:\/\/www.uopeople.edu\/de\/wp-json\/wp\/v2\/users\/15"}],"replies":[{"embeddable":true,"href":"https:\/\/www.uopeople.edu\/de\/wp-json\/wp\/v2\/comments?post=38013"}],"version-history":[{"count":0,"href":"https:\/\/www.uopeople.edu\/de\/wp-json\/wp\/v2\/pages\/38013\/revisions"}],"up":[{"embeddable":true,"href":"https:\/\/www.uopeople.edu\/de\/wp-json\/wp\/v2\/pages\/38006"}],"wp:attachment":[{"href":"https:\/\/www.uopeople.edu\/de\/wp-json\/wp\/v2\/media?parent=38013"}],"curies":[{"name":"wp","href":"https:\/\/api.w.org\/{rel}","templated":true}]}}