{"id":37980,"date":"2022-04-28T15:33:12","date_gmt":"2022-04-28T15:33:12","guid":{"rendered":"https:\/\/universitopstg.wpengine.com\/online-masters\/business-administration\/"},"modified":"2025-11-11T10:55:33","modified_gmt":"2025-11-11T10:55:33","slug":"business-administration","status":"publish","type":"page","link":"https:\/\/www.uopeople.edu\/de\/programs\/online-masters\/business-administration\/","title":{"rendered":"Betriebswirtschaftslehre (Master)"},"content":{"rendered":"\n<h1><span class=\"ez-toc-section\" id=\"Master_of_Business_Administration_MBA_Online-Studiengang\"><\/span>\n\t\t\tMaster of Business Administration (MBA) Online-Studiengang\t<span class=\"ez-toc-section-end\"><\/span><\/h1>\n\t<p>Unser Master of Business Administration Online-Abschluss bietet einen praktischen Ansatz f\u00fcr Unternehmensstrategien und Teamf\u00fchrung im Rahmen einer hochmodernen Bildungserfahrung.<\/p>\n\t\t\t<a href=\"https:\/\/apply.uopeople.edu\/\" target=\"_blank\" rel=\"noopener\">\n\t\t\t\t\t\t\tJetzt bewerben\n\t\t\t\t\t<\/a>\n\t\t\t Keine Live-Vorlesungen  \t\t\n\t\t\t 12 Kurse\t\t\n\t\t\t Weniger als ein Jahr\t\t\n\t\t\t Bezahlung nach Aufwand ($450 pro Kursbewertung)\t\t\n\t<h2><span class=\"ez-toc-section\" id=\"Uebersicht\"><\/span>\n\t\t\t\u00dcbersicht\t<span class=\"ez-toc-section-end\"><\/span><\/h2>\n\t<p>Erweitern Sie Ihr betriebswirtschaftliches Kernwissen und erwerben Sie die speziellen F\u00e4higkeiten, die Sie ben\u00f6tigen, um im globalen Unternehmensumfeld von heute erfolgreich zu sein. Entdecken Sie spannende neue betriebswirtschaftliche Konzepte, die Sie darauf vorbereiten, in jedem Unternehmen selbstbewusst eine F\u00fchrungsrolle zu \u00fcbernehmen oder sogar Ihr eigenes Unternehmen zu leiten.  <\/p>\n<h2><span class=\"ez-toc-section\" id=\"Was_Sie_im_Online-MBA-Programm_lernen_werden\"><\/span>\n\t\t\tWas Sie im Online-MBA-Programm lernen werden\t<span class=\"ez-toc-section-end\"><\/span><\/h2>\n\t<p>Erwerben Sie wertvolle F\u00e4higkeiten, um Ihre Karriere auf die n\u00e4chste Stufe zu heben: <\/p>\n\t\t\t Verst\u00e4ndnis dar\u00fcber, wie man Unternehmen effektiv plant, verwaltet, strukturiert und \u00fcberwacht \t\t\n\t\t\t Implementierung von Gesch\u00e4ftsabl\u00e4ufen von Grund auf\t\t\n\t\t\t Innovative L\u00f6sungen f\u00fcr reale Unternehmensproblemen \t\t\n\t\t\t So bewegen Sie sich in einer global vernetzten Gesch\u00e4ftswelt erfolgreich \t\t\n\t<h2><span class=\"ez-toc-section\" id=\"Zulassungsbedingungen\"><\/span>\n\t\t\tZulassungsbedingungen\t<span class=\"ez-toc-section-end\"><\/span><\/h2>\n\t<p>Bewerber f\u00fcr das MBA-Programm m\u00fcssen mindestens 18 Jahre alt sein und in der Lage sein, auf Englisch zu studieren. Dar\u00fcber hinaus m\u00fcssen Bewerber einen Bachelor-Abschluss von einer in den USA akkreditierten Institution oder einen gleichwertigen Abschluss von einer akkreditierten internationalen Institution und ein Empfehlungsschreiben vorweisen k\u00f6nnen.   <\/p>\n        <form data-css-form=\"filter\" data-js-form=\"filter1\">\n                <input type=\"hidden\" name=\"perpage\" id=\"perpage\" value=\"6\"\/>\n                <input type=\"hidden\" name=\"no_results_text\" id=\"no_results_text\" value=\"Sorry, no posts match the search criteria.\"\/>\n                <input type=\"hidden\" name=\"post_type_input\" id=\"post_type_input\" value=\"course\"\/>\n                <input type=\"hidden\" name=\"taxonomy\" id=\"taxonomy\" value=\"course_type\"\/>\n                <input type=\"hidden\" name=\"orderby\" id=\"orderby\" value=\"post__in\"\/>\n                <input type=\"hidden\" name=\"order\" id=\"order\" value=\"ASC\"\/>\n                <input type=\"hidden\" name=\"postin\" id=\"postin\" value=\"12777,12780,12783,12786,12789,12792,12795,12798,12801,12804,12807,12810,14519\"\/>\n                    <select id=\"ResourcesGridFeed-menu\" name=\"id\" aria-labelledby=\"drop4\"> \n                                                    <option name_to_show=\"Erforderliche Hauptkurse\" id=\"erforderliche-hauptkurse\"  value=\"549\">Erforderliche Hauptkurse<\/option>\n                                                    <option name_to_show=\"Studienbereich Wahlf\u00e4cher\" id=\"studienbereich-wahlfacher\"  value=\"570\">Studienbereich Wahlf\u00e4cher<\/option>\n                                                    <option name_to_show=\"MBA Schlussstein\" id=\"mba-schlussstein\"  value=\"551\">MBA Schlussstein<\/option>\n                                            <\/select>\n                <fieldset data-css-form=\"group right\">\n                        <button data-css-button=\"button red\">Filter<\/button>\n                        <input type=\"hidden\" name=\"action\" value=\"filter_courses_feed\"\/>\n                <\/fieldset>\n        <\/form>  \n                <h4>Lehrplan \/ Kurse<\/h4>\n                        <p>Der Lehrplan des Masterstudiengangs in Business Administration wurde speziell entwickelt, um Ihnen dabei zu helfen, Ihre Karriere voranzutreiben oder sogar Ihr eigenes Unternehmen zu f\u00fchren. Die Studierenden lernen, wie man Organisationen f\u00fcr einen Wettbewerbsvorteil positioniert, Teamarbeit effektiv managt und erfolgreiche Gesch\u00e4ftsstrategien entwickelt. Unser Lehrplan basiert auf einer soliden Branchenbasis und wurde von f\u00fchrenden akademischen Experten entwickelt, um den Studierenden zum Erfolg zu verhelfen. <\/p><ul><li>24 Hauptfach-Leistungspunkte<\/li><li>9 Wahlpflicht-Leistungspunkte<\/li><li>3 Capstone-Leistungspunkte<\/li><\/ul>\n            <a href=\"https:\/\/catalog.uopeople.edu\/graduate-catalog-t1\/graduate-program-of-study\/the-curriculum%20\" target=\"_blank\" rel=\"noopener\">Alle Kurse anzeigen<\/a>\n            <a href=\"https:\/\/apply.uopeople.edu\/\" target=\"_blank\" rel=\"noopener\">Jetzt bewerben<\/a>\n                Hinweis: F\u00fcr die Wahlf\u00e4cher im MBA-Programm muss der Studierende 3 der oben aufgef\u00fchrten 4 Kurse absolvieren.\n<h2><span class=\"ez-toc-section\" id=\"MBA-Karrieren\"><\/span>\n\t\t\tMBA-Karrieren\t<span class=\"ez-toc-section-end\"><\/span><\/h2>\n\t<p>Where will a Master&#8217;s in Business Administration lead you? Your degree will help prepare you for a career as:<\/p>\n\t\t\t Vorstandsvorsitzende\/r \t\t\n\t\t\t Unternehmensberater\/in \t\t\n\t\t\t Buchhalter\/in\t\t\n\t\t\t Und viele mehr!\t\t\n\t<p>Als UoPeople-Student sind Sie nie auf sich allein gestellt &#8211; unser Karriere-Service-Center bietet Ihnen Feedback zu Ihrem Lebenslauf, Networking-Tipps, Interviewtechniken und vieles mehr. <\/p>\n<h2><span class=\"ez-toc-section\" id=\"Online-MBA-Kosten\"><\/span>\n\t\t\tOnline-MBA-Kosten\t<span class=\"ez-toc-section-end\"><\/span><\/h2>\n\t<p>UoPeople erhebt keine Geb\u00fchren f\u00fcr Studiengeb\u00fchren, B\u00fccher oder Campusausgaben. Sie m\u00fcssen niemals Kursgeb\u00fchren im Voraus bezahlen. Wir berechnen lediglich eine Anmeldegeb\u00fchr von 60 US-Dollar und eine Pr\u00fcfungsgeb\u00fchr von 400 US-Dollar am Ende jedes Kurses. Dies ist eine erhebliche Ersparnis im Vergleich zu \u00f6ffentlichen Universit\u00e4ten in den USA, die durchschnittlich 66.300 US-Dollar f\u00fcr einen MBA-Abschluss verlangen. W\u00e4hrend Ihres Studiums an der UoPeople m\u00fcssen Sie mit Gesamtkosten von nur 5.460 $ rechnen &#8211; und sogar noch weniger, wenn Sie Studienleistungen anrechnen lassen k\u00f6nnen! Unsere Mission ist es, jedem einen Studienabschluss zu erm\u00f6glichen. Wenn Sie sich diese Geb\u00fchren nicht leisten k\u00f6nnen, dann k\u00f6nnten Sie Stipendien und Zusch\u00fcsse nutzen. <\/p>\n    <h2><span class=\"ez-toc-section\" id=\"Flexibilitaet\"><\/span>Flexibilit\u00e4t<span class=\"ez-toc-section-end\"><\/span><\/h2>\n    Mehr als die H\u00e4lfte unserer Studierenden studieren erfolgreich, w\u00e4hrend sie arbeiten, eine Familie erziehen oder beides tun. UoPeople ist stolz darauf, die weltweit flexibelste Option zu sein, um einen hochwertigen, akkreditierten und 100 % Online-Abschluss zu erwerben. Erfahren Sie mehr dar\u00fcber, wie unsere Programme speziell auf Ihre Bed\u00fcrfnisse zugeschnitten sind:\n                                                                          <img decoding=\"async\" width=\"80\" height=\"60\" src=\"https:\/\/www.uopeople.edu\/wp-content\/uploads\/2022\/06\/noun-schedule-1464727.svg\"\/>\n                                            Asynchrones Lernen\n                      Bei UoPeople gibt es keine Live-Vorlesungen und keine festen Kurszeiten. Stattdessen genie\u00dfen Sie die Freiheit des flexiblen Online-Lernens und studieren nach Ihrem eigenen Zeitplan. Erledigen Sie Ihre Aufgaben w\u00e4hrend des Pendelns, in der Mittagspause oder nachdem die Kinder im Bett sind. Solange Sie Ihre Kursarbeiten bis zum Ende jeder Woche abschlie\u00dfen, bleiben Sie im Plan f\u00fcr Ihren Abschluss.\n                                                                          <img decoding=\"async\" width=\"80\" height=\"60\" src=\"https:\/\/www.uopeople.edu\/wp-content\/uploads\/2022\/06\/noun-wifi-1510573.svg\"\/>\n                                            Zug\u00e4ngliche Technologie\n                      Alles, was Sie zum Studieren bei UoPeople ben\u00f6tigen, ist eine stabile Internetverbindung &#8211; egal ob auf einem Desktop, Laptop oder sogar Ihrem Handy. Die Kurse erfordern nie gro\u00dfe Videodateien, und der UoPeople Online-Campus ist mit den meisten Browsern kompatibel. Studierende erhalten sogar ein kostenloses Abonnement f\u00fcr Office 365, einschlie\u00dflich Microsoft Office.\n                                                                          <img decoding=\"async\" width=\"80\" height=\"60\" src=\"https:\/\/www.uopeople.edu\/wp-content\/uploads\/2022\/06\/noun-transfer-4652684.svg\"\/>\n                                            Anerkennung von Studienleistungen\n                      Sie haben Credits von einer anderen anerkannten Universit\u00e4t? Gro\u00dfartig! Studierende im Masterstudium k\u00f6nnen bis zu 50\u202f% ihrer gesamten Credits auf UoPeople \u00fcbertragen. Die Bewertung der Transfer-Credits ist kostenlos, und bei Anerkennung f\u00e4llt lediglich eine geringe Geb\u00fchr von 17\u202f$ pro \u00fcbertragenem Kurs an.\n            <!-- row -->\n    <!-- CardsModule-rowParentOverflow -->\n                    <h3>H\u00e4ufig gestellte Fragen von Studierenden<\/h3>\n                    Fragen zu unseren akademischen Studienprogrammen bei UoPeople\n                    <a href=\"https:\/\/www.uopeople.edu\/faq\/\" target=\"_self\">Alle FAQs anzeigen<\/a>\n                <!--accordion start -->\n                            <a data-toggle=\"collapse\" data-parent=\"#FaqsWithoutFilters-accordionID\" href=\"#xcollapse0\" aria-expanded=\"false\" aria-controls=\"xcollapse0\">\n                                            <h4>Was ist ein Master of Business Administration?<\/h4>\n                            <\/a>\n                                \n<p>Ein MBA ist ein Hochschulabschluss, der sich auf die Vermittlung von betriebswirtschaftlichen Grundlagen konzentriert. Er deckt verschiedene Aspekte der Wirtschaft ab, wie Strategie, Finanzen, Marketing und Betrieb. Der Abschluss ist f\u00fcr Personen gedacht, die ihre Karriere in F\u00fchrungspositionen vorantreiben und\/oder ihr eigenes Unternehmen effektiv f\u00fchren wollen.  <\/p>\n\n                            <a data-toggle=\"collapse\" data-parent=\"#FaqsWithoutFilters-accordionID\" href=\"#xcollapse1\" aria-expanded=\"false\" aria-controls=\"xcollapse1\">\n                                            <h4>Wie lange dauert ein Master of Business Administration-Abschluss?<\/h4>\n                            <\/a>\n                                \n<p>Ein Vollzeit-MBA-Programm dauert in der Regel etwa zwei Jahre bis zum Abschluss. Einige Programme, wie das von UoPeople angebotene, k\u00f6nnen in weniger als einem Jahr oder in etwa 12 Monaten abgeschlossen werden, was es zu einer idealen Wahl f\u00fcr Berufst\u00e4tige macht, die ihrer Karriere einen Schub geben wollen.   <\/p>\n\n                            <a data-toggle=\"collapse\" data-parent=\"#FaqsWithoutFilters-accordionID\" href=\"#xcollapse2\" aria-expanded=\"false\" aria-controls=\"xcollapse2\">\n                                            <h4>Was sind die Zulassungsvoraussetzungen f\u00fcr das MBA-Programm?<\/h4>\n                            <\/a>\n                                \n<p>Sie m\u00fcssen mindestens 18 Jahre alt sein, die englische Sprache beherrschen, mindestens einen Bachelor-Abschluss haben und die <a href=\"https:\/\/www.uopeople.edu\/become-student\/prepare-for-uopeople\/foundation-courses\/\" target=\"_blank\" rel=\"noreferrer noopener\">UoPeople-Grundlagenkurse<\/a> abgeschlossen haben. Au\u00dferdem m\u00fcssen Sie ein Empfehlungsschreiben vorlegen, um Ihre Kandidatur zu best\u00e4tigen.   <\/p>\n\n                            <a data-toggle=\"collapse\" data-parent=\"#FaqsWithoutFilters-accordionID\" href=\"#xcollapse3\" aria-expanded=\"false\" aria-controls=\"xcollapse3\">\n                                            <h4>Wie viel kostet ein MBA-Abschluss bei UoPeople?<\/h4>\n                            <\/a>\n                                \n<p>Das einzigartige, geb\u00fchrenfreie Modell von UoPeople macht es m\u00f6glich, einen hochwertigen amerikanischen Abschluss f\u00fcr nur $60 zu erwerben und ohne finanzielle Verpflichtungen zu zahlen. Die Gesamtkosten f\u00fcr einen MBA belaufen sich auf etwa 4.860 $ f\u00fcr das 36-Kreditpunkte-Programm, was etwa 133 $ pro Kredit entspricht.   <\/p>\n\n                            <a data-toggle=\"collapse\" data-parent=\"#FaqsWithoutFilters-accordionID\" href=\"#xcollapse4\" aria-expanded=\"false\" aria-controls=\"xcollapse4\">\n                                            <h4>Welche Karrierem\u00f6glichkeiten gibt es nach Abschluss des MBA?<\/h4>\n                            <\/a>\n                                \n<p>Ein MBA-Abschluss er\u00f6ffnet verschiedene Karrierem\u00f6glichkeiten, darunter wichtige F\u00fchrungspositionen wie Chief Executive Officer, Management Consultant und Program Manager, u.a. Einige UoPeople-Absolventen haben erfolgreich Positionen bei f\u00fchrenden globalen Unternehmen wie Amazon, IBM, Microsoft, Deloitte, AT&amp;T, Dell usw. gefunden.  <\/p>\n\n                            <a data-toggle=\"collapse\" data-parent=\"#FaqsWithoutFilters-accordionID\" href=\"#xcollapse5\" aria-expanded=\"false\" aria-controls=\"xcollapse5\">\n                                            <h4>Kann ich Credits auf den Master of Business Administration an der UoPeople \u00fcbertragen?<\/h4>\n                            <\/a>\n                                \n<p>Ja. Studierende, die einen Master-Abschluss anstreben, k\u00f6nnen bis zu 18 Credits (entsprechend 50 % der Programmanforderungen) von einer anderen akkreditierten Einrichtung auf ihren UoPeople-Abschluss \u00fcbertragen. <\/p>\n\n                <!--accordion end -->\n<h2><span class=\"ez-toc-section\" id=\"Bauen_Sie_eine_bessere_Zukunft_fuer_sich_und_Ihre_Familie_auf\"><\/span>\n\t\t\tBauen Sie eine bessere Zukunft f\u00fcr sich und Ihre Familie auf.\t<span class=\"ez-toc-section-end\"><\/span><\/h2>\n\t\t\t<a href=\"https:\/\/apply.uopeople.edu\/\" target=\"_blank\" rel=\"noopener\">\n\t\t\t\t\t\t\tJetzt bewerben\n\t\t\t\t\t<\/a>\n\n","protected":false},"excerpt":{"rendered":"<p>Master of Business Administration (MBA) Online-Studiengang Unser Master of Business Administration Online-Abschluss bietet einen praktischen Ansatz f\u00fcr Unternehmensstrategien und Teamf\u00fchrung im Rahmen einer hochmodernen Bildungserfahrung. Jetzt bewerben Keine Live-Vorlesungen 12 Kurse Weniger als ein Jahr Bezahlung nach Aufwand ($450 pro Kursbewertung) \u00dcbersicht Erweitern Sie Ihr betriebswirtschaftliches Kernwissen und erwerben Sie die speziellen F\u00e4higkeiten, die Sie&hellip;<\/p>\n","protected":false},"author":15,"featured_media":0,"parent":37941,"menu_order":0,"comment_status":"closed","ping_status":"closed","template":"","meta":{"_acf_changed":true,"inline_featured_image":false,"footnotes":""},"class_list":["post-37980","page","type-page","status-publish","hentry"],"acf":[],"_links":{"self":[{"href":"https:\/\/www.uopeople.edu\/de\/wp-json\/wp\/v2\/pages\/37980","targetHints":{"allow":["GET"]}}],"collection":[{"href":"https:\/\/www.uopeople.edu\/de\/wp-json\/wp\/v2\/pages"}],"about":[{"href":"https:\/\/www.uopeople.edu\/de\/wp-json\/wp\/v2\/types\/page"}],"author":[{"embeddable":true,"href":"https:\/\/www.uopeople.edu\/de\/wp-json\/wp\/v2\/users\/15"}],"replies":[{"embeddable":true,"href":"https:\/\/www.uopeople.edu\/de\/wp-json\/wp\/v2\/comments?post=37980"}],"version-history":[{"count":0,"href":"https:\/\/www.uopeople.edu\/de\/wp-json\/wp\/v2\/pages\/37980\/revisions"}],"up":[{"embeddable":true,"href":"https:\/\/www.uopeople.edu\/de\/wp-json\/wp\/v2\/pages\/37941"}],"wp:attachment":[{"href":"https:\/\/www.uopeople.edu\/de\/wp-json\/wp\/v2\/media?parent=37980"}],"curies":[{"name":"wp","href":"https:\/\/api.w.org\/{rel}","templated":true}]}}