{"id":37941,"date":"2022-04-28T14:56:12","date_gmt":"2022-04-28T14:56:12","guid":{"rendered":"https:\/\/universitopstg.wpengine.com\/online-masters\/"},"modified":"2025-08-18T12:59:44","modified_gmt":"2025-08-18T12:59:44","slug":"online-masters","status":"publish","type":"page","link":"https:\/\/www.uopeople.edu\/de\/programs\/online-masters\/","title":{"rendered":"Master-Abschluss"},"content":{"rendered":"\n<h1><span class=\"ez-toc-section\" id=\"Master-Abschluss\"><\/span>\n\t\t\tMaster-Abschluss\t<span class=\"ez-toc-section-end\"><\/span><\/h1>\n\t<p>Erreichen Sie Ihre Karriereziele mit einem flexiblen Online-Abschluss, der speziell auf Berufst\u00e4tige zugeschnitten ist.<\/p>\n\t\t\t<a href=\"https:\/\/apply.uopeople.edu\/\" target=\"_blank\" rel=\"noopener\">\n\t\t\t\t\t\t\tJetzt bewerben\n\t\t\t\t\t<\/a>\n\t\t\t\t<img decoding=\"async\" src=\"https:\/\/www.uopeople.edu\/wp-content\/uploads\/2023\/04\/yasmeen-750x750.webp\" alt=\"Yasmeen P.\" itemprop=\"image\" height=\"750\" width=\"750\" title=\"Yasmeen P.\" onerror=\"this.style.display='none'\" loading=\"lazy\" \/>\n\t<p><strong>Yasmeen P.<\/strong><\/p>\n<p>MBA<\/p>\n<p>Vereinigte Staaten<\/p>\n<h2><span class=\"ez-toc-section\" id=\"Betriebswirtschaft\"><\/span>\n\t\t\tBetriebswirtschaft\t<span class=\"ez-toc-section-end\"><\/span><\/h2>\n\t<p>Unser Online-Studiengang \u201eMaster of Business Administration&#8220; bietet einen praxisorientierten Ansatz f\u00fcr F\u00fchrungsaufgaben in Unternehmen und Organisationen und ist Teil einer inspirierenden Bildungserfahrung.<\/p>\n\t\t\t Effektive Planung, Verwaltung, \u00dcberwachung und Strukturierung von Unternehmen\t\t\n\t\t\t Implementierung von Unternehmensabl\u00e4ufen von Grund auf\t\t\n\t\t\t Lernen Sie, sich in einer global vernetzten Gesch\u00e4ftswelt zurechtzufinden\t\t\n\t<p>Der Abschluss wird Ihnen bei der Vorbereitung auf eine Position helfen als:<\/p>\n\t\t\t Vorstandsvorsitzende\/r\t\t\n\t\t\t Unternehmensberater\/in\t\t\n\t\t\t Buchhalter\/in\t\t\n\t\t\t<a href=\"https:\/\/www.uopeople.edu\/de\/programs\/online-masters\/business-administration\/\" target=\"_self\">\n\t\t\t\t\t\t\tMehr erfahren\n\t\t\t\t\t<\/a>\n<h2><span class=\"ez-toc-section\" id=\"Informationstechnologie\"><\/span>\n\t\t\tInformationstechnologie\t<span class=\"ez-toc-section-end\"><\/span><\/h2>\n\t<p>Unser Master of Science im Berieich Informationstechnologie bietet einen praktischen Ansatz f\u00fcr die sich st\u00e4ndig \u00e4ndernden Anforderungen der IT-Branche und vermittelt den Studenten das n\u00f6tige Wissen, um IT-Netzwerke und -Systeme zu analysieren und zu verwalten.<\/p>\n\t\t\t Entwerfen von innovativen L\u00f6sungen f\u00fcr komplexe Computerprobleme\t\t\n\t\t\t Verst\u00e4ndnis von branchenweit anerkannten Best Practices und Standards\t\t\n\t\t\t Bewertung der Entwicklung und Implementierung von IT-Systemen\t\t\n\t<p>Der Abschluss wird Ihnen bei der Vorbereitung auf eine Position helfen als:<\/p>\n\t\t\t Manager\/in f\u00fcr Informationssicherheit \t\t\n\t\t\t IT-Direktor\/in\t\t\n\t\t\t  Cloud Architekt\/in\t\t\n\t\t\t  Unternehmensberater\/in\t\t\n\t\t\t<a href=\"https:\/\/www.uopeople.edu\/de\/programs\/online-masters\/information-technology\/\" target=\"_self\">\n\t\t\t\t\t\t\tMehr erfahren\n\t\t\t\t\t<\/a>\n\t\t\t\t<img decoding=\"async\" src=\"https:\/\/www.uopeople.edu\/wp-content\/uploads\/2022\/09\/Hedego-750x790.webp\" alt=\"Hedego Gebremedhin\" itemprop=\"image\" height=\"790\" width=\"750\" title=\"Hedego Gebremedhin\" onerror=\"this.style.display='none'\" loading=\"lazy\" \/>\n\t<p><strong>Hedego G.<\/strong><\/p>\n<p>MSIT<\/p>\n<p>USA<\/p>\n\t\t\t\t<img decoding=\"async\" src=\"https:\/\/www.uopeople.edu\/wp-content\/uploads\/2022\/07\/Aungresized-972x1024.jpg\" alt=\"Aung M. M.Ed. of Myanmar\" itemprop=\"image\" height=\"790\" width=\"750\" title=\"Aung(resized)\" onerror=\"this.style.display='none'\" loading=\"lazy\" \/>\n\t<p><strong>Aung M.<\/strong><\/p>\n<p>M.Ed.<\/p>\n<p>Myanmar<\/p>\n<h2><span class=\"ez-toc-section\" id=\"Bildung\"><\/span>\n\t\t\t  Bildung\t<span class=\"ez-toc-section-end\"><\/span><\/h2>\n\t<p>Unser M.Ed.-Studiengang bereitet die Studenten darauf vor, hochqualifizierte Lehrer zu werden, die als Vorbilder und Mentoren einen wertvollen Beitrag zur Entwicklung der n\u00e4chsten Generation leisten. <\/p>\n\t\t\t Beurteilung der individuellen Bed\u00fcrfnisse der Sch\u00fcler und Planung der Unterst\u00fctzung\t\t\n\t\t\t Analysieren und Anwenden der effektivsten Lehrmethoden\t\t\n\t\t\t Strategien f\u00fcr das Wachstum und die kontinuierliche Entwicklung der Lernenden\t\t\n\t<p>Der Abschluss wird Ihnen bei der Vorbereitung auf eine Position helfen als:<\/p>\n\t\t\t K-12 -Lehrer\/in\t\t\n\t\t\t Lehrplan-Entwickler\/in\t\t\n\t\t\t Lehrspezialist\/in\t\t\n\t\t\t Schuldirektor\/in\t\t\n\t\t\t<a href=\"https:\/\/www.uopeople.edu\/de\/programs\/online-masters\/education\/\" target=\"_self\">\n\t\t\t\t\t\t\tMehr erfahren\n\t\t\t\t\t<\/a>\n                    <h3>H\u00e4ufig gestellte Fragen von Studierenden<\/h3>\n                    Fragen zu unseren akademischen Studienprogrammen bei UoPeople\n                    <a href=\"https:\/\/www.uopeople.edu\/faq\/\" target=\"_self\">Alle FAQs anzeigen<\/a>\n                <!--accordion start -->\n                            <a data-toggle=\"collapse\" data-parent=\"#FaqsWithoutFilters-accordionID\" href=\"#xcollapse0\" aria-expanded=\"false\" aria-controls=\"xcollapse0\">\n                                            <h4>Nimmt UoPeople internationale Studenten auf?<\/h4>\n                            <\/a>\n                                \n<p>Unbedingt! UoPeople hat Studenten aus \u00fcber 200 L\u00e4ndern und Territorien. <\/p>\n\n                            <a data-toggle=\"collapse\" data-parent=\"#FaqsWithoutFilters-accordionID\" href=\"#xcollapse1\" aria-expanded=\"false\" aria-controls=\"xcollapse1\">\n                                            <h4>Ist die University of the People akkreditiert?<\/h4>\n                            <\/a>\n                                \n<p>Die University of the People ist von der WASC Senior College and University Commission (WSCUC) und der Distance Education Accrediting Commission (DEAC) akkreditiert.  <\/p>\n\n                            <a data-toggle=\"collapse\" data-parent=\"#FaqsWithoutFilters-accordionID\" href=\"#xcollapse2\" aria-expanded=\"false\" aria-controls=\"xcollapse2\">\n                                            <h4>Bekomme ich die akademische Unterst\u00fctzung, die ich brauche?<\/h4>\n                            <\/a>\n                                \n<p>Auf jeden Fall! Die Klassen an der UoPeople sind klein, und hochqualifizierte Dozenten stehen den Studierenden bei Fragen zur Seite und bieten Unterst\u00fctzung. Dar\u00fcber hinaus wird jeder Student zu Beginn seines Studiums einem pers\u00f6nlichen Programmberater zugeteilt, der ihn bis zum Abschluss seines Studiums begleitet. Die Programmberater fungieren w\u00e4hrend des gesamten Studiums als pers\u00f6nliches Unterst\u00fctzungssystem f\u00fcr die Studierenden. Der Programmberater beantwortet alle Fragen der Studierenden, gibt akademische Ratschl\u00e4ge, bespricht die Kurswahl und ermutigt die Studierenden w\u00e4hrend ihres gesamten Studiums.    <\/p>\n\n                            <a data-toggle=\"collapse\" data-parent=\"#FaqsWithoutFilters-accordionID\" href=\"#xcollapse3\" aria-expanded=\"false\" aria-controls=\"xcollapse3\">\n                                            <h4>Was ist asynchrones Lernen?<\/h4>\n                            <\/a>\n                                \n<p>Asynchrones Lernen erm\u00f6glicht es Ihnen, nach Ihrem eigenen Zeitplan zu lernen. \u00dcber den UoPeople Online Campus haben Sie Zugang zu Aufgaben, Vorlesungen und anderen Lernmaterialien. Bei UoPeople gibt es keine Live-Vorlesungen oder feste Unterrichtszeiten.    <\/p>\n\n                <!--accordion end -->\n<h2><span class=\"ez-toc-section\" id=\"Bereit_fuer_eine_bessere_Zukunft_Starten_Sie_hier\"><\/span>\n\t\t\tBereit f\u00fcr eine bessere Zukunft? <br \/> Starten Sie hier.\t<span class=\"ez-toc-section-end\"><\/span><\/h2>\n\t\t\t<a href=\"https:\/\/apply.uopeople.edu\/\" target=\"_blank\" rel=\"noopener\">\n\t\t\t\t\t\t\tJetzt bewerben\n\t\t\t\t\t<\/a>\n\n","protected":false},"excerpt":{"rendered":"<p>Master-Abschluss Erreichen Sie Ihre Karriereziele mit einem flexiblen Online-Abschluss, der speziell auf Berufst\u00e4tige zugeschnitten ist. Jetzt bewerben Yasmeen P. MBA Vereinigte Staaten Betriebswirtschaft Unser Online-Studiengang \u201eMaster of Business Administration&#8220; bietet einen praxisorientierten Ansatz f\u00fcr F\u00fchrungsaufgaben in Unternehmen und Organisationen und ist Teil einer inspirierenden Bildungserfahrung. Effektive Planung, Verwaltung, \u00dcberwachung und Strukturierung von Unternehmen Implementierung von&hellip;<\/p>\n","protected":false},"author":15,"featured_media":0,"parent":38476,"menu_order":0,"comment_status":"closed","ping_status":"closed","template":"","meta":{"_acf_changed":false,"inline_featured_image":false,"footnotes":""},"class_list":["post-37941","page","type-page","status-publish","hentry"],"acf":[],"_links":{"self":[{"href":"https:\/\/www.uopeople.edu\/de\/wp-json\/wp\/v2\/pages\/37941","targetHints":{"allow":["GET"]}}],"collection":[{"href":"https:\/\/www.uopeople.edu\/de\/wp-json\/wp\/v2\/pages"}],"about":[{"href":"https:\/\/www.uopeople.edu\/de\/wp-json\/wp\/v2\/types\/page"}],"author":[{"embeddable":true,"href":"https:\/\/www.uopeople.edu\/de\/wp-json\/wp\/v2\/users\/15"}],"replies":[{"embeddable":true,"href":"https:\/\/www.uopeople.edu\/de\/wp-json\/wp\/v2\/comments?post=37941"}],"version-history":[{"count":0,"href":"https:\/\/www.uopeople.edu\/de\/wp-json\/wp\/v2\/pages\/37941\/revisions"}],"up":[{"embeddable":true,"href":"https:\/\/www.uopeople.edu\/de\/wp-json\/wp\/v2\/pages\/38476"}],"wp:attachment":[{"href":"https:\/\/www.uopeople.edu\/de\/wp-json\/wp\/v2\/media?parent=37941"}],"curies":[{"name":"wp","href":"https:\/\/api.w.org\/{rel}","templated":true}]}}